{"id":148699,"date":"2023-05-21T12:05:00","date_gmt":"2023-05-21T09:05:00","guid":{"rendered":"https:\/\/medclinics.com\/stammzelltherapie-bei-ms-hoffnung-bei-multipler-sklerose\/"},"modified":"2025-01-03T01:33:50","modified_gmt":"2025-01-02T22:33:50","slug":"stammzelltherapie-bei-ms-hoffnung-bei-multipler-sklerose","status":"publish","type":"page","link":"https:\/\/medclinics.com\/de\/stammzelltherapie-bei-ms-hoffnung-bei-multipler-sklerose\/","title":{"rendered":"Stammzelltherapie bei MS &#8211; Hoffnung bei Multipler Sklerose"},"content":{"rendered":"\n<h2 class=\"wp-block-heading\">Wenn Sie auf der Suche nach den unendlichen M\u00f6glichkeiten der Stammzelltherapie bei Multipler Sklerose (MS) sind, sind Sie hier genau richtig!<\/h2>\n\n<p>Multiple Sklerose (MS) ist eine chronische Krankheit, die das Nervensystem beeintr\u00e4chtigt. Und Millionen von Menschen k\u00e4mpfen mit dieser Krankheit.<\/p>\n\n<p>Aber die <a href=\"https:\/\/www.stemcelltherapy.gen.tr\/\" target=\"_blank\" rel=\"noopener\">Stammzelltherapie<\/a> bietet hier einen revolution\u00e4ren Ansatz!<\/p>\n\n<p><strong>Die Symptome von MS sind:<\/strong><\/p>\n\n<ul class=\"wp-block-list\">\n<li>Geringere M\u00fcdigkeit<\/li>\n\n\n\n<li>Verbesserte Mobilit\u00e4t<\/li>\n\n\n\n<li>Verbesserte kognitive Funktion<\/li>\n<\/ul>\n\n<p>Die Behandlung von MS-Symptomen ist zwar wichtig, aber die Stammzelltherapie zielt darauf ab, \u00fcber die reine Symptombek\u00e4mpfung hinauszugehen. Es zielt auf die Hauptursache des Problems ab: ein Immunsystem, das nicht richtig funktioniert und gesunde Nervenzellen angreift. Die Stammzelltherapie f\u00fcr MS bietet auch das Potenzial f\u00fcr:<\/p>\n\n<ul class=\"wp-block-list\">\n<li>Verringerung von Schwellungen und M\u00fcdigkeit<\/li>\n\n\n\n<li>Verbesserte Balance und Koordination<\/li>\n\n\n\n<li>Erh\u00f6hter Speicher<\/li>\n\n\n\n<li>Verlangsamtes Fortschreiten der Krankheit<\/li>\n<\/ul>\n\n<p>Es ist wichtig, daran zu denken, dass die Stammzelltherapie f\u00fcr MS noch in den Kinderschuhen steckt. Die Forschung zeigt zwar vielversprechende Ergebnisse, doch sind weitere Studien erforderlich, um die langfristige Wirksamkeit und m\u00f6gliche Risiken vollst\u00e4ndig zu verstehen.<\/p>\n\n<p>Auch wenn sich MS bei jedem Menschen anders auswirkt, ist diese Therapie bei verschiedenen Formen der Krankheit vielversprechend:<\/p>\n\n<ul class=\"wp-block-list\">\n<li>Schubf\u00f6rmig remittierende MS (RRMS)<\/li>\n\n\n\n<li>Prim\u00e4r-progressive MS (PPMS)<\/li>\n\n\n\n<li>Sekund\u00e4r-progrediente MS (SPMS)<\/li>\n<\/ul>\n\n<p><strong>Sind Sie bereit, den ersten Schritt zu tun?<\/strong><\/p>\n\n<p>Wenn Sie mit MS leben und auf der Suche nach einem <a href=\"http:\/\/stemcelltherapy.gen.tr\" rel=\"nofollow noopener\" target=\"_blank\">Hoffnungsschimmer<\/a> sind, k\u00f6nnte die Stammzelltherapie die Antwort sein, die Sie suchen. <br\/><br\/>Denken Sie daran, dass Sie auf dieser Reise nicht allein sind. Als <strong>\n  <a href=\"https:\/\/medclinics.com\/tr\/\">MedClinics<\/a>\n<\/strong>sind wir daf\u00fcr da, Ihre Behandlung sicher und reibungslos zu gestalten. Vertrauen Sie darauf, dass wir den besten Krankenhaus- und Reiseplan erstellen.<\/p>\n\n<p>\u00a0<\/p>\n\n<h3 class=\"wp-block-heading\">Alles, was Sie \u00fcber die <a href=\"https:\/\/medclinics.com\/de\/stem-cell-therapy-2\/\" target=\"_blank\" rel=\"noreferrer noopener\">Stammzelltherapie<\/a> wissen m\u00fcssen, finden Sie hier, <a href=\"#requestform\">kontaktieren Sie uns<\/a> jetzt!<\/h3>\n\n<figure class=\"wp-block-image size-full\"><img fetchpriority=\"high\" decoding=\"async\" width=\"960\" height=\"536\" src=\"https:\/\/medclinics.com\/wp-content\/uploads\/2023\/12\/stem-cell-for-ms.jpg\" alt=\"Stammzelltherapie f&#xFC;r MS\" class=\"wp-image-119913\" srcset=\"https:\/\/medclinics.com\/wp-content\/uploads\/2023\/12\/stem-cell-for-ms.jpg 960w, https:\/\/medclinics.com\/wp-content\/uploads\/2023\/12\/stem-cell-for-ms-500x279.jpg 500w, https:\/\/medclinics.com\/wp-content\/uploads\/2023\/12\/stem-cell-for-ms-768x429.jpg 768w, https:\/\/medclinics.com\/wp-content\/uploads\/2023\/12\/stem-cell-for-ms-24x13.jpg 24w, https:\/\/medclinics.com\/wp-content\/uploads\/2023\/12\/stem-cell-for-ms-36x20.jpg 36w, https:\/\/medclinics.com\/wp-content\/uploads\/2023\/12\/stem-cell-for-ms-48x27.jpg 48w\" sizes=\"(max-width: 960px) 100vw, 960px\" \/><\/figure>\n\n<h2 class=\"wp-block-heading\">FAQ<\/h2>\n<div id=\"rank-math-faq\" class=\"rank-math-block\">\n<div class=\"rank-math-list \">\n<div id=\"faq-question-1685002520472\" class=\"rank-math-list-item\">\n<h3 class=\"rank-math-question \"><strong>Ist die Wirksamkeit der Stammzelltherapie bei MS erwiesen?<\/strong><\/h3>\n<div class=\"rank-math-answer \">\n\n<p>Forschung und klinische Studien deuten darauf hin, dass die Stammzelltherapie vielversprechend ist, um die Symptome zu verbessern und m\u00f6glicherweise das Fortschreiten der MS zu verlangsamen. Die Reaktionen k\u00f6nnen jedoch individuell unterschiedlich ausfallen.<\/p>\n\n<\/div>\n<\/div>\n<div id=\"faq-question-1685002653278\" class=\"rank-math-list-item\">\n<h3 class=\"rank-math-question \"><strong>Gibt es Nebenwirkungen der Stammzelltherapie bei MS?<\/strong><\/h3>\n<div class=\"rank-math-answer \">\n\n<p>Die Stammzellentherapie bei MS kann einige Nebenwirkungen haben, die meisten sind jedoch kurzfristig, wie Fieber, M\u00fcdigkeit, \u00dcbelkeit und Reaktionen an der Injektionsstelle. Zu den ernsteren, aber seltenen Risiken geh\u00f6ren GVHD (wenn die transplantierten Zellen Ihren K\u00f6rper angreifen), Tumorbildung und ein erh\u00f6htes Infektionsrisiko aufgrund eines geschw\u00e4chten Immunsystems. Die langfristigen Auswirkungen werden noch erforscht, daher ist es wichtig, dass Sie alle m\u00f6glichen Folgen mit Ihrem Arzt besprechen, bevor Sie eine Entscheidung treffen.  <\/p>\n\n<\/div>\n<\/div>\n<\/div>\n<\/div>\n<p>\u00a0<\/p>\n\n<h3 class=\"wp-block-heading\">Kontaktieren Sie uns jetzt, falls Sie Fragen haben!<\/h3>\n","protected":false},"excerpt":{"rendered":"<p>Wenn Sie auf der Suche nach den unendlichen M\u00f6glichkeiten der Stammzelltherapie bei Multipler Sklerose (MS) sind, sind Sie hier genau [&hellip;]<\/p>\n","protected":false},"author":4,"featured_media":95501,"parent":0,"menu_order":0,"comment_status":"closed","ping_status":"closed","template":"","meta":{"site-sidebar-layout":"default","site-content-layout":"","ast-site-content-layout":"default","site-content-style":"default","site-sidebar-style":"default","ast-global-header-display":"","ast-banner-title-visibility":"","ast-main-header-display":"","ast-hfb-above-header-display":"","ast-hfb-below-header-display":"","ast-hfb-mobile-header-display":"","site-post-title":"","ast-breadcrumbs-content":"","ast-featured-img":"","footer-sml-layout":"","ast-disable-related-posts":"","theme-transparent-header-meta":"","adv-header-id-meta":"","stick-header-meta":"","header-above-stick-meta":"","header-main-stick-meta":"","header-below-stick-meta":"","astra-migrate-meta-layouts":"default","ast-page-background-enabled":"default","ast-page-background-meta":{"desktop":{"background-color":"var(--ast-global-color-4)","background-image":"","background-repeat":"repeat","background-position":"center center","background-size":"auto","background-attachment":"scroll","background-type":"","background-media":"","overlay-type":"","overlay-color":"","overlay-opacity":"","overlay-gradient":""},"tablet":{"background-color":"","background-image":"","background-repeat":"repeat","background-position":"center center","background-size":"auto","background-attachment":"scroll","background-type":"","background-media":"","overlay-type":"","overlay-color":"","overlay-opacity":"","overlay-gradient":""},"mobile":{"background-color":"","background-image":"","background-repeat":"repeat","background-position":"center center","background-size":"auto","background-attachment":"scroll","background-type":"","background-media":"","overlay-type":"","overlay-color":"","overlay-opacity":"","overlay-gradient":""}},"ast-content-background-meta":{"desktop":{"background-color":"var(--ast-global-color-5)","background-image":"","background-repeat":"repeat","background-position":"center center","background-size":"auto","background-attachment":"scroll","background-type":"","background-media":"","overlay-type":"","overlay-color":"","overlay-opacity":"","overlay-gradient":""},"tablet":{"background-color":"var(--ast-global-color-5)","background-image":"","background-repeat":"repeat","background-position":"center center","background-size":"auto","background-attachment":"scroll","background-type":"","background-media":"","overlay-type":"","overlay-color":"","overlay-opacity":"","overlay-gradient":""},"mobile":{"background-color":"var(--ast-global-color-5)","background-image":"","background-repeat":"repeat","background-position":"center center","background-size":"auto","background-attachment":"scroll","background-type":"","background-media":"","overlay-type":"","overlay-color":"","overlay-opacity":"","overlay-gradient":""}},"footnotes":""},"class_list":["post-148699","page","type-page","status-publish","has-post-thumbnail","hentry"],"_links":{"self":[{"href":"https:\/\/medclinics.com\/de\/wp-json\/wp\/v2\/pages\/148699","targetHints":{"allow":["GET"]}}],"collection":[{"href":"https:\/\/medclinics.com\/de\/wp-json\/wp\/v2\/pages"}],"about":[{"href":"https:\/\/medclinics.com\/de\/wp-json\/wp\/v2\/types\/page"}],"author":[{"embeddable":true,"href":"https:\/\/medclinics.com\/de\/wp-json\/wp\/v2\/users\/4"}],"replies":[{"embeddable":true,"href":"https:\/\/medclinics.com\/de\/wp-json\/wp\/v2\/comments?post=148699"}],"version-history":[{"count":0,"href":"https:\/\/medclinics.com\/de\/wp-json\/wp\/v2\/pages\/148699\/revisions"}],"wp:featuredmedia":[{"embeddable":true,"href":"https:\/\/medclinics.com\/de\/wp-json\/wp\/v2\/media\/95501"}],"wp:attachment":[{"href":"https:\/\/medclinics.com\/de\/wp-json\/wp\/v2\/media?parent=148699"}],"curies":[{"name":"wp","href":"https:\/\/api.w.org\/{rel}","templated":true}]}}