{"id":148697,"date":"2025-02-07T10:48:00","date_gmt":"2025-02-07T07:48:00","guid":{"rendered":"https:\/\/medclinics.com\/stammzelltherapie-bei-autismus-bahnbrechende-erfolge\/"},"modified":"2025-01-03T01:33:50","modified_gmt":"2025-01-02T22:33:50","slug":"stammzelltherapie-bei-autismus-bahnbrechende-erfolge","status":"publish","type":"page","link":"https:\/\/medclinics.com\/de\/stammzelltherapie-bei-autismus-bahnbrechende-erfolge\/","title":{"rendered":"Stammzelltherapie bei Autismus &#8211; Bahnbrechende Erfolge"},"content":{"rendered":"\n<h2 class=\"wp-block-heading\">Wenn Sie auf der Suche nach den grenzenlosen M\u00f6glichkeiten der Stammzelltherapie zur Behandlung von Autismus sind, sind Sie hier genau richtig.<\/h2>\n\n<p><br\/>Autismus ist eine Entwicklungsst\u00f6rung, bei der die soziale Kommunikation, die Interaktion und das Verhalten negativ beeinflusst werden. Autismus tritt typischerweise in den ersten drei Lebensjahren auf und ist durch die folgenden Symptome gekennzeichnet:<\/p>\n\n<ul class=\"wp-block-list\">\n<li>Schwierigkeiten mit sozialen Interaktionen und Beziehungen.<\/li>\n\n\n\n<li>Begrenzter Augenkontakt und Mimik.<\/li>\n\n\n\n<li>Sich wiederholende Bewegungen oder Aktivit\u00e4ten (z. B. H\u00e4ndeklatschen, Schaukeln).<\/li>\n\n\n\n<li>Ungew\u00f6hnliche Anhaftungen an Gegenst\u00e4nde.<\/li>\n\n\n\n<li>Ungew\u00f6hnliche oder intensive Reaktionen auf Sinnesreize (z. B. Licht, Ger\u00e4usche, Texturen).<\/li>\n\n\n\n<li>Herausforderungen beim Aufbau und der Pflege von Beziehungen zu Gleichaltrigen.<\/li>\n\n\n\n<li>Schwierigkeiten, Emotionen bei anderen zu verstehen und darauf zu reagieren.<\/li>\n<\/ul>\n\n<p>Die <a href=\"https:\/\/medclinics.com\/de\/\">Stammzelltherapie<\/a> f\u00fcr Autismus ist eine m\u00f6gliche Behandlungsoption. Stammzellen sind spezielle Zellen, die sich zu jeder Art von Zelle im K\u00f6rper entwickeln k\u00f6nnen. Bei Menschen mit Autismus kann die Entwicklung und Funktion von Nervenzellen im Gehirn beeintr\u00e4chtigt sein. Die Stammzelltherapie bei Autismus kann dazu beitragen, die Produktion und Funktion von Nervenzellen im Gehirn zu verbessern.<\/p>\n\n<p>Die Stammzelltherapie bei Autismus kann zur Verbesserung der folgenden Symptome beitragen<\/p>\n\n<ul class=\"wp-block-list\">\n<li>Soziale Interaktion<\/li>\n\n\n\n<li>Kommunikation<\/li>\n\n\n\n<li>Verhalten<\/li>\n\n\n\n<li>Lernen<\/li>\n<\/ul>\n\n<p>Wenn Sie eine Behandlung f\u00fcr Autismus suchen, sollten Sie mit einem Arzt sprechen, der auf neurologische Entwicklungsst\u00f6rungen spezialisiert ist. Sie k\u00f6nnen Behandlungsm\u00f6glichkeiten wie die Stammzelltherapie und andere bew\u00e4hrte Therapien erl\u00e4utern. Denken Sie daran, dass Autismus bei jedem Menschen einzigartig ist. Wir freuen uns darauf, Sie zu begleiten. Wenden Sie sich an uns, um Informationen \u00fcber den Behandlungsprozess und die Ergebnisse zu erhalten.<\/p>\n\n<p><strong>Lassen Sie uns gemeinsam die Kraft der Stammzellen erschlie\u00dfen und die Geschichte der Arthritis neu schreiben. Lassen wir den Schmerz hinter uns und freuen wir uns auf eine Zukunft, die von Mobilit\u00e4t, Freude und neuen M\u00f6glichkeiten gepr\u00e4gt ist.<\/strong><\/p>\n\n<h3 class=\"wp-block-heading\">Alles, was Sie \u00fcber die Stammzelltherapie wissen m\u00fcssen, finden Sie hier, <a href=\"#requestform\">kontaktieren Sie uns jetzt!<\/a><\/h3>\n\n<figure class=\"wp-block-image size-full\"><img fetchpriority=\"high\" decoding=\"async\" width=\"1450\" height=\"967\" src=\"https:\/\/medclinics.com\/wp-content\/uploads\/2023\/12\/stem-cell-therapy-for-autism.jpg\" alt=\"Stammzelltherapie bei Autismus\" class=\"wp-image-120167\" srcset=\"https:\/\/medclinics.com\/wp-content\/uploads\/2023\/12\/stem-cell-therapy-for-autism.jpg 1450w, https:\/\/medclinics.com\/wp-content\/uploads\/2023\/12\/stem-cell-therapy-for-autism-500x333.jpg 500w, https:\/\/medclinics.com\/wp-content\/uploads\/2023\/12\/stem-cell-therapy-for-autism-1024x683.jpg 1024w, https:\/\/medclinics.com\/wp-content\/uploads\/2023\/12\/stem-cell-therapy-for-autism-768x512.jpg 768w, https:\/\/medclinics.com\/wp-content\/uploads\/2023\/12\/stem-cell-therapy-for-autism-24x16.jpg 24w, https:\/\/medclinics.com\/wp-content\/uploads\/2023\/12\/stem-cell-therapy-for-autism-36x24.jpg 36w, https:\/\/medclinics.com\/wp-content\/uploads\/2023\/12\/stem-cell-therapy-for-autism-48x32.jpg 48w\" sizes=\"(max-width: 1450px) 100vw, 1450px\" \/><\/figure>\n\n<h2 class=\"wp-block-heading\">FAQ<\/h2>\n<div id=\"rank-math-faq\" class=\"rank-math-block\">\n<div class=\"rank-math-list \">\n<div id=\"faq-question-1704264282082\" class=\"rank-math-list-item\">\n<h3 class=\"rank-math-question \"><strong>Was sind die Symptome von Autismus?<\/strong><\/h3>\n<div class=\"rank-math-answer \">\n\n<p>Autismus wirkt sich auf jeden Menschen anders aus, aber einige Erfahrungen sind weit verbreitet: Schwierigkeiten bei sozialen Interaktionen und beim Sprechen, sich wiederholende Aktivit\u00e4ten, eingeschr\u00e4nkte Interessen, \u00fcberm\u00e4\u00dfige Empfindlichkeit gegen\u00fcber Anblicken, Ger\u00e4uschen oder Texturen, sehr aktives oder passives Verhalten, Schwierigkeiten mit Ver\u00e4nderungen und Schwierigkeiten beim Lernen und Verarbeiten von Informationen.<\/p>\n\n<\/div>\n<\/div>\n<div id=\"faq-question-1704264407051\" class=\"rank-math-list-item\">\n<h3 class=\"rank-math-question \"><strong>Was ist eine Stammzelltherapie?<\/strong><\/h3>\n<div class=\"rank-math-answer \">\n\n<p>Die Stammzelltherapie ist eine Behandlungsform, bei der Stammzellen verwendet werden, um besch\u00e4digtes oder krankes Gewebe zu reparieren oder zu ersetzen. Stammzellen sind undifferenzierte Zellen, die das Potenzial haben, sich zu jeder Art von Zelle im K\u00f6rper zu entwickeln.<\/p>\n\n<\/div>\n<\/div>\n<div id=\"faq-question-1704264335340\" class=\"rank-math-list-item\">\n<h3 class=\"rank-math-question \"><strong>Wie funktioniert die Stammzelltherapie bei Autismus?<\/strong><\/h3>\n<div class=\"rank-math-answer \">\n\n<p>Stammzellen k\u00f6nnen m\u00f6glicherweise dazu beitragen, gesch\u00e4digte Neuronen im Gehirn zu reparieren oder zu ersetzen, was zu einer Verbesserung der sozialen Interaktion, der Kommunikation und des Verhaltens f\u00fchren k\u00f6nnte.<\/p>\n\n<\/div>\n<\/div>\n<\/div>\n<\/div>\n<h3 class=\"wp-block-heading\">Kontaktieren Sie uns jetzt, falls Sie Fragen haben!<\/h3>\n","protected":false},"excerpt":{"rendered":"<p>Wenn Sie auf der Suche nach den grenzenlosen M\u00f6glichkeiten der Stammzelltherapie zur Behandlung von Autismus sind, sind Sie hier genau [&hellip;]<\/p>\n","protected":false},"author":4,"featured_media":120151,"parent":0,"menu_order":0,"comment_status":"closed","ping_status":"closed","template":"","meta":{"site-sidebar-layout":"default","site-content-layout":"","ast-site-content-layout":"default","site-content-style":"default","site-sidebar-style":"default","ast-global-header-display":"","ast-banner-title-visibility":"","ast-main-header-display":"","ast-hfb-above-header-display":"","ast-hfb-below-header-display":"","ast-hfb-mobile-header-display":"","site-post-title":"","ast-breadcrumbs-content":"","ast-featured-img":"","footer-sml-layout":"","ast-disable-related-posts":"","theme-transparent-header-meta":"","adv-header-id-meta":"","stick-header-meta":"","header-above-stick-meta":"","header-main-stick-meta":"","header-below-stick-meta":"","astra-migrate-meta-layouts":"default","ast-page-background-enabled":"default","ast-page-background-meta":{"desktop":{"background-color":"var(--ast-global-color-4)","background-image":"","background-repeat":"repeat","background-position":"center center","background-size":"auto","background-attachment":"scroll","background-type":"","background-media":"","overlay-type":"","overlay-color":"","overlay-opacity":"","overlay-gradient":""},"tablet":{"background-color":"","background-image":"","background-repeat":"repeat","background-position":"center center","background-size":"auto","background-attachment":"scroll","background-type":"","background-media":"","overlay-type":"","overlay-color":"","overlay-opacity":"","overlay-gradient":""},"mobile":{"background-color":"","background-image":"","background-repeat":"repeat","background-position":"center center","background-size":"auto","background-attachment":"scroll","background-type":"","background-media":"","overlay-type":"","overlay-color":"","overlay-opacity":"","overlay-gradient":""}},"ast-content-background-meta":{"desktop":{"background-color":"var(--ast-global-color-5)","background-image":"","background-repeat":"repeat","background-position":"center center","background-size":"auto","background-attachment":"scroll","background-type":"","background-media":"","overlay-type":"","overlay-color":"","overlay-opacity":"","overlay-gradient":""},"tablet":{"background-color":"var(--ast-global-color-5)","background-image":"","background-repeat":"repeat","background-position":"center center","background-size":"auto","background-attachment":"scroll","background-type":"","background-media":"","overlay-type":"","overlay-color":"","overlay-opacity":"","overlay-gradient":""},"mobile":{"background-color":"var(--ast-global-color-5)","background-image":"","background-repeat":"repeat","background-position":"center center","background-size":"auto","background-attachment":"scroll","background-type":"","background-media":"","overlay-type":"","overlay-color":"","overlay-opacity":"","overlay-gradient":""}},"footnotes":""},"class_list":["post-148697","page","type-page","status-publish","has-post-thumbnail","hentry"],"_links":{"self":[{"href":"https:\/\/medclinics.com\/de\/wp-json\/wp\/v2\/pages\/148697","targetHints":{"allow":["GET"]}}],"collection":[{"href":"https:\/\/medclinics.com\/de\/wp-json\/wp\/v2\/pages"}],"about":[{"href":"https:\/\/medclinics.com\/de\/wp-json\/wp\/v2\/types\/page"}],"author":[{"embeddable":true,"href":"https:\/\/medclinics.com\/de\/wp-json\/wp\/v2\/users\/4"}],"replies":[{"embeddable":true,"href":"https:\/\/medclinics.com\/de\/wp-json\/wp\/v2\/comments?post=148697"}],"version-history":[{"count":0,"href":"https:\/\/medclinics.com\/de\/wp-json\/wp\/v2\/pages\/148697\/revisions"}],"wp:featuredmedia":[{"embeddable":true,"href":"https:\/\/medclinics.com\/de\/wp-json\/wp\/v2\/media\/120151"}],"wp:attachment":[{"href":"https:\/\/medclinics.com\/de\/wp-json\/wp\/v2\/media?parent=148697"}],"curies":[{"name":"wp","href":"https:\/\/api.w.org\/{rel}","templated":true}]}}