{"id":148677,"date":"2025-02-07T10:30:00","date_gmt":"2025-02-07T07:30:00","guid":{"rendered":"https:\/\/medclinics.com\/stammzelltherapie-bei-arthritis-innovative-therapie\/"},"modified":"2025-01-03T01:33:50","modified_gmt":"2025-01-02T22:33:50","slug":"stammzelltherapie-bei-arthritis-innovative-therapie","status":"publish","type":"page","link":"https:\/\/medclinics.com\/de\/stammzelltherapie-bei-arthritis-innovative-therapie\/","title":{"rendered":"Stammzelltherapie bei Arthritis &#8211; Innovative Therapie"},"content":{"rendered":"\n<h2 class=\"wp-block-heading\">Wenn Sie auf der Suche nach den unendlichen M\u00f6glichkeiten der Stammzelltherapie zur Behandlung von Arthritis sind, sind Sie hier genau richtig.<\/h2>\n\n<p><br\/>Arthritis ist eine h\u00e4ufige und dauerhafte Gelenkerkrankung, von der weltweit Millionen von Menschen betroffen sind.<\/p>\n\n<p>Stammzellen mit ihrer bemerkenswerten <strong>F\u00e4higkeit zur Selbsterneuerung und Differenzierung in spezialisierte Gewebe<\/strong> bergen ein immenses Potenzial f\u00fcr die Behandlung von Arthritis. Diese potenten Zellen, die aus Ihrem Knochenmark oder Fettgewebe stammen, werden in das betroffene Gelenk injiziert. Sobald sie angeliefert werden, wandern sie in die gesch\u00e4digten Bereiche, verwandeln sich in Knorpelzellen und <strong>beginnen den unglaublichen Prozess des Wiederaufbaus dessen, was verloren gegangen ist.<\/strong><\/p>\n\n<p><strong>Nicht nur f\u00fcr die Knie:<\/strong><\/p>\n\n<p>Die Sch\u00f6nheit der <a href=\"https:\/\/www.stemcelltherapy.gen.tr\/\" target=\"_blank\" rel=\"noopener\">Stammzelltherapie <\/a>liegt in ihrer Vielseitigkeit. W\u00e4hrend Kniearthritis oft im Mittelpunkt steht, ist diese Behandlung auch f\u00fcr verschiedene Gelenkerkrankungen in anderen Bereichen vielversprechend:<\/p>\n\n<ul class=\"wp-block-list\">\n<li>H\u00fcfte<\/li>\n\n\n\n<li>Schulter<\/li>\n\n\n\n<li>Ellenbogen<\/li>\n\n\n\n<li>Handgelenk\/Hand<\/li>\n\n\n\n<li>Kn\u00f6chel\/Fu\u00df<\/li>\n<\/ul>\n\n<p>Gelenkprobleme k\u00f6nnen den Alltag erschweren und treten mit zunehmendem Alter h\u00e4ufiger auf. Aber warum? Hier sind einige Schl\u00fcsselfaktoren:<\/p>\n\n<ol class=\"wp-block-list\">\n<li><strong>Alter:<\/strong> Mit zunehmendem Alter beginnen die unerm\u00fcdlichen Arbeitspferde unseres K\u00f6rpers, unsere Gelenke, Verschlei\u00dferscheinungen zu zeigen. Der Knorpel, der unsere Bewegungen abfedert, wird d\u00fcnner. Dieser nat\u00fcrliche R\u00fcckgang f\u00fchrt dazu, dass Gelenkprobleme bei \u00e4lteren Menschen h\u00e4ufiger auftreten, da sich das Gelenkgewebe mit zunehmendem <strong>Alter <\/strong>abnutzt.<\/li>\n\n\n\n<li><strong>Familienangelegenheiten:<\/strong> Wenn in Ihrer Familie bereits Gelenkprobleme aufgetreten sind, ist die Wahrscheinlichkeit gr\u00f6\u00dfer, dass auch Sie davon betroffen sind.<\/li>\n\n\n\n<li><strong>Gewicht<\/strong>: Das Tragen zus\u00e4tzlicher Pfunde belastet die Gelenke zus\u00e4tzlich. Mit der Zeit kann diese Belastung zu Gelenkproblemen f\u00fchren.<\/li>\n\n\n\n<li><strong>Geschlechterunterschiede:<\/strong> Zwar k\u00f6nnen sowohl M\u00e4nner als auch Frauen unter Gelenkbeschwerden leiden, doch sind einige Erkrankungen, wie rheumatoide Arthritis, bei Frauen h\u00e4ufiger anzutreffen.<\/li>\n<\/ol>\n\n<p>Sie treten auch<strong> h\u00e4ufiger<\/strong> bei Personen auf, in deren <strong>Familie Gelenkprobleme vorkommen<\/strong>, sowie bei <strong>\u00fcbergewichtigen Menschen,<\/strong> da das zus\u00e4tzliche Gewicht die Gelenke zus\u00e4tzlich belastet.<\/p>\n\n<p>Au\u00dferdem treten bestimmte Gelenkerkrankungen, <strong>insbesondere<\/strong> rheumatoide Arthritis, bei <strong>Frauen<\/strong> h\u00e4ufiger auf als bei M\u00e4nnern.<\/p>\n\n<p>Die Stammzellentherapie bei Arthritis hat<strong> viele Vorteile<\/strong>. Es kann dazu beitragen, dass in gesch\u00e4digten Gelenken neuer Knorpel gebildet wird, was fr\u00fcher als unm\u00f6glich galt. Es <strong>verringert <\/strong>auch Schwellungen. Und im Gegensatz zu <strong>herk\u00f6mmlichen<\/strong> Behandlungen h\u00e4lt die Wirkung lange an.<\/p>\n\n<p><strong>Sind Sie bereit, den ersten Schritt zu tun?<\/strong><\/p>\n\n<p>Wenn Sie mit Arthritis zu k\u00e4mpfen haben und nach einem Hoffnungsschimmer suchen, k\u00f6nnte die Stammzelltherapie die Antwort sein, die Sie suchen. Denken Sie daran, dass Sie auf dieser Reise nicht allein sind. Lassen Sie sich von einem qualifizierten, auf regenerative Medizin spezialisierten Arzt beraten, um Ihre M\u00f6glichkeiten zu verstehen und festzustellen, ob diese innovative Behandlung f\u00fcr Sie geeignet ist.<\/p>\n\n<p><strong>Lassen Sie uns gemeinsam die Kraft der Stammzellen erschlie\u00dfen und die Geschichte der Arthritis neu schreiben. Lassen wir den Schmerz hinter uns und freuen wir uns auf eine Zukunft, die von Mobilit\u00e4t, Freude und neuen M\u00f6glichkeiten gepr\u00e4gt ist.<\/strong><\/p>\n\n<h3 class=\"wp-block-heading\">Alles, was Sie \u00fcber die <a href=\"https:\/\/medclinics.com\/de\/stem-cell-therapy-2\/\" target=\"_blank\" rel=\"noreferrer noopener\">Stammzelltherapie<\/a> wissen m\u00fcssen, finden Sie hier, <a href=\"#requestform\">kontaktieren Sie uns<\/a> jetzt!<\/h3>\n\n<figure class=\"wp-block-image size-full\"><img fetchpriority=\"high\" decoding=\"async\" width=\"960\" height=\"640\" src=\"https:\/\/medclinics.com\/wp-content\/uploads\/2023\/12\/stem-cell-therapy-for-arthritis.jpg\" alt=\"\" class=\"wp-image-119884\" srcset=\"https:\/\/medclinics.com\/wp-content\/uploads\/2023\/12\/stem-cell-therapy-for-arthritis.jpg 960w, https:\/\/medclinics.com\/wp-content\/uploads\/2023\/12\/stem-cell-therapy-for-arthritis-500x333.jpg 500w, https:\/\/medclinics.com\/wp-content\/uploads\/2023\/12\/stem-cell-therapy-for-arthritis-768x512.jpg 768w, https:\/\/medclinics.com\/wp-content\/uploads\/2023\/12\/stem-cell-therapy-for-arthritis-24x16.jpg 24w, https:\/\/medclinics.com\/wp-content\/uploads\/2023\/12\/stem-cell-therapy-for-arthritis-36x24.jpg 36w, https:\/\/medclinics.com\/wp-content\/uploads\/2023\/12\/stem-cell-therapy-for-arthritis-48x32.jpg 48w\" sizes=\"(max-width: 960px) 100vw, 960px\" \/><\/figure>\n\n<h2 class=\"wp-block-heading\">FAQ<\/h2>\n<div id=\"rank-math-faq\" class=\"rank-math-block\">\n<div class=\"rank-math-list \">\n<div id=\"faq-question-1685002520472\" class=\"rank-math-list-item\">\n<h3 class=\"rank-math-question \"><strong>Ist die Stammzellentherapie bei Arthritis wirksam?<\/strong><\/h3>\n<div class=\"rank-math-answer \">\n\n<p>Ja, Forschung und klinische Studien deuten darauf hin, dass die Stammzelltherapie f\u00fcr die Behandlung von Arthritis vielversprechend ist. Viele Patienten berichteten \u00fcber eine Verbesserung ihrer Symptome, wie z. B. geringere Schmerzen und gr\u00f6\u00dfere Gelenkbeweglichkeit.<\/p>\n\n<\/div>\n<\/div>\n<div id=\"faq-question-1685002653278\" class=\"rank-math-list-item\">\n<h3 class=\"rank-math-question \"><strong>Gibt es Nebenwirkungen der Stammzelltherapie bei Arthritis?<\/strong><\/h3>\n<div class=\"rank-math-answer \">\n\n<p>Die Nebenwirkungen sind im Allgemeinen gering und k\u00f6nnen eine vor\u00fcbergehende Schwellung oder ein Unbehagen an der Injektionsstelle umfassen. Schwerwiegende Komplikationen sind selten, aber es ist wichtig, dass Sie m\u00f6gliche Risiken mit Ihrem medizinischen Betreuer besprechen.<\/p>\n\n<\/div>\n<\/div>\n<div id=\"faq-question-1702888991012\" class=\"rank-math-list-item\">\n<h3 class=\"rank-math-question \"><strong>Welche Arten von Arthritis k\u00f6nnen mit der Stammzelltherapie behandelt werden?<\/strong><\/h3>\n<div class=\"rank-math-answer \">\n\n<p>Die Stammzelltherapie wird f\u00fcr verschiedene Arten von Arthritis, einschlie\u00dflich Osteoarthritis und rheumatoider Arthritis, erforscht. Es zeigt Potenzial bei der Behandlung degenerativer Gelenkerkrankungen.<\/p>\n\n<\/div>\n<\/div>\n<div id=\"faq-question-1702888917351\" class=\"rank-math-list-item\">\n<h3 class=\"rank-math-question \"><strong>Ist die Stammzelltherapie sicher?<\/strong><\/h3>\n<div class=\"rank-math-answer \">\n\n<p>Die derzeitigen Erkenntnisse deuten darauf hin, dass die Stammzelltherapie im Allgemeinen sicher ist. Da dabei h\u00e4ufig patienteneigene Zellen verwendet werden, ist das Risiko von Absto\u00dfungsreaktionen oder unerw\u00fcnschten Wirkungen minimal.<\/p>\n\n<\/div>\n<\/div>\n<\/div>\n<\/div>\n<p>\u00a0<\/p>\n\n<h3 class=\"wp-block-heading\">Kontaktieren Sie uns jetzt, falls Sie Fragen haben!<\/h3>\n","protected":false},"excerpt":{"rendered":"<p>Wenn Sie auf der Suche nach den unendlichen M\u00f6glichkeiten der Stammzelltherapie zur Behandlung von Arthritis sind, sind Sie hier genau [&hellip;]<\/p>\n","protected":false},"author":4,"featured_media":119866,"parent":0,"menu_order":0,"comment_status":"closed","ping_status":"closed","template":"","meta":{"site-sidebar-layout":"default","site-content-layout":"","ast-site-content-layout":"default","site-content-style":"default","site-sidebar-style":"default","ast-global-header-display":"","ast-banner-title-visibility":"","ast-main-header-display":"","ast-hfb-above-header-display":"","ast-hfb-below-header-display":"","ast-hfb-mobile-header-display":"","site-post-title":"","ast-breadcrumbs-content":"","ast-featured-img":"","footer-sml-layout":"","ast-disable-related-posts":"","theme-transparent-header-meta":"","adv-header-id-meta":"","stick-header-meta":"","header-above-stick-meta":"","header-main-stick-meta":"","header-below-stick-meta":"","astra-migrate-meta-layouts":"default","ast-page-background-enabled":"default","ast-page-background-meta":{"desktop":{"background-color":"var(--ast-global-color-4)","background-image":"","background-repeat":"repeat","background-position":"center center","background-size":"auto","background-attachment":"scroll","background-type":"","background-media":"","overlay-type":"","overlay-color":"","overlay-opacity":"","overlay-gradient":""},"tablet":{"background-color":"","background-image":"","background-repeat":"repeat","background-position":"center center","background-size":"auto","background-attachment":"scroll","background-type":"","background-media":"","overlay-type":"","overlay-color":"","overlay-opacity":"","overlay-gradient":""},"mobile":{"background-color":"","background-image":"","background-repeat":"repeat","background-position":"center center","background-size":"auto","background-attachment":"scroll","background-type":"","background-media":"","overlay-type":"","overlay-color":"","overlay-opacity":"","overlay-gradient":""}},"ast-content-background-meta":{"desktop":{"background-color":"var(--ast-global-color-5)","background-image":"","background-repeat":"repeat","background-position":"center center","background-size":"auto","background-attachment":"scroll","background-type":"","background-media":"","overlay-type":"","overlay-color":"","overlay-opacity":"","overlay-gradient":""},"tablet":{"background-color":"var(--ast-global-color-5)","background-image":"","background-repeat":"repeat","background-position":"center center","background-size":"auto","background-attachment":"scroll","background-type":"","background-media":"","overlay-type":"","overlay-color":"","overlay-opacity":"","overlay-gradient":""},"mobile":{"background-color":"var(--ast-global-color-5)","background-image":"","background-repeat":"repeat","background-position":"center center","background-size":"auto","background-attachment":"scroll","background-type":"","background-media":"","overlay-type":"","overlay-color":"","overlay-opacity":"","overlay-gradient":""}},"footnotes":""},"class_list":["post-148677","page","type-page","status-publish","has-post-thumbnail","hentry"],"_links":{"self":[{"href":"https:\/\/medclinics.com\/de\/wp-json\/wp\/v2\/pages\/148677","targetHints":{"allow":["GET"]}}],"collection":[{"href":"https:\/\/medclinics.com\/de\/wp-json\/wp\/v2\/pages"}],"about":[{"href":"https:\/\/medclinics.com\/de\/wp-json\/wp\/v2\/types\/page"}],"author":[{"embeddable":true,"href":"https:\/\/medclinics.com\/de\/wp-json\/wp\/v2\/users\/4"}],"replies":[{"embeddable":true,"href":"https:\/\/medclinics.com\/de\/wp-json\/wp\/v2\/comments?post=148677"}],"version-history":[{"count":0,"href":"https:\/\/medclinics.com\/de\/wp-json\/wp\/v2\/pages\/148677\/revisions"}],"wp:featuredmedia":[{"embeddable":true,"href":"https:\/\/medclinics.com\/de\/wp-json\/wp\/v2\/media\/119866"}],"wp:attachment":[{"href":"https:\/\/medclinics.com\/de\/wp-json\/wp\/v2\/media?parent=148677"}],"curies":[{"name":"wp","href":"https:\/\/api.w.org\/{rel}","templated":true}]}}