{"id":148665,"date":"2023-12-14T13:07:02","date_gmt":"2023-12-14T10:07:02","guid":{"rendered":"https:\/\/medclinics.com\/schonheitssalons-in-der-turkei\/"},"modified":"2024-05-15T11:08:52","modified_gmt":"2024-05-15T08:08:52","slug":"schonheitssalons-in-der-turkei","status":"publish","type":"page","link":"https:\/\/medclinics.com\/de\/schonheitssalons-in-der-turkei\/","title":{"rendered":"Sch\u00f6nheitssalons in der T\u00fcrkei"},"content":{"rendered":"\n<h2 class=\"wp-block-heading\">Die T\u00fcrkei ist ein beliebtes Ziel f\u00fcr Reisende aus aller Welt, die sich kosmetischen Behandlungen unterziehen m\u00f6chten.<\/h2>\n\n<p>Das Land ist bekannt f\u00fcr seine hochqualifizierten \u00c4sthetiker und Kosmetiker, die mit den neuesten Technologien und Verfahren arbeiten. Die Beautysalons bieten ein ganzheitliches Sch\u00f6nheitserlebnis. In dieser einladenden Atmosph\u00e4re erleben die Besucher nicht nur \u00e4sthetische Versch\u00f6nerung, sondern auch Gastfreundschaft und Qualit\u00e4t bei jeder Behandlung.<\/p>\n\n<p>Hier finden Sie eine Liste von Sch\u00f6nheitssalons in der T\u00fcrkei, die eine Vielzahl von \u00e4sthetischen Dienstleistungen anbieten. Dazu geh\u00f6ren <a href=\"https:\/\/medclinics.com\/de\/filler\/\" target=\"_blank\" rel=\"noreferrer noopener\">Dermal Filler<\/a>, <a href=\"https:\/\/medclinics.com\/de\/faltenbehandlung\/\" target=\"_blank\" rel=\"noreferrer noopener\">Behandlungen mit Muskelrelaxantien<\/a> zur Faltengl\u00e4ttung, <a href=\"https:\/\/medclinics.com\/de\/plasma-therapie\/\" target=\"_blank\" rel=\"noreferrer noopener\">Plasmatherapie<\/a> und <a href=\"https:\/\/en.wikipedia.org\/wiki\/Mesotherapy\" target=\"_blank\" rel=\"noreferrer noopener\">Mesotherapie<\/a> sowie Hautpflege, Anti-Aging-Behandlungen oder <a href=\"https:\/\/medclinics.com\/de\/haarverlangerung\/\" target=\"_blank\" rel=\"noreferrer noopener\">Haarverl\u00e4ngerungen<\/a>, <a href=\"https:\/\/medclinics.com\/de\/prothesennagel\/\" target=\"_blank\" rel=\"noreferrer noopener\">Nagelprothesen<\/a> und Wimpernverl\u00e4ngerungen. Die Behandlungen werden ambulant durchgef\u00fchrt.<\/p>\n\n<p>Wenn Sie auf der Suche nach einem Salon in der T\u00fcrkei sind, um Ihre Ausstrahlung und Sch\u00f6nheit zu verbessern, dann sind Sie bei uns genau an der richtigen Adresse. Auf dieser Website finden Sie den richtigen Salon f\u00fcr Ihre Bed\u00fcrfnisse.<\/p>\n\n<h3 class=\"wp-block-heading\">Haben Sie Fragen zu einer Sch\u00f6nheitsbehandlung?<\/h3>\n\n<p>Wenn Sie Fragen zu einer Behandlung in einem Sch\u00f6nheitssalon haben, k\u00f6nnen Sie <a href=\"#requestform\">sich<\/a> gerne <a href=\"#requestform\">an uns wenden<\/a>. Wir helfen Ihnen gerne weiter.<\/p>\n","protected":false},"excerpt":{"rendered":"<p>Die T\u00fcrkei ist ein beliebtes Ziel f\u00fcr Reisende aus aller Welt, die sich kosmetischen Behandlungen unterziehen m\u00f6chten. Das Land ist [&hellip;]<\/p>\n","protected":false},"author":4,"featured_media":161454,"parent":0,"menu_order":0,"comment_status":"closed","ping_status":"closed","template":"","meta":{"site-sidebar-layout":"default","site-content-layout":"","ast-site-content-layout":"default","site-content-style":"default","site-sidebar-style":"default","ast-global-header-display":"","ast-banner-title-visibility":"","ast-main-header-display":"","ast-hfb-above-header-display":"","ast-hfb-below-header-display":"","ast-hfb-mobile-header-display":"","site-post-title":"","ast-breadcrumbs-content":"","ast-featured-img":"","footer-sml-layout":"","ast-disable-related-posts":"","theme-transparent-header-meta":"","adv-header-id-meta":"","stick-header-meta":"","header-above-stick-meta":"","header-main-stick-meta":"","header-below-stick-meta":"","astra-migrate-meta-layouts":"default","ast-page-background-enabled":"default","ast-page-background-meta":{"desktop":{"background-color":"var(--ast-global-color-4)","background-image":"","background-repeat":"repeat","background-position":"center center","background-size":"auto","background-attachment":"scroll","background-type":"","background-media":"","overlay-type":"","overlay-color":"","overlay-opacity":"","overlay-gradient":""},"tablet":{"background-color":"","background-image":"","background-repeat":"repeat","background-position":"center center","background-size":"auto","background-attachment":"scroll","background-type":"","background-media":"","overlay-type":"","overlay-color":"","overlay-opacity":"","overlay-gradient":""},"mobile":{"background-color":"","background-image":"","background-repeat":"repeat","background-position":"center center","background-size":"auto","background-attachment":"scroll","background-type":"","background-media":"","overlay-type":"","overlay-color":"","overlay-opacity":"","overlay-gradient":""}},"ast-content-background-meta":{"desktop":{"background-color":"var(--ast-global-color-5)","background-image":"","background-repeat":"repeat","background-position":"center center","background-size":"auto","background-attachment":"scroll","background-type":"","background-media":"","overlay-type":"","overlay-color":"","overlay-opacity":"","overlay-gradient":""},"tablet":{"background-color":"var(--ast-global-color-5)","background-image":"","background-repeat":"repeat","background-position":"center center","background-size":"auto","background-attachment":"scroll","background-type":"","background-media":"","overlay-type":"","overlay-color":"","overlay-opacity":"","overlay-gradient":""},"mobile":{"background-color":"var(--ast-global-color-5)","background-image":"","background-repeat":"repeat","background-position":"center center","background-size":"auto","background-attachment":"scroll","background-type":"","background-media":"","overlay-type":"","overlay-color":"","overlay-opacity":"","overlay-gradient":""}},"footnotes":""},"class_list":["post-148665","page","type-page","status-publish","has-post-thumbnail","hentry"],"_links":{"self":[{"href":"https:\/\/medclinics.com\/de\/wp-json\/wp\/v2\/pages\/148665","targetHints":{"allow":["GET"]}}],"collection":[{"href":"https:\/\/medclinics.com\/de\/wp-json\/wp\/v2\/pages"}],"about":[{"href":"https:\/\/medclinics.com\/de\/wp-json\/wp\/v2\/types\/page"}],"author":[{"embeddable":true,"href":"https:\/\/medclinics.com\/de\/wp-json\/wp\/v2\/users\/4"}],"replies":[{"embeddable":true,"href":"https:\/\/medclinics.com\/de\/wp-json\/wp\/v2\/comments?post=148665"}],"version-history":[{"count":0,"href":"https:\/\/medclinics.com\/de\/wp-json\/wp\/v2\/pages\/148665\/revisions"}],"wp:featuredmedia":[{"embeddable":true,"href":"https:\/\/medclinics.com\/de\/wp-json\/wp\/v2\/media\/161454"}],"wp:attachment":[{"href":"https:\/\/medclinics.com\/de\/wp-json\/wp\/v2\/media?parent=148665"}],"curies":[{"name":"wp","href":"https:\/\/api.w.org\/{rel}","templated":true}]}}