{"id":148577,"date":"2023-11-21T12:28:58","date_gmt":"2023-11-21T09:28:58","guid":{"rendered":"https:\/\/medclinics.com\/hals-nasen-und-ohrenbehandlungen\/"},"modified":"2025-01-24T21:36:04","modified_gmt":"2025-01-24T18:36:04","slug":"hals-nasen-und-ohrenbehandlungen","status":"publish","type":"page","link":"https:\/\/medclinics.com\/de\/hals-nasen-und-ohrenbehandlungen\/","title":{"rendered":"Hals-, Nasen- und Ohrenbehandlungen"},"content":{"rendered":"\n<h2 class=\"wp-block-heading\">Hals-, Nasen- und Ohrenbehandlungen (HNO) sind seit vielen Jahren beliebt.  <\/h2>\n\n<div class=\"wp-block-columns is-layout-flex wp-container-core-columns-is-layout-28f84493 wp-block-columns-is-layout-flex\">\n<div class=\"wp-block-column is-layout-flow wp-block-column-is-layout-flow\">\n<figure class=\"wp-block-image size-full is-style-default\"><img fetchpriority=\"high\" decoding=\"async\" width=\"960\" height=\"550\" src=\"https:\/\/medclinics.com\/wp-content\/uploads\/2023\/11\/ear-nose-and-throat-disorder.jpg\" alt=\"Hals-, Nasen- und Ohrenbehandlungen\" class=\"wp-image-118286\" srcset=\"https:\/\/medclinics.com\/wp-content\/uploads\/2023\/11\/ear-nose-and-throat-disorder.jpg 960w, https:\/\/medclinics.com\/wp-content\/uploads\/2023\/11\/ear-nose-and-throat-disorder-500x286.jpg 500w, https:\/\/medclinics.com\/wp-content\/uploads\/2023\/11\/ear-nose-and-throat-disorder-768x440.jpg 768w, https:\/\/medclinics.com\/wp-content\/uploads\/2023\/11\/ear-nose-and-throat-disorder-24x14.jpg 24w, https:\/\/medclinics.com\/wp-content\/uploads\/2023\/11\/ear-nose-and-throat-disorder-36x21.jpg 36w, https:\/\/medclinics.com\/wp-content\/uploads\/2023\/11\/ear-nose-and-throat-disorder-48x28.jpg 48w\" sizes=\"(max-width: 960px) 100vw, 960px\" \/><\/figure>\n<\/div>\n\n\n\n<div class=\"wp-block-column is-vertically-aligned-top is-layout-flow wp-block-column-is-layout-flow\">\n<p>Wenn wir \u00fcber Gesundheitsf\u00fcrsorge nachdenken, konzentrieren wir uns h\u00e4ufig auf die h\u00e4ufigsten Probleme &#8211; Herzkrankheiten, Diabetes oder vielleicht sogar Poren- und Hautkrankheiten. Aber wussten Sie, dass <strong>Hals-, Nasen- und Ohren <\/strong>probleme (HNO) ebenfalls einen gro\u00dfen Teil der Bev\u00f6lkerung betreffen? Dabei handelt es sich um mehr als nur geringf\u00fcgige Irritationen &#8211; sie k\u00f6nnen sich in erster Linie auf Ihr eigenes Wohlbefinden auswirken.  <\/p>\n<\/div>\n<\/div>\n\n<h3 class=\"wp-block-heading\">Entdecken Sie die besten Hals-Nasen-Ohren-Chirurgen: Vergleichen Sie die Kosten f\u00fcr HNO-Behandlungen, Auswahl an Kliniken!<\/h3>\n\n<p><br\/>HNO-Heilbehandlungen sind seit Jahrzehnten \u00fcblich, aber in letzter Zeit haben sie sich mit immer spezielleren Techniken weiterentwickelt, insbesondere im Bereich der <strong><a href=\"https:\/\/medclinics.com\/de\/asthetik-der-stimme\/\" target=\"_blank\" rel=\"noreferrer noopener\">Stimm\u00e4sthetik<\/a><\/strong>. Dies ist ein Bereich, der definitiv an Anerkennung gewinnt, vor allem weil die Menschen immer mehr mit den Alternativen vertraut werden, die zur St\u00e4rkung ihrer Stimme oder zur Behandlung von Stimmproblemen zur Verf\u00fcgung stehen. <\/p>\n\n<p><br\/>Wenn Sie also unter Ohren-, Nasen- oder Halsschmerzen leiden, ist es wichtig, die zugrundeliegenden Situationen zu verstehen und zu wissen, wie moderne Heilmittel helfen k\u00f6nnen. Lassen Sie uns einen besseren Blick auf <strong>Hals-Nasen-Ohren-Behandlungen<\/strong> werfen, die die nicht ungew\u00f6hnlichen Probleme, die einen Einfluss auf jeden dieser Bereiche haben, die au\u00dfergew\u00f6hnlich aktuellen Behandlungsalternativen und die Art und Weise, wie Sie die brillanten Chirurgen und Kliniken entdecken k\u00f6nnen, umfassen. <\/p>\n\n<h2 class=\"wp-block-heading\"><br\/>Was ist HNO? Ein Blick auf Erkrankungen der Ohren, der Nase und des Rachens <\/h2>\n\n<p><\/p>\n\n<p>Der Begriff <strong>HNO<\/strong> bezieht sich auf den medizinischen Bereich, der sich mit Situationen und Beschwerden im Zusammenhang mit den Ohren, der Nase und dem Rachen befasst. Dies besteht aus einer au\u00dfergew\u00f6hnlichen Form von Problemen, von allt\u00e4glichen <strong>Sinus-Infektionen<\/strong> und <strong>Halsschmerzen<\/strong> bis hin zu komplizierteren Bedingungen wie <strong><a href=\"https:\/\/pubmed.ncbi.nlm.nih.gov\/?term=hearing+loss\" target=\"_blank\" rel=\"noreferrer noopener\">H\u00f6rverlust<\/a><\/strong> und <strong>Stimmbeschwerden<\/strong>. <\/p>\n\n<p>HNO-\u00c4rzte, auch <strong>Otolaryngologen<\/strong> genannt, sind Spezialisten f\u00fcr die Diagnose und Behandlung solcher Situationen. Sie bieten eine breite Palette von Behandlungen an, von chirurgischen Strategien bis hin zu nicht-invasiven Behandlungspl\u00e4nen. Doch zun\u00e4chst zu den drei wichtigen Bereichen, die von der HNO abgedeckt werden: der Hals-Nasen-Ohren-Heilkunde.  <\/p>\n\n<h3 class=\"wp-block-heading\"><br\/>Ohrenkrankheiten: Das Verst\u00e4ndnis der Problembereiche<\/h3>\n\n<p><\/p>\n\n<p>Ohrenprobleme k\u00f6nnen eine echte Qual sein, sowohl im \u00fcbertragenen als auch im w\u00f6rtlichen Sinne. Wenn Sie jemals eine Ohrenentz\u00fcndung hatten oder mit H\u00f6rverlust zu k\u00e4mpfen hatten, wissen Sie, wie st\u00f6rend das sein kann. Aber wussten Sie, dass Ohrenkrankheiten in drei Bereiche unterteilt werden k\u00f6nnen? Schauen wir sie uns an:   <\/p>\n\n<ul class=\"wp-block-list\">\n<li><strong>Erkrankungen des \u00e4u\u00dferen Ohrs<\/strong>: Diese betreffen den \u00e4u\u00dfersten Teil des Ohrs. H\u00e4ufige Probleme sind: <\/li>\n\n\n\n<li><strong>\u00c4u\u00dfere Ohrinfektionen<\/strong> (h\u00e4ufig aufgrund von Mikroorganismen oder Pilzen)<\/li>\n\n\n\n<li><strong>Verstopfungen durch Ohrenschmalz<\/strong>, die Schmerzen und H\u00f6rprobleme verursachen k\u00f6nnen<\/li>\n\n\n\n<li><strong>Perforation des Trommelfells<\/strong>, die auf Infektionen oder Traumata zur\u00fcckzuf\u00fchren sein kann<\/li>\n\n\n\n<li><strong>Verletzungen des Ohrl\u00e4ppchens<\/strong>, manchmal Piercings oder Unf\u00e4lle<\/li>\n\n\n\n<li><strong>Asymmetrie der Ohrl\u00e4ppchen<\/strong>, die f\u00fcr manche Menschen ein Problem darstellen kann<\/li>\n<\/ul>\n\n<ul class=\"wp-block-list\">\n<li><strong>Mittelohrkrankheiten:<\/strong> Probleme im Mittelohr k\u00f6nnen besonders schwerwiegend sein, da sie sich auf das Geh\u00f6r auswirken. Dazu geh\u00f6ren:<\/li>\n\n\n\n<li><strong>Mittelohrentz\u00fcndungen<\/strong> (Otitis media), die wahrscheinlich h\u00e4ufig bei Kindern auftreten, aber auch bei Erwachsenen eine Rolle spielen k\u00f6nnen<\/li>\n\n\n\n<li><strong>Entz\u00fcndung des Mittelohrs<\/strong> (kann Schmerzen und Fl\u00fcssigkeitsansammlungen verursachen)<\/li>\n\n\n\n<li><strong>Perforation des Trommelfells<\/strong>, die zu chronischen Ohrinfektionen f\u00fchren kann<\/li>\n\n\n\n<li><strong>Fl\u00fcssigkeitsansammlung im Mittelohr<\/strong>, h\u00e4ufig nach einer Ohrinfektion<\/li>\n\n\n\n<li><strong>Schwerh\u00f6rigkeit<\/strong> in Verbindung mit st\u00e4ndigen Ohrensituationen<\/li>\n<\/ul>\n\n<ul class=\"wp-block-list\">\n<li><strong>Erkrankungen des Innenohrs:<\/strong> Das Innenohr ist wichtig f\u00fcr das Geh\u00f6r und das Gleichgewicht, daher k\u00f6nnen Probleme in diesem Bereich besonders st\u00f6rend sein. Zu den h\u00e4ufigen Innenohrproblemen geh\u00f6ren: <\/li>\n\n\n\n<li><strong>Infektionen des Innenohrs<\/strong>, die sich auf Ihr Geh\u00f6r und Ihr Gleichgewicht auswirken k\u00f6nnen<\/li>\n\n\n\n<li><strong>die Meni\u00e8re-Krankheit<\/strong>, die Schwindel, Bewusstseinsverlust und Ohrensausen (Tinnitus) verursacht<\/li>\n\n\n\n<li><strong><a href=\"https:\/\/pubmed.ncbi.nlm.nih.gov\/?term=vertigo\" target=\"_blank\" rel=\"noreferrer noopener nofollow\">Schwindel<\/a><\/strong>, ein Gef\u00fchl des Drehens, das auf Probleme im Innenohr zur\u00fcckzuf\u00fchren sein kann<\/li>\n\n\n\n<li><strong>Gleichgewichtsst\u00f6rungen<\/strong>, die regelm\u00e4\u00dfig mit der Funktion des Innenohrs bei der Aufrechterhaltung des Gleichgewichts in Verbindung gebracht werden k\u00f6nnen<\/li>\n<\/ul>\n\n<p>Wenn Sie Anzeichen und Symptome wie <strong>Ohrenschmerzen<\/strong>, <strong>H\u00f6rverlust<\/strong> oder <strong>Ohrensausen<\/strong> haben, sollten Sie unbedingt einen HNO-Arzt aufsuchen, um die Ursache zu finden.<\/p>\n\n<h3 class=\"wp-block-heading\"><br\/>St\u00f6rungen der Nase: Das Dilemma der Atmung<\/h3>\n\n<p><\/p>\n\n<p>Die Nase ist nicht nur zum Atmen da &#8211; sie spielt auch eine wichtige Rolle beim Filtern der Luft, bei der Temperaturregulierung und vielleicht auch f\u00fcr den Geruchssinn. Leider haben viele Menschen mit <strong>Nasenproblemen<\/strong> zu k\u00e4mpfen, die ihre Talente beeintr\u00e4chtigen. Hier sind einige h\u00e4ufige <strong>Nasenleiden<\/strong>:  <\/p>\n\n<ul class=\"wp-block-list\">\n<li><strong>Nasenverstopfung<\/strong>, die auf Allergien, Infektionen oder strukturelle Probleme zur\u00fcckzuf\u00fchren sein kann<\/li>\n\n\n\n<li><strong>Sinusitis<\/strong>, eine Infektion der Nasennebenh\u00f6hlen, die Druck, Kopfschmerzen und Gesichtsschmerzen verursachen kann<\/li>\n\n\n\n<li><strong>Nasenbluten<\/strong>, das durch trockene Luft, ein Trauma oder eine Grunderkrankung verursacht werden kann<\/li>\n\n\n\n<li><strong>Nasenpolypen<\/strong>, nicht krebsartige Wucherungen, die Ihre Luftzirkulation beeintr\u00e4chtigen und chronische Nasennebenh\u00f6hlenprobleme ausl\u00f6sen k\u00f6nnen<\/li>\n\n\n\n<li><strong>Verformungen der Nasenscheidewand<\/strong>, bei denen die Wand zwischen den Nasenl\u00f6chern schief ist, was die Nasenatmung erschwert<\/li>\n\n\n\n<li><strong><a href=\"https:\/\/medclinics.com\/de\/rhinoplastik-nasenkorrektur\/\" target=\"_blank\" rel=\"noreferrer noopener\">Rhinoplastik<\/a><\/strong>, ein Sch\u00f6nheitskonzept zur Umformung der Nase sowohl aus n\u00fctzlichen als auch aus \u00e4sthetischen Gr\u00fcnden<\/li>\n<\/ul>\n\n<p>Diese Erkrankungen k\u00f6nnen Ihren Schlaf beeintr\u00e4chtigen und Ihre Geruchsfunktion beeintr\u00e4chtigen. Wenn Sie unter <strong>chronischer Nasenverstopfung<\/strong>, <strong>Nasennebenh\u00f6hlenstress<\/strong> oder <strong>Atemproblemen durch die Nasenl\u00f6cher<\/strong> leiden, sollten Sie einen HNO-Arzt aufsuchen. Die Behandlungsm\u00f6glichkeiten reichen von Tabletten und Nasensprays bis hin zur Operation bei extremen Problemen.  <\/p>\n\n<h3 class=\"wp-block-heading\">Erkrankungen des Halses: Halsentz\u00fcndungen und mehr<\/h3>\n\n<p><br\/>Der Rachen ist wichtig f\u00fcr das Sprechen, Schlucken und Atmen, daher k\u00f6nnen Probleme genau hier besonders st\u00f6rend sein. H\u00e4ufige <strong>Erkrankungen des Rachens<\/strong> sind: <\/p>\n\n<ul class=\"wp-block-list\">\n<li><strong>Halsschmerzen<\/strong>, die in der Regel ein Symptom f\u00fcr eine virale Infektion wie eine Erk\u00e4ltung oder Grippe sind<\/li>\n\n\n\n<li><strong>Pharyngitis<\/strong>, Infektion des Rachens, oft durch Mikroorganismen oder Viren<\/li>\n\n\n\n<li><strong><a href=\"https:\/\/pubmed.ncbi.nlm.nih.gov\/?term=tonsillitis\" target=\"_blank\" rel=\"noreferrer noopener nofollow\">Tonsillitis<\/a><\/strong>, eine Infektion der Mandeln, die Schmerzen, Schwellungen und Fieber verursachen kann<\/li>\n\n\n\n<li><strong>Mandelentz\u00fcndung<\/strong>, die das Schlucken und manchmal auch das Atmen erschweren kann<\/li>\n\n\n\n<li><strong>Kehlkopfentz\u00fcndung (Laryngitis<\/strong>), Verunreinigung der Stimmlage, die zu Stimmverlust f\u00fchren kann<\/li>\n\n\n\n<li><strong>Pharyngotonsillitis<\/strong>, d.h. die Verunreinigung des Rachens und der Mandeln, normalerweise aufgrund einer Infektion<\/li>\n\n\n\n<li><strong>Krupp<\/strong>, eine Virusinfektion, die bei Kindern einen bellenden Husten verursacht<\/li>\n\n\n\n<li><strong>Heiserkeit<\/strong>, die auf Stimmbelastung, Verschmutzung oder <strong>\u00e4sthetische<\/strong> Probleme der Stimme zur\u00fcckzuf\u00fchren sein kann<\/li>\n<\/ul>\n\n<p>Apropos <strong><a href=\"https:\/\/medclinics.com\/de\/asthetik-der-stimme\/\" target=\"_blank\" rel=\"noreferrer noopener\">Stimm\u00e4sthetik<\/a><\/strong>: Das ist ein Behandlungsbereich, der in den letzten Jahren an Ansehen gewonnen hat. Ganz gleich, ob es um die Verbesserung des Stimmtons, die Verbesserung der Resonanz oder die Behebung spezifischer Stimmprobleme geht, die <strong>\u00e4sthetische Stimmchirurgie<\/strong> verhilft vielen Menschen zu der Stimme, die sie bevorzugen. <\/p>\n\n<h3 class=\"wp-block-heading\">H\u00e4ufige Symptome von Hals-Nasen-Ohren-Erkrankungen (HNO)<\/h3>\n\n<p><br\/>HNO-Situationen sind oft mit wesentlichen Anzeichen und Symptomen verbunden, die schwer zu \u00fcbersehen sind. Dazu geh\u00f6ren:<\/p>\n\n<ul class=\"wp-block-list\">\n<li><strong>Kopfschmerzen<\/strong> (insbesondere bei Infektionen der Nasennebenh\u00f6hlen oder Ohren)<\/li>\n\n\n\n<li><strong>Ohrenschmerzen<\/strong> und H\u00f6rverlust (h\u00e4ufig bei Ohrinfektionen oder Morbus Meni\u00e8re)<\/li>\n\n\n\n<li><strong>Nasenverstopfung<\/strong> und <strong>Nasenbluten<\/strong> (im Zusammenhang mit Nasennebenh\u00f6hlenentz\u00fcndung oder Nasenproblemen)<\/li>\n\n\n\n<li><strong>Halsschmerzen<\/strong> und <strong>Heiserkeit<\/strong> (aufgrund von Halsinfektionen oder Stimmbelastung)<\/li>\n\n\n\n<li><strong>Schluckbeschwerden<\/strong>, die mit Rachen- oder Mandelproblemen einhergehen k\u00f6nnen<\/li>\n<\/ul>\n\n<p><br\/>Wenn Sie eines dieser Anzeichen und Symptome versp\u00fcren, ist es wichtig, dass Sie sich von einem Fachmann beraten lassen, um eine angemessene Behandlung zu erhalten.<\/p>\n\n<h3 class=\"wp-block-heading\">Auswahl der besten HNO-Chirurgen und -Kliniken (Hals-Nasen-Ohren)<\/h3>\n\n<p><br\/>Wenn Sie mit einer HNO-Erkrankung zu k\u00e4mpfen haben, sollten Sie sich einen professionellen <strong>HNO-Arzt<\/strong> suchen, der Ihnen hilft, sich wieder gut zu f\u00fchlen. Es ist wichtig, sich \u00fcber Kliniken und Chirurgen zu informieren, die sich auf Ihre Erkrankung spezialisiert haben, egal ob es sich um <strong>Ohrchirurgie<\/strong>, <strong>Stimm\u00e4sthetik<\/strong> oder <strong>Nasennebenh\u00f6hlenbehandlungen<\/strong> handelt. Viele Top-Kliniken bieten Beratungsgespr\u00e4che an, die Ihnen dabei helfen, Ihre Optionen zu verstehen und den richtigen Behandlungsplan zu w\u00e4hlen.  <\/p>\n\n<p>Wenn Sie die Preise vergleichen, sollten Sie Faktoren wie den Ruf der Klinik, den medizinischen Experten und die komfortablen Strategien, die Sie ben\u00f6tigen, ber\u00fccksichtigen. <strong>HNO-Behandlungen<\/strong> k\u00f6nnen in Abh\u00e4ngigkeit von der Komplexit\u00e4t der Technik und dem Bereich der Klinik drastisch in den Kosten variieren, daher ist es in der Tat richtig, Ihre Optionen zu pr\u00fcfen, bevor Sie sich entscheiden.<\/p>\n\n<h3 class=\"wp-block-heading\"><br\/>Abschlie\u00dfende Gedanken zu Hals-Nasen-Ohren-Behandlungen (HNO)<\/h3>\n\n<p><br\/>Ganz gleich, ob Sie mit st\u00e4ndigen Halsschmerzen, hartn\u00e4ckigen Ohrinfektionen oder einem pr\u00e4chtigen Problem wie einer Nasenlochkorrektur zu k\u00e4mpfen haben, <strong>HNO-Heilmittel<\/strong> sind wichtig f\u00fcr die St\u00e4rkung Ihrer Gesundheit. Dank der Verbesserungen in der Medizintechnik und den chirurgischen Strategien gibt es heute mehr Behandlungsm\u00f6glichkeiten als je zuvor &#8211; wenn Sie also von HNO-Anzeichen und -Symptomen betroffen sind, sollten Sie nicht zu lange warten, bis Sie einen Arzt aufsuchen. <\/p>\n\n<p>Durch die Wahl des richtigen <strong>HNO-Arztes<\/strong> und der richtigen Gesundheitseinrichtung k\u00f6nnen Sie Ihre Gesundheitsprobleme angehen, ganz gleich, ob es sich um kleinere oder kritischere Situationen handelt, und wieder Ihr bestes Leben f\u00fchren. Ganz ohne HNO-Probleme. <\/p>\n\n<p>Mittelohrerkrankungen wie Mittelohrentz\u00fcndungen, Trommelfellperforationen, Fl\u00fcssigkeitsansammlungen im Mittelohr und H\u00f6rverlust k\u00f6nnen im Mittelohr auftreten.  <\/p>\n\n<h2 class=\"wp-block-heading\">St\u00e4dte und L\u00e4nder f\u00fcr Hals-Nasen-Ohren-Behandlungen<\/h2>\n\n<p><em>Demn\u00e4chst&#8230;<\/em><\/p>\n\n<p><strong>MedClinics bietet Hals-, Nasen- und Ohrenbehandlungen zu einem erschwinglichen Preis!<\/strong> <strong>Wir helfen Ihnen, sich unter den vielen Angeboten zurechtzufinden und das beste f\u00fcr Sie zu finden. Mit MedClinics erhalten Sie einen \u00dcberblick \u00fcber L\u00e4nder, Kosten und \u00c4rzte.<\/strong><\/p>\n<h2 class=\"wp-block-heading\">Kontaktieren Sie uns, Ihr pers\u00f6nlicher Berater wird Sie durch den Prozess f\u00fchren &amp; beraten!<\/h2>\n<p>Gemeinsam mit MedClinics finden Sie die beste Behandlung f\u00fcr Sie. Wir erl\u00e4utern Ihnen alle Einzelheiten und helfen Ihnen, die f\u00fcr Ihre Bed\u00fcrfnisse am besten geeignete Klinik zu finden.<\/p>\n\n<div class=\"wp-block-buttons is-layout-flex wp-block-buttons-is-layout-flex\">\n<div class=\"wp-block-button has-custom-width wp-block-button__width-100 has-custom-font-size is-style-fill has-medium-font-size\"><a class=\"wp-block-button__link has-white-color has-text-color has-background wp-element-button\" href=\"#requestform\" style=\"border-radius:8px;background-color:#225b75;padding-right:0;padding-left:0\" target=\"_blank\" rel=\"noopener\">Kostenlose Konsultation<\/a><\/div>\n<\/div>\n\n<p><\/p>\n","protected":false},"excerpt":{"rendered":"<p>Hals-, Nasen- und Ohrenbehandlungen (HNO) sind seit vielen Jahren beliebt. Wenn wir \u00fcber Gesundheitsf\u00fcrsorge nachdenken, konzentrieren wir uns h\u00e4ufig auf [&hellip;]<\/p>\n","protected":false},"author":4,"featured_media":118293,"parent":0,"menu_order":0,"comment_status":"closed","ping_status":"closed","template":"","meta":{"site-sidebar-layout":"default","site-content-layout":"","ast-site-content-layout":"default","site-content-style":"default","site-sidebar-style":"default","ast-global-header-display":"","ast-banner-title-visibility":"","ast-main-header-display":"","ast-hfb-above-header-display":"","ast-hfb-below-header-display":"","ast-hfb-mobile-header-display":"","site-post-title":"","ast-breadcrumbs-content":"","ast-featured-img":"","footer-sml-layout":"","ast-disable-related-posts":"","theme-transparent-header-meta":"","adv-header-id-meta":"","stick-header-meta":"","header-above-stick-meta":"","header-main-stick-meta":"","header-below-stick-meta":"","astra-migrate-meta-layouts":"default","ast-page-background-enabled":"default","ast-page-background-meta":{"desktop":{"background-color":"var(--ast-global-color-4)","background-image":"","background-repeat":"repeat","background-position":"center center","background-size":"auto","background-attachment":"scroll","background-type":"","background-media":"","overlay-type":"","overlay-color":"","overlay-opacity":"","overlay-gradient":""},"tablet":{"background-color":"","background-image":"","background-repeat":"repeat","background-position":"center center","background-size":"auto","background-attachment":"scroll","background-type":"","background-media":"","overlay-type":"","overlay-color":"","overlay-opacity":"","overlay-gradient":""},"mobile":{"background-color":"","background-image":"","background-repeat":"repeat","background-position":"center center","background-size":"auto","background-attachment":"scroll","background-type":"","background-media":"","overlay-type":"","overlay-color":"","overlay-opacity":"","overlay-gradient":""}},"ast-content-background-meta":{"desktop":{"background-color":"var(--ast-global-color-5)","background-image":"","background-repeat":"repeat","background-position":"center center","background-size":"auto","background-attachment":"scroll","background-type":"","background-media":"","overlay-type":"","overlay-color":"","overlay-opacity":"","overlay-gradient":""},"tablet":{"background-color":"var(--ast-global-color-5)","background-image":"","background-repeat":"repeat","background-position":"center center","background-size":"auto","background-attachment":"scroll","background-type":"","background-media":"","overlay-type":"","overlay-color":"","overlay-opacity":"","overlay-gradient":""},"mobile":{"background-color":"var(--ast-global-color-5)","background-image":"","background-repeat":"repeat","background-position":"center center","background-size":"auto","background-attachment":"scroll","background-type":"","background-media":"","overlay-type":"","overlay-color":"","overlay-opacity":"","overlay-gradient":""}},"footnotes":""},"class_list":["post-148577","page","type-page","status-publish","has-post-thumbnail","hentry"],"_links":{"self":[{"href":"https:\/\/medclinics.com\/de\/wp-json\/wp\/v2\/pages\/148577","targetHints":{"allow":["GET"]}}],"collection":[{"href":"https:\/\/medclinics.com\/de\/wp-json\/wp\/v2\/pages"}],"about":[{"href":"https:\/\/medclinics.com\/de\/wp-json\/wp\/v2\/types\/page"}],"author":[{"embeddable":true,"href":"https:\/\/medclinics.com\/de\/wp-json\/wp\/v2\/users\/4"}],"replies":[{"embeddable":true,"href":"https:\/\/medclinics.com\/de\/wp-json\/wp\/v2\/comments?post=148577"}],"version-history":[{"count":0,"href":"https:\/\/medclinics.com\/de\/wp-json\/wp\/v2\/pages\/148577\/revisions"}],"wp:featuredmedia":[{"embeddable":true,"href":"https:\/\/medclinics.com\/de\/wp-json\/wp\/v2\/media\/118293"}],"wp:attachment":[{"href":"https:\/\/medclinics.com\/de\/wp-json\/wp\/v2\/media?parent=148577"}],"curies":[{"name":"wp","href":"https:\/\/api.w.org\/{rel}","templated":true}]}}