{"id":148563,"date":"2023-11-21T11:28:31","date_gmt":"2023-11-21T08:28:31","guid":{"rendered":"https:\/\/medclinics.com\/asthetik-der-stimme\/"},"modified":"2024-10-23T15:40:47","modified_gmt":"2024-10-23T12:40:47","slug":"asthetik-der-stimme","status":"publish","type":"page","link":"https:\/\/medclinics.com\/de\/asthetik-der-stimme\/","title":{"rendered":"\u00c4sthetik der Stimme"},"content":{"rendered":"\n<h2 class=\"wp-block-heading\" id=\"voice-aesthetics-can-ensure-a-persons-voice-matches-their-gender-age-and-appearance\">Die Stimm\u00e4sthetik kann daf\u00fcr sorgen, dass die Stimme einer Person ihrem Geschlecht, Alter und Aussehen entspricht.<\/h2>\n\n<p>Es handelt sich um eine Reihe von Verfahren, die von HNO-Experten (Hals-Nasen-Ohren) durchgef\u00fchrt werden. Die Verfahren bestimmen das Aussehen der Verdickung und Ausd\u00fcnnung der Stimme.<\/p>\n\n<div class=\"wp-block-rank-math-toc-block\" id=\"rank-math-toc\"><h2>Inhaltsverzeichnis<\/h2><nav><ul><li><a href=\"#voice-aesthetics-can-ensure-a-persons-voice-matches-their-gender-age-and-appearance\">Die Stimm\u00e4sthetik kann daf\u00fcr sorgen, dass die Stimme einer Person ihrem Geschlecht, Alter und Aussehen entspricht.<\/a><\/li><li><a href=\"#so-what-is\">Was ist also<\/a><\/li><li><a href=\"#types-and-methods\">Arten und Methoden<\/a><\/li><li><a href=\"#treatment-plan\">Behandlungsplan<\/a><\/li><li><a href=\"#aftercare\">Nachsorge<\/a><\/li><li><a href=\"#voice-aesthetic-costs-by-country\">Kosten der Stimm\u00e4sthetik nach L\u00e4ndern<\/a><\/li><li><a href=\"#faq\">FAQ<\/a><\/li><li><a href=\"#history\">Geschichte<\/a><\/li><\/ul><\/nav><\/div>\n\n<h2 class=\"wp-block-heading\" id=\"so-what-is\">Was ist also<\/h2>\n\n<ul class=\"wp-block-list\">\n<li>Die \u00c4sthetik der Stimme wird immer beliebter. Sie sind bei Menschen beliebt, die ihre Stimme an ihr Geschlecht, ihr Alter und ihr Aussehen anpassen wollen. Menschen mit einer unpassenden Stimme k\u00f6nnen Schwierigkeiten haben, mit der Gesellschaft zu kommunizieren. Die Stimm\u00e4sthetik kann eine L\u00f6sung f\u00fcr diese Situationen sein.<\/li>\n<\/ul>\n\n<figure class=\"wp-block-image size-full\"><img fetchpriority=\"high\" decoding=\"async\" width=\"960\" height=\"550\" src=\"https:\/\/medclinics.com\/wp-content\/uploads\/2023\/11\/voice-aesthetics-in-turkey.jpg\" alt=\"Stimm&#xE4;sthetik in der T&#xFC;rkei\" class=\"wp-image-118210\" srcset=\"https:\/\/medclinics.com\/wp-content\/uploads\/2023\/11\/voice-aesthetics-in-turkey.jpg 960w, https:\/\/medclinics.com\/wp-content\/uploads\/2023\/11\/voice-aesthetics-in-turkey-500x286.jpg 500w, https:\/\/medclinics.com\/wp-content\/uploads\/2023\/11\/voice-aesthetics-in-turkey-768x440.jpg 768w, https:\/\/medclinics.com\/wp-content\/uploads\/2023\/11\/voice-aesthetics-in-turkey-24x14.jpg 24w, https:\/\/medclinics.com\/wp-content\/uploads\/2023\/11\/voice-aesthetics-in-turkey-36x21.jpg 36w, https:\/\/medclinics.com\/wp-content\/uploads\/2023\/11\/voice-aesthetics-in-turkey-48x28.jpg 48w\" sizes=\"(max-width: 960px) 100vw, 960px\" \/><\/figure>\n\n<h2 class=\"wp-block-heading\" id=\"types-and-methods\">Arten und Methoden<\/h2>\n\n<p>Stimm\u00e4sthetische Operationen k\u00f6nnen die Stimme verdichten oder vertiefen. Diese Methoden sind Feminisierung und Vertiefung. Sie werden in der Regel unter lokaler An\u00e4sthesie durchgef\u00fchrt. Sie regulieren den Ton der Stimme, indem sie in die Stimmb\u00e4nder eingreifen. Sie kann auch andere Methoden wie Stimmtherapie und Stimmoperationen umfassen.<\/p>\n\n<p><strong>Feminisierung der Stimme:<\/strong> Es handelt sich um eine Behandlungsmethode, die zur Korrektur des Stimmtons eingesetzt wird. Die Dicke oder D\u00fcnnheit des Klangs h\u00e4ngt von der Grundfrequenz des Stimmbandes ab. Bei der chirurgischen Feminisierung der Stimme werden die Stimmb\u00e4nder verk\u00fcrzt, ausged\u00fcnnt und gestrafft. So k\u00f6nnen Sie die gew\u00fcnschte Stimmlage erreichen.<\/p>\n\n<p><strong>Vertiefung der Stimme<\/strong>: Diese Operation wird in der Regel bei M\u00e4nnern durchgef\u00fchrt. Sie zielt darauf ab, ihre Stimme auf eine Dicke zu bringen, die ihrer k\u00f6rperlichen Struktur entspricht. Die Bedienung gibt Ihnen einen angemessenen Sprachton vor. Dies ist eine dickere Stimme. Es ist f\u00fcr Menschen mit d\u00fcnnen Stimmb\u00e4ndern geeignet.<\/p>\n\n<figure class=\"wp-block-image size-full\"><img decoding=\"async\" width=\"960\" height=\"550\" src=\"https:\/\/medclinics.com\/wp-content\/uploads\/2023\/11\/voice-aesthetics-for-men.jpg\" alt=\"Stimm&#xE4;sthetik f&#xFC;r M&#xE4;nner\" class=\"wp-image-118229\" srcset=\"https:\/\/medclinics.com\/wp-content\/uploads\/2023\/11\/voice-aesthetics-for-men.jpg 960w, https:\/\/medclinics.com\/wp-content\/uploads\/2023\/11\/voice-aesthetics-for-men-500x286.jpg 500w, https:\/\/medclinics.com\/wp-content\/uploads\/2023\/11\/voice-aesthetics-for-men-768x440.jpg 768w, https:\/\/medclinics.com\/wp-content\/uploads\/2023\/11\/voice-aesthetics-for-men-24x14.jpg 24w, https:\/\/medclinics.com\/wp-content\/uploads\/2023\/11\/voice-aesthetics-for-men-36x21.jpg 36w, https:\/\/medclinics.com\/wp-content\/uploads\/2023\/11\/voice-aesthetics-for-men-48x28.jpg 48w\" sizes=\"(max-width: 960px) 100vw, 960px\" \/><\/figure>\n\n<h2 class=\"wp-block-heading\" id=\"treatment-plan\">Behandlungsplan<\/h2>\n\n<p><strong>Untersuchung und Laryngostroboskopie:<\/strong><\/p>\n\n<ul class=\"wp-block-list\">\n<li>Der Facharzt untersucht mit der<a href=\"https:\/\/en.wikipedia.org\/wiki\/Laryngoscopy\" rel=\"nofollow noopener\" data-type=\"link\" data-id=\"https:\/\/en.wikipedia.org\/wiki\/Laryngoscopy\" target=\"_blank\"> Laryngoskopie-Methode<\/a> die Stimmb\u00e4nder des Patienten.<\/li>\n\n\n\n<li>In diesem Stadium werden die Stimmb\u00e4nder der Person visualisiert und eventuelle Begleitpathologien festgestellt.<\/li>\n<\/ul>\n\n<p><strong>Sprachanalyse und Probenaufnahme:<\/strong><\/p>\n\n<ul class=\"wp-block-list\">\n<li>Dem Patienten wird eine Stimmprobe entnommen.<\/li>\n\n\n\n<li>Vor der Operation wird eine Stimmanalyse durchgef\u00fchrt und die am besten geeignete Frequenz bestimmt.<\/li>\n<\/ul>\n\n<p><strong>Sitzungen mit der Logop\u00e4din:<\/strong><\/p>\n\n<ul class=\"wp-block-list\">\n<li>Die Sprachtherapeuten vereinbaren dann Treffen. Sie erkl\u00e4ren die postoperative Stimmpflege und den Umgang mit der Stimme.<\/li>\n<\/ul>\n\n<p>Die Vorbereitungen werden auf der Grundlage der Stimmanalyse getroffen. Hier sind Sie bereit f\u00fcr die Operation.<\/p>\n\n<p><strong>Chirurgie:<\/strong><\/p>\n\n<ul class=\"wp-block-list\">\n<li>Mit Hilfe einer endoskopischen Technik wird die \u00e4sthetische Stimmoperation durch einen kleinen Schnitt im Hals oder durch den Mund durchgef\u00fchrt. Eine geeignete Technik wird ausgew\u00e4hlt. So erreicht der Arzt die Stimmb\u00e4nder.<\/li>\n\n\n\n<li>Spannung, L\u00e4nge und Masse der Stimmb\u00e4nder werden wie beim Stimmen eines Instruments eingestellt. Auf diese Weise k\u00f6nnen Sie die gew\u00fcnschte Verdickung, Verd\u00fcnnung und Klanganpassung des Tons erreichen.<\/li>\n<\/ul>\n\n<p><strong>Jetzt ist Ihre Behandlung abgeschlossen. Sie k\u00f6nnen Ihre neue Stimme genie\u00dfen.<\/strong><\/p>\n\n<h3 class=\"wp-block-heading\" id=\"dental-implants-for\">Stimm\u00e4sthetik f\u00fcr:<\/h3>\n\n<ul class=\"wp-block-list\">\n<li>Diejenigen, die ihre Stimme verd\u00fcnnen wollen<\/li>\n\n\n\n<li>Diejenigen, die ihre Stimme verst\u00e4rken wollen<\/li>\n\n\n\n<li>Frauen mit einer relativ kr\u00e4ftigen Stimme<\/li>\n\n\n\n<li>M\u00e4nner, deren Stimme d\u00fcnner als normal ist<\/li>\n\n\n\n<li>Personen, deren Stimme und K\u00f6rperbau aufgrund hormoneller Ver\u00e4nderungen nicht miteinander vereinbar sind<\/li>\n\n\n\n<li>Personen mit verschiedenen Problemen mit den Stimmb\u00e4ndern<\/li>\n\n\n\n<li>Diejenigen, die eine Geschlechtsumwandlung bevorzugen<\/li>\n<\/ul>\n\n<h3 class=\"wp-block-heading\" id=\"dental-implants-recovery-timeline\">Zeitplan f\u00fcr die Wiederherstellung der Stimm\u00e4sthetik:<\/h3>\n\n<ul class=\"wp-block-list\">\n<li>Nach der Voice-Deeping-Operation kann die Stimme sofort eingesetzt werden.<\/li>\n\n\n\n<li>Bei der Feminisierung der Stimme wird eine Stimmpause von 1 Woche empfohlen.<\/li>\n\n\n\n<li>In der Anfangsphase kann es zu Heiserkeit und Ver\u00e4nderungen der Stimme kommen.<\/li>\n\n\n\n<li>In der postoperativen Erholungsphase sollten Sie auf den Gebrauch der Stimme, die Stimmhygiene und die Ern\u00e4hrung achten.<\/li>\n<\/ul>\n\n<h3 class=\"wp-block-heading\" id=\"possible-risks-for-dental-implants\">M\u00f6gliche Risiken f\u00fcr die Stimm\u00e4sthetik:<\/h3>\n\n<ul class=\"wp-block-list\">\n<li>Bei stimm\u00e4sthetischen Operationen kommt es zu <strong>keinem Stimmverlust<\/strong>, wenn sie in Kliniken von Fach\u00e4rzten durchgef\u00fchrt werden.<\/li>\n\n\n\n<li>W\u00e4hrend des Heilungsprozesses kann Heiserkeit auftreten. Sie entsteht durch ein \u00d6dem in den Stimmb\u00e4ndern. Und sie ist nicht von Dauer.<\/li>\n<\/ul>\n\n<h2 class=\"wp-block-heading\" id=\"aftercare\">Nachsorge<\/h2>\n\n<h3 class=\"wp-block-heading\" id=\"of-course-we-will-also-take-care-of-you-after-your-treatment\">Nat\u00fcrlich k\u00fcmmern wir uns auch nach der Behandlung um Sie!<\/h3>\n\n<p>Unsere medizinischen Berater werden sich 1 Jahr lang nach der Operation um Sie k\u00fcmmern.<br\/>Wenn Sie Hilfe ben\u00f6tigen oder Fragen haben, k\u00f6nnen Sie <a href=\"https:\/\/medclinics.com\/de\/\">MedClinics<\/a> 24\/7 kontaktieren.<\/p>\n\n<figure class=\"wp-block-image size-full is-resized\"><img decoding=\"async\" width=\"960\" height=\"550\" src=\"https:\/\/medclinics.com\/wp-content\/uploads\/2023\/11\/voice-aesthetics.jpg\" alt=\"&#xC4;sthetik der Stimme\" class=\"wp-image-118221\" style=\"width:960px;height:550px\" srcset=\"https:\/\/medclinics.com\/wp-content\/uploads\/2023\/11\/voice-aesthetics.jpg 960w, https:\/\/medclinics.com\/wp-content\/uploads\/2023\/11\/voice-aesthetics-500x286.jpg 500w, https:\/\/medclinics.com\/wp-content\/uploads\/2023\/11\/voice-aesthetics-768x440.jpg 768w, https:\/\/medclinics.com\/wp-content\/uploads\/2023\/11\/voice-aesthetics-24x14.jpg 24w, https:\/\/medclinics.com\/wp-content\/uploads\/2023\/11\/voice-aesthetics-36x21.jpg 36w, https:\/\/medclinics.com\/wp-content\/uploads\/2023\/11\/voice-aesthetics-48x28.jpg 48w\" sizes=\"(max-width: 960px) 100vw, 960px\" \/><\/figure>\n\n<h2 class=\"wp-block-heading\" id=\"voice-aesthetic-costs-by-country\">Kosten der Stimm\u00e4sthetik nach L\u00e4ndern<\/h2>\n\n<p>Die Kosten f\u00fcr die Stimm\u00e4sthetik h\u00e4ngen von genetischen Merkmalen, dem Alter, der Stimmbandstruktur, dem Zustand der Stimmb\u00e4nder, der Methode der Stimmband\u00e4sthetik und der Erfahrung des Arztes ab.<br\/>Die unten aufgef\u00fchrten Preise sollen Ihnen eine ungef\u00e4hre Vorstellung vermitteln und sind kein endg\u00fcltiges Angebot. Ihr MedClinics-Berater informiert Sie gerne \u00fcber die Einzelheiten.<\/p>\n\n<figure class=\"wp-block-table\"><table><tbody><tr><td>Land<\/td><td>Preis<\/td><td>Bewertung<\/td><\/tr><tr><td>T\u00fcrkei<\/td><td>~ 5.000 \u20ac  <\/td><td>\u2605\u2605\u2605\u2605\u2605 \u00a0 \u00a0<\/td><\/tr><tr><td>Polen<\/td><td>~ 4.400 \u20ac  <\/td><td>\u2605\u2605<\/td><\/tr><tr><td>UK<\/td><td>~ 7.500 \u20ac  <\/td><td>\u2605\u2605\u2605<\/td><\/tr><tr><td>Deutschland<\/td><td>~ 8.000 \u20ac<\/td><td>\u2605\u2605\u2605<\/td><\/tr><\/tbody><\/table><\/figure>\n\n<h2 class=\"wp-block-heading\" id=\"faq\">FAQ<\/h2>\n<div id=\"rank-math-faq\" class=\"rank-math-block\">\n<div class=\"rank-math-list \">\n<div id=\"faq-question-1682598236692\" class=\"rank-math-list-item\">\n<h3 class=\"rank-math-question \">Was sind die Vorteile einer stimm\u00e4sthetischen Operation?<\/h3>\n<div class=\"rank-math-answer \">\n\n<p>Die stimm\u00e4sthetische Chirurgie zielt darauf ab, die Funktion und das Aussehen der Stimme zu verbessern. Zu den Vorteilen geh\u00f6ren eine Verbesserung des Stimmklangs, der Tonh\u00f6he und der allgemeinen Stimmqualit\u00e4t.<\/p>\n\n<\/div>\n<\/div>\n<div id=\"faq-question-1684406211747\" class=\"rank-math-list-item\">\n<h3 class=\"rank-math-question \">Ist es sicher, sich in der T\u00fcrkei einer stimm\u00e4sthetischen Operation zu unterziehen?<\/h3>\n<div class=\"rank-math-answer \">\n\n<p>\u00c4sthetische Stimmoperationen in der T\u00fcrkei sind im Allgemeinen sicher, wenn sie von erfahrenen und qualifizierten \u00c4rzten durchgef\u00fchrt werden, die auf dem Gebiet der Hals-, Nasen- und Ohrenheilkunde spezialisiert sind. Als MedClinics sind wir hier, um Ihnen bei der Auswahl der besten Kliniken in T\u00fcrkiye zu helfen.<\/p>\n\n<\/div>\n<\/div>\n<div id=\"faq-question-1684406215345\" class=\"rank-math-list-item\">\n<h3 class=\"rank-math-question \">Wie wird eine stimm\u00e4sthetische Operation durchgef\u00fchrt?<\/h3>\n<div class=\"rank-math-answer \">\n\n<p>Bei dem Verfahren werden Spannung, L\u00e4nge und Masse der Stimmb\u00e4nder angepasst, um die gew\u00fcnschte Verdickung, Verj\u00fcngung oder den gew\u00fcnschten Klang der Stimme zu erreichen. Die konkrete Methode h\u00e4ngt von individuellen Faktoren ab.<\/p>\n\n<\/div>\n<\/div>\n<div id=\"faq-question-1684406216613\" class=\"rank-math-list-item\">\n<h3 class=\"rank-math-question \">Wie verl\u00e4uft der Erholungsprozess nach einer stimm\u00e4sthetischen Operation?<\/h3>\n<div class=\"rank-math-answer \">\n\n<p>Der Genesungsprozess ist unterschiedlich, aber die Patienten m\u00fcssen sich auf eine Phase der Ruhe und der Sprachpflege einstellen. Eventuell werden Folgetermine mit dem Chirurgen und dem Logop\u00e4den empfohlen.<\/p>\n\n<\/div>\n<\/div>\n<div id=\"faq-question-1684406218161\" class=\"rank-math-list-item\">\n<h3 class=\"rank-math-question \">Wie lange halten die Ergebnisse einer stimm\u00e4sthetischen Operation an?<\/h3>\n<div class=\"rank-math-answer \">\n\n<p>Sie h\u00e4ngt von Faktoren des Lebensstils, der individuellen Heilung und der Nachsorge ab.<\/p>\n\n<\/div>\n<\/div>\n<div id=\"faq-question-1684406219322\" class=\"rank-math-list-item\">\n<h3 class=\"rank-math-question \">Wie viel kostet eine stimm\u00e4sthetische Operation in der T\u00fcrkei im Vergleich zu anderen L\u00e4ndern?<\/h3>\n<div class=\"rank-math-answer \">\n\n<p>Die Kosten f\u00fcr die \u00e4sthetische Chirurgie in der T\u00fcrkei liegen im Allgemeinen bei 250 \u20ac und damit deutlich niedriger als in Westeuropa oder den Vereinigten Staaten. Das h\u00e4ngt nat\u00fcrlich von der Art des Eingriffs, der Erfahrung des Chirurgen und dem Ruf der Klinik ab.<\/p>\n\n<\/div>\n<\/div>\n<div id=\"faq-question-1684406222432\" class=\"rank-math-list-item\">\n<h3 class=\"rank-math-question \">Wie hoch sind die Erfolgsquoten bei stimm\u00e4sthetischen Operationen in der T\u00fcrkei?<\/h3>\n<div class=\"rank-math-answer \">\n\n<p>Die Erfolgsquote der \u00e4sthetischen Stimmoperationen liegt in der T\u00fcrkei zwischen 88 % und 93 %.  <\/p>\n\n<\/div>\n<\/div>\n<div id=\"faq-question-1684406223362\" class=\"rank-math-list-item\">\n<h3 class=\"rank-math-question \">Wie kann ich einen seri\u00f6sen und erfahrenen Stimmprofessor in der T\u00fcrkei finden?<\/h3>\n<div class=\"rank-math-answer \">\n\n<p>Als MedClinics sind wir hier, um Ihnen bei der Suche nach den am besten geeigneten Kliniken und Chirurgen f\u00fcr Stimm\u00e4sthetik in der T\u00fcrkei zu helfen. Sie k\u00f6nnen uns 24\/7 erreichen. <\/p>\n\n<\/div>\n<\/div>\n<div id=\"faq-question-1684406224360\" class=\"rank-math-list-item\">\n<h3 class=\"rank-math-question \">Welche Faktoren k\u00f6nnen die Langlebigkeit der Ergebnisse der \u00e4sthetischen Stimmchirurgie beeinflussen?<\/h3>\n<div class=\"rank-math-answer \">\n\n<p>Faktoren wie die Einhaltung der postoperativen Pflege, der Lebensstil und die spezifischen Techniken, die w\u00e4hrend des Eingriffs eingesetzt werden, beeinflussen die Langlebigkeit.<\/p>\n\n<\/div>\n<\/div>\n<div id=\"faq-question-1684406227634\" class=\"rank-math-list-item\">\n<h3 class=\"rank-math-question \">Wann kann ich nach einer stimm\u00e4sthetischen Operation wieder meinen normalen T\u00e4tigkeiten nachgehen?<\/h3>\n<div class=\"rank-math-answer \">\n\n<p>Die Erholungszeit nach einer \u00e4sthetischen Stimmoperation ist unterschiedlich lang. Sie k\u00f6nnen jedoch davon ausgehen, dass Sie innerhalb von ein oder zwei Wochen zu Ihren normalen Aktivit\u00e4ten zur\u00fcckkehren k\u00f6nnen.<\/p>\n\n<\/div>\n<\/div>\n<\/div>\n<\/div>\n<h2 class=\"wp-block-heading\" id=\"history\">Geschichte<\/h2>\n\n<p>Die \u00c4sthetik der Stimme, die von kulturellen Ver\u00e4nderungen gepr\u00e4gt ist, hat ihre Wurzeln im antiken Griechenland und Rom, wo die Bedeutung einer angenehmen Stimme betont wurde.<\/p>\n\n<p>W\u00e4hrend des gesamten Mittelalters bis zur Renaissance besch\u00e4ftigten sich die Wissenschaftler mit dem vokalen Ausdruck. Die Aufnahmetechnik des sp\u00e4ten 19. Jahrhunderts erm\u00f6glichte die Konservierung und Analyse von T\u00f6nen.<\/p>\n\n<p>Heute geht die Stimm\u00e4sthetik \u00fcber die Kunst hinaus, wobei die Schnittstelle zwischen Medizin und Technologie zu Verfahren f\u00fchrt, die sowohl die Stimmfunktion als auch die \u00c4sthetik verbessern. Moderne Behandlungen befassen sich nicht nur mit funktionellen Problemen, sondern zielen auch darauf ab, den Klang der Stimme zu verbessern.<\/p>\n","protected":false},"excerpt":{"rendered":"<p>Die Stimm\u00e4sthetik kann daf\u00fcr sorgen, dass die Stimme einer Person ihrem Geschlecht, Alter und Aussehen entspricht. Es handelt sich um [&hellip;]<\/p>\n","protected":false},"author":4,"featured_media":118244,"parent":0,"menu_order":0,"comment_status":"closed","ping_status":"closed","template":"","meta":{"site-sidebar-layout":"default","site-content-layout":"","ast-site-content-layout":"default","site-content-style":"default","site-sidebar-style":"default","ast-global-header-display":"","ast-banner-title-visibility":"","ast-main-header-display":"","ast-hfb-above-header-display":"","ast-hfb-below-header-display":"","ast-hfb-mobile-header-display":"","site-post-title":"","ast-breadcrumbs-content":"","ast-featured-img":"","footer-sml-layout":"","ast-disable-related-posts":"","theme-transparent-header-meta":"","adv-header-id-meta":"","stick-header-meta":"","header-above-stick-meta":"","header-main-stick-meta":"","header-below-stick-meta":"","astra-migrate-meta-layouts":"default","ast-page-background-enabled":"default","ast-page-background-meta":{"desktop":{"background-color":"var(--ast-global-color-4)","background-image":"","background-repeat":"repeat","background-position":"center center","background-size":"auto","background-attachment":"scroll","background-type":"","background-media":"","overlay-type":"","overlay-color":"","overlay-opacity":"","overlay-gradient":""},"tablet":{"background-color":"","background-image":"","background-repeat":"repeat","background-position":"center center","background-size":"auto","background-attachment":"scroll","background-type":"","background-media":"","overlay-type":"","overlay-color":"","overlay-opacity":"","overlay-gradient":""},"mobile":{"background-color":"","background-image":"","background-repeat":"repeat","background-position":"center center","background-size":"auto","background-attachment":"scroll","background-type":"","background-media":"","overlay-type":"","overlay-color":"","overlay-opacity":"","overlay-gradient":""}},"ast-content-background-meta":{"desktop":{"background-color":"var(--ast-global-color-5)","background-image":"","background-repeat":"repeat","background-position":"center center","background-size":"auto","background-attachment":"scroll","background-type":"","background-media":"","overlay-type":"","overlay-color":"","overlay-opacity":"","overlay-gradient":""},"tablet":{"background-color":"var(--ast-global-color-5)","background-image":"","background-repeat":"repeat","background-position":"center center","background-size":"auto","background-attachment":"scroll","background-type":"","background-media":"","overlay-type":"","overlay-color":"","overlay-opacity":"","overlay-gradient":""},"mobile":{"background-color":"var(--ast-global-color-5)","background-image":"","background-repeat":"repeat","background-position":"center center","background-size":"auto","background-attachment":"scroll","background-type":"","background-media":"","overlay-type":"","overlay-color":"","overlay-opacity":"","overlay-gradient":""}},"footnotes":""},"class_list":["post-148563","page","type-page","status-publish","has-post-thumbnail","hentry"],"_links":{"self":[{"href":"https:\/\/medclinics.com\/de\/wp-json\/wp\/v2\/pages\/148563","targetHints":{"allow":["GET"]}}],"collection":[{"href":"https:\/\/medclinics.com\/de\/wp-json\/wp\/v2\/pages"}],"about":[{"href":"https:\/\/medclinics.com\/de\/wp-json\/wp\/v2\/types\/page"}],"author":[{"embeddable":true,"href":"https:\/\/medclinics.com\/de\/wp-json\/wp\/v2\/users\/4"}],"replies":[{"embeddable":true,"href":"https:\/\/medclinics.com\/de\/wp-json\/wp\/v2\/comments?post=148563"}],"version-history":[{"count":0,"href":"https:\/\/medclinics.com\/de\/wp-json\/wp\/v2\/pages\/148563\/revisions"}],"wp:featuredmedia":[{"embeddable":true,"href":"https:\/\/medclinics.com\/de\/wp-json\/wp\/v2\/media\/118244"}],"wp:attachment":[{"href":"https:\/\/medclinics.com\/de\/wp-json\/wp\/v2\/media?parent=148563"}],"curies":[{"name":"wp","href":"https:\/\/api.w.org\/{rel}","templated":true}]}}