{"id":148507,"date":"2023-11-20T08:55:37","date_gmt":"2023-11-20T05:55:37","guid":{"rendered":"https:\/\/medclinics.com\/pflegeheim-altenpflege\/"},"modified":"2025-01-24T21:33:13","modified_gmt":"2025-01-24T18:33:13","slug":"pflegeheim-altenpflege","status":"publish","type":"page","link":"https:\/\/medclinics.com\/de\/pflegeheim-altenpflege\/","title":{"rendered":"Pflegeheim | Altenpflege"},"content":{"rendered":"\n<h2 class=\"wp-block-heading\" id=\"if-youre-looking-for-an-affordable-nursing-home-turkey-has-many-options-that-provide-high-quality-care-without-breaking-the-bank\">Wenn Sie auf der Suche nach einem erschwinglichen Pflegeheim sind, gibt es in der T\u00fcrkei viele M\u00f6glichkeiten, die eine qualitativ hochwertige Pflege bieten, ohne das Budget zu sprengen. <\/h2>\n\n<p>Diese Heime konzentrieren sich auf das Wohlbefinden ihrer Bewohner und halten gleichzeitig die Kosten niedrig.<\/p>\n\n<h2 class=\"wp-block-heading\" id=\"most-popular-nursing-homes-for-elderly-care\">Beliebteste Pflegeheime f\u00fcr die Altenpflege<\/h2>\n\n<p class=\"has-vivid-red-color has-text-color has-link-color wp-elements-4a3290a6da58498cf1d1c81306ab1756\"><strong><em>Eden Residence Geriatric Care &amp; Wellness and Recreation Center:<\/em><\/strong><\/p>\n\n<div class=\"wp-block-columns is-layout-flex wp-container-core-columns-is-layout-28f84493 wp-block-columns-is-layout-flex\">\n<div class=\"wp-block-column is-layout-flow wp-block-column-is-layout-flow\">\n<figure class=\"wp-block-image size-full\"><img fetchpriority=\"high\" decoding=\"async\" width=\"300\" height=\"300\" src=\"https:\/\/medclinics.com\/wp-content\/uploads\/2023\/11\/eden-rezidans-logo.jpg\" alt=\"\" class=\"wp-image-118047\" srcset=\"https:\/\/medclinics.com\/wp-content\/uploads\/2023\/11\/eden-rezidans-logo.jpg 300w, https:\/\/medclinics.com\/wp-content\/uploads\/2023\/11\/eden-rezidans-logo-24x24.jpg 24w, https:\/\/medclinics.com\/wp-content\/uploads\/2023\/11\/eden-rezidans-logo-36x36.jpg 36w, https:\/\/medclinics.com\/wp-content\/uploads\/2023\/11\/eden-rezidans-logo-48x48.jpg 48w\" sizes=\"(max-width: 300px) 100vw, 300px\" \/><\/figure>\n<\/div>\n\n\n\n<div class=\"wp-block-column is-vertically-aligned-center is-layout-flow wp-block-column-is-layout-flow\">\n<p><em>Die Eden Residence ist das komfortabelste und luxuri\u00f6seste Pflegeheim<strong> in Izmir, T\u00fcrkei<\/strong>. Es bietet fachkundige Betreuung und moderne Annehmlichkeiten, darunter eine 24\/7-Kamera\u00fcberwachung, ein Hallenbad, ein ger\u00e4umiges Restaurant, Terrassen mit Meer- und Naturblick, Gr\u00fcnfl\u00e4chen und verschiedene Einrichtungen. Es f\u00fchlt sich <strong>so warm an wie Ihre Familie<\/strong>. Sie k\u00f6nnen <a href=\"#requestform\" data-type=\"internal\" data-id=\"#requestform\">MedClinics<\/a> f\u00fcr Ihre Anfrage nach einem Pflegeheim in Izmir kontaktieren.<\/em><\/p>\n<\/div>\n<\/div>\n\n<div class=\"wp-block-rank-math-toc-block\" id=\"rank-math-toc\"><h2>Inhaltsverzeichnis<\/h2><nav><ul><li><a href=\"#most-popular-nursing-homes-for-elderly-care\">Beliebteste Pflegeheime f\u00fcr die Altenpflege<\/a><\/li><li><a href=\"#so-what-is\">Was ist also<\/a><\/li><li><a href=\"#types\">Typen<\/a><\/li><li><a href=\"#top-nursing-home-costs-by-country\">Top Pflegeheimkosten nach Land<\/a><\/li><li><a href=\"#gallery\">Galerie<\/a><\/li><li><a href=\"#faq\">FAQ<\/a><\/li><li><a href=\"#cities-and-countries-for-elderly-care\">St\u00e4dte und L\u00e4nder f\u00fcr die Altenpflege<\/a><\/li><\/ul><\/nav><\/div>\n\n<h2 class=\"wp-block-heading\" id=\"so-what-is\">Was ist also<\/h2>\n\n<ul class=\"wp-block-list\">\n<li>Ein Pflegeheim ist ein besonderer Ort, der eine 24-Stunden-Betreuung f\u00fcr Senioren bietet, die Hilfe bei den t\u00e4glichen Aktivit\u00e4ten ben\u00f6tigen oder komplexe medizinische Bed\u00fcrfnisse haben.  <\/li>\n\n\n\n<li>Diese Heime bieten Hilfe bei der pers\u00f6nlichen Pflege wie Baden, Anziehen und Essen sowie medizinische Leistungen wie Medikamentenverwaltung und Wundversorgung.<\/li>\n<\/ul>\n\n<figure class=\"wp-block-image size-full\"><img decoding=\"async\" width=\"960\" height=\"550\" src=\"https:\/\/medclinics.com\/wp-content\/uploads\/2023\/11\/nursing-home-in-turkey.jpg\" alt=\"Pflegeheim in der T&#xFC;rkei\" class=\"wp-image-117981\" srcset=\"https:\/\/medclinics.com\/wp-content\/uploads\/2023\/11\/nursing-home-in-turkey.jpg 960w, https:\/\/medclinics.com\/wp-content\/uploads\/2023\/11\/nursing-home-in-turkey-500x286.jpg 500w, https:\/\/medclinics.com\/wp-content\/uploads\/2023\/11\/nursing-home-in-turkey-768x440.jpg 768w, https:\/\/medclinics.com\/wp-content\/uploads\/2023\/11\/nursing-home-in-turkey-24x14.jpg 24w, https:\/\/medclinics.com\/wp-content\/uploads\/2023\/11\/nursing-home-in-turkey-36x21.jpg 36w, https:\/\/medclinics.com\/wp-content\/uploads\/2023\/11\/nursing-home-in-turkey-48x28.jpg 48w\" sizes=\"(max-width: 960px) 100vw, 960px\" \/><\/figure>\n\n<h2 class=\"wp-block-heading\" id=\"types\">Typen<\/h2>\n\n<p><strong>Pflegeheime f\u00fcr Alzheimer- und Demenzkranke<\/strong><\/p>\n\n<p>Wenn Ihr Angeh\u00f6riger an Alzheimer oder Demenz erkrankt ist, gibt es in der T\u00fcrkei Pflegeheime, die sich auf die Pflege bei diesen Erkrankungen spezialisiert haben. Diese Heime verf\u00fcgen \u00fcber Personal, das f\u00fcr die Unterst\u00fctzung und Betreuung von Menschen mit Alzheimer und Demenz geschult ist.<\/p>\n\n<p><strong>Pflegeheime f\u00fcr Hospizpflege<\/strong><\/p>\n\n<p>Wenn sich Ihr Angeh\u00f6riger dem Ende seines Lebens n\u00e4hert, gibt es in der T\u00fcrkiye Pflegeheime, die Hospizpflege anbieten. Diese Heime bieten eine einf\u00fchlsame Pflege am Lebensende in einer friedlichen und komfortablen Umgebung.<\/p>\n\n<p><strong>Pflegeheime f\u00fcr Post-Akut- und Rehabilitationspflege<\/strong><\/p>\n\n<p>Wenn sich Ihr Angeh\u00f6riger von einer Krankheit oder Verletzung erholt, bieten sie Post-Akut- und Rehabilitationspflege an. Diese Heime helfen den Menschen, ihre Kraft und Unabh\u00e4ngigkeit wiederzuerlangen, damit sie sicher nach Hause zur\u00fcckkehren k\u00f6nnen.<\/p>\n\n<h3 class=\"wp-block-heading\" id=\"the-best-way-to-choose-a-nursing-home-for-your-loved-one-is-to-consider-their-specific-needs-and-budget-turkiye-has-lots-of-nursing-homes-to-choose-from-so-you-can-find-one-that-is-a-good-fit-for-your-family\">Bei der Auswahl eines Pflegeheims f\u00fcr einen geliebten Menschen sollten Sie dessen spezifische Bed\u00fcrfnisse und sein Budget ber\u00fccksichtigen. In der T\u00fcrkei gibt es eine gro\u00dfe Auswahl an solchen H\u00e4usern, so dass Sie ein Haus finden k\u00f6nnen, das gut zu Ihrer Familie passt.<\/h3>\n\n<figure class=\"wp-block-image size-full\"><img decoding=\"async\" width=\"960\" height=\"550\" src=\"https:\/\/medclinics.com\/wp-content\/uploads\/2023\/11\/nursing-home-turkey.jpg\" alt=\"Pflegeheim T&#xFC;rkei\" class=\"wp-image-117988\" srcset=\"https:\/\/medclinics.com\/wp-content\/uploads\/2023\/11\/nursing-home-turkey.jpg 960w, https:\/\/medclinics.com\/wp-content\/uploads\/2023\/11\/nursing-home-turkey-500x286.jpg 500w, https:\/\/medclinics.com\/wp-content\/uploads\/2023\/11\/nursing-home-turkey-768x440.jpg 768w, https:\/\/medclinics.com\/wp-content\/uploads\/2023\/11\/nursing-home-turkey-24x14.jpg 24w, https:\/\/medclinics.com\/wp-content\/uploads\/2023\/11\/nursing-home-turkey-36x21.jpg 36w, https:\/\/medclinics.com\/wp-content\/uploads\/2023\/11\/nursing-home-turkey-48x28.jpg 48w\" sizes=\"(max-width: 960px) 100vw, 960px\" \/><\/figure>\n\n<h3 class=\"wp-block-heading\" id=\"nursing-home-for\">Altenpflegeeinrichtungen f\u00fcr:<\/h3>\n\n<ul class=\"wp-block-list\">\n<li>Senioren, die Hilfe bei t\u00e4glichen Aktivit\u00e4ten wie Baden, Anziehen und Essen ben\u00f6tigen<\/li>\n\n\n\n<li>Personen mit chronischen Gesundheitszust\u00e4nden wie Herzerkrankungen, Diabetes oder chronisch obstruktiver Lungenerkrankung (COPD)<\/li>\n\n\n\n<li>Menschen, die k\u00fcrzlich einen Schlaganfall oder eine andere neurologische Verletzung erlitten haben<\/li>\n\n\n\n<li>Personen mit der <a href=\"https:\/\/medclinics.com\/de\/stammzelltherapie-fur-die-alzheimer-krankheit-eine-hoffnungsvolle-neue-richtung\/\" data-type=\"page\" data-id=\"148817\">Alzheimer-Krankheit<\/a> oder anderen Formen der Demenz<\/li>\n\n\n\n<li>Menschen, die unheilbar krank sind und Hospizpflege ben\u00f6tigen<\/li>\n<\/ul>\n\n<p><strong>H\u00e4ufig angebotene Dienstleistungen f\u00fcr die Altenpflege:<\/strong><\/p>\n\n<ul class=\"wp-block-list\">\n<li>24\/7-Beaufsichtigung und Vor-Ort-Unterst\u00fctzung<\/li>\n\n\n\n<li>Medizinische Dienstleistungen vor Ort<\/li>\n\n\n\n<li>Unterst\u00fctzung bei Aktivit\u00e4ten des t\u00e4glichen Lebens<\/li>\n\n\n\n<li>Unterkunftsoptionen (Mehrbettzimmer oder Privatzimmer)<\/li>\n\n\n\n<li>Mahlzeitenservice, W\u00e4scherei und Haushaltsf\u00fchrung<\/li>\n\n\n\n<li>Soziale Aktivit\u00e4ten<\/li>\n\n\n\n<li>Seniorengerechte Bewegungsangebote<\/li>\n\n\n\n<li>Unterst\u00fctzung der Kommunikation<\/li>\n<\/ul>\n\n<h2 class=\"wp-block-heading\" id=\"top-nursing-home-costs-by-country\">Top Pflegeheimkosten nach Land<\/h2>\n\n<p>Die Kosten h\u00e4ngen von Ihrer Situation, Ihrem Standort und anderen Bed\u00fcrfnissen ab.  <\/p>\n\n<p>Die unten aufgef\u00fchrten Preise sollen Ihnen eine ungef\u00e4hre Vorstellung vermitteln und sind kein endg\u00fcltiges Angebot. Ihr MedClinics-Berater informiert Sie gerne \u00fcber die Einzelheiten.<\/p>\n\n<figure class=\"wp-block-table\"><table><thead><tr><th>Land <\/th><th>Preis  <\/th><th>Bewertung<\/th><\/tr><\/thead><tbody><tr><td>T\u00fcrkiye (T\u00fcrkei)<\/td><td>~ 1200\u20ac<\/td><td>\u2605\u2605\u2605\u2605\u2605<\/td><\/tr><tr><td>Litauen<\/td><td>~ 1500\u20ac<\/td><td>\u2605\u2605<\/td><\/tr><tr><td>Polen<\/td><td>~ 1800\u20ac<\/td><td>\u2605\u2605\u2605<\/td><\/tr><tr><td>USA<\/td><td>~ 5000\u20ac<\/td><td>\u2605\u2605\u2605\u2605<\/td><\/tr><tr><td>Deutschland<\/td><td>~ 3000\u20ac<\/td><td>\u2605\u2605<\/td><\/tr><\/tbody><\/table><\/figure>\n\n<h2 class=\"wp-block-heading\" id=\"gallery\">Galerie<\/h2>\n\n<figure class=\"wp-block-gallery has-nested-images columns-default is-cropped wp-block-gallery-1 is-layout-flex wp-block-gallery-is-layout-flex\">\n<figure class=\"wp-block-image size-large\"><img loading=\"lazy\" decoding=\"async\" width=\"280\" height=\"210\" data-id=\"133832\" src=\"https:\/\/medclinics.com\/wp-content\/uploads\/2024\/03\/soracamed-clinic-dental-treatment.jpg\" alt=\"eden-rezidans-in-izmir\" class=\"wp-image-133832\"\/><\/figure>\n\n\n\n<figure class=\"wp-block-image size-large\"><img decoding=\"async\" data-id=\"133839\" src=\"https:\/\/medclinics.com\/wp-content\/uploads\/2023\/12\/eden-rezidans-izmir.jpg\" alt=\"eden-rezidans-izmir\" class=\"wp-image-133839\"\/><\/figure>\n\n\n\n<figure class=\"wp-block-image size-large\"><img decoding=\"async\" data-id=\"133853\" src=\"https:\/\/medclinics.com\/wp-content\/uploads\/2023\/12\/nursing-home-in-izmir.jpg\" alt=\"pflegeheim-in-izmir\" class=\"wp-image-133853\"\/><\/figure>\n\n\n\n<figure class=\"wp-block-image size-large\"><img loading=\"lazy\" decoding=\"async\" width=\"280\" height=\"210\" data-id=\"133874\" src=\"https:\/\/medclinics.com\/wp-content\/uploads\/2024\/03\/soracamed-clinic-lobby-2.jpg\" alt=\"pflegeheim-in-t&#xFC;rkei-izmir\" class=\"wp-image-133874\"\/><\/figure>\n\n\n\n<figure class=\"wp-block-image size-large\"><img loading=\"lazy\" decoding=\"async\" width=\"1280\" height=\"853\" data-id=\"133888\" src=\"https:\/\/medclinics.com\/wp-content\/uploads\/2024\/03\/ukraine-flag-1.jpeg\" alt=\"pflegeheim-f&#xFC;r-&#xE4;ltere-t&#xFC;rkei\" class=\"wp-image-133888\" srcset=\"https:\/\/medclinics.com\/wp-content\/uploads\/2024\/03\/ukraine-flag-1.jpeg 1280w, https:\/\/medclinics.com\/wp-content\/uploads\/2024\/03\/ukraine-flag-1-300x200.jpeg 300w, https:\/\/medclinics.com\/wp-content\/uploads\/2024\/03\/ukraine-flag-1-1024x682.jpeg 1024w, https:\/\/medclinics.com\/wp-content\/uploads\/2024\/03\/ukraine-flag-1-768x512.jpeg 768w\" sizes=\"(max-width: 1280px) 100vw, 1280px\" \/><\/figure>\n\n\n\n<figure class=\"wp-block-image size-large\"><img loading=\"lazy\" decoding=\"async\" width=\"750\" height=\"500\" data-id=\"133902\" src=\"https:\/\/medclinics.com\/wp-content\/uploads\/2024\/03\/nursing-home-for-elderly-izmir-.jpg\" alt=\"pflegeheim-f&#xFC;r-&#xE4;ltere-izmir-\" class=\"wp-image-133902\" srcset=\"https:\/\/medclinics.com\/wp-content\/uploads\/2024\/03\/nursing-home-for-elderly-izmir-.jpg 750w, https:\/\/medclinics.com\/wp-content\/uploads\/2024\/03\/nursing-home-for-elderly-izmir--500x333.jpg 500w, https:\/\/medclinics.com\/wp-content\/uploads\/2024\/03\/nursing-home-for-elderly-izmir--24x16.jpg 24w, https:\/\/medclinics.com\/wp-content\/uploads\/2024\/03\/nursing-home-for-elderly-izmir--36x24.jpg 36w, https:\/\/medclinics.com\/wp-content\/uploads\/2024\/03\/nursing-home-for-elderly-izmir--48x32.jpg 48w\" sizes=\"(max-width: 750px) 100vw, 750px\" \/><\/figure>\n\n\n\n<figure class=\"wp-block-image size-large\"><img decoding=\"async\" data-id=\"133881\" src=\"https:\/\/medclinics.com\/wp-content\/uploads\/2023\/11\/nursing-home-in-turkey.jpg\" alt=\"pflegeheim-in-t&#xFC;rkei\" class=\"wp-image-133881\"\/><\/figure>\n\n\n\n<figure class=\"wp-block-image size-large\"><img loading=\"lazy\" decoding=\"async\" width=\"1200\" height=\"800\" data-id=\"133895\" src=\"https:\/\/medclinics.com\/wp-content\/uploads\/2024\/03\/netherlands-flag.jpg\" alt=\"pflegeheim zimmer izmir t&#xFC;rkei\" class=\"wp-image-133895\" srcset=\"https:\/\/medclinics.com\/wp-content\/uploads\/2024\/03\/netherlands-flag.jpg 1200w, https:\/\/medclinics.com\/wp-content\/uploads\/2024\/03\/netherlands-flag-300x200.jpg 300w, https:\/\/medclinics.com\/wp-content\/uploads\/2024\/03\/netherlands-flag-1024x683.jpg 1024w, https:\/\/medclinics.com\/wp-content\/uploads\/2024\/03\/netherlands-flag-768x512.jpg 768w\" sizes=\"(max-width: 1200px) 100vw, 1200px\" \/><\/figure>\n\n\n\n<figure class=\"wp-block-image size-large\"><img loading=\"lazy\" decoding=\"async\" width=\"280\" height=\"210\" data-id=\"133846\" src=\"https:\/\/medclinics.com\/wp-content\/uploads\/2024\/03\/soracamed-clinic-hair-transplant.jpg\" alt=\"pflegeheim-izmir-t&#xFC;rkei\" class=\"wp-image-133846\"\/><\/figure>\n\n\n\n<figure class=\"wp-block-image size-large\"><img decoding=\"async\" data-id=\"133860\" src=\"https:\/\/medclinics.com\/wp-content\/uploads\/2023\/12\/nursing-home-izmir.jpg\" alt=\"pflegeheim-izmir\" class=\"wp-image-133860\"\/><\/figure>\n\n\n\n<figure class=\"wp-block-image size-large\"><img loading=\"lazy\" decoding=\"async\" width=\"280\" height=\"210\" data-id=\"133867\" src=\"https:\/\/medclinics.com\/wp-content\/uploads\/2024\/03\/soracamed-clinic-lobby.jpg\" alt=\"eden-rezidans-in-izmir-t&#xFC;rkei\" class=\"wp-image-133867\"\/><\/figure>\n<\/figure>\n\n<h2 class=\"wp-block-heading\" id=\"faq\">FAQ<\/h2>\n<div id=\"rank-math-faq\" class=\"rank-math-block\">\n<div class=\"rank-math-list \">\n<div id=\"faq-question-1700467454354\" class=\"rank-math-list-item\">\n<h3 class=\"rank-math-question \">Wer braucht Pflege zu Hause?<\/h3>\n<div class=\"rank-math-answer \">\n\n<p>Sie sind f\u00fcr Menschen gedacht, die Hilfe bei den t\u00e4glichen Aktivit\u00e4ten, bei chronischen Erkrankungen, bei der Rehabilitation nach einer Krankheit oder Verletzung, bei der Alzheimer-Krankheit oder anderen Formen der Demenz sowie bei der Hospizpflege ben\u00f6tigen.<\/p>\n\n<\/div>\n<\/div>\n<div id=\"faq-question-1700467460374\" class=\"rank-math-list-item\">\n<h3 class=\"rank-math-question \">Wie hoch sind die Kosten f\u00fcr ein Pflegeheim?<\/h3>\n<div class=\"rank-math-answer \">\n\n<p>Das h\u00e4ngt von der jeweiligen Situation ab. Aber die T\u00fcrkei bietet Ihnen die erschwinglichsten und hochwertigsten Pflegeheimoptionen. So beginnen die Kosten f\u00fcr die Altenpflege in den USA bei 5000 \u20ac, w\u00e4hrend die Preise f\u00fcr die Altenpflege in der T\u00fcrkei bei 1200 \u20ac beginnen.<\/p>\n\n<\/div>\n<\/div>\n<div id=\"faq-question-1700467675709\" class=\"rank-math-list-item\">\n<h3 class=\"rank-math-question \">Wie kann ich ein Pflegeheim ausw\u00e4hlen?<\/h3>\n<div class=\"rank-math-answer \">\n\n<p>Ber\u00fccksichtigen Sie den Standort, die Gr\u00f6\u00dfe, die Art der Pflege, die Kosten, das Personal und die Pflege am Lebensende. Wenn diese alle f\u00fcr Sie geeignet sind, k\u00f6nnen Sie das Richtige w\u00e4hlen. Als <a href=\"\/\/medclinics.com\/u0022\">MedClinics<\/a> k\u00f6nnen wir Ihnen auch dabei helfen, das zuverl\u00e4ssigste und komfortabelste Pflegeheim in der T\u00fcrkei zu finden. Sie k\u00f6nnen uns 24\/7 erreichen.<\/p>\n\n<\/div>\n<\/div>\n<div id=\"faq-question-1700467761080\" class=\"rank-math-list-item\">\n<h3 class=\"rank-math-question \">Warum ist ein Pflegeheim wichtig?<\/h3>\n<div class=\"rank-math-answer \">\n\n<p>Es handelt sich um Wohneinrichtungen. Sie k\u00fcmmern sich um Menschen, die bei den t\u00e4glichen Aktivit\u00e4ten und bei chronischen Erkrankungen Hilfe ben\u00f6tigen. Au\u00dferdem bieten sie ein sicheres und unterst\u00fctzendes Umfeld f\u00fcr Senioren und Menschen mit Behinderungen.<\/p>\n\n<\/div>\n<\/div>\n<div id=\"faq-question-1700468972265\" class=\"rank-math-list-item\">\n<h3 class=\"rank-math-question \">Ist die T\u00fcrkei gut f\u00fcr die Altenpflege?<\/h3>\n<div class=\"rank-math-answer \">\n\n<p>Die T\u00fcrkiye ist ein guter Ort f\u00fcr die Altenpflege mit einem starken Sozialversicherungssystem und einer Vielzahl von Pflegeheimen. Diese Einrichtungen sind sauber, gut gewartet und mit qualifiziertem Personal ausgestattet. Sie bieten verschiedene Annehmlichkeiten und Aktivit\u00e4ten, die auf die Bed\u00fcrfnisse \u00e4lterer Menschen zugeschnitten sind. Die Altenpflege in der T\u00fcrkei ist im Vergleich zu vielen anderen entwickelten L\u00e4ndern relativ erschwinglich. Dies ist auf die Unterst\u00fctzung der Regierung f\u00fcr \u00e4ltere Menschen zur\u00fcckzuf\u00fchren. Die Verpflichtung der Regierung zur Qualit\u00e4tsverbesserung macht dies zu einer attraktiven Wahl f\u00fcr viele Menschen, die eine hochwertige Pflege f\u00fcr ihre \u00e4lteren Angeh\u00f6rigen suchen.<\/p>\n\n<\/div>\n<\/div>\n<div id=\"faq-question-1700479604936\" class=\"rank-math-list-item\">\n<h3 class=\"rank-math-question \">Welche Unterlagen sind f\u00fcr die Anmeldung erforderlich?<\/h3>\n<div class=\"rank-math-answer \">\n\n<p>Die wichtigsten Dokumente sind die Identit\u00e4t des Mitglieds und des Verwandten, der Antrag auf Verbleib des Mitglieds in der Einrichtung und der Gesundheitsbericht.<\/p>\n\n<\/div>\n<\/div>\n<div id=\"faq-question-1700479714140\" class=\"rank-math-list-item\">\n<h3 class=\"rank-math-question \">Was ist der Unterschied zwischen Alzheimer und Demenz?<\/h3>\n<div class=\"rank-math-answer \">\n\n<p>Demenz ist ein allgemeiner Begriff f\u00fcr Symptome wie Ged\u00e4chtnisverlust. Die Alzheimer-Krankheit ist eine spezielle Form der Demenz, die zu einem allm\u00e4hlichen R\u00fcckgang des Ged\u00e4chtnisses und der kognitiven F\u00e4higkeiten f\u00fchrt.<\/p>\n\n<\/div>\n<\/div>\n<\/div>\n<\/div>\n<h2 class=\"wp-block-heading\" id=\"cities-and-countries-for-elderly-care\">St\u00e4dte und L\u00e4nder f\u00fcr die Altenpflege<\/h2>\n\n<p><em>demn\u00e4chst &#8230;.  <\/em><\/p>\n","protected":false},"excerpt":{"rendered":"<p>Wenn Sie auf der Suche nach einem erschwinglichen Pflegeheim sind, gibt es in der T\u00fcrkei viele M\u00f6glichkeiten, die eine qualitativ [&hellip;]<\/p>\n","protected":false},"author":4,"featured_media":118003,"parent":0,"menu_order":0,"comment_status":"closed","ping_status":"closed","template":"","meta":{"site-sidebar-layout":"default","site-content-layout":"","ast-site-content-layout":"default","site-content-style":"default","site-sidebar-style":"default","ast-global-header-display":"","ast-banner-title-visibility":"","ast-main-header-display":"","ast-hfb-above-header-display":"","ast-hfb-below-header-display":"","ast-hfb-mobile-header-display":"","site-post-title":"","ast-breadcrumbs-content":"","ast-featured-img":"","footer-sml-layout":"","ast-disable-related-posts":"","theme-transparent-header-meta":"","adv-header-id-meta":"","stick-header-meta":"","header-above-stick-meta":"","header-main-stick-meta":"","header-below-stick-meta":"","astra-migrate-meta-layouts":"default","ast-page-background-enabled":"default","ast-page-background-meta":{"desktop":{"background-color":"var(--ast-global-color-4)","background-image":"","background-repeat":"repeat","background-position":"center center","background-size":"auto","background-attachment":"scroll","background-type":"","background-media":"","overlay-type":"","overlay-color":"","overlay-opacity":"","overlay-gradient":""},"tablet":{"background-color":"","background-image":"","background-repeat":"repeat","background-position":"center center","background-size":"auto","background-attachment":"scroll","background-type":"","background-media":"","overlay-type":"","overlay-color":"","overlay-opacity":"","overlay-gradient":""},"mobile":{"background-color":"","background-image":"","background-repeat":"repeat","background-position":"center center","background-size":"auto","background-attachment":"scroll","background-type":"","background-media":"","overlay-type":"","overlay-color":"","overlay-opacity":"","overlay-gradient":""}},"ast-content-background-meta":{"desktop":{"background-color":"var(--ast-global-color-5)","background-image":"","background-repeat":"repeat","background-position":"center center","background-size":"auto","background-attachment":"scroll","background-type":"","background-media":"","overlay-type":"","overlay-color":"","overlay-opacity":"","overlay-gradient":""},"tablet":{"background-color":"var(--ast-global-color-5)","background-image":"","background-repeat":"repeat","background-position":"center center","background-size":"auto","background-attachment":"scroll","background-type":"","background-media":"","overlay-type":"","overlay-color":"","overlay-opacity":"","overlay-gradient":""},"mobile":{"background-color":"var(--ast-global-color-5)","background-image":"","background-repeat":"repeat","background-position":"center center","background-size":"auto","background-attachment":"scroll","background-type":"","background-media":"","overlay-type":"","overlay-color":"","overlay-opacity":"","overlay-gradient":""}},"footnotes":""},"class_list":["post-148507","page","type-page","status-publish","has-post-thumbnail","hentry"],"_links":{"self":[{"href":"https:\/\/medclinics.com\/de\/wp-json\/wp\/v2\/pages\/148507","targetHints":{"allow":["GET"]}}],"collection":[{"href":"https:\/\/medclinics.com\/de\/wp-json\/wp\/v2\/pages"}],"about":[{"href":"https:\/\/medclinics.com\/de\/wp-json\/wp\/v2\/types\/page"}],"author":[{"embeddable":true,"href":"https:\/\/medclinics.com\/de\/wp-json\/wp\/v2\/users\/4"}],"replies":[{"embeddable":true,"href":"https:\/\/medclinics.com\/de\/wp-json\/wp\/v2\/comments?post=148507"}],"version-history":[{"count":0,"href":"https:\/\/medclinics.com\/de\/wp-json\/wp\/v2\/pages\/148507\/revisions"}],"wp:featuredmedia":[{"embeddable":true,"href":"https:\/\/medclinics.com\/de\/wp-json\/wp\/v2\/media\/118003"}],"wp:attachment":[{"href":"https:\/\/medclinics.com\/de\/wp-json\/wp\/v2\/media?parent=148507"}],"curies":[{"name":"wp","href":"https:\/\/api.w.org\/{rel}","templated":true}]}}