{"id":148493,"date":"2022-11-17T13:44:00","date_gmt":"2022-11-17T10:44:00","guid":{"rendered":"https:\/\/medclinics.com\/pflegeeinrichtungen\/"},"modified":"2025-01-24T21:34:24","modified_gmt":"2025-01-24T18:34:24","slug":"pflegeeinrichtungen","status":"publish","type":"page","link":"https:\/\/medclinics.com\/de\/pflegeeinrichtungen\/","title":{"rendered":"Pflegeeinrichtungen"},"content":{"rendered":"\n<h2 class=\"wp-block-heading\" style=\"font-size:24px\">Pflegeeinrichtungen, in denen man sich wie zu Hause f\u00fchlen kann, werden von Tag zu Tag beliebter.<\/h2>\n\n<div class=\"wp-block-columns is-layout-flex wp-container-core-columns-is-layout-28f84493 wp-block-columns-is-layout-flex\">\n<div class=\"wp-block-column is-layout-flow wp-block-column-is-layout-flow\">\n<figure class=\"wp-block-image size-full is-style-default\"><img fetchpriority=\"high\" decoding=\"async\" width=\"960\" height=\"540\" src=\"https:\/\/medclinics.com\/wp-content\/uploads\/2023\/11\/care-facilities.jpg\" alt=\"Pflegeeinrichtungen\" class=\"wp-image-117873\" srcset=\"https:\/\/medclinics.com\/wp-content\/uploads\/2023\/11\/care-facilities.jpg 960w, https:\/\/medclinics.com\/wp-content\/uploads\/2023\/11\/care-facilities-500x281.jpg 500w, https:\/\/medclinics.com\/wp-content\/uploads\/2023\/11\/care-facilities-768x432.jpg 768w, https:\/\/medclinics.com\/wp-content\/uploads\/2023\/11\/care-facilities-24x14.jpg 24w, https:\/\/medclinics.com\/wp-content\/uploads\/2023\/11\/care-facilities-36x20.jpg 36w, https:\/\/medclinics.com\/wp-content\/uploads\/2023\/11\/care-facilities-48x27.jpg 48w\" sizes=\"(max-width: 960px) 100vw, 960px\" \/><\/figure>\n<\/div>\n\n\n\n<div class=\"wp-block-column is-layout-flow wp-block-column-is-layout-flow\">\n<h3 class=\"wp-block-heading has-medium-font-size\">W\u00e4hlen Sie die richtige Pflegeeinrichtung f\u00fcr eine pers\u00f6nliche Betreuung und schaffen Sie einen Ort, an dem Ihr Wohlbefinden an erster Stelle steht.<\/h3>\n\n\n\n<p><strong>Es gibt verschiedene Arten von Pflegeeinrichtungen wie Pflegeheime, betreutes Wohnen, Rehabilitationszentren und Hospizdienste.<\/strong><\/p>\n<\/div>\n<\/div>\n\n<h3 class=\"wp-block-heading has-medium-font-size\">Entdecken Sie hochwertige Pflegeeinrichtungen: Pflegeheime, betreutes Wohnen, Rehabilitation und Hospizdienste in Ihrer N\u00e4he!!<\/h3>\n\n<p>Genie\u00dfen Sie den Komfort und die Pflege in erstklassigen Einrichtungen. <a href=\"https:\/\/medclinics.com\/de\/pflegeheim-altenpflege\/\">Pflegeheime<\/a> bieten eine warme und famili\u00e4re Umgebung. Die Bewohner erhalten pers\u00f6nliche medizinische Betreuung und Unterst\u00fctzung von unserem f\u00fcrsorglichen Personal. Das betreute Wohnen soll die Unabh\u00e4ngigkeit f\u00f6rdern. Sie bietet ein Gleichgewicht zwischen Unterst\u00fctzung und der Freiheit, das Leben zu genie\u00dfen.<\/p>\n\n<p>Au\u00dferdem legen die Rehabilitationszentren gro\u00dfen Wert auf Ihr Wohlbefinden. Sie bieten spezielle Programme an, um Ihnen zu helfen, Kraft und Mobilit\u00e4t wiederzuerlangen. In der Hospizbetreuung k\u00f6nnen Sie eine friedliche und unterst\u00fctzende Atmosph\u00e4re erleben. Sie gew\u00e4hrleistet W\u00fcrde und Komfort in schwierigen Zeiten. Sie sollten wissen, dass Pflegeeinrichtungen mehr als nur Dienstleistungen anbieten. Sie schaffen einen Lebensstil, bei dem Ihr Wohlbefinden im Mittelpunkt steht.<\/p>\n\n<h3 class=\"wp-block-heading has-medium-font-size\">Erleben Sie den Unterschied &#8211; entscheiden Sie sich f\u00fcr einen Lebensstil, der Ihre Gesundheit und Ihr Gl\u00fcck in den Vordergrund stellt.<\/h3>\n\n<p><strong>MedClinics bietet alle Pflegeeinrichtungen zu einem erschwinglichen Preis!<\/strong> <strong>Wir helfen Ihnen, die f\u00fcr Sie beste Gesundheitsversorgung zu finden. Mit MedClinics k\u00f6nnen Sie sich \u00fcber verschiedene L\u00e4nder, Kosten und \u00c4rzte informieren.<\/strong><\/p>\n\n<h2 class=\"wp-block-heading\" style=\"font-size:24px\">Kontaktieren Sie uns, Ihr pers\u00f6nlicher Berater wird Sie durch den Prozess f\u00fchren &amp; beraten!<\/h2>\n\n<p>Gemeinsam mit MedClinics finden Sie die beste Behandlung f\u00fcr Sie. Wir erl\u00e4utern Ihnen alle Einzelheiten und helfen Ihnen, die f\u00fcr Ihre Bed\u00fcrfnisse am besten geeignete Klinik zu finden.<\/p>\n\n<div class=\"wp-block-buttons is-layout-flex wp-block-buttons-is-layout-flex\">\n<div class=\"wp-block-button has-custom-width wp-block-button__width-100 has-custom-font-size is-style-fill has-medium-font-size\"><a class=\"wp-block-button__link has-white-color has-text-color has-background wp-element-button\" href=\"#requestform\" style=\"border-radius:8px;background-color:#225b75;padding-right:0;padding-left:0\" target=\"_blank\" rel=\"noopener\">Kostenlose Konsultation<\/a><\/div>\n<\/div>\n\n<p><\/p>\n","protected":false},"excerpt":{"rendered":"<p>Pflegeeinrichtungen, in denen man sich wie zu Hause f\u00fchlen kann, werden von Tag zu Tag beliebter. W\u00e4hlen Sie die richtige [&hellip;]<\/p>\n","protected":false},"author":4,"featured_media":117866,"parent":0,"menu_order":0,"comment_status":"closed","ping_status":"closed","template":"","meta":{"site-sidebar-layout":"default","site-content-layout":"","ast-site-content-layout":"default","site-content-style":"default","site-sidebar-style":"default","ast-global-header-display":"","ast-banner-title-visibility":"","ast-main-header-display":"","ast-hfb-above-header-display":"","ast-hfb-below-header-display":"","ast-hfb-mobile-header-display":"","site-post-title":"","ast-breadcrumbs-content":"","ast-featured-img":"","footer-sml-layout":"","ast-disable-related-posts":"","theme-transparent-header-meta":"","adv-header-id-meta":"","stick-header-meta":"","header-above-stick-meta":"","header-main-stick-meta":"","header-below-stick-meta":"","astra-migrate-meta-layouts":"default","ast-page-background-enabled":"default","ast-page-background-meta":{"desktop":{"background-color":"var(--ast-global-color-4)","background-image":"","background-repeat":"repeat","background-position":"center center","background-size":"auto","background-attachment":"scroll","background-type":"","background-media":"","overlay-type":"","overlay-color":"","overlay-opacity":"","overlay-gradient":""},"tablet":{"background-color":"","background-image":"","background-repeat":"repeat","background-position":"center center","background-size":"auto","background-attachment":"scroll","background-type":"","background-media":"","overlay-type":"","overlay-color":"","overlay-opacity":"","overlay-gradient":""},"mobile":{"background-color":"","background-image":"","background-repeat":"repeat","background-position":"center center","background-size":"auto","background-attachment":"scroll","background-type":"","background-media":"","overlay-type":"","overlay-color":"","overlay-opacity":"","overlay-gradient":""}},"ast-content-background-meta":{"desktop":{"background-color":"var(--ast-global-color-5)","background-image":"","background-repeat":"repeat","background-position":"center center","background-size":"auto","background-attachment":"scroll","background-type":"","background-media":"","overlay-type":"","overlay-color":"","overlay-opacity":"","overlay-gradient":""},"tablet":{"background-color":"var(--ast-global-color-5)","background-image":"","background-repeat":"repeat","background-position":"center center","background-size":"auto","background-attachment":"scroll","background-type":"","background-media":"","overlay-type":"","overlay-color":"","overlay-opacity":"","overlay-gradient":""},"mobile":{"background-color":"var(--ast-global-color-5)","background-image":"","background-repeat":"repeat","background-position":"center center","background-size":"auto","background-attachment":"scroll","background-type":"","background-media":"","overlay-type":"","overlay-color":"","overlay-opacity":"","overlay-gradient":""}},"footnotes":""},"class_list":["post-148493","page","type-page","status-publish","has-post-thumbnail","hentry"],"_links":{"self":[{"href":"https:\/\/medclinics.com\/de\/wp-json\/wp\/v2\/pages\/148493","targetHints":{"allow":["GET"]}}],"collection":[{"href":"https:\/\/medclinics.com\/de\/wp-json\/wp\/v2\/pages"}],"about":[{"href":"https:\/\/medclinics.com\/de\/wp-json\/wp\/v2\/types\/page"}],"author":[{"embeddable":true,"href":"https:\/\/medclinics.com\/de\/wp-json\/wp\/v2\/users\/4"}],"replies":[{"embeddable":true,"href":"https:\/\/medclinics.com\/de\/wp-json\/wp\/v2\/comments?post=148493"}],"version-history":[{"count":0,"href":"https:\/\/medclinics.com\/de\/wp-json\/wp\/v2\/pages\/148493\/revisions"}],"wp:featuredmedia":[{"embeddable":true,"href":"https:\/\/medclinics.com\/de\/wp-json\/wp\/v2\/media\/117866"}],"wp:attachment":[{"href":"https:\/\/medclinics.com\/de\/wp-json\/wp\/v2\/media?parent=148493"}],"curies":[{"name":"wp","href":"https:\/\/api.w.org\/{rel}","templated":true}]}}