{"id":148437,"date":"2023-11-15T11:52:29","date_gmt":"2023-11-15T08:52:29","guid":{"rendered":"https:\/\/medclinics.com\/einstufiges-implantat\/"},"modified":"2025-01-25T14:23:23","modified_gmt":"2025-01-25T11:23:23","slug":"einstufiges-implantat","status":"publish","type":"page","link":"https:\/\/medclinics.com\/de\/einstufiges-implantat\/","title":{"rendered":"Einstufiges Implantat"},"content":{"rendered":"\n<h2 class=\"wp-block-heading\" id=\"single-stage-implants-involve-placing-the-implant-and-healing-abutment-in-one-stepp\">Bei Sofortimplantaten werden das Implantat und der Gingivaformer in einem Schritt eingesetzt.<\/h2>\n\n<p>Einstufige Implantate, auch bekannt als Sofortbelastungsimplantate, sind auf Effizienz und schnellere Heilung ausgelegt. Im Gegensatz zu zweistufigen Implantaten ist kein zweiter Eingriff erforderlich, um das Implantat freizulegen. Sie erleichtern die Durchf\u00fchrung und beschleunigen die Genesung, Sofortimplantate gelten als eine dauerhafte L\u00f6sung.<\/p>\n\n<div class=\"wp-block-rank-math-toc-block\" id=\"rank-math-toc\"><h2>Inhaltsverzeichnis<\/h2><nav><ul><li><a href=\"#so-what-is-a-single-stage-implant\">Was ist also ein Sofortimplantat?<\/a><\/li><li><a href=\"#traditional-vs-single-stage-implants-comparison\">Herk\u00f6mmliche vs. einstufige Implantate &#8211; Vergleich<\/a><\/li><li><a href=\"#treatment-plan\">Behandlungsplan<\/a><\/li><li><a href=\"#aftercare\">Nachsorge<\/a><\/li><li><a href=\"#dental-implant-healing-process\">Heilungsprozess von Zahnimplantaten<\/a><\/li><li><a href=\"#single-stage-dental-implant-costs-by-country\">Kosten f\u00fcr Zahnimplantate nach Land<\/a><\/li><li><a href=\"#faq\">FAQ<\/a><\/li><li><a href=\"#history\">Geschichte<\/a><\/li><\/ul><\/nav><\/div>\n\n<h2 class=\"wp-block-heading\" id=\"so-what-is-a-single-stage-implant\">Was ist also ein Sofortimplantat?<\/h2>\n\n<ul class=\"wp-block-list\">\n<li>Die Implantologie bietet verschiedene L\u00f6sungen, und einzeitige Implantate sind eine der effizientesten Optionen.<\/li>\n\n\n\n<li>F\u00fcr einzeitige Implantate werden speziell entwickelte Implantate verwendet. Ihre einzigartige Rillenstruktur erh\u00f6ht die Greifkraft der Knochen um das 4-5fache.<\/li>\n\n\n\n<li>Die Nanotechnologie in diesen Implantaten beschleunigt die Knochenfusion und verk\u00fcrzt die Behandlungszeit. Die nanogeformte Oberfl\u00e4che erm\u00f6glicht eine flexible Positionierung im Knochen f\u00fcr verschiedene Zahnoptionen.<\/li>\n\n\n\n<li>Diese Spezialimplantate erm\u00f6glichen die direkte Verschraubung von Beschichtungen ohne Adh\u00e4siv und sorgen f\u00fcr eine breitere Abst\u00fctzung der Z\u00e4hne. Dies verhindert langfristig Probleme mit Klebstoffen.<\/li>\n<\/ul>\n\n<figure class=\"wp-block-image size-full\"><img fetchpriority=\"high\" decoding=\"async\" width=\"960\" height=\"550\" src=\"https:\/\/medclinics.com\/wp-content\/uploads\/2024\/06\/Bir-baslik-ekleyin.jpg\" alt=\"\" class=\"wp-image-163837\" srcset=\"https:\/\/medclinics.com\/wp-content\/uploads\/2024\/06\/Bir-baslik-ekleyin.jpg 960w, https:\/\/medclinics.com\/wp-content\/uploads\/2024\/06\/Bir-baslik-ekleyin-300x172.jpg 300w, https:\/\/medclinics.com\/wp-content\/uploads\/2024\/06\/Bir-baslik-ekleyin-768x440.jpg 768w\" sizes=\"(max-width: 960px) 100vw, 960px\" \/><\/figure>\n\n<h2 class=\"wp-block-heading\" id=\"traditional-vs-single-stage-implants-comparison\">Traditionelle vs. einstufige Implantate &#8211; Vergleich  <\/h2>\n\n<ul class=\"wp-block-list\">\n<li>Bei der einzeitigen Implantatbehandlung werden permanente zirkoniumbeschichtete Implantate verwendet, keine provisorischen L\u00f6sungen.<\/li>\n\n\n\n<li>Die Wartezeit f\u00fcr herk\u00f6mmliche Implantate (2 bis 6 Monate) wird auf nur 3 Tage verk\u00fcrzt.<\/li>\n\n\n\n<li>Der Hauptunterschied zu zweistufigen <a href=\"http:\/\/dentalimplant.gen.tr\" rel=\"nofollow noopener\" target=\"_blank\">Implantaten<\/a> liegt im Mechanismus: Bei einstufigen Implantaten werden speziell entwickelte Schrauben f\u00fcr eine hohe Knochenanlagerung verwendet, sodass sich Knochenzellen um das Implantat herum bilden k\u00f6nnen.<\/li>\n\n\n\n<li>Die Anwendungsmethoden sind unterschiedlich, und nur speziell daf\u00fcr ausgebildete \u00c4rzte k\u00f6nnen diese Behandlung durchf\u00fchren. Spezielle Beschichtungen auf einstufigen Implantaten erfordern eine Schulung sowohl des Beschichtungstechnikers als auch des Zahnarztes.<\/li>\n\n\n\n<li>Wissenschaftliche Ver\u00f6ffentlichungen zeigen, dass Sofortimplantate bei korrekter Anwendung erfolgreicher sind als klassische zweistufige Implantate.<\/li>\n\n\n\n<li>Einstufige Implantate erm\u00f6glichen eine Sofortversorgung, d.h. die Krone kann kurz nach dem Implantat eingesetzt werden.<\/li>\n\n\n\n<li>Ihre Behandlung verl\u00e4uft nicht in Etappen. Dies ist ein besonders kosteneffizienter Plan, insbesondere f\u00fcr ausl\u00e4ndische Patienten, da Sie nicht ein zweites Mal anreisen m\u00fcssen.<\/li>\n\n\n\n<li>F\u00fcr das einzeitige Implantatverfahren wird ein spezielles chirurgisches Set verwendet. Dazu geh\u00f6rt auch die Verwendung spezieller Instrumente, darunter der Implantmed Physiodispenser zur Vorbereitung des Implantatbetts, das Piezomed Piezosurgery Device zur Osteotomie und das ISQ-Implant Stability Quotient-Ger\u00e4t zur Messung der Implantatstabilit\u00e4t.<\/li>\n<\/ul>\n\n<figure class=\"wp-block-image size-full\"><img decoding=\"async\" width=\"960\" height=\"550\" src=\"https:\/\/medclinics.com\/wp-content\/uploads\/2023\/11\/single-stage-dental-implants-in-istanbul-turkey.jpg\" alt=\"Einstufige Implantate in Istanbul\" class=\"wp-image-117639\" srcset=\"https:\/\/medclinics.com\/wp-content\/uploads\/2023\/11\/single-stage-dental-implants-in-istanbul-turkey.jpg 960w, https:\/\/medclinics.com\/wp-content\/uploads\/2023\/11\/single-stage-dental-implants-in-istanbul-turkey-500x286.jpg 500w, https:\/\/medclinics.com\/wp-content\/uploads\/2023\/11\/single-stage-dental-implants-in-istanbul-turkey-768x440.jpg 768w, https:\/\/medclinics.com\/wp-content\/uploads\/2023\/11\/single-stage-dental-implants-in-istanbul-turkey-24x14.jpg 24w, https:\/\/medclinics.com\/wp-content\/uploads\/2023\/11\/single-stage-dental-implants-in-istanbul-turkey-36x21.jpg 36w, https:\/\/medclinics.com\/wp-content\/uploads\/2023\/11\/single-stage-dental-implants-in-istanbul-turkey-48x28.jpg 48w\" sizes=\"(max-width: 960px) 100vw, 960px\" \/><\/figure>\n\n<h2 class=\"wp-block-heading\" id=\"treatment-plan\">Behandlungsplan<\/h2>\n\n<p>Wenden Sie sich zun\u00e4chst an MedClinics, um geeignete Kliniken f\u00fcr Ihre einzeitige Implantatbehandlung in der T\u00fcrkei zu finden. Schicken Sie uns Bilder Ihrer Z\u00e4hne und medizinische Unterlagen, anschlie\u00dfend erhalten Sie von uns ein Angebot, kostenlos und unverbindlich! <\/p>\n\n<ul class=\"wp-block-list\">\n<li><strong>Montag<\/strong>: Sie kommen an einem Montag f\u00fcr Ihre einstufige Zahnbehandlung in Istanbul an. Sie werden vom Flughafen abgeholt und zur Klinik gebracht. Danach werden Sie einer umfassenden zahn\u00e4rztlichen Untersuchung unterzogen, die auch R\u00f6ntgenaufnahmen und 3D-Bilder umfasst.<\/li>\n\n\n\n<li><strong>Dienstag<\/strong>: Kehren Sie f\u00fcr Ihre Behandlung in die Zahnklinik zur\u00fcck. Ein spezialisierter An\u00e4sthesist f\u00fchrt die Sedierung durch, nimmt Messungen an allen Z\u00e4hnen vor und verabreicht die notwendigen Medikamente.<\/li>\n\n\n\n<li><strong>Mittwoch<\/strong>: Passen Sie die Formen dem Zahndesign an und probieren Sie das Design im Mund. F\u00fcr die Herstellung dieser Formen wird eine <a href=\"https:\/\/medclinics.com\/de\/zirkonium-zahne\/\" data-type=\"link\" data-id=\"https:\/\/medclinics.com\/zirconium-teeth\/\" target=\"_blank\" rel=\"noreferrer noopener\">Zirkoniumbeschichtung<\/a> verwendet, die 17 Stunden ben\u00f6tigt, um fertig zu sein. Es handelt sich also nicht um eine vor\u00fcbergehende L\u00f6sung.<\/li>\n\n\n\n<li><strong>Donnerstag<\/strong>: Der Arzt wir nun die Zirkoniumkrone pr\u00fcfen, einsetzen und befestigen. Falls erforderlich, wird eine Politur aufgetragen. Am n\u00e4chsten Tag k\u00f6nnen Sie Ihr neues Implantat testen und sich dabei entspannen.<\/li>\n\n\n\n<li><strong>Freitag:<\/strong> Jetzt k\u00f6nnen Sie die Stadt erkunden und Ihren Urlaub genie\u00dfen! Freuen Sie sich \u00fcber das neue Aussehen Ihrer Z\u00e4hne! In der Zwischenzeit werden Sie Ihr einstufiges Implantat testen.<\/li>\n\n\n\n<li><strong>Samstag<\/strong>: Kommen Sie nach einem Tag zur Kontrolle zum Zahnarzt. Es wird nochmals kontrolliert, ob das Implantat und die Krone richtig sitzt und ob Sie bequem und m\u00fchelos zubei\u00dfen k\u00f6nnen. Ein sch\u00fctzender Zahnbelag wird aufgetragen. So wird Ihre Behandlung ohne Wartezeit abgeschlossen. Sie k\u00f6nnen bereits am n\u00e4chsten Tag wieder wie gewohnt essen.<\/li>\n\n\n\n<li>Abschlussgespr\u00e4ch mit Ihrem behandelnden Arzt, der Sie dar\u00fcber informiert, was Sie in den kommenden Tagen beachten sollten.<\/li>\n<\/ul>\n\n<h4 class=\"wp-block-heading\" id=\"take-a-look-in-the-mirror-now-are-you-amazed-by-your-new-teeth\"><strong>Werfen Sie jetzt einen Blick in den Spiegel! Sind Sie erstaunt \u00fcber Ihre neuen Z\u00e4hne?<\/strong><\/h4>\n\n<p><\/p>\n\n<h3 class=\"wp-block-heading\" id=\"single-stage-implants-are-ideal-for\">Einstufige Implantate sind geeignet f\u00fcr:<\/h3>\n\n<ul class=\"wp-block-list\">\n<li>Jeden, der einen einzelnen Zahn ersetzen muss.<\/li>\n\n\n\n<li>Alle Patienten \u00fcber 18 Jahre, deren Knochen voll entwickelt sind.<\/li>\n\n\n\n<li>Menschen mit guter Gesundheit, ohne Erkrankungen, die einer Operation im Wege stehen k\u00f6nnten.<\/li>\n<\/ul>\n\n<h3 class=\"wp-block-heading\" id=\"single-stage-implants-recovery-timeline\">Zeitplan f\u00fcr die Genesung von einzeitigen Implantaten:<\/h3>\n\n<ul class=\"wp-block-list\">\n<li>In der ersten Woche beginnt die Heilung. Den Patienten wird empfohlen, eine leichte Di\u00e4t einzuhalten und \u00fcberm\u00e4\u00dfigen Druck auf den Implantatbereich zu vermeiden.<\/li>\n\n\n\n<li>Innerhalb von 2 bis 3 Wochen gehen Schwellungen und Bluterg\u00fcsse in der Regel zur\u00fcck, sodass Sie langsam zu ihren normalen Aktivit\u00e4ten zur\u00fcckkehren k\u00f6nnen. Anstrengende k\u00f6rperliche Aktivit\u00e4ten sollten jedoch weiterhin vermieden werden.<\/li>\n\n\n\n<li>W\u00e4hrend des Zeitraums von 4 bis 6 Wochen heilen die Weichteile weiter und das Implantat verw\u00e4chst mit dem Kieferknochen. Die Patienten sollten w\u00e4hrend dieser Zeit noch vorsichtig sein, wenn sie harte oder knusprige Lebensmittel zu sich nehmen.<\/li>\n\n\n\n<li>Nach 3 bis 6 Monaten setzt sich der Osseointegrationsprozess fort, und das Implantat w\u00e4chst endg\u00fcltig im Kieferknochen fest. Jetzt k\u00f6nnen Sie allm\u00e4hlich zu ihrer normalen Ern\u00e4hrung und Mundpflege zur\u00fcckkehren.<\/li>\n<\/ul>\n\n<h3 class=\"wp-block-heading\" id=\"possible-risks-for-single-stage-implants\">M\u00f6gliche Risiken bei Sofortimplantaten:<\/h3>\n\n<ul class=\"wp-block-list\">\n<li>Infektion an der Implantationsstelle (selten)<\/li>\n\n\n\n<li>Geringe Schmerzen und Unannehmlichkeiten<\/li>\n<\/ul>\n\n<h2 class=\"wp-block-heading\" id=\"aftercare\">Nachsorge<\/h2>\n\n<p><strong>Nat\u00fcrlich k\u00fcmmern wir uns auch nach der Behandlung um Sie!<\/strong><\/p>\n\n<p>Unsere medizinischen Berater werden Sie 1 Jahr lang nach der Operation betreuen.<br\/>Wenn Sie Hilfe ben\u00f6tigen oder Fragen haben, k\u00f6nnen Sie sich jederzeit an unsere Mitarbeiter wenden.<\/p>\n\n<h2 class=\"wp-block-heading\" id=\"dental-implant-healing-process\">Heilungsprozess von Zahnimplantaten<\/h2>\n\n<p><strong>Insgesamt wird der Heilungsprozess mehrere Monate dauern.<\/strong><\/p>\n\n<p><strong>Erste Woche<\/strong>: Die Einheilung beginnt, und den Patienten wird geraten, eine leichte Di\u00e4t einzuhalten und \u00fcberm\u00e4\u00dfigen Druck auf den Implantatbereich zu vermeiden.<\/p>\n\n<p><strong>2 bis 3 Wochen:<\/strong> Schwellungen und Bluterg\u00fcsse klingen in der Regel ab, so dass die Patienten allm\u00e4hlich wieder ihren normalen Aktivit\u00e4ten nachgehen k\u00f6nnen, obwohl anstrengende k\u00f6rperliche Aktivit\u00e4ten weiterhin vermieden werden sollten.<\/p>\n\n<p><strong>4 bis 6 Wochen:<\/strong> Das Weichgewebe heilt weiter ein, und das Implantat verw\u00e4chst mit dem Kieferknochen. Beim Verzehr von harten oder knusprigen Lebensmitteln ist Vorsicht geboten.<\/p>\n\n<p><strong>3 bis 6 Monate<\/strong>: Der Osseointegrationsprozess verfestigt das Implantat im Kieferknochen. W\u00e4hrend dieser Zeit k\u00f6nnen die Patienten allm\u00e4hlich zu ihrer normalen Ern\u00e4hrung und Mundpflege zur\u00fcckkehren.<\/p>\n\n<p>Ein einzeitiges Zahnimplantat kann ein Leben lang halten. Eine gute Mundhygiene und -pflege ist jedoch wichtig, um die Funktionalit\u00e4t des Implantats und des implantatgetragenen Zahnersatzes zu erhalten. Wenn m\u00f6glich, sollten Sie Zahnseide verwenden, um alle Speisereste zu entfernen.<\/p>\n\n<figure class=\"wp-block-image size-full is-resized\"><img decoding=\"async\" width=\"960\" height=\"550\" src=\"https:\/\/medclinics.com\/wp-content\/uploads\/2023\/11\/single-stage-implants-in-turkey.jpg\" alt=\"Einstufige Implantate in Istanbul T&#xFC;rkei\" class=\"wp-image-117654\" style=\"width:960px;height:550px\" srcset=\"https:\/\/medclinics.com\/wp-content\/uploads\/2023\/11\/single-stage-implants-in-turkey.jpg 960w, https:\/\/medclinics.com\/wp-content\/uploads\/2023\/11\/single-stage-implants-in-turkey-500x286.jpg 500w, https:\/\/medclinics.com\/wp-content\/uploads\/2023\/11\/single-stage-implants-in-turkey-768x440.jpg 768w, https:\/\/medclinics.com\/wp-content\/uploads\/2023\/11\/single-stage-implants-in-turkey-24x14.jpg 24w, https:\/\/medclinics.com\/wp-content\/uploads\/2023\/11\/single-stage-implants-in-turkey-36x21.jpg 36w, https:\/\/medclinics.com\/wp-content\/uploads\/2023\/11\/single-stage-implants-in-turkey-48x28.jpg 48w\" sizes=\"(max-width: 960px) 100vw, 960px\" \/><\/figure>\n\n<h2 class=\"wp-block-heading\" id=\"single-stage-dental-implant-costs-by-country\">Kosten f\u00fcr Zahnimplantate nach Land<\/h2>\n\n<p>Die Kosten f\u00fcr ein einzeitiges Implantat h\u00e4ngen von der Erfahrung des Zahnarztes, der verwendeten Marke, der von Ihnen gew\u00e4hlten Klinik oder dem Krankenhaus und Ihrem individuellen Gesundheitszustand ab.<br\/>Die unten aufgef\u00fchrten Preise sollen Ihnen eine ungef\u00e4hre Vorstellung vermitteln und sind kein endg\u00fcltiges Angebot. Ihr MedClincs-Berater wird Sie gerne \u00fcber die Einzelheiten informieren.<\/p>\n\n<figure class=\"wp-block-table\"><table><tbody><tr><td>Land<\/td><td>Preis<\/td><td>Bewertung<\/td><\/tr><tr><td>T\u00fcrkei<\/td><td>~ 900\u20ac &#8211; 2400 \u20ac  <\/td><td>\u2605\u2605\u2605\u2605\u2605 \u00a0 \u00a0<\/td><\/tr><tr><td>UK<\/td><td>~ 2,500 \u20ac &#8211; 5,000 \u20ac <\/td><td>\u2605\u2605\u2605<\/td><\/tr><tr><td>Deutschland<\/td><td>~ 2,000 \u20ac &#8211; 4,000 \u20ac<\/td><td>\u2605\u2605\u2605\u2605<\/td><\/tr><tr><td>USA<\/td><td>~ 3,000 \u20ac &#8211; 5,000 \u20ac<\/td><td>\u2605\u2605\u2605<\/td><\/tr><\/tbody><\/table><\/figure>\n\n<h2 class=\"wp-block-heading\" id=\"faq\">FAQ<\/h2>\n<div id=\"rank-math-faq\" class=\"rank-math-block\">\n<div class=\"rank-math-list \">\n<div id=\"faq-question-1682598236692\" class=\"rank-math-list-item\">\n<h3 class=\"rank-math-question \">Was sind die Vorteile von einzeitigen Zahnimplantaten gegen\u00fcber herk\u00f6mmlichen Methoden?<\/h3>\n<div class=\"rank-math-answer \">\n\n<p>Einzeitige Zahnimplantate bieten ein rationalisiertes Verfahren, das die Anzahl der erforderlichen Operationen reduziert. Sie sind sowohl f\u00fcr Patienten als auch f\u00fcr Zahn\u00e4rzte bequemer.<\/p>\n\n<\/div>\n<\/div>\n<div id=\"faq-question-1684406211747\" class=\"rank-math-list-item\">\n<h3 class=\"rank-math-question \">Wie lange dauert der Heilungsprozess bei einzeitigen Zahnimplantaten?<\/h3>\n<div class=\"rank-math-answer \">\n\n<p>Die Erholungszeit ist unterschiedlich, aber einzeitige Implantate haben im Vergleich zu herk\u00f6mmlichen Methoden oft eine k\u00fcrzere Gesamtbehandlungsdauer.<\/p>\n\n<\/div>\n<\/div>\n<div id=\"faq-question-1684406215345\" class=\"rank-math-list-item\">\n<h3 class=\"rank-math-question \">Wie hoch ist die Erfolgsquote bei einzeitigen Zahnimplantationen?<\/h3>\n<div class=\"rank-math-answer \">\n\n<p>Die Erfolgsquoten sind im Allgemeinen sehr hoch, h\u00e4ngen jedoch von Faktoren wie dem Gesundheitszustand des Patienten und der Einhaltung der postoperativen Behandlung ab.<\/p>\n\n<\/div>\n<\/div>\n<div id=\"faq-question-1684406216613\" class=\"rank-math-list-item\">\n<h3 class=\"rank-math-question \">Wie unterscheiden sich einzeitige Zahnimplantate von zweistufigen Implantaten?<\/h3>\n<div class=\"rank-math-answer \">\n\n<p>Bei einzeitigen Implantaten werden sowohl das Implantat als auch die Schnapp-Kupplung in einem einzigen Eingriff eingesetzt, w\u00e4hrend bei zweizeitigen Implantaten zwei separate Eingriffe erforderlich sind. Auch ihre Anwendungstechnik und das verwendete Implantatmaterial sind unterschiedlich.<\/p>\n\n<\/div>\n<\/div>\n<div id=\"faq-question-1684406222432\" class=\"rank-math-list-item\">\n<h3 class=\"rank-math-question \">Wie sieht der Kostenvergleich zwischen einzeitigen und herk\u00f6mmlichen Zahnimplantatverfahren in der T\u00fcrkei aus?<\/h3>\n<div class=\"rank-math-answer \">\n\n<p>Einzeitige Zahnimplantate in der T\u00fcrkei k\u00f6nnen budgetfreundlich sein, weil sie weniger Schritte und Operationen erfordern.<\/p>\n\n<\/div>\n<\/div>\n<div id=\"faq-question-1684406223362\" class=\"rank-math-list-item\">\n<h3 class=\"rank-math-question \"><strong>Wie w\u00e4hlt man den besten Zahnarzt f\u00fcr einzeitige Zahnimplantate in der T\u00fcrkei?<\/strong><\/h3>\n<div class=\"rank-math-answer \">\n\n<p>Als MedClinics sind wir f\u00fcr Sie da, um Sie bei allen Ihren Behandlungsverfahren zu unterst\u00fctzen. F\u00fcr einzeitige Implantationen empfehlen wir die <a href=\"https:\/\/medclinics.com\/de\/kliniken\/novusklinik-3\/\" target=\"_blank\" rel=\"noreferrer noopener\">Novusklinik<\/a> in Istanbul. Die Klinik ist mit ihrem professionellen Personal die Nummer eins f\u00fcr Ihre einstufige Zahnbehandlung in der T\u00fcrkei. Sie k\u00f6nnen sich gleich an uns wenden und mehr \u00fcber Ihre Behandlungsm\u00f6glichkeiten erfahren.<\/p>\n\n<\/div>\n<\/div>\n<div id=\"faq-question-1684406224360\" class=\"rank-math-list-item\">\n<h3 class=\"rank-math-question \">Ist die einzeitige Implantatbehandlung schmerzhaft?<\/h3>\n<div class=\"rank-math-answer \">\n\n<p>Nein, die einzeitige Implantatbehandlung erfolgt in der Regel unter \u00f6rtlicher Bet\u00e4ubung, die den Bereich bet\u00e4ubt und die Schmerzen w\u00e4hrend des Eingriffs minimiert.<\/p>\n\n<\/div>\n<\/div>\n<div id=\"faq-question-1684406227634\" class=\"rank-math-list-item\">\n<h3 class=\"rank-math-question \"><strong>K\u00f6nnen Sie Vorher-Nachher-Fotos von einzeitigen Zahnimplantaten in der T\u00fcrkei vorlegen?<\/strong><\/h3>\n<div class=\"rank-math-answer \">\n\n<p>Ja, Sie k\u00f6nnen sich sofort mit uns in Verbindung setzen, damit wir Ihnen helfen k\u00f6nnen, Vorher-Nachher-Fotos von einzeitigen Implantaten in der T\u00fcrkei zu sehen.<\/p>\n\n<\/div>\n<\/div>\n<div id=\"faq-question-1700045941273\" class=\"rank-math-list-item\">\n<h3 class=\"rank-math-question \"><strong>Wie hoch sind die durchschnittlichen Kosten f\u00fcr einzeitige Zahnimplantate in der T\u00fcrkei im Vergleich zu anderen L\u00e4ndern?<\/strong><\/h3>\n<div class=\"rank-math-answer \">\n\n<p>Die Kosten f\u00fcr ein einzeitiges Implantat variieren von Land zu Land. In den Vereinigten Staaten beispielsweise liegen die Kosten zwischen 3.000 und 5.000 \u20ac, in Deutschland zwischen 2.000 und 4.000 \u20ac und im Vereinigten K\u00f6nigreich zwischen 2.500 und 5.000 \u20ac. In der T\u00fcrkei hingegen sind die Kosten f\u00fcr Zahnimplantate im Allgemeinen erschwinglicher und liegen zwischen 499 und 2.000 \u20ac.u0022<\/p>\n\n<\/div>\n<\/div>\n<div id=\"faq-question-1700048889231\" class=\"rank-math-list-item\">\n<h3 class=\"rank-math-question \">Gibt es bestimmte Zulassungskriterien f\u00fcr Kandidaten, die in der T\u00fcrkei ein einzeitiges Zahnimplantat w\u00fcnschen?<\/h3>\n<div class=\"rank-math-answer \">\n\n<p>Ob ein einzeitiges Zahnimplantat in der T\u00fcrkei in Frage kommt, h\u00e4ngt von verschiedenen Faktoren ab, unter anderem vom allgemeinen Gesundheitszustand, der Knochendichte und spezifischen Zahnproblemen. F\u00fcr genauere Informationen k\u00f6nnen Sie uns kontaktieren.<\/p>\n\n<\/div>\n<\/div>\n<\/div>\n<\/div>\n<h2 class=\"wp-block-heading\" id=\"history\">Geschichte<\/h2>\n\n<p>Einzeitige Implantate haben eine Geschichte, die mit der Entwicklung von Zahnimplantaten im 20. Jahrhundert verbunden ist. Urspr\u00fcnglich gab es einen zweistufigen Ansatz, der zwei Operationen umfasste. Mit einzeitigen Implantaten wurde dies ge\u00e4ndert, indem sowohl das Implantat als auch die Schnapp-Kupplung in einem einzigen Eingriff eingesetzt wurden. Damit entfiel die Notwendigkeit eines zweiten Freilegungsverfahrens. Im Laufe der Zeit wurden Verbesserungen im Design und in der Technik vorgenommen, so dass einzeitige Implantate immer h\u00e4ufiger eingesetzt wurden. Heutzutage sind sie weit verbreitet, weil sie die Behandlungszeit verk\u00fcrzen und den Prozess sowohl f\u00fcr Zahn\u00e4rzte als auch f\u00fcr Patienten vereinfachen. Die laufende Forschung verbessert diese Technologie f\u00fcr Zahnimplantate st\u00e4ndig.<\/p>\n","protected":false},"excerpt":{"rendered":"<p>Bei Sofortimplantaten werden das Implantat und der Gingivaformer in einem Schritt eingesetzt. Einstufige Implantate, auch bekannt als Sofortbelastungsimplantate, sind auf [&hellip;]<\/p>\n","protected":false},"author":4,"featured_media":117669,"parent":0,"menu_order":0,"comment_status":"closed","ping_status":"closed","template":"","meta":{"site-sidebar-layout":"default","site-content-layout":"","ast-site-content-layout":"default","site-content-style":"default","site-sidebar-style":"default","ast-global-header-display":"","ast-banner-title-visibility":"","ast-main-header-display":"","ast-hfb-above-header-display":"","ast-hfb-below-header-display":"","ast-hfb-mobile-header-display":"","site-post-title":"","ast-breadcrumbs-content":"","ast-featured-img":"","footer-sml-layout":"","ast-disable-related-posts":"","theme-transparent-header-meta":"","adv-header-id-meta":"","stick-header-meta":"","header-above-stick-meta":"","header-main-stick-meta":"","header-below-stick-meta":"","astra-migrate-meta-layouts":"default","ast-page-background-enabled":"default","ast-page-background-meta":{"desktop":{"background-color":"var(--ast-global-color-4)","background-image":"","background-repeat":"repeat","background-position":"center center","background-size":"auto","background-attachment":"scroll","background-type":"","background-media":"","overlay-type":"","overlay-color":"","overlay-opacity":"","overlay-gradient":""},"tablet":{"background-color":"","background-image":"","background-repeat":"repeat","background-position":"center center","background-size":"auto","background-attachment":"scroll","background-type":"","background-media":"","overlay-type":"","overlay-color":"","overlay-opacity":"","overlay-gradient":""},"mobile":{"background-color":"","background-image":"","background-repeat":"repeat","background-position":"center center","background-size":"auto","background-attachment":"scroll","background-type":"","background-media":"","overlay-type":"","overlay-color":"","overlay-opacity":"","overlay-gradient":""}},"ast-content-background-meta":{"desktop":{"background-color":"var(--ast-global-color-5)","background-image":"","background-repeat":"repeat","background-position":"center center","background-size":"auto","background-attachment":"scroll","background-type":"","background-media":"","overlay-type":"","overlay-color":"","overlay-opacity":"","overlay-gradient":""},"tablet":{"background-color":"var(--ast-global-color-5)","background-image":"","background-repeat":"repeat","background-position":"center center","background-size":"auto","background-attachment":"scroll","background-type":"","background-media":"","overlay-type":"","overlay-color":"","overlay-opacity":"","overlay-gradient":""},"mobile":{"background-color":"var(--ast-global-color-5)","background-image":"","background-repeat":"repeat","background-position":"center center","background-size":"auto","background-attachment":"scroll","background-type":"","background-media":"","overlay-type":"","overlay-color":"","overlay-opacity":"","overlay-gradient":""}},"footnotes":""},"class_list":["post-148437","page","type-page","status-publish","has-post-thumbnail","hentry"],"_links":{"self":[{"href":"https:\/\/medclinics.com\/de\/wp-json\/wp\/v2\/pages\/148437","targetHints":{"allow":["GET"]}}],"collection":[{"href":"https:\/\/medclinics.com\/de\/wp-json\/wp\/v2\/pages"}],"about":[{"href":"https:\/\/medclinics.com\/de\/wp-json\/wp\/v2\/types\/page"}],"author":[{"embeddable":true,"href":"https:\/\/medclinics.com\/de\/wp-json\/wp\/v2\/users\/4"}],"replies":[{"embeddable":true,"href":"https:\/\/medclinics.com\/de\/wp-json\/wp\/v2\/comments?post=148437"}],"version-history":[{"count":0,"href":"https:\/\/medclinics.com\/de\/wp-json\/wp\/v2\/pages\/148437\/revisions"}],"wp:featuredmedia":[{"embeddable":true,"href":"https:\/\/medclinics.com\/de\/wp-json\/wp\/v2\/media\/117669"}],"wp:attachment":[{"href":"https:\/\/medclinics.com\/de\/wp-json\/wp\/v2\/media?parent=148437"}],"curies":[{"name":"wp","href":"https:\/\/api.w.org\/{rel}","templated":true}]}}