{"id":148235,"date":"2023-08-15T13:55:10","date_gmt":"2023-08-15T10:55:10","guid":{"rendered":"https:\/\/medclinics.com\/uber-medclinics\/"},"modified":"2024-05-24T12:11:50","modified_gmt":"2024-05-24T09:11:50","slug":"uber-medclinics","status":"publish","type":"page","link":"https:\/\/medclinics.com\/de\/uber-medclinics\/","title":{"rendered":"\u00dcber MedClinics"},"content":{"rendered":"\n<h2 class=\"wp-block-heading\">\u00dcber MedClinics<\/h2>\n\n<h3 class=\"wp-block-heading\">MedClinics ist eine Online-Plattform, die medizinische Behandlungen vermittelt.<\/h3>\n\n<p>Wir bieten alle Arten von Behandlungen an, <a href=\"https:\/\/medclinics.com\/de\/schonheit\/\" target=\"_blank\" rel=\"noreferrer noopener\">Sch\u00f6nheitsbehandlungen<\/a>, plastische und \u00e4sthetische Chirurgie, Augen- und Zahnbehandlungen sowie Behandlungen, die aus medizinischen Gr\u00fcnden aufgrund einer Grunderkrankung indiziert sind, einschlie\u00dflich <a href=\"https:\/\/medclinics.com\/orthopedic-treatment-orthopedic-surgery\/\">Orthop\u00e4die<\/a>, Onkologie, <a href=\"https:\/\/medclinics.com\/ivf-in-vitro-fertilisation\/\">IVF<\/a> und vieles mehr.<\/p>\n\n<p>Unsere Partner sind ausschlie\u00dflich zertifizierte Kliniken, \u00c4rzte und Krankenh\u00e4user, die von uns sorgf\u00e4ltig gepr\u00fcft wurden. So k\u00f6nnen wir mit Stolz behaupten, dass wir in allen Bereichen nur die besten Partner haben.<\/p>\n\n<p>In der gesamten T\u00fcrkei arbeiten wir mit \u00fcber 300 Kliniken, \u00c4rzten und Krankenh\u00e4usern zusammen.  <\/p>\n\n<p>Auf dem internationalen Markt bauen wir unser Netz st\u00e4ndig aus. Unterst\u00fctzt werden wir von unserem Partnerb\u00fcro in Deutschland, das <a href=\"https:\/\/www.checkfortrips.com\/\" target=\"_blank\" rel=\"noreferrer noopener\">Check for Trips<\/a> hei\u00dft und in R\u00fcsselsheim bei Frankfurt am Main ans\u00e4ssig ist.<\/p>\n\n<p>MedClinics ist unter der Dachgesellschaft Travelgroup Tur. ve Ti\u00e7. A.\u015e., die ihren Hauptsitz in Istanbul hat. Travelgroup ist ein Reiseb\u00fcro, das seit den 70er Jahren bis heute in der Tourismusbranche t\u00e4tig ist.<\/p>\n\n<p>Bei MedClinics ist ein multinationales, mehrsprachiges und gut ausgebildetes Team stets auf das Wohl der Patienten bedacht, das bei MedClinics immer an erster Stelle steht. Dadurch sind wir in der Lage, auf die individuellen Bed\u00fcrfnisse der Patienten einzugehen und ihre Interessen zu wahren. Kulturelle oder sprachliche Barrieren gibt es bei MedClinics nicht!<\/p>\n\n<p><strong>Unser Ziel<\/strong> ist es, jedem Patienten unter Ber\u00fccksichtigung individueller Faktoren das f\u00fcr ihn am besten geeignete Verfahren anzubieten und ihn mit einer zuverl\u00e4ssigen und globalen medizinischen Infrastruktur zu verbinden. Wir setzen uns f\u00fcr die F\u00f6rderung ethischer Praktiken im Gesundheitstourismus ein und halten uns dabei an internationale Richtlinien und Vorschriften. Unsere Plattform wendet sich aktiv gegen jede Form des Medizintourismus, der unethische Praktiken anwendet.<\/p>\n\n<p><strong>Unsere Vision <\/strong>ist es, Patienten eine positive und lebensverbessernde Erfahrung zu bieten und gleichzeitig die globale Zusammenarbeit zwischen Gesundheitsdienstleistern zu f\u00f6rdern.<br\/><strong>Gemeinsam haben wir die Vision einer Welt, in der eine qualitativ hochwertige Gesundheitsversorgung f\u00fcr alle zug\u00e4nglich ist, unabh\u00e4ngig von Grenzen, das Leben bereichert und dauerhafte Beziehungen \u00fcber Kulturen hinweg aufbaut.<\/strong><\/p>\n\n<p>MedClinics hat sich zum Ziel gesetzt, die Tr\u00e4ume seiner G\u00e4ste zu erf\u00fcllen und sie als gl\u00fcckliche Patienten nach Hause zu schicken.<\/p>\n\n<h3 class=\"wp-block-heading\"><a href=\"#requestform\">Kontaktieren Sie uns<\/a> jetzt, falls Sie Fragen haben!<\/h3>\n","protected":false},"excerpt":{"rendered":"<p>\u00dcber MedClinics MedClinics ist eine Online-Plattform, die medizinische Behandlungen vermittelt. Wir bieten alle Arten von Behandlungen an, Sch\u00f6nheitsbehandlungen, plastische und [&hellip;]<\/p>\n","protected":false},"author":4,"featured_media":180199,"parent":0,"menu_order":0,"comment_status":"closed","ping_status":"closed","template":"","meta":{"site-sidebar-layout":"default","site-content-layout":"","ast-site-content-layout":"default","site-content-style":"default","site-sidebar-style":"default","ast-global-header-display":"","ast-banner-title-visibility":"","ast-main-header-display":"","ast-hfb-above-header-display":"","ast-hfb-below-header-display":"","ast-hfb-mobile-header-display":"","site-post-title":"","ast-breadcrumbs-content":"","ast-featured-img":"","footer-sml-layout":"","ast-disable-related-posts":"","theme-transparent-header-meta":"","adv-header-id-meta":"","stick-header-meta":"","header-above-stick-meta":"","header-main-stick-meta":"","header-below-stick-meta":"","astra-migrate-meta-layouts":"default","ast-page-background-enabled":"default","ast-page-background-meta":{"desktop":{"background-color":"var(--ast-global-color-4)","background-image":"","background-repeat":"repeat","background-position":"center center","background-size":"auto","background-attachment":"scroll","background-type":"","background-media":"","overlay-type":"","overlay-color":"","overlay-opacity":"","overlay-gradient":""},"tablet":{"background-color":"","background-image":"","background-repeat":"repeat","background-position":"center center","background-size":"auto","background-attachment":"scroll","background-type":"","background-media":"","overlay-type":"","overlay-color":"","overlay-opacity":"","overlay-gradient":""},"mobile":{"background-color":"","background-image":"","background-repeat":"repeat","background-position":"center center","background-size":"auto","background-attachment":"scroll","background-type":"","background-media":"","overlay-type":"","overlay-color":"","overlay-opacity":"","overlay-gradient":""}},"ast-content-background-meta":{"desktop":{"background-color":"var(--ast-global-color-5)","background-image":"","background-repeat":"repeat","background-position":"center center","background-size":"auto","background-attachment":"scroll","background-type":"","background-media":"","overlay-type":"","overlay-color":"","overlay-opacity":"","overlay-gradient":""},"tablet":{"background-color":"var(--ast-global-color-5)","background-image":"","background-repeat":"repeat","background-position":"center center","background-size":"auto","background-attachment":"scroll","background-type":"","background-media":"","overlay-type":"","overlay-color":"","overlay-opacity":"","overlay-gradient":""},"mobile":{"background-color":"var(--ast-global-color-5)","background-image":"","background-repeat":"repeat","background-position":"center center","background-size":"auto","background-attachment":"scroll","background-type":"","background-media":"","overlay-type":"","overlay-color":"","overlay-opacity":"","overlay-gradient":""}},"footnotes":""},"class_list":["post-148235","page","type-page","status-publish","has-post-thumbnail","hentry"],"_links":{"self":[{"href":"https:\/\/medclinics.com\/de\/wp-json\/wp\/v2\/pages\/148235","targetHints":{"allow":["GET"]}}],"collection":[{"href":"https:\/\/medclinics.com\/de\/wp-json\/wp\/v2\/pages"}],"about":[{"href":"https:\/\/medclinics.com\/de\/wp-json\/wp\/v2\/types\/page"}],"author":[{"embeddable":true,"href":"https:\/\/medclinics.com\/de\/wp-json\/wp\/v2\/users\/4"}],"replies":[{"embeddable":true,"href":"https:\/\/medclinics.com\/de\/wp-json\/wp\/v2\/comments?post=148235"}],"version-history":[{"count":0,"href":"https:\/\/medclinics.com\/de\/wp-json\/wp\/v2\/pages\/148235\/revisions"}],"wp:featuredmedia":[{"embeddable":true,"href":"https:\/\/medclinics.com\/de\/wp-json\/wp\/v2\/media\/180199"}],"wp:attachment":[{"href":"https:\/\/medclinics.com\/de\/wp-json\/wp\/v2\/media?parent=148235"}],"curies":[{"name":"wp","href":"https:\/\/api.w.org\/{rel}","templated":true}]}}