{"id":148205,"date":"2023-08-15T13:40:41","date_gmt":"2023-08-15T10:40:41","guid":{"rendered":"https:\/\/medclinics.com\/haftungsausschluss\/"},"modified":"2024-04-01T12:13:48","modified_gmt":"2024-04-01T09:13:48","slug":"haftungsausschluss","status":"publish","type":"page","link":"https:\/\/medclinics.com\/de\/haftungsausschluss\/","title":{"rendered":"Haftungsausschluss"},"content":{"rendered":"\n<h2 class=\"wp-block-heading\">Haftungsausschluss<\/h2>\n\n<p><a href=\"https:\/\/medclinics.com\/de\/\" target=\"_blank\" rel=\"noreferrer noopener\">MedClinics<\/a> ist eine<strong> Internetplattform, die<\/strong> Angebote von medizinischen Dienstleistern<strong> vermittelt<\/strong>. MedClinics \u00fcbernimmt keine Garantie oder Haftung f\u00fcr die Angebote der medizinischen Dienstleister, die darin enthaltenen Leistungen, die Erbringung dieser Leistungen oder deren Qualit\u00e4t.<\/p>\n\n<p><strong>Es kommt kein Vertrag zwischen MedClinics und dem Kunden zustande<\/strong>, <strong>das Rechtsverh\u00e4ltnis besteht ausschlie\u00dflich zwischen dem Kunden und dem medizinischen Dienstleister.<\/strong><\/p>\n\n<p>Informationen, die von MedClinics zur Verf\u00fcgung gestellt werden, einschlie\u00dflich, aber nicht beschr\u00e4nkt auf Informationen, die von medizinischen Anbietern und anderen Dritten zur Verf\u00fcgung gestellt werden, sowie jegliche Informationen, die dem Kunden telefonisch, elektronisch, per E-Mail oder \u00fcber andere Informationskan\u00e4le vor, w\u00e4hrend oder nach dem Kauf von Waren und\/oder Dienstleistungen zur Verf\u00fcgung gestellt werden, k\u00f6nnen in keiner Weise als ordnungsgem\u00e4\u00dfe medizinische Beratung oder medizinische Untersuchung angesehen werden, ersetzen in keiner Weise eine eingehende Untersuchung und Beratung durch einen Arzt und k\u00f6nnen nicht als alleinige Grundlage f\u00fcr die Entscheidung dienen, ob eine medizinische Behandlung in Anspruch genommen, fortgesetzt oder abgebrochen werden soll oder nicht.<\/p>\n\n<p><br\/>MedClinics ist nicht verantwortlich oder haftbar f\u00fcr Behandlungen, Operationen oder andere Dienstleistungen, die von medizinischen Dienstleistern erbracht werden, und MedClinics ist auch nicht haftbar oder verantwortlich f\u00fcr Anspr\u00fcche aus Kunstfehlern, die direkt oder indirekt, gegenw\u00e4rtig oder in Zukunft, aus der Beratung durch medizinische Dienstleister, Anwendungen, Operationen oder anderen erbrachten Dienstleistungen entstehen k\u00f6nnen.<\/p>\n\n<p>Mit dem Besuch unserer Website und dem Ausf\u00fcllen dieses Formulars akzeptiert und erkl\u00e4rt der Kunde automatisch und ausdr\u00fccklich, dass er vor dem Vertragsabschluss oder dem Kauf von Waren und\/oder Dienstleistungen, die im Online-Shop von MedClinics angeboten werden, \u00fcber den Haftungsausschluss informiert wurde, dass er sich mit dem Haftungsausschluss einverstanden erkl\u00e4rt und dass er diesbez\u00fcglich keine Anspr\u00fcche gegen\u00fcber MedClinics geltend machen kann, weder gegenw\u00e4rtig noch zuk\u00fcnftig, und dass er das Vertragsverh\u00e4ltnis kennt, versteht und akzeptiert.<\/p>\n\n<p>Schadensersatz-, Entsch\u00e4digungs-, Regress-, Schmerzensgeld- oder sonstige Anspr\u00fcche und Forderungen aus dem Vertragsverh\u00e4ltnis mit dem medizinischen Dienstleister k\u00f6nnen nur gegen den medizinischen Dienstleister gerichtet werden. MedClinics ist von jeglicher Haftung ausgeschlossen.<\/p>\n\n<h3 class=\"wp-block-heading\"><a href=\"#requestform\">Kontaktieren Sie uns<\/a> jetzt, falls Sie Fragen haben!<\/h3>\n\n<p><\/p>\n","protected":false},"excerpt":{"rendered":"<p>Haftungsausschluss MedClinics ist eine Internetplattform, die Angebote von medizinischen Dienstleistern vermittelt. MedClinics \u00fcbernimmt keine Garantie oder Haftung f\u00fcr die Angebote [&hellip;]<\/p>\n","protected":false},"author":4,"featured_media":0,"parent":0,"menu_order":0,"comment_status":"closed","ping_status":"closed","template":"","meta":{"site-sidebar-layout":"default","site-content-layout":"","ast-site-content-layout":"default","site-content-style":"default","site-sidebar-style":"default","ast-global-header-display":"","ast-banner-title-visibility":"","ast-main-header-display":"","ast-hfb-above-header-display":"","ast-hfb-below-header-display":"","ast-hfb-mobile-header-display":"","site-post-title":"","ast-breadcrumbs-content":"","ast-featured-img":"","footer-sml-layout":"","ast-disable-related-posts":"","theme-transparent-header-meta":"","adv-header-id-meta":"","stick-header-meta":"","header-above-stick-meta":"","header-main-stick-meta":"","header-below-stick-meta":"","astra-migrate-meta-layouts":"default","ast-page-background-enabled":"default","ast-page-background-meta":{"desktop":{"background-color":"var(--ast-global-color-4)","background-image":"","background-repeat":"repeat","background-position":"center center","background-size":"auto","background-attachment":"scroll","background-type":"","background-media":"","overlay-type":"","overlay-color":"","overlay-opacity":"","overlay-gradient":""},"tablet":{"background-color":"","background-image":"","background-repeat":"repeat","background-position":"center center","background-size":"auto","background-attachment":"scroll","background-type":"","background-media":"","overlay-type":"","overlay-color":"","overlay-opacity":"","overlay-gradient":""},"mobile":{"background-color":"","background-image":"","background-repeat":"repeat","background-position":"center center","background-size":"auto","background-attachment":"scroll","background-type":"","background-media":"","overlay-type":"","overlay-color":"","overlay-opacity":"","overlay-gradient":""}},"ast-content-background-meta":{"desktop":{"background-color":"var(--ast-global-color-5)","background-image":"","background-repeat":"repeat","background-position":"center center","background-size":"auto","background-attachment":"scroll","background-type":"","background-media":"","overlay-type":"","overlay-color":"","overlay-opacity":"","overlay-gradient":""},"tablet":{"background-color":"var(--ast-global-color-5)","background-image":"","background-repeat":"repeat","background-position":"center center","background-size":"auto","background-attachment":"scroll","background-type":"","background-media":"","overlay-type":"","overlay-color":"","overlay-opacity":"","overlay-gradient":""},"mobile":{"background-color":"var(--ast-global-color-5)","background-image":"","background-repeat":"repeat","background-position":"center center","background-size":"auto","background-attachment":"scroll","background-type":"","background-media":"","overlay-type":"","overlay-color":"","overlay-opacity":"","overlay-gradient":""}},"footnotes":""},"class_list":["post-148205","page","type-page","status-publish","hentry"],"_links":{"self":[{"href":"https:\/\/medclinics.com\/de\/wp-json\/wp\/v2\/pages\/148205","targetHints":{"allow":["GET"]}}],"collection":[{"href":"https:\/\/medclinics.com\/de\/wp-json\/wp\/v2\/pages"}],"about":[{"href":"https:\/\/medclinics.com\/de\/wp-json\/wp\/v2\/types\/page"}],"author":[{"embeddable":true,"href":"https:\/\/medclinics.com\/de\/wp-json\/wp\/v2\/users\/4"}],"replies":[{"embeddable":true,"href":"https:\/\/medclinics.com\/de\/wp-json\/wp\/v2\/comments?post=148205"}],"version-history":[{"count":0,"href":"https:\/\/medclinics.com\/de\/wp-json\/wp\/v2\/pages\/148205\/revisions"}],"wp:attachment":[{"href":"https:\/\/medclinics.com\/de\/wp-json\/wp\/v2\/media?parent=148205"}],"curies":[{"name":"wp","href":"https:\/\/api.w.org\/{rel}","templated":true}]}}