{"id":148167,"date":"2023-05-14T10:11:56","date_gmt":"2023-05-14T07:11:56","guid":{"rendered":"https:\/\/medclinics.com\/magenballon\/"},"modified":"2025-01-02T15:47:24","modified_gmt":"2025-01-02T12:47:24","slug":"magenballon","status":"publish","type":"page","link":"https:\/\/medclinics.com\/de\/magenballon\/","title":{"rendered":"Magenballon"},"content":{"rendered":"\n<h2 class=\"wp-block-heading\">Wenn Sie mit Di\u00e4t und Sport allein nur schwer abnehmen k\u00f6nnen, ist der Magenballon eine gute Option f\u00fcr Sie.<\/h2>\n\n<p>Der <a href=\"https:\/\/en.wikipedia.org\/wiki\/Gastric_balloon\" rel=\"nofollow noopener\" target=\"_blank\">Magenballon<\/a> ist eine Methode, die beim Abnehmen hilft. Das ist ein weicher Ballon, der vor\u00fcbergehend in den Magen eingef\u00fchrt wird. Ein entleerter Ballon wird durch den Mund in Ihren Magen eingef\u00fchrt. Dann werden sie mit einer Fl\u00fcssigkeit gef\u00fcllt, damit man sich satt f\u00fchlt und weniger isst. Es ist eine nicht-chirurgische Option f\u00fcr diejenigen, die mit Gewichtsverlust zu k\u00e4mpfen haben.<\/p>\n\n<p>Nach dem Eingriff k\u00f6nnen Sie sich unwohl f\u00fchlen. Dies bessert sich in der Regel innerhalb weniger Tage. Der Magenballon bleibt sechs Monate lang im Magen. In dieser Zeit sollten Sie Ihre Ern\u00e4hrung und Bewegung planen. <\/p>\n\n<p>Nachdem der Ballon entfernt wurde, arbeiten Sie weiter daran, Ihren Gewichtsverlust beizubehalten. Die Erholungszeit ist in der Regel kurz. Der langfristige Erfolg dieser Methode h\u00e4ngt jedoch davon ab, dass Sie sich auch nach der Entfernung des Ballons zu einer \u00c4nderung Ihres Lebensstils verpflichten.<\/p>\n\n<ul class=\"wp-block-list\">\n<li>Operationsdauer: 20-30 Minuten<\/li>\n\n\n\n<li>Krankenhausaufenthalt: ein paar Stunden<\/li>\n\n\n\n<li>Verlust von \u00dcbergewicht: 40%<\/li>\n\n\n\n<li>F\u00fcr Personen im BMI-Bereich von 27-35<\/li>\n\n\n\n<li>M\u00f6gliche Risiken: \u00dcbelkeit, Erbrechen, Magenbeschwerden, Entleerung des Ballons oder Bewegungen.<\/li>\n<\/ul>\n\n<h2 class=\"wp-block-heading\">Alles, was Sie \u00fcber die <a href=\"https:\/\/medclinics.com\/de\/obesity-treatment\/\" target=\"_blank\" rel=\"noreferrer noopener\">Behandlung von Fettleibigkeit<\/a> wissen m\u00fcssen, finden Sie hier, nehmen Sie einfach <a href=\"#requestform\">Kontakt<\/a> mit uns auf!<\/h2>\n\n<figure class=\"wp-block-image size-full\"><img fetchpriority=\"high\" decoding=\"async\" width=\"960\" height=\"470\" src=\"https:\/\/medclinics.com\/wp-content\/uploads\/2023\/08\/gastric-balloon-in-istanbul-turkey.jpg\" alt=\"Magenballon in Istanbul T&#xFC;rkei\" class=\"wp-image-105052\" srcset=\"https:\/\/medclinics.com\/wp-content\/uploads\/2023\/08\/gastric-balloon-in-istanbul-turkey.jpg 960w, https:\/\/medclinics.com\/wp-content\/uploads\/2023\/08\/gastric-balloon-in-istanbul-turkey-500x245.jpg 500w, https:\/\/medclinics.com\/wp-content\/uploads\/2023\/08\/gastric-balloon-in-istanbul-turkey-768x376.jpg 768w, https:\/\/medclinics.com\/wp-content\/uploads\/2023\/08\/gastric-balloon-in-istanbul-turkey-24x12.jpg 24w, https:\/\/medclinics.com\/wp-content\/uploads\/2023\/08\/gastric-balloon-in-istanbul-turkey-36x18.jpg 36w, https:\/\/medclinics.com\/wp-content\/uploads\/2023\/08\/gastric-balloon-in-istanbul-turkey-48x24.jpg 48w\" sizes=\"(max-width: 960px) 100vw, 960px\" \/><\/figure>\n\n<h2 class=\"wp-block-heading\">FAQ<\/h2>\n<div id=\"rank-math-faq\" class=\"rank-math-block\">\n<div class=\"rank-math-list \">\n<div id=\"faq-question-1684914609944\" class=\"rank-math-list-item\">\n<h3 class=\"rank-math-question \">Was ist ein Magenballon?<\/h3>\n<div class=\"rank-math-answer \">\n\n<p>Ein Magenballon ist eine kurzfristige, nicht-chirurgische Methode zur Gewichtsabnahme. Bei diesem Verfahren wird ein entleerter Silikonballon in den Magen eingef\u00fchrt. Durch Aufblasen mit einer Kochsalzl\u00f6sung erzeugt der Ballon ein S\u00e4ttigungsgef\u00fchl, das die Nahrungsaufnahme einschr\u00e4nkt. Nach etwa sechs Monaten wird der Ballon wieder entfernt. Dieser Ansatz hilft bei der Portionskontrolle und bringt die Gewichtsabnahme in Schwung, ist aber am effektivsten, wenn er mit einer Anpassung des Lebensstils einhergeht. Obwohl sie im Allgemeinen sicher sind, bestehen potenzielle Risiken wie \u00dcbelkeit, Magenbeschwerden und seltene Komplikationen.<\/p>\n\n<\/div>\n<\/div>\n<div id=\"faq-question-1684914356701\" class=\"rank-math-list-item\">\n<h3 class=\"rank-math-question \">Ist der Magenballon sicher?<\/h3>\n<div class=\"rank-math-answer \">\n\n<p>Obwohl Magenballon-Eingriffe im Allgemeinen als sicher gelten, ist es wichtig, m\u00f6gliche Risiken zu kennen. Da sie nicht chirurgisch und minimalinvasiv sind, bergen sie weniger Gefahren als herk\u00f6mmliche Operationen. Es gibt jedoch weiterhin m\u00f6gliche Probleme wie \u00dcbelkeit, Erbrechen, Magenbeschwerden, Geschw\u00fcre, Ballonentleerung oder -ruptur sowie seltene Ereignisse wie Verstopfung oder Perforation. Als MedClinics sind wir daf\u00fcr da, den besten Chirurgen zu finden und diese potenziellen Risiken zu minimieren. Sie k\u00f6nnen uns jederzeit kontaktieren.<\/p>\n\n<\/div>\n<\/div>\n<div id=\"faq-question-1684914339229\" class=\"rank-math-list-item\">\n<h3 class=\"rank-math-question \">Ist der Magenballon es wert?<\/h3>\n<div class=\"rank-math-answer \">\n\n<p>Ja, das ist es wert. Sie bietet einen nicht-chirurgischen Weg mit weniger Risiken und schnellerer Genesung im Vergleich zu Operationen. Seine Wirksamkeit h\u00e4ngt jedoch davon ab, dass man seinen Lebensstil dauerhaft \u00e4ndert, denn es ist ein Instrument zur Unterst\u00fctzung der Gewichtsabnahme. Es ist wichtig zu wissen, dass der Ballon vor\u00fcbergehend ist und nach etwa sechs Monaten entfernt werden muss. Die Bewertung der Bereitschaft zur \u00c4nderung des Lebensstils, des potenziellen Nutzens und der damit verbundenen Kosten ist der Schl\u00fcssel zur Beurteilung des Nutzens dieser Behandlung.<\/p>\n\n<\/div>\n<\/div>\n<div id=\"faq-question-1684914702520\" class=\"rank-math-list-item\">\n<h3 class=\"rank-math-question \">Ist ein Magenballon wirksam?<\/h3>\n<div class=\"rank-math-answer \">\n\n<p>Ja, Magenballons k\u00f6nnen bei der Gewichtsabnahme wirksam sein. Sie bieten eine kurzfristige L\u00f6sung, die den Menschen den Einstieg in die Gewichtsreduzierung erleichtert. Durch die Anregung der S\u00e4ttigung und die Unterst\u00fctzung der Portionskontrolle tragen diese Ballons dazu bei, die Kalorienzufuhr einzuschr\u00e4nken und w\u00e4hrend ihrer gesamten Dauer einen erheblichen Gewichtsverlust zu erzielen.<\/p>\n\n<\/div>\n<\/div>\n<\/div>\n<\/div>\n<p>\u00a0<\/p>\n\n<h3 class=\"wp-block-heading\">Kontaktieren Sie uns jetzt, falls Sie Fragen haben!<\/h3>\n","protected":false},"excerpt":{"rendered":"<p>Magenballon in Istanbul in der T\u00fcrkei<\/p>\n","protected":false},"author":4,"featured_media":105045,"parent":0,"menu_order":0,"comment_status":"closed","ping_status":"closed","template":"","meta":{"site-sidebar-layout":"default","site-content-layout":"","ast-site-content-layout":"default","site-content-style":"default","site-sidebar-style":"default","ast-global-header-display":"","ast-banner-title-visibility":"","ast-main-header-display":"","ast-hfb-above-header-display":"","ast-hfb-below-header-display":"","ast-hfb-mobile-header-display":"","site-post-title":"","ast-breadcrumbs-content":"","ast-featured-img":"","footer-sml-layout":"","ast-disable-related-posts":"","theme-transparent-header-meta":"","adv-header-id-meta":"","stick-header-meta":"","header-above-stick-meta":"","header-main-stick-meta":"","header-below-stick-meta":"","astra-migrate-meta-layouts":"default","ast-page-background-enabled":"default","ast-page-background-meta":{"desktop":{"background-color":"var(--ast-global-color-4)","background-image":"","background-repeat":"repeat","background-position":"center center","background-size":"auto","background-attachment":"scroll","background-type":"","background-media":"","overlay-type":"","overlay-color":"","overlay-opacity":"","overlay-gradient":""},"tablet":{"background-color":"","background-image":"","background-repeat":"repeat","background-position":"center center","background-size":"auto","background-attachment":"scroll","background-type":"","background-media":"","overlay-type":"","overlay-color":"","overlay-opacity":"","overlay-gradient":""},"mobile":{"background-color":"","background-image":"","background-repeat":"repeat","background-position":"center center","background-size":"auto","background-attachment":"scroll","background-type":"","background-media":"","overlay-type":"","overlay-color":"","overlay-opacity":"","overlay-gradient":""}},"ast-content-background-meta":{"desktop":{"background-color":"var(--ast-global-color-5)","background-image":"","background-repeat":"repeat","background-position":"center center","background-size":"auto","background-attachment":"scroll","background-type":"","background-media":"","overlay-type":"","overlay-color":"","overlay-opacity":"","overlay-gradient":""},"tablet":{"background-color":"var(--ast-global-color-5)","background-image":"","background-repeat":"repeat","background-position":"center center","background-size":"auto","background-attachment":"scroll","background-type":"","background-media":"","overlay-type":"","overlay-color":"","overlay-opacity":"","overlay-gradient":""},"mobile":{"background-color":"var(--ast-global-color-5)","background-image":"","background-repeat":"repeat","background-position":"center center","background-size":"auto","background-attachment":"scroll","background-type":"","background-media":"","overlay-type":"","overlay-color":"","overlay-opacity":"","overlay-gradient":""}},"footnotes":""},"class_list":["post-148167","page","type-page","status-publish","has-post-thumbnail","hentry"],"_links":{"self":[{"href":"https:\/\/medclinics.com\/de\/wp-json\/wp\/v2\/pages\/148167","targetHints":{"allow":["GET"]}}],"collection":[{"href":"https:\/\/medclinics.com\/de\/wp-json\/wp\/v2\/pages"}],"about":[{"href":"https:\/\/medclinics.com\/de\/wp-json\/wp\/v2\/types\/page"}],"author":[{"embeddable":true,"href":"https:\/\/medclinics.com\/de\/wp-json\/wp\/v2\/users\/4"}],"replies":[{"embeddable":true,"href":"https:\/\/medclinics.com\/de\/wp-json\/wp\/v2\/comments?post=148167"}],"version-history":[{"count":0,"href":"https:\/\/medclinics.com\/de\/wp-json\/wp\/v2\/pages\/148167\/revisions"}],"wp:featuredmedia":[{"embeddable":true,"href":"https:\/\/medclinics.com\/de\/wp-json\/wp\/v2\/media\/105045"}],"wp:attachment":[{"href":"https:\/\/medclinics.com\/de\/wp-json\/wp\/v2\/media?parent=148167"}],"curies":[{"name":"wp","href":"https:\/\/api.w.org\/{rel}","templated":true}]}}