{"id":148028,"date":"2023-05-25T14:18:08","date_gmt":"2023-05-25T11:18:08","guid":{"rendered":"https:\/\/medclinics.com\/robotergestutzte-haarchirurgie\/"},"modified":"2025-01-25T00:37:56","modified_gmt":"2025-01-24T21:37:56","slug":"robotergestutzte-haarchirurgie","status":"publish","type":"page","link":"https:\/\/medclinics.com\/de\/robotergestutzte-haarchirurgie\/","title":{"rendered":"Robotergest\u00fctzte Haarchirurgie"},"content":{"rendered":"\n<h2 class=\"wp-block-heading\">Wenn Sie auf der Suche nach einer M\u00f6glichkeit sind, volleres, lebendigeres Haar zu bekommen, k\u00f6nnte die robotergest\u00fctzte Haarchirurgie die perfekte Gelegenheit f\u00fcr Sie sein.<\/h2>\n\n<p>Die robotergest\u00fctzte Haarchirurgie ist ein fortschrittliches Verfahren zur <a href=\"https:\/\/en.wikipedia.org\/wiki\/Hair_transplantation\" target=\"_blank\" rel=\"noreferrer noopener\">Haarwiederherstellung<\/a>, bei dem Robotersysteme, k\u00fcnstliche Intelligenz und Bildgebungstechnologie zum Einsatz kommen.  <\/p>\n\n<p>Es bietet eine pr\u00e4zise Extraktion und Transplantation einzelner Haarfollikel, was zu einem nat\u00fcrlich aussehenden Haarwachstum f\u00fchrt. Mit minimaler Narbenbildung und k\u00fcrzeren Erholungszeiten bietet es personalisierte Behandlungspl\u00e4ne f\u00fcr eine effektive Haarwiederherstellung.<\/p>\n\n<p>Das Robotersystem besteht aus einem kleinen Handger\u00e4t, das mit speziell entwickelten Roboterarmen und Sensoren ausgestattet ist, um den Extraktionsprozess durchzuf\u00fchren. Es navigiert sorgf\u00e4ltig durch den Spenderbereich und identifiziert selektiv gesunde Haarfollikel f\u00fcr die Transplantation.  <\/p>\n\n<p>Die Pr\u00e4zision des Robotersystems minimiert das Risiko einer Sch\u00e4digung des umliegenden Gewebes und gew\u00e4hrleistet eine optimale Erhaltung der Transplantate.<\/p>\n\n<p>Nach Abschluss der Entnahmephase schafft der Chirurg winzige Empf\u00e4ngerstellen in den Bereichen der Kopfhaut, in denen eine Haarwiederherstellung gew\u00fcnscht wird. Das Robotersystem kann auch bei diesem Prozess helfen und eine konsistente und genaue Platzierung der Empf\u00e4ngerstellen gew\u00e4hrleisten.  <\/p>\n\n<p>Schlie\u00dflich werden die entnommenen Haarfollikel sorgf\u00e4ltig in die Empf\u00e4ngerstellen verpflanzt, so dass ein nat\u00fcrlich aussehender Haarwuchs entsteht, der sich nahtlos in das vorhandene Haar einf\u00fcgt.<\/p>\n\n<h3 class=\"wp-block-heading\">Alles, was Sie \u00fcber <a href=\"https:\/\/medclinics.com\/de\/haartransplantation\/\" target=\"_blank\" rel=\"noreferrer noopener\">Haartransplantation<\/a> wissen m\u00fcssen, einschlie\u00dflich Preis, Nachbehandlung und Heilungsprozess, oder <a href=\"#requestform\">kontaktieren Sie uns<\/a>!<\/h3>\n\n<h2 class=\"wp-block-heading\">FAQ <\/h2>\n<div id=\"rank-math-faq\" class=\"rank-math-block\">\n<div class=\"rank-math-list \">\n<div id=\"faq-question-1685024108686\" class=\"rank-math-list-item\">\n<h3 class=\"rank-math-question \">Was ist eine robotergest\u00fctzte Haartransplantation?<\/h3>\n<div class=\"rank-math-answer \">\n\n<p>Die robotergest\u00fctzte Haartransplantation ist ein fortschrittliches chirurgisches Verfahren, bei dem Robotersysteme und k\u00fcnstliche Intelligenz zur Entnahme und Verpflanzung einzelner Haarfollikel eingesetzt werden. Es bietet Pr\u00e4zision, minimale Invasivit\u00e4t und individuelle Behandlungspl\u00e4ne f\u00fcr eine effektive Haarwiederherstellung.<\/p>\n\n<\/div>\n<\/div>\n<div id=\"faq-question-1685023671602\" class=\"rank-math-list-item\">\n<h3 class=\"rank-math-question \">Ist die robotergest\u00fctzte Haartransplantation schmerzhaft?<\/h3>\n<div class=\"rank-math-answer \">\n\n<p>Die robotergest\u00fctzten haarchirurgischen Eingriffe gelten im Allgemeinen als minimal schmerzhaft. Das Verfahren beinhaltet eine lokale An\u00e4sthesie, um die Kopfhaut zu bet\u00e4uben, damit der Eingriff angenehm verl\u00e4uft. Nach dem Eingriff kann es zu leichtem Unbehagen oder Schmerzen kommen, die jedoch in der Regel mit rezeptfreien Schmerzmitteln behandelt werden k\u00f6nnen. Die minimal-invasive Natur der robotergest\u00fctzten Haarchirurgie tr\u00e4gt auch zu einer schnelleren Erholungszeit und weniger postoperativen Beschwerden im Vergleich zu traditionellen Haartransplantationstechniken bei.<\/p>\n\n<\/div>\n<\/div>\n<div id=\"faq-question-1685023794838\" class=\"rank-math-list-item\">\n<h3 class=\"rank-math-question \">Funktioniert die robotergest\u00fctzte Haartransplantation?<\/h3>\n<div class=\"rank-math-answer \">\n\n<p>Ja, die robotergest\u00fctzte Haartransplantation ist eine wirksame und bew\u00e4hrte Methode zur Haarwiederherstellung. Das bei diesen Eingriffen verwendete Robotersystem bietet mehrere Vorteile, die zu einem erfolgreichen Ergebnis beitragen. Die Pr\u00e4zision und Genauigkeit des Robotersystems gew\u00e4hrleistet die sorgf\u00e4ltige Entnahme und Platzierung der Haarfollikel, was zu einem nat\u00fcrlich aussehenden Haarwuchs f\u00fchrt. Die fortschrittliche Bildgebungstechnologie erm\u00f6glicht personalisierte Behandlungspl\u00e4ne, die auf die individuellen Haarcharakteristika jedes Einzelnen zugeschnitten sind, was die Wirksamkeit des Verfahrens weiter erh\u00f6ht.<\/p>\n\n<\/div>\n<\/div>\n<div id=\"faq-question-1685023801188\" class=\"rank-math-list-item\">\n<h3 class=\"rank-math-question \">Ist die robotergest\u00fctzte Haartransplantation besser?<\/h3>\n<div class=\"rank-math-answer \">\n\n<p>Die robotergest\u00fctzte Haarchirurgie ist aufgrund ihrer Pr\u00e4zision, minimalen Invasivit\u00e4t und individuellen Behandlungsm\u00f6glichkeiten eine bevorzugte Wahl f\u00fcr die Haarwiederherstellung. Die fortschrittliche Technologie gew\u00e4hrleistet eine pr\u00e4zise Entnahme und Platzierung der Haarfollikel, was zu einem nat\u00fcrlich aussehenden Ergebnis f\u00fchrt. Dank der geringeren Narbenbildung und der schnelleren Genesung bietet die robotergest\u00fctzte Haartransplantation eine zuverl\u00e4ssige und effiziente L\u00f6sung f\u00fcr alle, die eine effektive Haarwiederherstellung w\u00fcnschen.<\/p>\n\n<\/div>\n<\/div>\n<\/div>\n<\/div>\n<p><\/p>\n\n<h3 class=\"wp-block-heading\">Kontaktieren Sie uns jetzt, falls Sie Fragen haben!<\/h3>\n","protected":false},"excerpt":{"rendered":"<p>Wenn Sie auf der Suche nach einer M\u00f6glichkeit sind, volleres, lebendigeres Haar zu bekommen, k\u00f6nnte die robotergest\u00fctzte Haarchirurgie die perfekte [&hellip;]<\/p>\n","protected":false},"author":4,"featured_media":104958,"parent":0,"menu_order":0,"comment_status":"closed","ping_status":"closed","template":"","meta":{"site-sidebar-layout":"default","site-content-layout":"","ast-site-content-layout":"default","site-content-style":"default","site-sidebar-style":"default","ast-global-header-display":"","ast-banner-title-visibility":"","ast-main-header-display":"","ast-hfb-above-header-display":"","ast-hfb-below-header-display":"","ast-hfb-mobile-header-display":"","site-post-title":"","ast-breadcrumbs-content":"","ast-featured-img":"","footer-sml-layout":"","ast-disable-related-posts":"","theme-transparent-header-meta":"","adv-header-id-meta":"","stick-header-meta":"","header-above-stick-meta":"","header-main-stick-meta":"","header-below-stick-meta":"","astra-migrate-meta-layouts":"default","ast-page-background-enabled":"default","ast-page-background-meta":{"desktop":{"background-color":"var(--ast-global-color-4)","background-image":"","background-repeat":"repeat","background-position":"center center","background-size":"auto","background-attachment":"scroll","background-type":"","background-media":"","overlay-type":"","overlay-color":"","overlay-opacity":"","overlay-gradient":""},"tablet":{"background-color":"","background-image":"","background-repeat":"repeat","background-position":"center center","background-size":"auto","background-attachment":"scroll","background-type":"","background-media":"","overlay-type":"","overlay-color":"","overlay-opacity":"","overlay-gradient":""},"mobile":{"background-color":"","background-image":"","background-repeat":"repeat","background-position":"center center","background-size":"auto","background-attachment":"scroll","background-type":"","background-media":"","overlay-type":"","overlay-color":"","overlay-opacity":"","overlay-gradient":""}},"ast-content-background-meta":{"desktop":{"background-color":"var(--ast-global-color-5)","background-image":"","background-repeat":"repeat","background-position":"center center","background-size":"auto","background-attachment":"scroll","background-type":"","background-media":"","overlay-type":"","overlay-color":"","overlay-opacity":"","overlay-gradient":""},"tablet":{"background-color":"var(--ast-global-color-5)","background-image":"","background-repeat":"repeat","background-position":"center center","background-size":"auto","background-attachment":"scroll","background-type":"","background-media":"","overlay-type":"","overlay-color":"","overlay-opacity":"","overlay-gradient":""},"mobile":{"background-color":"var(--ast-global-color-5)","background-image":"","background-repeat":"repeat","background-position":"center center","background-size":"auto","background-attachment":"scroll","background-type":"","background-media":"","overlay-type":"","overlay-color":"","overlay-opacity":"","overlay-gradient":""}},"footnotes":""},"class_list":["post-148028","page","type-page","status-publish","has-post-thumbnail","hentry"],"_links":{"self":[{"href":"https:\/\/medclinics.com\/de\/wp-json\/wp\/v2\/pages\/148028","targetHints":{"allow":["GET"]}}],"collection":[{"href":"https:\/\/medclinics.com\/de\/wp-json\/wp\/v2\/pages"}],"about":[{"href":"https:\/\/medclinics.com\/de\/wp-json\/wp\/v2\/types\/page"}],"author":[{"embeddable":true,"href":"https:\/\/medclinics.com\/de\/wp-json\/wp\/v2\/users\/4"}],"replies":[{"embeddable":true,"href":"https:\/\/medclinics.com\/de\/wp-json\/wp\/v2\/comments?post=148028"}],"version-history":[{"count":0,"href":"https:\/\/medclinics.com\/de\/wp-json\/wp\/v2\/pages\/148028\/revisions"}],"wp:featuredmedia":[{"embeddable":true,"href":"https:\/\/medclinics.com\/de\/wp-json\/wp\/v2\/media\/104958"}],"wp:attachment":[{"href":"https:\/\/medclinics.com\/de\/wp-json\/wp\/v2\/media?parent=148028"}],"curies":[{"name":"wp","href":"https:\/\/api.w.org\/{rel}","templated":true}]}}