{"id":148014,"date":"2023-05-30T07:43:20","date_gmt":"2023-05-30T07:43:20","guid":{"rendered":"https:\/\/medclinics.com\/nasolabial-fullstoffe\/"},"modified":"2024-04-04T19:21:22","modified_gmt":"2024-04-04T16:21:22","slug":"nasolabial-fullstoffe","status":"publish","type":"page","link":"https:\/\/medclinics.com\/de\/nasolabial-fullstoffe\/","title":{"rendered":"Nasolabial-F\u00fcllstoffe"},"content":{"rendered":"\n<h2 class=\"wp-block-heading\">M\u00f6chten Sie das Erscheinungsbild der Nasolabialfalten, auch bekannt als Lachfalten, verbessern? Nasolabialfiller k\u00f6nnten genau das Richtige f\u00fcr Sie sein!<\/h2>\n\n<p>Diese Behandlungen <a href=\"https:\/\/en.wikipedia.org\/wiki\/Injectable_filler\" target=\"_blank\" rel=\"noreferrer noopener\">mit dermalen Fillern<\/a> dienen dazu, der Haut Volumen zu verleihen und Falten zu gl\u00e4tten. Am h\u00e4ufigsten werden zu diesem Zweck Filler auf Hyalurons\u00e4urebasis verwendet, da es sich dabei um nat\u00fcrlich vorkommende Substanzen handelt, die zur Aufrechterhaltung der Hydratation und Elastizit\u00e4t beitragen.<\/p>\n\n<p>W\u00e4hrend einer Behandlungssitzung mit einer medizinischen Fachkraft werden diese speziellen Filler in die gew\u00fcnschten Bereiche entlang Ihrer Nasolabialfalten injiziert. Das Ergebnis ist eine praller aussehende Haut, die weniger Tiefe und ein insgesamt glatteres Aussehen aufweist &#8211; perfekt, wenn Sie ein jugendlicheres Aussehen erreichen m\u00f6chten!<\/p>\n\n<p>Das Beste daran: Die Ausfallzeiten nach solchen Eingriffen sind bestenfalls minimal; es kann zu vor\u00fcbergehenden R\u00f6tungen, Schwellungen oder Bluterg\u00fcssen kommen, die aber innerhalb weniger Tage nach der Behandlung abklingen sollten.<\/p>\n\n<p>Es ist wichtig, dass die Ergebnisse nicht dauerhaft sind, sondern von mehreren Monaten bis zu \u00fcber einem Jahr anhalten k\u00f6nnen, je nach der individuellen Stoffwechselrate und anderen Faktoren, wie z. B. dem\/den von den Patienten bei der vorherigen Beratung gew\u00e4hlten Typ(en) (Auffrischung empfohlen). Warum also noch l\u00e4nger mit der \u00dcberlegung warten, ob die Kontrolle dieser l\u00e4stigen Lachfalten in Zukunft den Unterschied ausmachen k\u00f6nnte?<\/p>\n\n<h3 class=\"wp-block-heading\">Alles, was Sie \u00fcber <a href=\"https:\/\/medclinics.com\/de\/schonheit\/\" target=\"_blank\" rel=\"noreferrer noopener\">Sch\u00f6nheitsbehandlungen<\/a> wissen m\u00fcssen, finden Sie hier, <a href=\"#requestform\">kontaktieren Sie uns<\/a>!<\/h3>\n\n<h2 class=\"wp-block-heading\">FAQ <\/h2>\n<div id=\"rank-math-faq\" class=\"rank-math-block\">\n<div class=\"rank-math-list \">\n<div id=\"faq-question-1685432338494\" class=\"rank-math-list-item\">\n<h3 class=\"rank-math-question \">Was sind Nasolabialf\u00fcller?<\/h3>\n<div class=\"rank-math-answer \">\n\n<p>Nasolabialfiller sind injizierbare Substanzen, mit denen das Erscheinungsbild tiefer Linien und Falten, die sich von der Nase bis zu den Mundwinkeln bilden, vor\u00fcbergehend gemildert werden kann (Nasolabialfalten). Diese F\u00fcllstoffe bestehen aus verschiedenen Materialien, darunter Hyalurons\u00e4ure, Kalziumhydroxylapatit oder Polymilchs\u00e4ure, die biokompatibel und f\u00fcr die kosmetische Anwendung sicher sind.<\/p>\n\n<\/div>\n<\/div>\n<div id=\"faq-question-1685432333235\" class=\"rank-math-list-item\">\n<h3 class=\"rank-math-question \">Sind Nasolabialf\u00fcller sicher?<\/h3>\n<div class=\"rank-math-answer \">\n\n<p>Nasolabialfiller gelten im Allgemeinen als sicher, wenn sie von einem qualifizierten und erfahrenen Arzt verabreicht werden.<\/p>\n\n<\/div>\n<\/div>\n<div id=\"faq-question-1685432427756\" class=\"rank-math-list-item\">\n<h3 class=\"rank-math-question \">Sind Nasolabialfiller es wert?<\/h3>\n<div class=\"rank-math-answer \">\n\n<p>Ob sich Nasolabialfiller f\u00fcr Sie lohnen, h\u00e4ngt von Ihren pers\u00f6nlichen Zielen, Vorlieben und individuellen Umst\u00e4nden ab.<\/p>\n\n<\/div>\n<\/div>\n<div id=\"faq-question-1685432457969\" class=\"rank-math-list-item\">\n<h3 class=\"rank-math-question \">Sind Nasolabialfiller schmerzhaft?<\/h3>\n<div class=\"rank-math-answer \">\n\n<p>Der Grad der Unannehmlichkeiten, die bei der Injektion von Nasolabialfillern auftreten, kann von Person zu Person variieren. Die meisten Personen berichten jedoch, dass sie sich w\u00e4hrend des Eingriffs nur leicht bis m\u00e4\u00dfig unwohl f\u00fchlen. Die Schmerzen sind in der Regel \u00fcberschaubar, und einige \u00c4rzte k\u00f6nnen Techniken wie das Auftragen einer bet\u00e4ubenden Creme oder die Verwendung von F\u00fcllstoffen mit \u00f6rtlicher Bet\u00e4ubung anwenden, um die Unannehmlichkeiten zu minimieren.<\/p>\n\n<\/div>\n<\/div>\n<\/div>\n<\/div>\n<p><\/p>\n\n<h3 class=\"wp-block-heading\">Kontaktieren Sie uns jetzt, falls Sie Fragen haben!<\/h3>\n","protected":false},"excerpt":{"rendered":"<p>M\u00f6chten Sie das Erscheinungsbild der Nasolabialfalten, auch bekannt als Lachfalten, verbessern? Nasolabialfiller k\u00f6nnten genau das Richtige f\u00fcr Sie sein! Diese [&hellip;]<\/p>\n","protected":false},"author":4,"featured_media":92771,"parent":0,"menu_order":0,"comment_status":"closed","ping_status":"closed","template":"","meta":{"site-sidebar-layout":"default","site-content-layout":"","ast-site-content-layout":"default","site-content-style":"default","site-sidebar-style":"default","ast-global-header-display":"","ast-banner-title-visibility":"","ast-main-header-display":"","ast-hfb-above-header-display":"","ast-hfb-below-header-display":"","ast-hfb-mobile-header-display":"","site-post-title":"","ast-breadcrumbs-content":"","ast-featured-img":"","footer-sml-layout":"","ast-disable-related-posts":"","theme-transparent-header-meta":"","adv-header-id-meta":"","stick-header-meta":"","header-above-stick-meta":"","header-main-stick-meta":"","header-below-stick-meta":"","astra-migrate-meta-layouts":"default","ast-page-background-enabled":"default","ast-page-background-meta":{"desktop":{"background-color":"var(--ast-global-color-4)","background-image":"","background-repeat":"repeat","background-position":"center center","background-size":"auto","background-attachment":"scroll","background-type":"","background-media":"","overlay-type":"","overlay-color":"","overlay-opacity":"","overlay-gradient":""},"tablet":{"background-color":"","background-image":"","background-repeat":"repeat","background-position":"center center","background-size":"auto","background-attachment":"scroll","background-type":"","background-media":"","overlay-type":"","overlay-color":"","overlay-opacity":"","overlay-gradient":""},"mobile":{"background-color":"","background-image":"","background-repeat":"repeat","background-position":"center center","background-size":"auto","background-attachment":"scroll","background-type":"","background-media":"","overlay-type":"","overlay-color":"","overlay-opacity":"","overlay-gradient":""}},"ast-content-background-meta":{"desktop":{"background-color":"var(--ast-global-color-5)","background-image":"","background-repeat":"repeat","background-position":"center center","background-size":"auto","background-attachment":"scroll","background-type":"","background-media":"","overlay-type":"","overlay-color":"","overlay-opacity":"","overlay-gradient":""},"tablet":{"background-color":"var(--ast-global-color-5)","background-image":"","background-repeat":"repeat","background-position":"center center","background-size":"auto","background-attachment":"scroll","background-type":"","background-media":"","overlay-type":"","overlay-color":"","overlay-opacity":"","overlay-gradient":""},"mobile":{"background-color":"var(--ast-global-color-5)","background-image":"","background-repeat":"repeat","background-position":"center center","background-size":"auto","background-attachment":"scroll","background-type":"","background-media":"","overlay-type":"","overlay-color":"","overlay-opacity":"","overlay-gradient":""}},"footnotes":""},"class_list":["post-148014","page","type-page","status-publish","has-post-thumbnail","hentry"],"_links":{"self":[{"href":"https:\/\/medclinics.com\/de\/wp-json\/wp\/v2\/pages\/148014","targetHints":{"allow":["GET"]}}],"collection":[{"href":"https:\/\/medclinics.com\/de\/wp-json\/wp\/v2\/pages"}],"about":[{"href":"https:\/\/medclinics.com\/de\/wp-json\/wp\/v2\/types\/page"}],"author":[{"embeddable":true,"href":"https:\/\/medclinics.com\/de\/wp-json\/wp\/v2\/users\/4"}],"replies":[{"embeddable":true,"href":"https:\/\/medclinics.com\/de\/wp-json\/wp\/v2\/comments?post=148014"}],"version-history":[{"count":0,"href":"https:\/\/medclinics.com\/de\/wp-json\/wp\/v2\/pages\/148014\/revisions"}],"wp:featuredmedia":[{"embeddable":true,"href":"https:\/\/medclinics.com\/de\/wp-json\/wp\/v2\/media\/92771"}],"wp:attachment":[{"href":"https:\/\/medclinics.com\/de\/wp-json\/wp\/v2\/media?parent=148014"}],"curies":[{"name":"wp","href":"https:\/\/api.w.org\/{rel}","templated":true}]}}