{"id":147988,"date":"2023-05-30T07:57:24","date_gmt":"2023-05-30T04:57:24","guid":{"rendered":"https:\/\/medclinics.com\/regenera-activa-3\/"},"modified":"2024-04-04T19:32:29","modified_gmt":"2024-04-04T16:32:29","slug":"regenera-activa-3","status":"publish","type":"page","link":"https:\/\/medclinics.com\/de\/regenera-activa-3\/","title":{"rendered":"Regenera Activa"},"content":{"rendered":"\n<h2 class=\"wp-block-heading\">Profitieren Sie noch heute von der Spitzentechnologie f\u00fcr Regenera Activa!<\/h2>\n\n<p>Regenera activa ist ein revolution\u00e4res Verfahren zur Haarwiederherstellung, bei dem gesunde und kr\u00e4ftige Haarfollikel durch eine spezielle Suspension vorbereitet werden, die dann auf problematische Kopfhautbereiche \u00fcbertragen wird. Bei diesem Verfahren wird der genetische Code hinter dem Nacken und den Ohren genutzt, um leblose Haarfollikel zu unterst\u00fctzen.<\/p>\n\n<p>Die Entfernung von 3-4 Haarfollikeln hinter dem Ohr w\u00e4hrend dieser Behandlung verursacht keine Schmerzen oder Unannehmlichkeiten. Diese extrahierten Haare werden in spezialisierte Zellsuspensionen umgewandelt, die bei der Behandlung von Krankheiten wie androgenetischer <a href=\"https:\/\/en.wikipedia.org\/wiki\/Alopecia_areata\" target=\"_blank\" rel=\"noreferrer noopener\">Alopezie und Kahlheit<\/a> eingesetzt werden.<\/p>\n\n<p>Bei diesem regenerativen Ansatz wird Gewebe verwendet, das direkt aus dem K\u00f6rper des Patienten entnommen wurde, so dass m\u00f6gliche Komplikationen durch das Einbringen von Fremdmaterial in den K\u00f6rper vermieden werden. Die Injektion f\u00fchrt zu einer Vermehrung der Vorl\u00e4uferzellen in den behandelten Bereichen und ist daher sehr vorteilhaft f\u00fcr diejenigen, die eine wirksame L\u00f6sung f\u00fcr schwere F\u00e4lle von d\u00fcnner werdenden oder zur\u00fcckweichenden Kronen suchen.<\/p>\n\n<p>Klinische Versuche haben vielversprechende Ergebnisse gezeigt, wobei die einzeln entnommenen Zellen vor der Verwendung in Regenera activa-Anwendungen strengen Filterverfahren unterzogen werden.  <\/p>\n\n<h3 class=\"wp-block-heading\">Alles, was Sie \u00fcber <a href=\"https:\/\/medclinics.com\/de\/schonheit\/\" target=\"_blank\" rel=\"noreferrer noopener\">Sch\u00f6nheitsbehandlungen<\/a> wissen m\u00fcssen, finden Sie hier, <a href=\"https:\/\/medclinics.com\/wp-admin\/post.php?post=90890&amp;action=edit&amp;lang=en#requestform\">kontaktieren Sie uns<\/a> jetzt!<\/h3>\n\n<h2 class=\"wp-block-heading\">FAQ <\/h2>\n<div id=\"rank-math-faq\" class=\"rank-math-block\">\n<div class=\"rank-math-list \">\n<div id=\"faq-question-1685433064679\" class=\"rank-math-list-item\">\n<h3 class=\"rank-math-question \">Was ist regenera active?<\/h3>\n<div class=\"rank-math-answer \">\n\n<p>Es handelt sich um ein regeneratives medizinisches Verfahren, das zur Behandlung von Haarausfall eingesetzt wird. Dabei werden kleine Gewebefragmente (Mikrografts) aus der Kopfhaut des Patienten entnommen und in Bereiche mit Haarausfall oder d\u00fcnner werdendem Haar injiziert.<\/p>\n\n<\/div>\n<\/div>\n<div id=\"faq-question-1685433056925\" class=\"rank-math-list-item\">\n<h3 class=\"rank-math-question \">Ist regenera activa wirksam?<\/h3>\n<div class=\"rank-math-answer \">\n\n<p>Die Wirksamkeit von Regenera Activa kann von Person zu Person unterschiedlich sein. Es gibt vereinzelte Berichte \u00fcber positive Ergebnisse.<\/p>\n\n<\/div>\n<\/div>\n<div id=\"faq-question-1685433063829\" class=\"rank-math-list-item\">\n<h3 class=\"rank-math-question \">Ist regenera activa sicher?<\/h3>\n<div class=\"rank-math-answer \">\n\n<p>Sie gilt im Allgemeinen als sicher, wenn sie von einer qualifizierten und erfahrenen medizinischen Fachkraft durchgef\u00fchrt wird.<\/p>\n\n<\/div>\n<\/div>\n<\/div>\n<\/div>\n<p><\/p>\n\n<h3 class=\"wp-block-heading\">Kontaktieren Sie uns jetzt, falls Sie Fragen haben!<\/h3>\n","protected":false},"excerpt":{"rendered":"<p>Profitieren Sie noch heute von der Spitzentechnologie f\u00fcr Regenera Activa! Regenera activa ist ein revolution\u00e4res Verfahren zur Haarwiederherstellung, bei dem [&hellip;]<\/p>\n","protected":false},"author":4,"featured_media":92991,"parent":0,"menu_order":0,"comment_status":"closed","ping_status":"closed","template":"","meta":{"site-sidebar-layout":"default","site-content-layout":"","ast-site-content-layout":"default","site-content-style":"default","site-sidebar-style":"default","ast-global-header-display":"","ast-banner-title-visibility":"","ast-main-header-display":"","ast-hfb-above-header-display":"","ast-hfb-below-header-display":"","ast-hfb-mobile-header-display":"","site-post-title":"","ast-breadcrumbs-content":"","ast-featured-img":"","footer-sml-layout":"","ast-disable-related-posts":"","theme-transparent-header-meta":"","adv-header-id-meta":"","stick-header-meta":"","header-above-stick-meta":"","header-main-stick-meta":"","header-below-stick-meta":"","astra-migrate-meta-layouts":"default","ast-page-background-enabled":"default","ast-page-background-meta":{"desktop":{"background-color":"var(--ast-global-color-4)","background-image":"","background-repeat":"repeat","background-position":"center center","background-size":"auto","background-attachment":"scroll","background-type":"","background-media":"","overlay-type":"","overlay-color":"","overlay-opacity":"","overlay-gradient":""},"tablet":{"background-color":"","background-image":"","background-repeat":"repeat","background-position":"center center","background-size":"auto","background-attachment":"scroll","background-type":"","background-media":"","overlay-type":"","overlay-color":"","overlay-opacity":"","overlay-gradient":""},"mobile":{"background-color":"","background-image":"","background-repeat":"repeat","background-position":"center center","background-size":"auto","background-attachment":"scroll","background-type":"","background-media":"","overlay-type":"","overlay-color":"","overlay-opacity":"","overlay-gradient":""}},"ast-content-background-meta":{"desktop":{"background-color":"var(--ast-global-color-5)","background-image":"","background-repeat":"repeat","background-position":"center center","background-size":"auto","background-attachment":"scroll","background-type":"","background-media":"","overlay-type":"","overlay-color":"","overlay-opacity":"","overlay-gradient":""},"tablet":{"background-color":"var(--ast-global-color-5)","background-image":"","background-repeat":"repeat","background-position":"center center","background-size":"auto","background-attachment":"scroll","background-type":"","background-media":"","overlay-type":"","overlay-color":"","overlay-opacity":"","overlay-gradient":""},"mobile":{"background-color":"var(--ast-global-color-5)","background-image":"","background-repeat":"repeat","background-position":"center center","background-size":"auto","background-attachment":"scroll","background-type":"","background-media":"","overlay-type":"","overlay-color":"","overlay-opacity":"","overlay-gradient":""}},"footnotes":""},"class_list":["post-147988","page","type-page","status-publish","has-post-thumbnail","hentry"],"_links":{"self":[{"href":"https:\/\/medclinics.com\/de\/wp-json\/wp\/v2\/pages\/147988","targetHints":{"allow":["GET"]}}],"collection":[{"href":"https:\/\/medclinics.com\/de\/wp-json\/wp\/v2\/pages"}],"about":[{"href":"https:\/\/medclinics.com\/de\/wp-json\/wp\/v2\/types\/page"}],"author":[{"embeddable":true,"href":"https:\/\/medclinics.com\/de\/wp-json\/wp\/v2\/users\/4"}],"replies":[{"embeddable":true,"href":"https:\/\/medclinics.com\/de\/wp-json\/wp\/v2\/comments?post=147988"}],"version-history":[{"count":0,"href":"https:\/\/medclinics.com\/de\/wp-json\/wp\/v2\/pages\/147988\/revisions"}],"wp:featuredmedia":[{"embeddable":true,"href":"https:\/\/medclinics.com\/de\/wp-json\/wp\/v2\/media\/92991"}],"wp:attachment":[{"href":"https:\/\/medclinics.com\/de\/wp-json\/wp\/v2\/media?parent=147988"}],"curies":[{"name":"wp","href":"https:\/\/api.w.org\/{rel}","templated":true}]}}