{"id":147972,"date":"2023-05-30T07:02:25","date_gmt":"2023-05-30T07:02:25","guid":{"rendered":"https:\/\/medclinics.com\/microblading-4\/"},"modified":"2024-04-04T19:34:23","modified_gmt":"2024-04-04T16:34:23","slug":"microblading-4","status":"publish","type":"page","link":"https:\/\/medclinics.com\/de\/microblading-4\/","title":{"rendered":"Microblading"},"content":{"rendered":"\n<h2 class=\"wp-block-heading\">Sind Sie es leid, jeden Morgen Ihre Augenbrauen aufzuf\u00fcllen? Microblading ist die L\u00f6sung f\u00fcr nat\u00fcrlich aussehende, vollere Brauen, die bis zu drei Jahre halten.<\/h2>\n\n<p>Bei diesem semipermanenten kosmetischen Verfahren wird ein kleines Handger\u00e4t mit winzigen Nadeln verwendet, um haar\u00e4hnliche Striche auf der Haut zu erzeugen.<\/p>\n\n<p>Ein erfahrener Microblading-K\u00fcnstler gestaltet und formt Ihre Augenbrauen sorgf\u00e4ltig nach Ihren Vorlieben und Gesichtsz\u00fcgen, bevor er Pigmente in die oberen Hautschichten einbringt. Das Ergebnis ist die Illusion echter Augenbrauenh\u00e4rchen, die ihrer nat\u00fcrlichen Farbe entsprechen oder diese verst\u00e4rken.<\/p>\n\n<p>Es mag zwar schmerzhaft klingen, aber die Bet\u00e4ubungscreme minimiert das Unbehagen w\u00e4hrend dieses sorgf\u00e4ltigen Prozesses, der Geschick und Pr\u00e4zision erfordert. Jeder Strich ahmt die tats\u00e4chlichen Augenbrauenhaare nach, was zu definierteren B\u00f6gen f\u00fchrt, die speziell auf den einzigartigen Look jeder Kundin zugeschnitten sind.<\/p>\n\n<p>Es ist wichtig, daran zu denken, dass <a href=\"https:\/\/en.wikipedia.org\/wiki\/Microblading\" target=\"_blank\" rel=\"noreferrer noopener\">Microblading <\/a>im Grunde eine T\u00e4towierung ist, bei der jedoch semipermanente Pigmente verwendet werden, die im Laufe der Zeit verblassen, je nach Faktoren wie Lebensstil, Sonneneinstrahlung oder aggressive Chemikalien in Hautpflegeprodukten, die nach dem Eingriff verwendet werden.  <\/p>\n\n<p>Bevor Sie beginnen, sollten Sie sich f\u00fcr einen erfahrenen Fachmann entscheiden, der Sie bei der Nachbehandlung unterst\u00fctzt, damit Ihre neuen Augenbrauen immer gut aussehen!<\/p>\n\n<div class=\"wp-block-columns is-layout-flex wp-container-core-columns-is-layout-28f84493 wp-block-columns-is-layout-flex\">\n<div class=\"wp-block-column is-layout-flow wp-block-column-is-layout-flow\" style=\"flex-basis:33.33%\">\n<figure class=\"wp-block-image alignright size-full is-resized\"><img fetchpriority=\"high\" decoding=\"async\" width=\"280\" height=\"210\" src=\"https:\/\/medclinics.com\/wp-content\/uploads\/2023\/12\/luxus-logo-1.webp\" alt=\"\" class=\"wp-image-119607\" style=\"width:193px;height:auto\" srcset=\"https:\/\/medclinics.com\/wp-content\/uploads\/2023\/12\/luxus-logo-1.webp 280w, https:\/\/medclinics.com\/wp-content\/uploads\/2023\/12\/luxus-logo-1-24x18.webp 24w, https:\/\/medclinics.com\/wp-content\/uploads\/2023\/12\/luxus-logo-1-36x27.webp 36w, https:\/\/medclinics.com\/wp-content\/uploads\/2023\/12\/luxus-logo-1-48x36.webp 48w\" sizes=\"(max-width: 280px) 100vw, 280px\" \/><\/figure>\n<\/div>\n\n\n\n<div class=\"wp-block-column is-vertically-aligned-center is-layout-flow wp-block-column-is-layout-flow\" style=\"flex-basis:66.66%\">\n<h3 class=\"wp-block-heading has-text-align-center\"><strong>Holen Sie sich Ihre Haarverl\u00e4ngerung mit  <\/strong><br\/><strong>&#8222;Luxus Hair Group&#8220;<\/strong><\/h3>\n\n\n\n<p class=\"has-text-align-center\"><em><strong>&#8220; Haar- und Sch\u00f6nheitspflege, Luxus f\u00fcr alle! &#8222;<\/strong><\/em><\/p>\n\n\n\n<div class=\"wp-block-buttons is-content-justification-center is-layout-flex wp-container-core-buttons-is-layout-a89b3969 wp-block-buttons-is-layout-flex\">\n<div class=\"wp-block-button\"><a class=\"wp-block-button__link has-vivid-green-cyan-background-color has-background wp-element-button\" href=\"https:\/\/wa.me\/905322662716?text=From%20MedClinics\" target=\"_blank\" rel=\"noreferrer noopener nofollow\">Online buchen \u00fcber WhatsApp<\/a><\/div>\n<\/div>\n<\/div>\n<\/div>\n\n<h3 class=\"wp-block-heading\">Alles, was Sie \u00fcber <a href=\"https:\/\/medclinics.com\/de\/schonheit\/\" target=\"_blank\" rel=\"noreferrer noopener\">Sch\u00f6nheitsbehandlungen<\/a> wissen m\u00fcssen, einschlie\u00dflich Preis, Nachbehandlung und Heilungsprozess, oder <a href=\"#requestform\">kontaktieren Sie uns<\/a>!<\/h3>\n\n<h2 class=\"wp-block-heading\">FAQ <\/h2>\n<div id=\"rank-math-faq\" class=\"rank-math-block\">\n<div class=\"rank-math-list \">\n<div id=\"faq-question-1685428868689\" class=\"rank-math-list-item\">\n<h3 class=\"rank-math-question \">Wie wird Microblading durchgef\u00fchrt?<\/h3>\n<div class=\"rank-math-answer \">\n\n<p>Der Prozess beginnt in der Regel mit einem Beratungsgespr\u00e4ch, in dem Ihre gew\u00fcnschte Augenbrauenform und Ihre Ziele besprochen werden. Vor dem Eingriff wird eine \u00f6rtliche Bet\u00e4ubungscreme aufgetragen, um die Beschwerden zu minimieren. Der Techniker entwirft und zeichnet die gew\u00fcnschte Augenbrauenform mit einem speziellen Stift nach. Mit einem handgef\u00fchrten Microblading-Ger\u00e4t mit feinen Nadeln werden kleine Schnitte in die oberen Hautschichten gesetzt. Die ausgew\u00e4hlte Pigmentfarbe wird sorgf\u00e4ltig auf die Einschnitte aufgetragen. Es werden mehrere Durchg\u00e4nge durchgef\u00fchrt, um die richtige Pigments\u00e4ttigung zu gew\u00e4hrleisten und die Form und Dichte zu verfeinern. Nach dem Eingriff gibt der Techniker Anweisungen zur Nachbehandlung, um die Heilung zu f\u00f6rdern.<\/p>\n\n<\/div>\n<\/div>\n<div id=\"faq-question-1685428912751\" class=\"rank-math-list-item\">\n<h3 class=\"rank-math-question \">Sind Microblading-Brauen es wert?<\/h3>\n<div class=\"rank-math-answer \">\n\n<p>Microblading-Brauen k\u00f6nnen sich f\u00fcr Personen lohnen, die sich vollere, definiertere Augenbrauen w\u00fcnschen oder sp\u00e4rliche oder ungleichm\u00e4\u00dfige nat\u00fcrliche Brauen haben. Er bietet eine lang anhaltende L\u00f6sung und spart Zeit beim t\u00e4glichen Schminken der Augenbrauen.<\/p>\n\n<\/div>\n<\/div>\n<div id=\"faq-question-1685428913577\" class=\"rank-math-list-item\">\n<h3 class=\"rank-math-question \">Sind Microblading-Augenbrauen dauerhaft?<\/h3>\n<div class=\"rank-math-answer \">\n\n<p>Sie gelten als semi-permanente kosmetische L\u00f6sung. Die beim Microblading verwendeten Pigmente sind so beschaffen, dass sie mit der Zeit verblassen. Im Durchschnitt k\u00f6nnen die Ergebnisse ein bis drei Jahre anhalten.<\/p>\n\n<\/div>\n<\/div>\n<div id=\"faq-question-1685428914227\" class=\"rank-math-list-item\">\n<h3 class=\"rank-math-question \">Kann Microblading nat\u00fcrlich aussehen?<\/h3>\n<div class=\"rank-math-answer \">\n\n<p>Ja, es kann so gestaltet werden, dass die Augenbrauen nat\u00fcrlich aussehen. Bei dieser Technik werden manuell einzelne haar\u00e4hnliche Striche erzeugt, die das Aussehen nat\u00fcrlicher Augenbrauenh\u00e4rchen imitieren.<\/p>\n\n<\/div>\n<\/div>\n<\/div>\n<\/div>\n<p><\/p>\n\n<h3 class=\"wp-block-heading\">Kontaktieren Sie uns jetzt, falls Sie Fragen haben!<\/h3>\n","protected":false},"excerpt":{"rendered":"<p>Sind Sie es leid, jeden Morgen Ihre Augenbrauen aufzuf\u00fcllen? Microblading ist die L\u00f6sung f\u00fcr nat\u00fcrlich aussehende, vollere Brauen, die bis [&hellip;]<\/p>\n","protected":false},"author":4,"featured_media":92727,"parent":0,"menu_order":0,"comment_status":"closed","ping_status":"closed","template":"","meta":{"site-sidebar-layout":"default","site-content-layout":"","ast-site-content-layout":"default","site-content-style":"default","site-sidebar-style":"default","ast-global-header-display":"","ast-banner-title-visibility":"","ast-main-header-display":"","ast-hfb-above-header-display":"","ast-hfb-below-header-display":"","ast-hfb-mobile-header-display":"","site-post-title":"","ast-breadcrumbs-content":"","ast-featured-img":"","footer-sml-layout":"","ast-disable-related-posts":"","theme-transparent-header-meta":"","adv-header-id-meta":"","stick-header-meta":"","header-above-stick-meta":"","header-main-stick-meta":"","header-below-stick-meta":"","astra-migrate-meta-layouts":"default","ast-page-background-enabled":"default","ast-page-background-meta":{"desktop":{"background-color":"var(--ast-global-color-4)","background-image":"","background-repeat":"repeat","background-position":"center center","background-size":"auto","background-attachment":"scroll","background-type":"","background-media":"","overlay-type":"","overlay-color":"","overlay-opacity":"","overlay-gradient":""},"tablet":{"background-color":"","background-image":"","background-repeat":"repeat","background-position":"center center","background-size":"auto","background-attachment":"scroll","background-type":"","background-media":"","overlay-type":"","overlay-color":"","overlay-opacity":"","overlay-gradient":""},"mobile":{"background-color":"","background-image":"","background-repeat":"repeat","background-position":"center center","background-size":"auto","background-attachment":"scroll","background-type":"","background-media":"","overlay-type":"","overlay-color":"","overlay-opacity":"","overlay-gradient":""}},"ast-content-background-meta":{"desktop":{"background-color":"var(--ast-global-color-5)","background-image":"","background-repeat":"repeat","background-position":"center center","background-size":"auto","background-attachment":"scroll","background-type":"","background-media":"","overlay-type":"","overlay-color":"","overlay-opacity":"","overlay-gradient":""},"tablet":{"background-color":"var(--ast-global-color-5)","background-image":"","background-repeat":"repeat","background-position":"center center","background-size":"auto","background-attachment":"scroll","background-type":"","background-media":"","overlay-type":"","overlay-color":"","overlay-opacity":"","overlay-gradient":""},"mobile":{"background-color":"var(--ast-global-color-5)","background-image":"","background-repeat":"repeat","background-position":"center center","background-size":"auto","background-attachment":"scroll","background-type":"","background-media":"","overlay-type":"","overlay-color":"","overlay-opacity":"","overlay-gradient":""}},"footnotes":""},"class_list":["post-147972","page","type-page","status-publish","has-post-thumbnail","hentry"],"_links":{"self":[{"href":"https:\/\/medclinics.com\/de\/wp-json\/wp\/v2\/pages\/147972","targetHints":{"allow":["GET"]}}],"collection":[{"href":"https:\/\/medclinics.com\/de\/wp-json\/wp\/v2\/pages"}],"about":[{"href":"https:\/\/medclinics.com\/de\/wp-json\/wp\/v2\/types\/page"}],"author":[{"embeddable":true,"href":"https:\/\/medclinics.com\/de\/wp-json\/wp\/v2\/users\/4"}],"replies":[{"embeddable":true,"href":"https:\/\/medclinics.com\/de\/wp-json\/wp\/v2\/comments?post=147972"}],"version-history":[{"count":0,"href":"https:\/\/medclinics.com\/de\/wp-json\/wp\/v2\/pages\/147972\/revisions"}],"wp:featuredmedia":[{"embeddable":true,"href":"https:\/\/medclinics.com\/de\/wp-json\/wp\/v2\/media\/92727"}],"wp:attachment":[{"href":"https:\/\/medclinics.com\/de\/wp-json\/wp\/v2\/media?parent=147972"}],"curies":[{"name":"wp","href":"https:\/\/api.w.org\/{rel}","templated":true}]}}