{"id":147966,"date":"2023-05-30T08:09:31","date_gmt":"2023-05-30T08:09:31","guid":{"rendered":"https:\/\/medclinics.com\/lachs-dna-behandlung\/"},"modified":"2024-04-04T19:32:24","modified_gmt":"2024-04-04T16:32:24","slug":"lachs-dna-behandlung","status":"publish","type":"page","link":"https:\/\/medclinics.com\/de\/lachs-dna-behandlung\/","title":{"rendered":"Lachs-DNA-Behandlung"},"content":{"rendered":"\n<h2 class=\"wp-block-heading\">Wenn Sie sich nach strahlender, ungeschminkter Haut sehnen oder die sichtbaren Zeichen der Hautalterung reduzieren wollen, dann ist die Lachs-DNA-Behandlung vielleicht genau das Richtige f\u00fcr Sie.<\/h2>\n\n<p>Die Lachs-DNA-Behandlung ist eine hochwirksame Methode zur Hautverj\u00fcngung, bei der reine <a href=\"https:\/\/en.wikipedia.org\/wiki\/Hyaluronic_acid\" target=\"_blank\" rel=\"noreferrer noopener\">Hyalurons\u00e4ure<\/a> und DNA-Molek\u00fcle aus Lachssperma verwendet werden, um die Zellen Ihrer Haut zu erneuern.  <\/p>\n\n<p>Mit zunehmendem Alter macht unser K\u00f6rper verschiedene Ver\u00e4nderungen durch, die sowohl auf innere als auch auf \u00e4u\u00dfere Faktoren wie Umweltbelastungen zur\u00fcckzuf\u00fchren sind. Leider k\u00f6nnen diese Ver\u00e4nderungen zu einer verminderten Vitalit\u00e4t und Elastizit\u00e4t unserer Hautstruktur f\u00fchren &#8211; insbesondere im Hinblick auf essentielle Substanzen wie Hyalurons\u00e4ure, die f\u00fcr die Zellregeneration notwendig sind.<\/p>\n\n<p>Dieser R\u00fcckgang f\u00fchrt letztlich zu Trockenheit, Bl\u00e4sse und anderen unerw\u00fcnschten Auswirkungen auf das Aussehen. Zum Gl\u00fcck gibt es heute viele verschiedene Hautpflege-Behandlungen, die darauf abzielen, abgestorbenes Gewebe zu revitalisieren und gleichzeitig die gesunde Zellproduktion zu f\u00f6rdern; keine hat jedoch in letzter Zeit so viel Popularit\u00e4t erlangt wie die Lachs-DNA-Therapie &#8211; von einigen Experten umgangssprachlich auch als &#8222;Jugendimpfung&#8220; bezeichnet.<\/p>\n\n<p>Obwohl es oberfl\u00e4chlich betrachtet \u00e4hnlich erscheinen mag, wenn man es mit traditionellen Hautpflegeroutinen vergleicht, ist es wichtig, seine einzigartigen Eigenschaften nicht zu untersch\u00e4tzen. Das Serum, das w\u00e4hrend dieses Prozesses verwendet wird, hat eine identische chemische Zusammensetzung in Bezug auf die menschliche DNS, was die Ergebnisse noch deutlicher macht.<\/p>\n\n<p>Wenn Sie also einen strahlenden, jugendlich aussehenden Teint haben m\u00f6chten, ohne sich ausschlie\u00dflich auf Kosmetika zu verlassen, sollten Sie diese Behandlung in Betracht ziehen!<\/p>\n\n<h3 class=\"wp-block-heading\">Alles, was Sie \u00fcber <a href=\"https:\/\/medclinics.com\/de\/schonheit\/\" target=\"_blank\" rel=\"noreferrer noopener\">Sch\u00f6nheitsbehandlungen<\/a> wissen m\u00fcssen, einschlie\u00dflich Preise und mehr, <a href=\"#requestform\">erfahren Sie bei uns<\/a>!<\/h3>\n\n<h2 class=\"wp-block-heading\">FAQ <\/h2>\n<div id=\"rank-math-faq\" class=\"rank-math-block\">\n<div class=\"rank-math-list \">\n<div id=\"faq-question-1685433788324\" class=\"rank-math-list-item\">\n<h3 class=\"rank-math-question \">Was ist Lachs-DNA?<\/h3>\n<div class=\"rank-math-answer \">\n\n<p>Lachs-DNA, auch bekannt als Lachs-DNA-Extrakt oder Lachsspermaextrakt, ist ein biologischer Inhaltsstoff, der aus den DNA-reichen Zellen des Lachses gewonnen wird. Aufgrund seiner potenziellen Vorteile f\u00fcr die Haut wird es h\u00e4ufig in Kosmetik- und Hautpflegeprodukten verwendet.<\/p>\n\n<\/div>\n<\/div>\n<div id=\"faq-question-1685433877712\" class=\"rank-math-list-item\">\n<h3 class=\"rank-math-question \">Wof\u00fcr wird die Lachs-DNA verwendet?<\/h3>\n<div class=\"rank-math-answer \">\n\n<p>Lachs-DNA findet in verschiedenen Bereichen Anwendung. In der Hautpflege wird es h\u00e4ufig in kosmetischen Produkten verwendet, um die Textur, die Festigkeit und das allgemeine Aussehen der Haut zu verbessern. Es kann auch eine feuchtigkeitsspendende Wirkung haben und die Kollagenproduktion f\u00f6rdern, was zu einer besseren Hydratation und Elastizit\u00e4t der Haut beitr\u00e4gt. Es wurde wegen seiner m\u00f6glichen Rolle bei der Wundheilung untersucht, da ihm regenerative Eigenschaften und entz\u00fcndungshemmende Wirkungen zugeschrieben werden.<\/p>\n\n<\/div>\n<\/div>\n<div id=\"faq-question-1685433876444\" class=\"rank-math-list-item\">\n<h3 class=\"rank-math-question \">Ist Lachs-DNA gut f\u00fcr die Haut?<\/h3>\n<div class=\"rank-math-answer \">\n\n<p>Dem Lachs-DNA-Extrakt werden aufgrund seiner antioxidativen, entz\u00fcndungshemmenden und potenziell regenerierenden Eigenschaften potenzielle Vorteile f\u00fcr die Haut zugeschrieben. Es wird angenommen, dass es die nat\u00fcrlichen Reparaturprozesse der Haut unterst\u00fctzt und ihre Textur, Festigkeit und ihr allgemeines Aussehen verbessert.<\/p>\n\n<\/div>\n<\/div>\n<\/div>\n<\/div>\n<p><\/p>\n\n<h3 class=\"wp-block-heading\">Kontaktieren Sie uns jetzt, falls Sie Fragen haben!<\/h3>\n","protected":false},"excerpt":{"rendered":"<p>Wenn Sie sich nach strahlender, ungeschminkter Haut sehnen oder die sichtbaren Zeichen der Hautalterung reduzieren wollen, dann ist die Lachs-DNA-Behandlung [&hellip;]<\/p>\n","protected":false},"author":4,"featured_media":92787,"parent":0,"menu_order":0,"comment_status":"closed","ping_status":"closed","template":"","meta":{"site-sidebar-layout":"default","site-content-layout":"","ast-site-content-layout":"default","site-content-style":"default","site-sidebar-style":"default","ast-global-header-display":"","ast-banner-title-visibility":"","ast-main-header-display":"","ast-hfb-above-header-display":"","ast-hfb-below-header-display":"","ast-hfb-mobile-header-display":"","site-post-title":"","ast-breadcrumbs-content":"","ast-featured-img":"","footer-sml-layout":"","ast-disable-related-posts":"","theme-transparent-header-meta":"","adv-header-id-meta":"","stick-header-meta":"","header-above-stick-meta":"","header-main-stick-meta":"","header-below-stick-meta":"","astra-migrate-meta-layouts":"default","ast-page-background-enabled":"default","ast-page-background-meta":{"desktop":{"background-color":"var(--ast-global-color-4)","background-image":"","background-repeat":"repeat","background-position":"center center","background-size":"auto","background-attachment":"scroll","background-type":"","background-media":"","overlay-type":"","overlay-color":"","overlay-opacity":"","overlay-gradient":""},"tablet":{"background-color":"","background-image":"","background-repeat":"repeat","background-position":"center center","background-size":"auto","background-attachment":"scroll","background-type":"","background-media":"","overlay-type":"","overlay-color":"","overlay-opacity":"","overlay-gradient":""},"mobile":{"background-color":"","background-image":"","background-repeat":"repeat","background-position":"center center","background-size":"auto","background-attachment":"scroll","background-type":"","background-media":"","overlay-type":"","overlay-color":"","overlay-opacity":"","overlay-gradient":""}},"ast-content-background-meta":{"desktop":{"background-color":"var(--ast-global-color-5)","background-image":"","background-repeat":"repeat","background-position":"center center","background-size":"auto","background-attachment":"scroll","background-type":"","background-media":"","overlay-type":"","overlay-color":"","overlay-opacity":"","overlay-gradient":""},"tablet":{"background-color":"var(--ast-global-color-5)","background-image":"","background-repeat":"repeat","background-position":"center center","background-size":"auto","background-attachment":"scroll","background-type":"","background-media":"","overlay-type":"","overlay-color":"","overlay-opacity":"","overlay-gradient":""},"mobile":{"background-color":"var(--ast-global-color-5)","background-image":"","background-repeat":"repeat","background-position":"center center","background-size":"auto","background-attachment":"scroll","background-type":"","background-media":"","overlay-type":"","overlay-color":"","overlay-opacity":"","overlay-gradient":""}},"footnotes":""},"class_list":["post-147966","page","type-page","status-publish","has-post-thumbnail","hentry"],"_links":{"self":[{"href":"https:\/\/medclinics.com\/de\/wp-json\/wp\/v2\/pages\/147966","targetHints":{"allow":["GET"]}}],"collection":[{"href":"https:\/\/medclinics.com\/de\/wp-json\/wp\/v2\/pages"}],"about":[{"href":"https:\/\/medclinics.com\/de\/wp-json\/wp\/v2\/types\/page"}],"author":[{"embeddable":true,"href":"https:\/\/medclinics.com\/de\/wp-json\/wp\/v2\/users\/4"}],"replies":[{"embeddable":true,"href":"https:\/\/medclinics.com\/de\/wp-json\/wp\/v2\/comments?post=147966"}],"version-history":[{"count":0,"href":"https:\/\/medclinics.com\/de\/wp-json\/wp\/v2\/pages\/147966\/revisions"}],"wp:featuredmedia":[{"embeddable":true,"href":"https:\/\/medclinics.com\/de\/wp-json\/wp\/v2\/media\/92787"}],"wp:attachment":[{"href":"https:\/\/medclinics.com\/de\/wp-json\/wp\/v2\/media?parent=147966"}],"curies":[{"name":"wp","href":"https:\/\/api.w.org\/{rel}","templated":true}]}}