{"id":147956,"date":"2023-05-30T07:21:58","date_gmt":"2023-05-30T07:21:58","guid":{"rendered":"https:\/\/medclinics.com\/microshading-2\/"},"modified":"2024-04-04T19:34:17","modified_gmt":"2024-04-04T16:34:17","slug":"microshading-2","status":"publish","type":"page","link":"https:\/\/medclinics.com\/de\/microshading-2\/","title":{"rendered":"Microshading"},"content":{"rendered":"\n<h2 class=\"wp-block-heading\">Sind Sie es leid, sp\u00e4rliche und unf\u00f6rmige Augenbrauen zu haben? Suchen Sie nicht weiter als Microshading!<\/h2>\n\n<p>Diese semi-permanente Make-up-Technik, die dem <a href=\"https:\/\/en.wikipedia.org\/wiki\/Microblading\" target=\"_blank\" rel=\"noreferrer noopener\">Microblading<\/a> \u00e4hnelt, aber anders angewendet wird, verbessert das Aussehen Ihrer Augenbrauen, indem sie nat\u00fcrlich aussehende haar\u00e4hnliche Punkte oder Linien erzeugt.<\/p>\n\n<p>W\u00e4hrend eines Beratungsgespr\u00e4chs bespricht unser erfahrener Techniker Ihre gew\u00fcnschte Augenbrauenform und -farbe, bevor er ein \u00f6rtliches Bet\u00e4ubungsmittel auftr\u00e4gt, um die Beschwerden w\u00e4hrend des Eingriffs so gering wie m\u00f6glich zu halten. Mit feinen Nadeln, die entweder mit einem Handger\u00e4t oder einer Maschine angebracht werden, wird das Pigment in die oberfl\u00e4chlichen Hautschichten eingebracht, um weiche Pudereffekte zu erzielen, die in Tiefe und Intensit\u00e4t eingestellt werden k\u00f6nnen.<\/p>\n\n<p>Die Ergebnisse sind zwar aufgrund der nat\u00fcrlichen Peeling-Prozesse von Person zu Person unterschiedlich (in der Regel dauert es ein bis drei Jahre), aber f\u00fcr eine optimale Pflege werden Auffrischungssitzungen alle 12-18 Monate empfohlen.<\/p>\n\n<p> Es ist wichtig, dass nur geschulte Fachleute dieses Verfahren in einer sauberen Umgebung durchf\u00fchren, denn Sicherheit sollte immer an erster Stelle stehen, wenn es darum geht, die Sch\u00f6nheit durch kosmetische Verfahren wie diese zu verbessern.<\/p>\n\n<h3 class=\"wp-block-heading\">Alles, was Sie \u00fcber <a href=\"https:\/\/medclinics.com\/de\/schonheit\/\" target=\"_blank\" rel=\"noreferrer noopener\">Sch\u00f6nheitsbehandlungen<\/a> wissen m\u00fcssen, oder <a href=\"#requestform\">kontaktieren Sie uns<\/a>!<\/h3>\n\n<h2 class=\"wp-block-heading\">FAQ <\/h2>\n<div id=\"rank-math-faq\" class=\"rank-math-block\">\n<div class=\"rank-math-list \">\n<div id=\"faq-question-1685431110144\" class=\"rank-math-list-item\">\n<h3 class=\"rank-math-question \">Ist Mikroshading sicher?<\/h3>\n<div class=\"rank-math-answer \">\n\n<p>Microshading gilt im Allgemeinen als sicheres Verfahren, wenn es von einem qualifizierten und erfahrenen Fachmann durchgef\u00fchrt wird.<\/p>\n\n<\/div>\n<\/div>\n<div id=\"faq-question-1685431139176\" class=\"rank-math-list-item\">\n<h3 class=\"rank-math-question \">Lohnt sich Microshading?<\/h3>\n<div class=\"rank-math-answer \">\n\n<p>Mikrobeschattung ist eine pers\u00f6nliche Entscheidung, die von individuellen Vorlieben und Umst\u00e4nden abh\u00e4ngt. Es bietet l\u00e4nger anhaltende Ergebnisse, ein nat\u00fcrliches Aussehen und eine geringere t\u00e4gliche Pflege f\u00fcr diejenigen, die ihre Augenbrauen versch\u00f6nern m\u00f6chten.<\/p>\n\n<\/div>\n<\/div>\n<div id=\"faq-question-1685431141006\" class=\"rank-math-list-item\">\n<h3 class=\"rank-math-question \">Wie lange h\u00e4lt Microshading?<\/h3>\n<div class=\"rank-math-answer \">\n\n<p>Sie dauert in der Regel zwischen einem und drei Jahren, abh\u00e4ngig von verschiedenen Faktoren.<\/p>\n\n<\/div>\n<\/div>\n<\/div>\n<\/div>\n<p><\/p>\n\n<h3 class=\"wp-block-heading\">Kontaktieren Sie uns jetzt, falls Sie Fragen haben!<\/h3>\n","protected":false},"excerpt":{"rendered":"<p>Sind Sie es leid, sp\u00e4rliche und unf\u00f6rmige Augenbrauen zu haben? Suchen Sie nicht weiter als Microshading! Diese semi-permanente Make-up-Technik, die [&hellip;]<\/p>\n","protected":false},"author":4,"featured_media":27184,"parent":0,"menu_order":0,"comment_status":"closed","ping_status":"closed","template":"","meta":{"site-sidebar-layout":"default","site-content-layout":"","ast-site-content-layout":"default","site-content-style":"default","site-sidebar-style":"default","ast-global-header-display":"","ast-banner-title-visibility":"","ast-main-header-display":"","ast-hfb-above-header-display":"","ast-hfb-below-header-display":"","ast-hfb-mobile-header-display":"","site-post-title":"","ast-breadcrumbs-content":"","ast-featured-img":"","footer-sml-layout":"","ast-disable-related-posts":"","theme-transparent-header-meta":"","adv-header-id-meta":"","stick-header-meta":"","header-above-stick-meta":"","header-main-stick-meta":"","header-below-stick-meta":"","astra-migrate-meta-layouts":"default","ast-page-background-enabled":"default","ast-page-background-meta":{"desktop":{"background-color":"var(--ast-global-color-4)","background-image":"","background-repeat":"repeat","background-position":"center center","background-size":"auto","background-attachment":"scroll","background-type":"","background-media":"","overlay-type":"","overlay-color":"","overlay-opacity":"","overlay-gradient":""},"tablet":{"background-color":"","background-image":"","background-repeat":"repeat","background-position":"center center","background-size":"auto","background-attachment":"scroll","background-type":"","background-media":"","overlay-type":"","overlay-color":"","overlay-opacity":"","overlay-gradient":""},"mobile":{"background-color":"","background-image":"","background-repeat":"repeat","background-position":"center center","background-size":"auto","background-attachment":"scroll","background-type":"","background-media":"","overlay-type":"","overlay-color":"","overlay-opacity":"","overlay-gradient":""}},"ast-content-background-meta":{"desktop":{"background-color":"var(--ast-global-color-5)","background-image":"","background-repeat":"repeat","background-position":"center center","background-size":"auto","background-attachment":"scroll","background-type":"","background-media":"","overlay-type":"","overlay-color":"","overlay-opacity":"","overlay-gradient":""},"tablet":{"background-color":"var(--ast-global-color-5)","background-image":"","background-repeat":"repeat","background-position":"center center","background-size":"auto","background-attachment":"scroll","background-type":"","background-media":"","overlay-type":"","overlay-color":"","overlay-opacity":"","overlay-gradient":""},"mobile":{"background-color":"var(--ast-global-color-5)","background-image":"","background-repeat":"repeat","background-position":"center center","background-size":"auto","background-attachment":"scroll","background-type":"","background-media":"","overlay-type":"","overlay-color":"","overlay-opacity":"","overlay-gradient":""}},"footnotes":""},"class_list":["post-147956","page","type-page","status-publish","has-post-thumbnail","hentry"],"_links":{"self":[{"href":"https:\/\/medclinics.com\/de\/wp-json\/wp\/v2\/pages\/147956","targetHints":{"allow":["GET"]}}],"collection":[{"href":"https:\/\/medclinics.com\/de\/wp-json\/wp\/v2\/pages"}],"about":[{"href":"https:\/\/medclinics.com\/de\/wp-json\/wp\/v2\/types\/page"}],"author":[{"embeddable":true,"href":"https:\/\/medclinics.com\/de\/wp-json\/wp\/v2\/users\/4"}],"replies":[{"embeddable":true,"href":"https:\/\/medclinics.com\/de\/wp-json\/wp\/v2\/comments?post=147956"}],"version-history":[{"count":0,"href":"https:\/\/medclinics.com\/de\/wp-json\/wp\/v2\/pages\/147956\/revisions"}],"wp:featuredmedia":[{"embeddable":true,"href":"https:\/\/medclinics.com\/de\/wp-json\/wp\/v2\/media\/27184"}],"wp:attachment":[{"href":"https:\/\/medclinics.com\/de\/wp-json\/wp\/v2\/media?parent=147956"}],"curies":[{"name":"wp","href":"https:\/\/api.w.org\/{rel}","templated":true}]}}