{"id":147948,"date":"2023-05-30T07:32:33","date_gmt":"2023-05-30T04:32:33","guid":{"rendered":"https:\/\/medclinics.com\/magenverkleinerung-ohne-operation\/"},"modified":"2024-04-08T15:14:30","modified_gmt":"2024-04-08T12:14:30","slug":"magenverkleinerung-ohne-operation","status":"publish","type":"page","link":"https:\/\/medclinics.com\/de\/magenverkleinerung-ohne-operation\/","title":{"rendered":"Magenverkleinerung ohne Operation"},"content":{"rendered":"\n<h2 class=\"wp-block-heading\">F\u00e4llt es Ihnen schwer, mit Di\u00e4t und Sport abzunehmen? Eine Magenverkleinerung ohne Operation kann die L\u00f6sung f\u00fcr Sie sein.<\/h2>\n\n<p>Bei diesem minimalinvasiven Verfahren wird das Entspannungsmittel in die Bauchmuskelwand injiziert. Dabei wird ein Endoskop durch Ihren Mund eingef\u00fchrt.<\/p>\n\n<p>Es wirkt, indem es diese Muskeln bis zu drei Monate lang ruhigstellt. Es verlangsamt die Verdauung und sorgt f\u00fcr ein schnelleres und l\u00e4nger anhaltendes S\u00e4ttigungsgef\u00fchl. Sie erhalten also eine Magenverkleinerung ohne Operation. Sie k\u00f6nnen diesen Eingriff in Erw\u00e4gung ziehen, wenn \u00c4nderungen des Lebensstils bisher nicht funktioniert haben. <a href=\"https:\/\/en.wikipedia.org\/wiki\/Muscle_relaxant\" target=\"_blank\" rel=\"noreferrer noopener nofollow\">Muskelrelaxantien<\/a> verringern das Risiko von Krankheiten, die mit Fettleibigkeit zusammenh\u00e4ngen, wie MS, Bluthochdruck, Diabetes, Schlaganfall, Schlafapnoe und Herzkrankheiten.<\/p>\n\n<p>Die Erholung ist schnell. Sobald die Sedierung vorbei ist, k\u00f6nnen Sie innerhalb von 10 Tagen mit weniger Hungergef\u00fchl und einem schnelleren S\u00e4ttigungsgef\u00fchl rechnen! Dies ist die perfekte Wahl f\u00fcr eine Gewichtsabnahme ohne Operation.<\/p>\n\n<figure class=\"wp-block-image size-full\"><img fetchpriority=\"high\" decoding=\"async\" width=\"780\" height=\"488\" src=\"https:\/\/medclinics.com\/wp-content\/uploads\/2024\/04\/Stomach-reduction-without-surgery.jpg\" alt=\"Magenverkleinerung-ohne-Operation\" class=\"wp-image-161176\" srcset=\"https:\/\/medclinics.com\/wp-content\/uploads\/2024\/04\/Stomach-reduction-without-surgery.jpg 780w, https:\/\/medclinics.com\/wp-content\/uploads\/2024\/04\/Stomach-reduction-without-surgery-300x188.jpg 300w, https:\/\/medclinics.com\/wp-content\/uploads\/2024\/04\/Stomach-reduction-without-surgery-768x480.jpg 768w\" sizes=\"(max-width: 780px) 100vw, 780px\" \/><\/figure>\n\n<h2 class=\"wp-block-heading\">Alles, was Sie \u00fcber <a href=\"https:\/\/medclinics.com\/de\/fettleibigkeit\/\" data-type=\"page\" data-id=\"144375\">Adipositas-Behandlungen<\/a> wissen m\u00fcssen, einschlie\u00dflich Preis, Nachbehandlung und Heilungsprozess, oder <a href=\"#requestform\">kontaktieren Sie uns<\/a>!<\/h2>\n\n<h2 class=\"wp-block-heading\">FAQ<\/h2>\n<div id=\"rank-math-faq\" class=\"rank-math-block\">\n<div class=\"rank-math-list \">\n<div id=\"faq-question-1685431746517\" class=\"rank-math-list-item\">\n<h3 class=\"rank-math-question \">Was sind muskelentspannende Mageninjektionen?<\/h3>\n<div class=\"rank-math-answer \">\n\n<p>Die Injektion von Muskelrelaxantien in den Magen, auch bekannt als Magen-Neuromodulator-Injektion oder Magen-Pylorus-Injektion, ist ein medizinisches Verfahren zur Behandlung bestimmter Magen-Darm-Erkrankungen wie Gastroparese oder chronisch refrakt\u00e4rer \u00dcbelkeit und Erbrechen. Bei diesen Injektionen werden muskelentspannende Medikamente direkt in den Pylorus verabreicht, die Muskelklappe, die den \u00dcbergang der Nahrung vom Magen zum D\u00fcnndarm kontrolliert.<\/p>\n\n<\/div>\n<\/div>\n<div id=\"faq-question-1685431603981\" class=\"rank-math-list-item\">\n<h3 class=\"rank-math-question \">Wie werden muskelentspannende Mageninjektionen durchgef\u00fchrt?<\/h3>\n<div class=\"rank-math-answer \">\n\n<p>Muskelentspannende Mageninjektionen sind ein medizinisches Verfahren zur Behandlung von Magen-Darm-Erkrankungen wie Gastroparese oder Fettleibigkeit.<br \/>Vor dem Eingriff wird eine Untersuchung durchgef\u00fchrt, um die Eignung des Patienten zu pr\u00fcfen. W\u00e4hrend des Eingriffs wird der Patient sediert, und ein Endoskop wird in den Magen eingef\u00fchrt. Unter Anleitung des Endoskops werden kleine Mengen eines Muskelrelaxans in bestimmte Bereiche der Magenschleimhaut injiziert. <br \/>Das Muskelrelaxans l\u00e4hmt vor\u00fcbergehend die Magenmuskeln, wodurch die Kontraktionen verringert und die Entspannung gef\u00f6rdert werden. So k\u00f6nnen Patienten eine Magenverkleinerung ohne Operation erhalten. Nach den Injektionen wird das Endoskop entfernt, und der Patient wird kurz \u00fcberwacht, bevor er nach Hause gehen darf.<\/p>\n\n<\/div>\n<\/div>\n<\/div>\n<\/div>\n<p>\u00a0<\/p>\n\n<h3 class=\"wp-block-heading\">Kontaktieren Sie uns jetzt, falls Sie Fragen haben!<\/h3>\n","protected":false},"excerpt":{"rendered":"<p>F\u00e4llt es Ihnen schwer, mit Di\u00e4t und Sport abzunehmen? Eine Magenverkleinerung ohne Operation kann die L\u00f6sung f\u00fcr Sie sein. Bei [&hellip;]<\/p>\n","protected":false},"author":4,"featured_media":92942,"parent":0,"menu_order":0,"comment_status":"closed","ping_status":"closed","template":"","meta":{"site-sidebar-layout":"default","site-content-layout":"","ast-site-content-layout":"default","site-content-style":"default","site-sidebar-style":"default","ast-global-header-display":"","ast-banner-title-visibility":"","ast-main-header-display":"","ast-hfb-above-header-display":"","ast-hfb-below-header-display":"","ast-hfb-mobile-header-display":"","site-post-title":"","ast-breadcrumbs-content":"","ast-featured-img":"","footer-sml-layout":"","ast-disable-related-posts":"","theme-transparent-header-meta":"","adv-header-id-meta":"","stick-header-meta":"","header-above-stick-meta":"","header-main-stick-meta":"","header-below-stick-meta":"","astra-migrate-meta-layouts":"default","ast-page-background-enabled":"default","ast-page-background-meta":{"desktop":{"background-color":"var(--ast-global-color-4)","background-image":"","background-repeat":"repeat","background-position":"center center","background-size":"auto","background-attachment":"scroll","background-type":"","background-media":"","overlay-type":"","overlay-color":"","overlay-opacity":"","overlay-gradient":""},"tablet":{"background-color":"","background-image":"","background-repeat":"repeat","background-position":"center center","background-size":"auto","background-attachment":"scroll","background-type":"","background-media":"","overlay-type":"","overlay-color":"","overlay-opacity":"","overlay-gradient":""},"mobile":{"background-color":"","background-image":"","background-repeat":"repeat","background-position":"center center","background-size":"auto","background-attachment":"scroll","background-type":"","background-media":"","overlay-type":"","overlay-color":"","overlay-opacity":"","overlay-gradient":""}},"ast-content-background-meta":{"desktop":{"background-color":"var(--ast-global-color-5)","background-image":"","background-repeat":"repeat","background-position":"center center","background-size":"auto","background-attachment":"scroll","background-type":"","background-media":"","overlay-type":"","overlay-color":"","overlay-opacity":"","overlay-gradient":""},"tablet":{"background-color":"var(--ast-global-color-5)","background-image":"","background-repeat":"repeat","background-position":"center center","background-size":"auto","background-attachment":"scroll","background-type":"","background-media":"","overlay-type":"","overlay-color":"","overlay-opacity":"","overlay-gradient":""},"mobile":{"background-color":"var(--ast-global-color-5)","background-image":"","background-repeat":"repeat","background-position":"center center","background-size":"auto","background-attachment":"scroll","background-type":"","background-media":"","overlay-type":"","overlay-color":"","overlay-opacity":"","overlay-gradient":""}},"footnotes":""},"class_list":["post-147948","page","type-page","status-publish","has-post-thumbnail","hentry"],"_links":{"self":[{"href":"https:\/\/medclinics.com\/de\/wp-json\/wp\/v2\/pages\/147948","targetHints":{"allow":["GET"]}}],"collection":[{"href":"https:\/\/medclinics.com\/de\/wp-json\/wp\/v2\/pages"}],"about":[{"href":"https:\/\/medclinics.com\/de\/wp-json\/wp\/v2\/types\/page"}],"author":[{"embeddable":true,"href":"https:\/\/medclinics.com\/de\/wp-json\/wp\/v2\/users\/4"}],"replies":[{"embeddable":true,"href":"https:\/\/medclinics.com\/de\/wp-json\/wp\/v2\/comments?post=147948"}],"version-history":[{"count":0,"href":"https:\/\/medclinics.com\/de\/wp-json\/wp\/v2\/pages\/147948\/revisions"}],"wp:featuredmedia":[{"embeddable":true,"href":"https:\/\/medclinics.com\/de\/wp-json\/wp\/v2\/media\/92942"}],"wp:attachment":[{"href":"https:\/\/medclinics.com\/de\/wp-json\/wp\/v2\/media?parent=147948"}],"curies":[{"name":"wp","href":"https:\/\/api.w.org\/{rel}","templated":true}]}}