{"id":147904,"date":"2023-06-02T06:57:48","date_gmt":"2023-06-02T03:57:48","guid":{"rendered":"https:\/\/medclinics.com\/reinigung-der-haut\/"},"modified":"2024-04-14T23:04:57","modified_gmt":"2024-04-14T20:04:57","slug":"reinigung-der-haut","status":"publish","type":"page","link":"https:\/\/medclinics.com\/de\/reinigung-der-haut\/","title":{"rendered":"Reinigung der Haut"},"content":{"rendered":"\n<h2 class=\"wp-block-heading\">Wenn Sie nach einem Weg suchen, um Unreinheiten, Akne und schwarze Flecken loszuwerden, ist Skin Cleansing vielleicht die beste L\u00f6sung.<\/h2>\n\n<p>Dieses Verfahren ist f\u00fcr diejenigen, die immer gepflegt und sch\u00f6n aussehen wollen. Wer m\u00f6chte schon einen gesunden und strahlenden Teint haben.<\/p>\n\n<ul class=\"wp-block-list\">\n<li><strong>Mechanische Gesichtsreinigung<\/strong><br\/>Dies ist die h\u00e4ufigste Art der Gesichtsreinigung. Die Kosmetikerin reinigt zun\u00e4chst die Haut und \u00f6ffnet die Poren mit Hilfe spezieller Verfahren und professioneller Kosmetik. Anschlie\u00dfend werden Komedonen (&#8222;schwarze Punkte&#8220;) manuell entfernt.<br\/>Wenn die Formationen (Pickel) komplexer sind, macht der Arzt kleine Einstiche mit einer d\u00fcnnen medizinischen Nadel, damit &#8222;geschlossene&#8220; Komedonen herauskommen k\u00f6nnen, ohne die Haut zu verletzen. Die Spuren eines solchen Eingriffs bleiben nicht zur\u00fcck. Die mechanische Gesichtsreinigung ist die effektivste Methode, um alle Unreinheiten von der Gesichtshaut zu entfernen.<\/li>\n\n\n\n<li><strong>Gesichtsreinigung mit Ultraschall<\/strong><br\/>Hierbei handelt es sich um eine Hautreinigung mit einem speziellen Ger\u00e4t (&#8222;Ultrasonic Scrubber&#8220;). Das Ger\u00e4t erm\u00f6glicht es den Ultraschallwellen, tief in die Haut einzudringen und die Dermis von allen Arten von Unreinheiten, Talg, Mitessern und abgestorbenen Zellen zu reinigen. Es handelt sich um ein v\u00f6llig schmerzfreies Verfahren, das keine sichtbaren Spuren hinterl\u00e4sst. Nach der Behandlung wird die Haut frisch, sauber und gesund aussehen.<\/li>\n\n\n\n<li><strong>Vakuum-Gesichtsreinigung<\/strong><br\/>Dieses Verfahren wird mit einem Vakuumtherapieger\u00e4t durchgef\u00fchrt. Eine spezielle D\u00fcse (Vakuumschlauch) saugt den gesamten Inhalt aus den zuvor gereinigten Poren an. Die Sitzung ist absolut schmerzfrei und kann auch bei gro\u00dfporiger Haut (mit durchschnittlichem Verschmutzungsgrad) durchgef\u00fchrt werden.<br\/>Eine solche Tiefenreinigung verbessert die Blutzirkulation (durch die Vakuummassage) und damit auch das Hautbild. Bei tiefen Pickeln oder Mitessern im Gesicht ist zus\u00e4tzlich eine mechanische Reinigung erforderlich.<\/li>\n\n\n\n<li><strong>HydraFacial-Reinigung<\/strong><br\/>Es handelt sich um eine sanfte, nicht-invasive, umfassende <a href=\"https:\/\/medclinics.com\/de\/hautmasken\/\" target=\"_blank\" data-type=\"page\" data-id=\"146855\" rel=\"noreferrer noopener\">Hautverj\u00fcngungsbehandlung<\/a>, die sichtbare, dramatische Ergebnisse liefert. Sie umfasst 3 Phasen: Reinigung, Extraktion (Peeling) und Entgiftung (Tiefenhydratation und S\u00e4ttigung mit Antioxidantien).<\/li>\n<\/ul>\n\n<figure class=\"wp-block-image size-full\"><img fetchpriority=\"high\" decoding=\"async\" width=\"780\" height=\"488\" src=\"https:\/\/medclinics.com\/wp-content\/uploads\/2024\/04\/skin-cleansing-beauty-salon-near-me.jpg\" alt=\"hautreinigungs-sch&#xF6;nheitssalon-in-meiner-n&#xE4;he\" class=\"wp-image-161760\" srcset=\"https:\/\/medclinics.com\/wp-content\/uploads\/2024\/04\/skin-cleansing-beauty-salon-near-me.jpg 780w, https:\/\/medclinics.com\/wp-content\/uploads\/2024\/04\/skin-cleansing-beauty-salon-near-me-300x188.jpg 300w, https:\/\/medclinics.com\/wp-content\/uploads\/2024\/04\/skin-cleansing-beauty-salon-near-me-768x480.jpg 768w\" sizes=\"(max-width: 780px) 100vw, 780px\" \/><\/figure>\n\n<h3 class=\"wp-block-heading\">Nachsorge:<\/h3>\n\n<p>Nach der mechanischen Reinigung des Gesichts sollten Sie Ihr Gesicht mindestens 12 Stunden lang nicht waschen und auch keine Kosmetika verwenden und kein Make-up auftragen. Innerhalb von 3 Tagen ist es notwendig, die Gesichtshaut mit einer antiseptischen (entz\u00fcndungshemmenden) Lotion abzuwischen. <\/p>\n\n<p>Man muss sich auch darauf einstellen, dass die Wiederherstellung der Gesichtshaut nach einer (vor allem mechanischen) Reinigung einige Zeit in Anspruch nehmen kann &#8211; von einem Tag bis zu 2 &#8211; 3 Tagen. Die Hauptsache ist, dass das Ergebnis es wert ist!<\/p>\n\n<h3 class=\"wp-block-heading\">Alles \u00fcber die <a href=\"https:\/\/medclinics.com\/de\/klassische-kosmetologie\/\" target=\"_blank\" rel=\"noreferrer noopener\">klassische Kosmetologie<\/a>, einschlie\u00dflich Preis, Nachsorge und mehr, <a href=\"#requestform\">kontaktieren Sie uns<\/a>!<\/h3>\n\n<h2 class=\"wp-block-heading\">FAQ <\/h2>\n<div id=\"rank-math-faq\" class=\"rank-math-block\">\n<div class=\"rank-math-list \">\n<div id=\"faq-question-1685688043925\" class=\"rank-math-list-item\">\n<h3 class=\"rank-math-question \">Was ist Hautreinigung?<\/h3>\n<div class=\"rank-math-answer \">\n\n<p>Bei der Hautreinigung werden Schmutz, Unreinheiten und \u00fcbersch\u00fcssiges Fett von der Haut entfernt, um einen gesunden und klaren Teint zu erhalten.<\/p>\n\n<\/div>\n<\/div>\n<div id=\"faq-question-1685688195746\" class=\"rank-math-list-item\">\n<h3 class=\"rank-math-question \">Warum ist die Reinigung der Haut wichtig?<\/h3>\n<div class=\"rank-math-answer \">\n\n<p>Die Hautreinigung ist wichtig, um die Haut auf die Aufnahme von Hautpflegeprodukten vorzubereiten. So k\u00f6nnen sie effektiver arbeiten und optimale Ergebnisse erzielen.<\/p>\n\n<\/div>\n<\/div>\n<div id=\"faq-question-1685688569958\" class=\"rank-math-list-item\">\n<h3 class=\"rank-math-question \">Welche Arten der Hautreinigung gibt es?<\/h3>\n<div class=\"rank-math-answer \">\n\n<p>Mechanische Gesichtsreinigung, Ultraschall-Gesichtsreinigung, Vakuum-Gesichtsreinigung, HydraFacial-Reinigung sind Arten der Hautreinigung.<\/p>\n\n<\/div>\n<\/div>\n<\/div>\n<\/div>\n<h3 class=\"wp-block-heading\">Kontaktieren Sie uns jetzt, falls Sie Fragen haben!<\/h3>\n","protected":false},"excerpt":{"rendered":"<p>Wenn Sie nach einem Weg suchen, um Unreinheiten, Akne und schwarze Flecken loszuwerden, ist Skin Cleansing vielleicht die beste L\u00f6sung. [&hellip;]<\/p>\n","protected":false},"author":4,"featured_media":161763,"parent":0,"menu_order":0,"comment_status":"closed","ping_status":"closed","template":"","meta":{"site-sidebar-layout":"default","site-content-layout":"","ast-site-content-layout":"default","site-content-style":"default","site-sidebar-style":"default","ast-global-header-display":"","ast-banner-title-visibility":"","ast-main-header-display":"","ast-hfb-above-header-display":"","ast-hfb-below-header-display":"","ast-hfb-mobile-header-display":"","site-post-title":"","ast-breadcrumbs-content":"","ast-featured-img":"","footer-sml-layout":"","ast-disable-related-posts":"","theme-transparent-header-meta":"","adv-header-id-meta":"","stick-header-meta":"","header-above-stick-meta":"","header-main-stick-meta":"","header-below-stick-meta":"","astra-migrate-meta-layouts":"default","ast-page-background-enabled":"default","ast-page-background-meta":{"desktop":{"background-color":"var(--ast-global-color-4)","background-image":"","background-repeat":"repeat","background-position":"center center","background-size":"auto","background-attachment":"scroll","background-type":"","background-media":"","overlay-type":"","overlay-color":"","overlay-opacity":"","overlay-gradient":""},"tablet":{"background-color":"","background-image":"","background-repeat":"repeat","background-position":"center center","background-size":"auto","background-attachment":"scroll","background-type":"","background-media":"","overlay-type":"","overlay-color":"","overlay-opacity":"","overlay-gradient":""},"mobile":{"background-color":"","background-image":"","background-repeat":"repeat","background-position":"center center","background-size":"auto","background-attachment":"scroll","background-type":"","background-media":"","overlay-type":"","overlay-color":"","overlay-opacity":"","overlay-gradient":""}},"ast-content-background-meta":{"desktop":{"background-color":"var(--ast-global-color-5)","background-image":"","background-repeat":"repeat","background-position":"center center","background-size":"auto","background-attachment":"scroll","background-type":"","background-media":"","overlay-type":"","overlay-color":"","overlay-opacity":"","overlay-gradient":""},"tablet":{"background-color":"var(--ast-global-color-5)","background-image":"","background-repeat":"repeat","background-position":"center center","background-size":"auto","background-attachment":"scroll","background-type":"","background-media":"","overlay-type":"","overlay-color":"","overlay-opacity":"","overlay-gradient":""},"mobile":{"background-color":"var(--ast-global-color-5)","background-image":"","background-repeat":"repeat","background-position":"center center","background-size":"auto","background-attachment":"scroll","background-type":"","background-media":"","overlay-type":"","overlay-color":"","overlay-opacity":"","overlay-gradient":""}},"footnotes":""},"class_list":["post-147904","page","type-page","status-publish","has-post-thumbnail","hentry"],"_links":{"self":[{"href":"https:\/\/medclinics.com\/de\/wp-json\/wp\/v2\/pages\/147904","targetHints":{"allow":["GET"]}}],"collection":[{"href":"https:\/\/medclinics.com\/de\/wp-json\/wp\/v2\/pages"}],"about":[{"href":"https:\/\/medclinics.com\/de\/wp-json\/wp\/v2\/types\/page"}],"author":[{"embeddable":true,"href":"https:\/\/medclinics.com\/de\/wp-json\/wp\/v2\/users\/4"}],"replies":[{"embeddable":true,"href":"https:\/\/medclinics.com\/de\/wp-json\/wp\/v2\/comments?post=147904"}],"version-history":[{"count":0,"href":"https:\/\/medclinics.com\/de\/wp-json\/wp\/v2\/pages\/147904\/revisions"}],"wp:featuredmedia":[{"embeddable":true,"href":"https:\/\/medclinics.com\/de\/wp-json\/wp\/v2\/media\/161763"}],"wp:attachment":[{"href":"https:\/\/medclinics.com\/de\/wp-json\/wp\/v2\/media?parent=147904"}],"curies":[{"name":"wp","href":"https:\/\/api.w.org\/{rel}","templated":true}]}}