{"id":147872,"date":"2023-06-02T07:38:09","date_gmt":"2023-06-02T04:38:09","guid":{"rendered":"https:\/\/medclinics.com\/hautmasken\/"},"modified":"2024-04-14T23:03:35","modified_gmt":"2024-04-14T20:03:35","slug":"hautmasken","status":"publish","type":"page","link":"https:\/\/medclinics.com\/de\/hautmasken\/","title":{"rendered":"Hautmasken"},"content":{"rendered":"\n<h2 class=\"wp-block-heading\">Wenn Sie auf der Suche nach gl\u00e4nzender und makelloser Haut sind, k\u00f6nnen Hautmasken eine ideale L\u00f6sung sein, um die nat\u00fcrliche Ausstrahlung Ihres Gesichts zu verbessern.<\/h2>\n\n<p>Hautmasken sind das h\u00e4ufigste Verfahren der Gesichtspflege. In Kombination mit anderen Verfahren steigert die Verwendung professioneller Kosmetika das Ergebnis des Verfahrens um ein Vielfaches.<\/p>\n\n<p>Eine angenehme Behandlung mit duftenden Pr\u00e4paraten l\u00e4sst Ihre Haut buchst\u00e4blich &#8222;aufbl\u00fchen&#8220;. Das ganze Geheimnis liegt in der richtigen Technik des Auftragens von Kosmetika und in der individuellen und richtigen Auswahl der Medikamente.<\/p>\n\n<p>Es gibt eine gro\u00dfe Anzahl von kosmetischen Masken:<\/p>\n\n<ul class=\"wp-block-list\">\n<li>reinigende Maske;<\/li>\n\n\n\n<li>feuchtigkeitsspendende Maske;<\/li>\n\n\n\n<li>n\u00e4hrende Maske;<\/li>\n\n\n\n<li>bleichende Maske;<\/li>\n\n\n\n<li>Vitaminmaske;<\/li>\n\n\n\n<li>Hebemaske;<\/li>\n\n\n\n<li>Kollagen-Maske;<\/li>\n\n\n\n<li>Augenmasken;<\/li>\n\n\n\n<li>intensive Hautpflege mit Ampullenserum.<\/li>\n<\/ul>\n\n<figure class=\"wp-block-image size-full\"><img fetchpriority=\"high\" decoding=\"async\" width=\"780\" height=\"488\" src=\"https:\/\/medclinics.com\/wp-content\/uploads\/2024\/04\/skin-masks-baeuty-salon-near-me.jpg\" alt=\"hautmasken-baeuty-salon-in-der-n&#xE4;he-zu-mir\" class=\"wp-image-161689\" srcset=\"https:\/\/medclinics.com\/wp-content\/uploads\/2024\/04\/skin-masks-baeuty-salon-near-me.jpg 780w, https:\/\/medclinics.com\/wp-content\/uploads\/2024\/04\/skin-masks-baeuty-salon-near-me-300x188.jpg 300w, https:\/\/medclinics.com\/wp-content\/uploads\/2024\/04\/skin-masks-baeuty-salon-near-me-768x480.jpg 768w\" sizes=\"(max-width: 780px) 100vw, 780px\" \/><\/figure>\n\n<h3 class=\"wp-block-heading\">Alles, was Sie \u00fcber <a href=\"https:\/\/medclinics.com\/de\/klassische-kosmetologie\/\" target=\"_blank\" rel=\"noreferrer noopener\">klassische Kosmetologie<\/a> wissen m\u00fcssen, einschlie\u00dflich Preis und mehr, <a href=\"#requestform\">kontaktieren Sie uns<\/a>!<\/h3>\n\n<h2 class=\"wp-block-heading\">FAQ <\/h2>\n<div id=\"rank-math-faq\" class=\"rank-math-block\">\n<div class=\"rank-math-list \">\n<div id=\"faq-question-1685691000832\" class=\"rank-math-list-item\">\n<h3 class=\"rank-math-question \">Sind Hautmasken wirksam?<\/h3>\n<div class=\"rank-math-answer \">\n\n<p>Ja, Hautmasken k\u00f6nnen sowohl f\u00fcr Frauen als auch f\u00fcr M\u00e4nner wirksam sein. Es bietet verschiedene Vorteile f\u00fcr die Haut, wie z. B. Feuchtigkeitszufuhr, N\u00e4hrstoffe und Tiefenreinigung.<\/p>\n\n<\/div>\n<\/div>\n<div id=\"faq-question-1685691003578\" class=\"rank-math-list-item\">\n<h3 class=\"rank-math-question \">Wie oft sollten Sie eine Gesichtsmaske verwenden?<\/h3>\n<div class=\"rank-math-answer \">\n\n<p>Im Allgemeinen k\u00f6nnen 1-3 Mal pro Woche wirksam sein, um eine gesunde und erfrischte Haut zu erhalten.<\/p>\n\n<\/div>\n<\/div>\n<div id=\"faq-question-1685691004410\" class=\"rank-math-list-item\">\n<h3 class=\"rank-math-question \">Was sind die Vorteile von Hautmasken?<\/h3>\n<div class=\"rank-math-answer \">\n\n<p>Sie reinigen die Haut gr\u00fcndlich, spenden ihr Feuchtigkeit und n\u00e4hren sie. Es bietet auch Peeling und gezielte Behandlung f\u00fcr verschiedene Hautprobleme. Au\u00dferdem kann die Verwendung einer Gesichtsmaske eine entspannende und angenehme Form der Selbstpflege sein.  <\/p>\n\n<\/div>\n<\/div>\n<\/div>\n<\/div>\n<p><\/p>\n\n<h3 class=\"wp-block-heading\">Kontaktieren Sie uns jetzt, falls Sie Fragen haben!<\/h3>\n","protected":false},"excerpt":{"rendered":"<p>Wenn Sie auf der Suche nach gl\u00e4nzender und makelloser Haut sind, k\u00f6nnen Hautmasken eine ideale L\u00f6sung sein, um die nat\u00fcrliche [&hellip;]<\/p>\n","protected":false},"author":4,"featured_media":161692,"parent":0,"menu_order":0,"comment_status":"closed","ping_status":"closed","template":"","meta":{"site-sidebar-layout":"default","site-content-layout":"","ast-site-content-layout":"default","site-content-style":"default","site-sidebar-style":"default","ast-global-header-display":"","ast-banner-title-visibility":"","ast-main-header-display":"","ast-hfb-above-header-display":"","ast-hfb-below-header-display":"","ast-hfb-mobile-header-display":"","site-post-title":"","ast-breadcrumbs-content":"","ast-featured-img":"","footer-sml-layout":"","ast-disable-related-posts":"","theme-transparent-header-meta":"","adv-header-id-meta":"","stick-header-meta":"","header-above-stick-meta":"","header-main-stick-meta":"","header-below-stick-meta":"","astra-migrate-meta-layouts":"default","ast-page-background-enabled":"default","ast-page-background-meta":{"desktop":{"background-color":"var(--ast-global-color-4)","background-image":"","background-repeat":"repeat","background-position":"center center","background-size":"auto","background-attachment":"scroll","background-type":"","background-media":"","overlay-type":"","overlay-color":"","overlay-opacity":"","overlay-gradient":""},"tablet":{"background-color":"","background-image":"","background-repeat":"repeat","background-position":"center center","background-size":"auto","background-attachment":"scroll","background-type":"","background-media":"","overlay-type":"","overlay-color":"","overlay-opacity":"","overlay-gradient":""},"mobile":{"background-color":"","background-image":"","background-repeat":"repeat","background-position":"center center","background-size":"auto","background-attachment":"scroll","background-type":"","background-media":"","overlay-type":"","overlay-color":"","overlay-opacity":"","overlay-gradient":""}},"ast-content-background-meta":{"desktop":{"background-color":"var(--ast-global-color-5)","background-image":"","background-repeat":"repeat","background-position":"center center","background-size":"auto","background-attachment":"scroll","background-type":"","background-media":"","overlay-type":"","overlay-color":"","overlay-opacity":"","overlay-gradient":""},"tablet":{"background-color":"var(--ast-global-color-5)","background-image":"","background-repeat":"repeat","background-position":"center center","background-size":"auto","background-attachment":"scroll","background-type":"","background-media":"","overlay-type":"","overlay-color":"","overlay-opacity":"","overlay-gradient":""},"mobile":{"background-color":"var(--ast-global-color-5)","background-image":"","background-repeat":"repeat","background-position":"center center","background-size":"auto","background-attachment":"scroll","background-type":"","background-media":"","overlay-type":"","overlay-color":"","overlay-opacity":"","overlay-gradient":""}},"footnotes":""},"class_list":["post-147872","page","type-page","status-publish","has-post-thumbnail","hentry"],"_links":{"self":[{"href":"https:\/\/medclinics.com\/de\/wp-json\/wp\/v2\/pages\/147872","targetHints":{"allow":["GET"]}}],"collection":[{"href":"https:\/\/medclinics.com\/de\/wp-json\/wp\/v2\/pages"}],"about":[{"href":"https:\/\/medclinics.com\/de\/wp-json\/wp\/v2\/types\/page"}],"author":[{"embeddable":true,"href":"https:\/\/medclinics.com\/de\/wp-json\/wp\/v2\/users\/4"}],"replies":[{"embeddable":true,"href":"https:\/\/medclinics.com\/de\/wp-json\/wp\/v2\/comments?post=147872"}],"version-history":[{"count":0,"href":"https:\/\/medclinics.com\/de\/wp-json\/wp\/v2\/pages\/147872\/revisions"}],"wp:featuredmedia":[{"embeddable":true,"href":"https:\/\/medclinics.com\/de\/wp-json\/wp\/v2\/media\/161692"}],"wp:attachment":[{"href":"https:\/\/medclinics.com\/de\/wp-json\/wp\/v2\/media?parent=147872"}],"curies":[{"name":"wp","href":"https:\/\/api.w.org\/{rel}","templated":true}]}}