{"id":147870,"date":"2023-06-02T08:07:09","date_gmt":"2023-06-02T05:07:09","guid":{"rendered":"https:\/\/medclinics.com\/massage-3\/"},"modified":"2024-04-14T23:04:56","modified_gmt":"2024-04-14T20:04:56","slug":"massage-3","status":"publish","type":"page","link":"https:\/\/medclinics.com\/de\/massage-3\/","title":{"rendered":"Massage"},"content":{"rendered":"\n<h2 class=\"wp-block-heading\">Eine der besten M\u00f6glichkeiten, sich zu entspannen, ist die Massage.<\/h2>\n\n<p>Dies ist ein unglaublich n\u00fctzlicher Prozess. Sie tr\u00e4gt dazu bei, die Durchblutung der Haut zu verbessern und den Stoffwechsel zu normalisieren. Die <a href=\"https:\/\/medclinics.com\/de\/heilbad-thermalbad\/\" target=\"_blank\" data-type=\"page\" data-id=\"146913\" rel=\"noreferrer noopener\">Massage<\/a> regt die Ausscheidung von Stoffwechselprodukten an, was bedeutet, dass sie der Haut hilft, zu atmen und ihre Frische zu bewahren. Dank ihr werden Gewebe und Muskeln gest\u00e4rkt, die Haut wird glatt, jung und elastisch. Es dehnt sich und gewinnt an Elastizit\u00e4t.<\/p>\n\n<p>Sie k\u00f6nnen die Gesichtsmassage selbst durchf\u00fchren, wobei zu beachten ist, dass die Haut im Gesicht sehr empfindlich ist. Um den gew\u00fcnschten Effekt zu erzielen und unvergleichliches Vergn\u00fcgen an dem Verfahren zu haben, ist es besser, die Dienste eines Profis in Anspruch zu nehmen.<\/p>\n\n<h3 class=\"wp-block-heading\">Es gibt viele verschiedene Arten:<\/h3>\n\n<ul class=\"wp-block-list\">\n<li><strong>Klassische Massage<\/strong><br\/>Es ist eine angenehme Prozedur, die auf leichtem Streicheln und Reiben beruht. Wenn die Haut zu verblassen beginnt, verlieren die Muskeln ihren Tonus, sie erschlaffen, und um die Augen oder den Mund entstehen Falten.<br\/>F\u00fcr eine klassische Behandlung verwendet die Kosmetikerin professionelle Produkte, die sie unter Ber\u00fccksichtigung der Eigenschaften Ihrer Haut individuell ausw\u00e4hlt (es kann auch ein spezielles Massage\u00f6l verwendet werden).<\/li>\n\n\n\n<li><strong>Plastische Massage<\/strong><br\/>Rhythmische, gleichzeitig recht kr\u00e4ftige, aber pr\u00e4zise Bewegungen entlang der Hauptmassagelinien. F\u00fcr die Umsetzung wird am h\u00e4ufigsten Talk verwendet. Ein wesentliches Merkmal dieser Methode ist eine spezielle Technik zur Beeinflussung der Haut.<br\/>Es hat einen gro\u00dfen Einfluss auf das subkutane Fett, die Blutgef\u00e4\u00dfe und die Nerven. Verbessert die Blutzirkulation, den Lymphfluss, reinigt die Haut und f\u00f6rdert die Heilung. Wenn Ihre Haut verblasst, ihre Spannkraft verliert, mimische Falten, Schwellungen und ein Doppelkinn auftreten, wird es Ihnen helfen, diese Probleme loszuwerden.<\/li>\n\n\n\n<li><strong>Kryomassage<\/strong><br\/>Dies ist eines der beliebtesten Verfahren in der modernen Kosmetologie. Dabei handelt es sich um die so genannte lokale Kryotherapie &#8211; die Behandlung verschiedener Hautpartien im Gesicht, am K\u00f6rper oder am Kopf mit fl\u00fcssigem Stickstoff.<br\/>Eine kurze, nicht mehr als 30 Sekunden dauernde lokale Einwirkung ultrakalter Temperaturen auf die K\u00e4lterezeptoren der Haut bewirkt eine starke Freisetzung von Endorphinen vor Ort und im K\u00f6rper, die das allgemeine Immunsystem und die lokale Immunbarriere der Haut stimulieren.<br\/>Die kosmetische Wirkung der lokalen Kryotherapie ist auf eine verst\u00e4rkte Durchblutung (postkalte Hyper\u00e4mie), eine Stressstimulation des Fettstoffwechsels im Unterhautgewebe und eine verbesserte Sauerstoffs\u00e4ttigung zur\u00fcckzuf\u00fchren.<\/li>\n<\/ul>\n\n<figure class=\"wp-block-image size-full\"><img fetchpriority=\"high\" decoding=\"async\" width=\"780\" height=\"488\" src=\"https:\/\/medclinics.com\/wp-content\/uploads\/2024\/04\/massage-beauty-salon-spa-retreat-near-me.jpg\" alt=\"massage-sch&#xF6;nheitssalon-spa-retreat-near-me\" class=\"wp-image-161706\" srcset=\"https:\/\/medclinics.com\/wp-content\/uploads\/2024\/04\/massage-beauty-salon-spa-retreat-near-me.jpg 780w, https:\/\/medclinics.com\/wp-content\/uploads\/2024\/04\/massage-beauty-salon-spa-retreat-near-me-300x188.jpg 300w, https:\/\/medclinics.com\/wp-content\/uploads\/2024\/04\/massage-beauty-salon-spa-retreat-near-me-768x480.jpg 768w\" sizes=\"(max-width: 780px) 100vw, 780px\" \/><\/figure>\n\n<h3 class=\"wp-block-heading\">Alles, was Sie \u00fcber <a href=\"https:\/\/medclinics.com\/de\/klassische-kosmetologie\/\" target=\"_blank\" rel=\"noreferrer noopener\">klassische Kosmetologie<\/a> wissen m\u00fcssen, einschlie\u00dflich Preis und mehr, <a href=\"#requestform\">kontaktieren Sie uns<\/a> jetzt!<\/h3>\n\n<h2 class=\"wp-block-heading\">FAQ <\/h2>\n<div id=\"rank-math-faq\" class=\"rank-math-block\">\n<div class=\"rank-math-list \">\n<div id=\"faq-question-1685692093277\" class=\"rank-math-list-item\">\n<h3 class=\"rank-math-question \">Hilft Massage bei Schmerzen im unteren R\u00fccken?<\/h3>\n<div class=\"rank-math-answer \">\n\n<p>Ja, es kann helfen, Schmerzen im unteren R\u00fcckenbereich zu lindern, indem es die Muskelspannung reduziert. Sie verbessert die Blutzirkulation und f\u00f6rdert die Entspannung, was zu Schmerzlinderung und erh\u00f6hter Flexibilit\u00e4t f\u00fchrt.<\/p>\n\n<\/div>\n<\/div>\n<div id=\"faq-question-1685692177282\" class=\"rank-math-list-item\">\n<h3 class=\"rank-math-question \">Sind Massagepistolen es wert?<\/h3>\n<div class=\"rank-math-answer \">\n\n<p>Sie k\u00f6nnen f\u00fcr Sportler, Fitnessbegeisterte oder Personen mit chronischen Muskelschmerzen von Vorteil sein.<\/p>\n\n<\/div>\n<\/div>\n<div id=\"faq-question-1685692178456\" class=\"rank-math-list-item\">\n<h3 class=\"rank-math-question \">Welche Massage ist die beste?<\/h3>\n<div class=\"rank-math-answer \">\n\n<p>Einige beliebte Techniken sind die schwedische Massage zur Entspannung, die Tiefengewebemassage zur Behandlung chronischer Muskelverspannungen, die Sportmassage f\u00fcr Sportler und die Thai-Massage zur Dehnung und Verbesserung der Beweglichkeit. Das h\u00e4ngt von den individuellen Bed\u00fcrfnissen ab.<\/p>\n\n<\/div>\n<\/div>\n<\/div>\n<\/div>\n<h3 class=\"wp-block-heading\"><a href=\"#requestform\">Kontaktieren Sie uns<\/a> jetzt, falls Sie Fragen haben!<\/h3>\n","protected":false},"excerpt":{"rendered":"<p>Eine der besten M\u00f6glichkeiten, sich zu entspannen, ist die Massage. Dies ist ein unglaublich n\u00fctzlicher Prozess. Sie tr\u00e4gt dazu bei, [&hellip;]<\/p>\n","protected":false},"author":4,"featured_media":161709,"parent":0,"menu_order":0,"comment_status":"closed","ping_status":"closed","template":"","meta":{"site-sidebar-layout":"default","site-content-layout":"","ast-site-content-layout":"default","site-content-style":"default","site-sidebar-style":"default","ast-global-header-display":"","ast-banner-title-visibility":"","ast-main-header-display":"","ast-hfb-above-header-display":"","ast-hfb-below-header-display":"","ast-hfb-mobile-header-display":"","site-post-title":"","ast-breadcrumbs-content":"","ast-featured-img":"","footer-sml-layout":"","ast-disable-related-posts":"","theme-transparent-header-meta":"","adv-header-id-meta":"","stick-header-meta":"","header-above-stick-meta":"","header-main-stick-meta":"","header-below-stick-meta":"","astra-migrate-meta-layouts":"default","ast-page-background-enabled":"default","ast-page-background-meta":{"desktop":{"background-color":"var(--ast-global-color-4)","background-image":"","background-repeat":"repeat","background-position":"center center","background-size":"auto","background-attachment":"scroll","background-type":"","background-media":"","overlay-type":"","overlay-color":"","overlay-opacity":"","overlay-gradient":""},"tablet":{"background-color":"","background-image":"","background-repeat":"repeat","background-position":"center center","background-size":"auto","background-attachment":"scroll","background-type":"","background-media":"","overlay-type":"","overlay-color":"","overlay-opacity":"","overlay-gradient":""},"mobile":{"background-color":"","background-image":"","background-repeat":"repeat","background-position":"center center","background-size":"auto","background-attachment":"scroll","background-type":"","background-media":"","overlay-type":"","overlay-color":"","overlay-opacity":"","overlay-gradient":""}},"ast-content-background-meta":{"desktop":{"background-color":"var(--ast-global-color-5)","background-image":"","background-repeat":"repeat","background-position":"center center","background-size":"auto","background-attachment":"scroll","background-type":"","background-media":"","overlay-type":"","overlay-color":"","overlay-opacity":"","overlay-gradient":""},"tablet":{"background-color":"var(--ast-global-color-5)","background-image":"","background-repeat":"repeat","background-position":"center center","background-size":"auto","background-attachment":"scroll","background-type":"","background-media":"","overlay-type":"","overlay-color":"","overlay-opacity":"","overlay-gradient":""},"mobile":{"background-color":"var(--ast-global-color-5)","background-image":"","background-repeat":"repeat","background-position":"center center","background-size":"auto","background-attachment":"scroll","background-type":"","background-media":"","overlay-type":"","overlay-color":"","overlay-opacity":"","overlay-gradient":""}},"footnotes":""},"class_list":["post-147870","page","type-page","status-publish","has-post-thumbnail","hentry"],"_links":{"self":[{"href":"https:\/\/medclinics.com\/de\/wp-json\/wp\/v2\/pages\/147870","targetHints":{"allow":["GET"]}}],"collection":[{"href":"https:\/\/medclinics.com\/de\/wp-json\/wp\/v2\/pages"}],"about":[{"href":"https:\/\/medclinics.com\/de\/wp-json\/wp\/v2\/types\/page"}],"author":[{"embeddable":true,"href":"https:\/\/medclinics.com\/de\/wp-json\/wp\/v2\/users\/4"}],"replies":[{"embeddable":true,"href":"https:\/\/medclinics.com\/de\/wp-json\/wp\/v2\/comments?post=147870"}],"version-history":[{"count":0,"href":"https:\/\/medclinics.com\/de\/wp-json\/wp\/v2\/pages\/147870\/revisions"}],"wp:featuredmedia":[{"embeddable":true,"href":"https:\/\/medclinics.com\/de\/wp-json\/wp\/v2\/media\/161709"}],"wp:attachment":[{"href":"https:\/\/medclinics.com\/de\/wp-json\/wp\/v2\/media?parent=147870"}],"curies":[{"name":"wp","href":"https:\/\/api.w.org\/{rel}","templated":true}]}}