{"id":147854,"date":"2023-06-02T08:26:50","date_gmt":"2023-06-02T05:26:50","guid":{"rendered":"https:\/\/medclinics.com\/paraffin-therapie\/"},"modified":"2024-04-14T23:03:34","modified_gmt":"2024-04-14T20:03:34","slug":"paraffin-therapie","status":"publish","type":"page","link":"https:\/\/medclinics.com\/de\/paraffin-therapie\/","title":{"rendered":"Paraffin-Therapie"},"content":{"rendered":"\n<h2 class=\"wp-block-heading\">Wenn Sie sich eine buchst\u00e4blich &#8222;samtige&#8220; Haut w\u00fcnschen, versorgt die Paraffintherapie Ihren K\u00f6rper perfekt mit Feuchtigkeit und macht ihn geschmeidig.<\/h2>\n\n<p>Es handelt sich um eine angenehme, entspannende W\u00e4rmebehandlungsmethode. Bei dem Verfahren wird fl\u00fcssiges Paraffin verwendet, das eine positive Wirkung auf die Haut hat. <a href=\"https:\/\/en.wikipedia.org\/wiki\/Paraffin_wax\" target=\"_blank\" rel=\"noreferrer noopener\">Paraffin<\/a> &#8211; hat eine hohe W\u00e4rmekapazit\u00e4t. Bei den kosmetischen Verfahren der Paraffintherapie werden auch verschiedene Vitamine verwendet, die die therapeutische Wirkung verst\u00e4rken.<\/p>\n\n<p>Dieses Verfahren kann f\u00fcr das Gesicht, die H\u00e4nde und die F\u00fc\u00dfe durchgef\u00fchrt werden:<\/p>\n\n<ul class=\"wp-block-list\">\n<li>Gesicht &#8211; hilft bei problematischer Haut, bei fahler, trockener oder geschwollener Haut. Spendet deutlich Feuchtigkeit, gl\u00e4ttet, stellt Zartheit und einen sch\u00f6nen Teint wieder her;<\/li>\n\n\n\n<li>H\u00e4nde &#8211; erm\u00f6glicht es Ihnen, Trockenheit, Peeling und Risse zu beseitigen. Macht die Haut der H\u00e4nde weich und geschmeidig;<\/li>\n\n\n\n<li>F\u00fc\u00dfe &#8211; dieses Verfahren ist besonders geeignet, wenn Sie trockene, raue Haut an den F\u00fc\u00dfen haben. Diese Therapie hilft, das Gewebe zu erweichen, Schwielen zu beseitigen, die Haut mit Feuchtigkeit zu versorgen, Schwellungen zu lindern und M\u00fcdigkeit zu bek\u00e4mpfen.<\/li>\n<\/ul>\n\n<figure class=\"wp-block-image size-full\"><img fetchpriority=\"high\" decoding=\"async\" width=\"780\" height=\"488\" src=\"https:\/\/medclinics.com\/wp-content\/uploads\/2024\/04\/paraffin-therapy-beauty-salon.jpg\" alt=\"paraffin-therapie-sch&#xF6;nheitssalon\" class=\"wp-image-161721\" srcset=\"https:\/\/medclinics.com\/wp-content\/uploads\/2024\/04\/paraffin-therapy-beauty-salon.jpg 780w, https:\/\/medclinics.com\/wp-content\/uploads\/2024\/04\/paraffin-therapy-beauty-salon-300x188.jpg 300w, https:\/\/medclinics.com\/wp-content\/uploads\/2024\/04\/paraffin-therapy-beauty-salon-768x480.jpg 768w\" sizes=\"(max-width: 780px) 100vw, 780px\" \/><\/figure>\n\n<h3 class=\"wp-block-heading\">Alles, was Sie \u00fcber die <a href=\"https:\/\/medclinics.com\/de\/klassische-kosmetologie\/\" target=\"_blank\" rel=\"noreferrer noopener\">klassische Kosmetologie<\/a> wissen m\u00fcssen, einschlie\u00dflich Preis und Nachsorge, oder <a href=\"#requestform\">kontaktieren Sie uns<\/a>!<\/h3>\n\n<h3 class=\"wp-block-heading\">FAQ<\/h3>\n<div id=\"rank-math-faq\" class=\"rank-math-block\">\n<div class=\"rank-math-list \">\n<div id=\"faq-question-1685693601504\" class=\"rank-math-list-item\">\n<h3 class=\"rank-math-question \">Was ist eine Paraffintherapie?<\/h3>\n<div class=\"rank-math-answer \">\n\n<p>Die Paraffintherapie ist eine Form der W\u00e4rmetherapie. Dabei wird warmes Paraffinwachs auf H\u00e4nde, F\u00fc\u00dfe oder andere K\u00f6rperteile aufgetragen.<\/p>\n\n<\/div>\n<\/div>\n<div id=\"faq-question-1685693681527\" class=\"rank-math-list-item\">\n<h3 class=\"rank-math-question \">Funktioniert die Paraffintherapie?<\/h3>\n<div class=\"rank-math-answer \">\n\n<p>Ja, es kann wirksam sein und verschiedene Vorteile bieten. Die W\u00e4rme des warmen Paraffinwachses f\u00f6rdert die Durchblutung, entspannt die Muskeln und lindert Gelenksteifheit.<\/p>\n\n<\/div>\n<\/div>\n<div id=\"faq-question-1685693827314\" class=\"rank-math-list-item\">\n<h3 class=\"rank-math-question \">Hilft Paraffin der Haut wirklich?<\/h3>\n<div class=\"rank-math-answer \">\n\n<p>Ja, es kann helfen, den Zustand der Haut zu verbessern, indem es tiefe Befeuchtung, Erweichung rau.<\/p>\n\n<\/div>\n<\/div>\n<\/div>\n<\/div>\n<p><\/p>\n\n<h3 class=\"wp-block-heading\">Kontaktieren Sie uns jetzt, falls Sie Fragen haben!<\/h3>\n","protected":false},"excerpt":{"rendered":"<p>Wenn Sie sich eine buchst\u00e4blich &#8222;samtige&#8220; Haut w\u00fcnschen, versorgt die Paraffintherapie Ihren K\u00f6rper perfekt mit Feuchtigkeit und macht ihn geschmeidig. [&hellip;]<\/p>\n","protected":false},"author":4,"featured_media":161724,"parent":0,"menu_order":0,"comment_status":"closed","ping_status":"closed","template":"","meta":{"site-sidebar-layout":"default","site-content-layout":"","ast-site-content-layout":"default","site-content-style":"default","site-sidebar-style":"default","ast-global-header-display":"","ast-banner-title-visibility":"","ast-main-header-display":"","ast-hfb-above-header-display":"","ast-hfb-below-header-display":"","ast-hfb-mobile-header-display":"","site-post-title":"","ast-breadcrumbs-content":"","ast-featured-img":"","footer-sml-layout":"","ast-disable-related-posts":"","theme-transparent-header-meta":"","adv-header-id-meta":"","stick-header-meta":"","header-above-stick-meta":"","header-main-stick-meta":"","header-below-stick-meta":"","astra-migrate-meta-layouts":"default","ast-page-background-enabled":"default","ast-page-background-meta":{"desktop":{"background-color":"var(--ast-global-color-4)","background-image":"","background-repeat":"repeat","background-position":"center center","background-size":"auto","background-attachment":"scroll","background-type":"","background-media":"","overlay-type":"","overlay-color":"","overlay-opacity":"","overlay-gradient":""},"tablet":{"background-color":"","background-image":"","background-repeat":"repeat","background-position":"center center","background-size":"auto","background-attachment":"scroll","background-type":"","background-media":"","overlay-type":"","overlay-color":"","overlay-opacity":"","overlay-gradient":""},"mobile":{"background-color":"","background-image":"","background-repeat":"repeat","background-position":"center center","background-size":"auto","background-attachment":"scroll","background-type":"","background-media":"","overlay-type":"","overlay-color":"","overlay-opacity":"","overlay-gradient":""}},"ast-content-background-meta":{"desktop":{"background-color":"var(--ast-global-color-5)","background-image":"","background-repeat":"repeat","background-position":"center center","background-size":"auto","background-attachment":"scroll","background-type":"","background-media":"","overlay-type":"","overlay-color":"","overlay-opacity":"","overlay-gradient":""},"tablet":{"background-color":"var(--ast-global-color-5)","background-image":"","background-repeat":"repeat","background-position":"center center","background-size":"auto","background-attachment":"scroll","background-type":"","background-media":"","overlay-type":"","overlay-color":"","overlay-opacity":"","overlay-gradient":""},"mobile":{"background-color":"var(--ast-global-color-5)","background-image":"","background-repeat":"repeat","background-position":"center center","background-size":"auto","background-attachment":"scroll","background-type":"","background-media":"","overlay-type":"","overlay-color":"","overlay-opacity":"","overlay-gradient":""}},"footnotes":""},"class_list":["post-147854","page","type-page","status-publish","has-post-thumbnail","hentry"],"_links":{"self":[{"href":"https:\/\/medclinics.com\/de\/wp-json\/wp\/v2\/pages\/147854","targetHints":{"allow":["GET"]}}],"collection":[{"href":"https:\/\/medclinics.com\/de\/wp-json\/wp\/v2\/pages"}],"about":[{"href":"https:\/\/medclinics.com\/de\/wp-json\/wp\/v2\/types\/page"}],"author":[{"embeddable":true,"href":"https:\/\/medclinics.com\/de\/wp-json\/wp\/v2\/users\/4"}],"replies":[{"embeddable":true,"href":"https:\/\/medclinics.com\/de\/wp-json\/wp\/v2\/comments?post=147854"}],"version-history":[{"count":0,"href":"https:\/\/medclinics.com\/de\/wp-json\/wp\/v2\/pages\/147854\/revisions"}],"wp:featuredmedia":[{"embeddable":true,"href":"https:\/\/medclinics.com\/de\/wp-json\/wp\/v2\/media\/161724"}],"wp:attachment":[{"href":"https:\/\/medclinics.com\/de\/wp-json\/wp\/v2\/media?parent=147854"}],"curies":[{"name":"wp","href":"https:\/\/api.w.org\/{rel}","templated":true}]}}