{"id":147828,"date":"2023-06-02T11:33:08","date_gmt":"2023-06-02T08:33:08","guid":{"rendered":"https:\/\/medclinics.com\/mechanische-hardware-kosmetologie\/"},"modified":"2024-04-14T23:03:34","modified_gmt":"2024-04-14T20:03:34","slug":"mechanische-hardware-kosmetologie","status":"publish","type":"page","link":"https:\/\/medclinics.com\/de\/mechanische-hardware-kosmetologie\/","title":{"rendered":"Mechanische Hardware Kosmetologie"},"content":{"rendered":"\n<h2 class=\"wp-block-heading\">Es gibt mechanische Hardware-Kosmetologie-Techniken f\u00fcr Ihre speziellen Bed\u00fcrfnisse.<\/h2>\n\n<ul class=\"wp-block-list\">\n<li><strong>Brossage<\/strong><br\/>Es handelt sich um ein Verfahren zur Reinigung der obersten Hautschicht. Sie verwendet eine spezielle automatische Vorrichtung mit rotierenden D\u00fcsen. Solche Ger\u00e4te sind in der Regel mit einem Bimsstein, einem Schwamm und verschiedenen B\u00fcrsten aus Naturborsten, Gummi oder Kunststoff ausgestattet. W\u00e4hrend des Verfahrens werden abgestorbene Hautzellen von der oberen Hautschicht entfernt und gleichzeitig wird eine Massage durchgef\u00fchrt. Sie verbessert nicht nur die Durchblutung, sondern regt auch die Erneuerung der Epidermis an.<\/li>\n\n\n\n<li><strong>Diamant-Mikrodermabrasion (Peeling)<\/strong><br\/>Es handelt sich um eine der modernen Methoden der Verj\u00fcngung, die es erm\u00f6glicht, ein ausgepr\u00e4gtes Ergebnis zu erzielen, ohne die Haut ernsthaft zu belasten. Dieses Verfahren wird mit speziell beschichteten Spitzen durchgef\u00fchrt, die die oberste Schicht der Epidermis sanft abtragen und die Epidermis tief reinigen.<\/li>\n<\/ul>\n\n<p>Die <a href=\"https:\/\/medclinics.com\/de\/dermatologie-in-istanbul-turkei-beste-dermatologen-preise-kliniken\/\" target=\"_blank\" data-type=\"post\" data-id=\"146967\" rel=\"noreferrer noopener\">Mikrodermabrasion<\/a> wird mit einem speziellen Ger\u00e4t mit D\u00fcsen durchgef\u00fchrt, die jeweils mit kleinen Diamantstaubkristallen besetzt sind. Je nach Zustand der Haut ausgew\u00e4hlte D\u00fcse mit dem erforderlichen Grad der Abrasion. Au\u00dferdem wird die Haut w\u00e4hrend des Eingriffs einem Unterdruck ausgesetzt, der die Blutzirkulation und die Stoffwechselprozesse im Gewebe verbessert.<\/p>\n\n<figure class=\"wp-block-image size-full\"><img fetchpriority=\"high\" decoding=\"async\" width=\"780\" height=\"488\" src=\"https:\/\/medclinics.com\/wp-content\/uploads\/2024\/04\/mechanical-hardware-cosmetology-beauty-salon.jpg\" alt=\"\" class=\"wp-image-161671\" srcset=\"https:\/\/medclinics.com\/wp-content\/uploads\/2024\/04\/mechanical-hardware-cosmetology-beauty-salon.jpg 780w, https:\/\/medclinics.com\/wp-content\/uploads\/2024\/04\/mechanical-hardware-cosmetology-beauty-salon-300x188.jpg 300w, https:\/\/medclinics.com\/wp-content\/uploads\/2024\/04\/mechanical-hardware-cosmetology-beauty-salon-768x480.jpg 768w\" sizes=\"(max-width: 780px) 100vw, 780px\" \/><\/figure>\n\n<h3 class=\"wp-block-heading\">Alles, was Sie \u00fcber die <a href=\"https:\/\/medclinics.com\/de\/hardware-kosmetologie\/\" target=\"_blank\" rel=\"noreferrer noopener\">Hardware-Kosmetik<\/a> wissen m\u00fcssen, einschlie\u00dflich aller Informationen, oder <a href=\"#requestform\">kontaktieren Sie uns<\/a>!<\/h3>\n\n<h3 class=\"wp-block-heading\">FAQ<\/h3>\n<div id=\"rank-math-faq\" class=\"rank-math-block\">\n<div class=\"rank-math-list \">\n<div id=\"faq-question-1685704851192\" class=\"rank-math-list-item\">\n<h3 class=\"rank-math-question \">Welche Arten der mechanischen Kosmetologie gibt es?<\/h3>\n<div class=\"rank-math-answer \">\n\n<p>Brossage und Diamant-Mikrodermabrasion sind Arten davon.<\/p>\n\n<\/div>\n<\/div>\n<div id=\"faq-question-1685704902606\" class=\"rank-math-list-item\">\n<h3 class=\"rank-math-question \">Was ist Brossage?<\/h3>\n<div class=\"rank-math-answer \">\n\n<p>Sie kann sich auf eine Gesichtsmassagetechnik beziehen, bei der sanfte B\u00fcrstenbewegungen mit einer B\u00fcrste mit weichen Borsten verwendet werden.<\/p>\n\n<\/div>\n<\/div>\n<div id=\"faq-question-1685704916566\" class=\"rank-math-list-item\">\n<h3 class=\"rank-math-question \">Was ist Mikrodermabrasion?<\/h3>\n<div class=\"rank-math-answer \">\n\n<p>Der Diamantstift entfernt sanft abgestorbene Hautzellen und stimuliert die Kollagenproduktion. Das Ergebnis ist eine verbesserte Hauttextur und ein jugendlicheres Aussehen.<\/p>\n\n<\/div>\n<\/div>\n<\/div>\n<\/div>\n<p><\/p>\n\n<h3 class=\"wp-block-heading\">Kontaktieren Sie uns jetzt, falls Sie Fragen haben!<\/h3>\n","protected":false},"excerpt":{"rendered":"<p>Es gibt mechanische Hardware-Kosmetologie-Techniken f\u00fcr Ihre speziellen Bed\u00fcrfnisse. Die Mikrodermabrasion wird mit einem speziellen Ger\u00e4t mit D\u00fcsen durchgef\u00fchrt, die jeweils [&hellip;]<\/p>\n","protected":false},"author":4,"featured_media":161674,"parent":0,"menu_order":0,"comment_status":"closed","ping_status":"closed","template":"","meta":{"site-sidebar-layout":"default","site-content-layout":"","ast-site-content-layout":"default","site-content-style":"default","site-sidebar-style":"default","ast-global-header-display":"","ast-banner-title-visibility":"","ast-main-header-display":"","ast-hfb-above-header-display":"","ast-hfb-below-header-display":"","ast-hfb-mobile-header-display":"","site-post-title":"","ast-breadcrumbs-content":"","ast-featured-img":"","footer-sml-layout":"","ast-disable-related-posts":"","theme-transparent-header-meta":"","adv-header-id-meta":"","stick-header-meta":"","header-above-stick-meta":"","header-main-stick-meta":"","header-below-stick-meta":"","astra-migrate-meta-layouts":"default","ast-page-background-enabled":"default","ast-page-background-meta":{"desktop":{"background-color":"var(--ast-global-color-4)","background-image":"","background-repeat":"repeat","background-position":"center center","background-size":"auto","background-attachment":"scroll","background-type":"","background-media":"","overlay-type":"","overlay-color":"","overlay-opacity":"","overlay-gradient":""},"tablet":{"background-color":"","background-image":"","background-repeat":"repeat","background-position":"center center","background-size":"auto","background-attachment":"scroll","background-type":"","background-media":"","overlay-type":"","overlay-color":"","overlay-opacity":"","overlay-gradient":""},"mobile":{"background-color":"","background-image":"","background-repeat":"repeat","background-position":"center center","background-size":"auto","background-attachment":"scroll","background-type":"","background-media":"","overlay-type":"","overlay-color":"","overlay-opacity":"","overlay-gradient":""}},"ast-content-background-meta":{"desktop":{"background-color":"var(--ast-global-color-5)","background-image":"","background-repeat":"repeat","background-position":"center center","background-size":"auto","background-attachment":"scroll","background-type":"","background-media":"","overlay-type":"","overlay-color":"","overlay-opacity":"","overlay-gradient":""},"tablet":{"background-color":"var(--ast-global-color-5)","background-image":"","background-repeat":"repeat","background-position":"center center","background-size":"auto","background-attachment":"scroll","background-type":"","background-media":"","overlay-type":"","overlay-color":"","overlay-opacity":"","overlay-gradient":""},"mobile":{"background-color":"var(--ast-global-color-5)","background-image":"","background-repeat":"repeat","background-position":"center center","background-size":"auto","background-attachment":"scroll","background-type":"","background-media":"","overlay-type":"","overlay-color":"","overlay-opacity":"","overlay-gradient":""}},"footnotes":""},"class_list":["post-147828","page","type-page","status-publish","has-post-thumbnail","hentry"],"_links":{"self":[{"href":"https:\/\/medclinics.com\/de\/wp-json\/wp\/v2\/pages\/147828","targetHints":{"allow":["GET"]}}],"collection":[{"href":"https:\/\/medclinics.com\/de\/wp-json\/wp\/v2\/pages"}],"about":[{"href":"https:\/\/medclinics.com\/de\/wp-json\/wp\/v2\/types\/page"}],"author":[{"embeddable":true,"href":"https:\/\/medclinics.com\/de\/wp-json\/wp\/v2\/users\/4"}],"replies":[{"embeddable":true,"href":"https:\/\/medclinics.com\/de\/wp-json\/wp\/v2\/comments?post=147828"}],"version-history":[{"count":0,"href":"https:\/\/medclinics.com\/de\/wp-json\/wp\/v2\/pages\/147828\/revisions"}],"wp:featuredmedia":[{"embeddable":true,"href":"https:\/\/medclinics.com\/de\/wp-json\/wp\/v2\/media\/161674"}],"wp:attachment":[{"href":"https:\/\/medclinics.com\/de\/wp-json\/wp\/v2\/media?parent=147828"}],"curies":[{"name":"wp","href":"https:\/\/api.w.org\/{rel}","templated":true}]}}