{"id":147822,"date":"2023-06-02T11:57:44","date_gmt":"2023-06-02T08:57:44","guid":{"rendered":"https:\/\/medclinics.com\/vakuum-hardware-kosmetologie\/"},"modified":"2024-04-14T23:03:34","modified_gmt":"2024-04-14T20:03:34","slug":"vakuum-hardware-kosmetologie","status":"publish","type":"page","link":"https:\/\/medclinics.com\/de\/vakuum-hardware-kosmetologie\/","title":{"rendered":"Vakuum-Hardware Kosmetologie"},"content":{"rendered":"\n<h2 class=\"wp-block-heading\">Es gibt verschiedene Arten von Vakuum-Hardware Kosmetologie f\u00fcr Ihre W\u00fcnsche.<\/h2>\n\n<ul class=\"wp-block-list\">\n<li><strong>Vakuum-Massage<\/strong><br\/>Es handelt sich um eine maschinengest\u00fctzte Methode zur K\u00f6rperformung, mit der Cellulite, \u00fcberm\u00e4\u00dfige Fettansammlungen, Schwellungen und Hauterschlaffung wirksam reduziert werden k\u00f6nnen. Es verbessert deutlich die Elastizit\u00e4t und Festigkeit der Haut. W\u00e4hrend des Betriebs wird in den pneumatischen Massagek\u00f6pfen ein Unterdruck erzeugt, der eine Saugwirkung erzeugt und die Haut strafft.<br\/>Dadurch wird eine mechanische Wirkung auf die tieferen Gewebe erzielt, die mit anderen Methoden wie der manuellen <a href=\"https:\/\/en.wikipedia.org\/wiki\/Massage\" target=\"_blank\" rel=\"noreferrer noopener\">Massage<\/a> nicht erreicht werden kann. Die Wirkung besteht in der Verbesserung der Blut- und Lymphzirkulation in dem zu behandelnden Bereich. Die Vakuummassage unterst\u00fctzt den Fluss von frischem, sauerstoffreichem Blut zu den Problemzonen und f\u00f6rdert gleichzeitig den Abfluss von ven\u00f6sem Blut und Lymphe.<\/li>\n\n\n\n<li><strong>Gesichts-Vakuum-Reinigung<\/strong><br\/>Es handelt sich um ein maschinelles Gesichtsreinigungsverfahren, das mit einem Vakuumger\u00e4t durchgef\u00fchrt wird. Das Verfahren ist genau dasselbe wie bei einer manuellen Gesichtsbehandlung, aber die Reinigung wird unter Unterdruck durchgef\u00fchrt, indem Luft durch eine spezielle D\u00fcse gepresst wird. Der Vorteil einer Vakuum-Gesichtsbehandlung ist, dass sie im Vergleich zu einer manuellen Gesichtsbehandlung v\u00f6llig schmerzfrei ist, der Nachteil ist jedoch, dass die Vakuumbehandlung eher oberfl\u00e4chlich ist.<\/li>\n<\/ul>\n\n<figure class=\"wp-block-image size-full\"><img fetchpriority=\"high\" decoding=\"async\" width=\"780\" height=\"488\" src=\"https:\/\/medclinics.com\/wp-content\/uploads\/2024\/04\/vacuum-hardware-cosmetology-beauty-salon-istanbul.jpg\" alt=\"vakuum-hardware-kosmetologie-sch&#xF6;nheitssalon-istanbul\" class=\"wp-image-161605\" srcset=\"https:\/\/medclinics.com\/wp-content\/uploads\/2024\/04\/vacuum-hardware-cosmetology-beauty-salon-istanbul.jpg 780w, https:\/\/medclinics.com\/wp-content\/uploads\/2024\/04\/vacuum-hardware-cosmetology-beauty-salon-istanbul-300x188.jpg 300w, https:\/\/medclinics.com\/wp-content\/uploads\/2024\/04\/vacuum-hardware-cosmetology-beauty-salon-istanbul-768x480.jpg 768w\" sizes=\"(max-width: 780px) 100vw, 780px\" \/><\/figure>\n\n<h3 class=\"wp-block-heading\">Alles, was Sie \u00fcber <a href=\"https:\/\/medclinics.com\/de\/hardware-kosmetologie\/\" target=\"_blank\" rel=\"noreferrer noopener\">Hardware-Kosmetik<\/a> wissen m\u00fcssen, einschlie\u00dflich Preis, oder <a href=\"#requestform\">kontaktieren Sie uns<\/a>!<\/h3>\n\n<h2 class=\"wp-block-heading\">FAQ <\/h2>\n<div id=\"rank-math-faq\" class=\"rank-math-block\">\n<div class=\"rank-math-list \">\n<div id=\"faq-question-1685706393946\" class=\"rank-math-list-item\">\n<h3 class=\"rank-math-question \">Was ist Vakuum-Hardware-Kosmetik?<\/h3>\n<div class=\"rank-math-answer \">\n\n<p>Es handelt sich dabei um kosmetische Verfahren, bei denen die Haut und das darunter liegende Gewebe mit Hilfe von Saugger\u00e4ten stimuliert werden.<\/p>\n\n<\/div>\n<\/div>\n<div id=\"faq-question-1685706396940\" class=\"rank-math-list-item\">\n<h3 class=\"rank-math-question \">Was ist eine Vakuummassage?<\/h3>\n<div class=\"rank-math-answer \">\n\n<p>Die Schr\u00f6pfmassage, auch Saugmassage oder Schr\u00f6pfkopfmassage genannt, ist eine therapeutische Technik, bei der mit Hilfe von Saugn\u00e4pfen auf der Haut ein Vakuumeffekt erzeugt wird.<\/p>\n\n<\/div>\n<\/div>\n<div id=\"faq-question-1685706397946\" class=\"rank-math-list-item\">\n<h3 class=\"rank-math-question \">Was ist eine Vakuum-Gesichtsreinigung?<\/h3>\n<div class=\"rank-math-answer \">\n\n<p>Die Porenreinigung ist eine Hautpflegetechnik, bei der ein Saugger\u00e4t eingesetzt wird, um Verunreinigungen wie Schmutz, \u00d6l und Ablagerungen aus den Hautporen zu entfernen.<\/p>\n\n<\/div>\n<\/div>\n<\/div>\n<\/div>\n<p><\/p>\n\n<h3 class=\"wp-block-heading\">Kontaktieren Sie uns jetzt, falls Sie Fragen haben!<\/h3>\n","protected":false},"excerpt":{"rendered":"<p>Es gibt verschiedene Arten von Vakuum-Hardware Kosmetologie f\u00fcr Ihre W\u00fcnsche. Alles, was Sie \u00fcber Hardware-Kosmetik wissen m\u00fcssen, einschlie\u00dflich Preis, oder [&hellip;]<\/p>\n","protected":false},"author":4,"featured_media":161608,"parent":0,"menu_order":0,"comment_status":"closed","ping_status":"closed","template":"","meta":{"site-sidebar-layout":"default","site-content-layout":"","ast-site-content-layout":"default","site-content-style":"default","site-sidebar-style":"default","ast-global-header-display":"","ast-banner-title-visibility":"","ast-main-header-display":"","ast-hfb-above-header-display":"","ast-hfb-below-header-display":"","ast-hfb-mobile-header-display":"","site-post-title":"","ast-breadcrumbs-content":"","ast-featured-img":"","footer-sml-layout":"","ast-disable-related-posts":"","theme-transparent-header-meta":"","adv-header-id-meta":"","stick-header-meta":"","header-above-stick-meta":"","header-main-stick-meta":"","header-below-stick-meta":"","astra-migrate-meta-layouts":"default","ast-page-background-enabled":"default","ast-page-background-meta":{"desktop":{"background-color":"var(--ast-global-color-4)","background-image":"","background-repeat":"repeat","background-position":"center center","background-size":"auto","background-attachment":"scroll","background-type":"","background-media":"","overlay-type":"","overlay-color":"","overlay-opacity":"","overlay-gradient":""},"tablet":{"background-color":"","background-image":"","background-repeat":"repeat","background-position":"center center","background-size":"auto","background-attachment":"scroll","background-type":"","background-media":"","overlay-type":"","overlay-color":"","overlay-opacity":"","overlay-gradient":""},"mobile":{"background-color":"","background-image":"","background-repeat":"repeat","background-position":"center center","background-size":"auto","background-attachment":"scroll","background-type":"","background-media":"","overlay-type":"","overlay-color":"","overlay-opacity":"","overlay-gradient":""}},"ast-content-background-meta":{"desktop":{"background-color":"var(--ast-global-color-5)","background-image":"","background-repeat":"repeat","background-position":"center center","background-size":"auto","background-attachment":"scroll","background-type":"","background-media":"","overlay-type":"","overlay-color":"","overlay-opacity":"","overlay-gradient":""},"tablet":{"background-color":"var(--ast-global-color-5)","background-image":"","background-repeat":"repeat","background-position":"center center","background-size":"auto","background-attachment":"scroll","background-type":"","background-media":"","overlay-type":"","overlay-color":"","overlay-opacity":"","overlay-gradient":""},"mobile":{"background-color":"var(--ast-global-color-5)","background-image":"","background-repeat":"repeat","background-position":"center center","background-size":"auto","background-attachment":"scroll","background-type":"","background-media":"","overlay-type":"","overlay-color":"","overlay-opacity":"","overlay-gradient":""}},"footnotes":""},"class_list":["post-147822","page","type-page","status-publish","has-post-thumbnail","hentry"],"_links":{"self":[{"href":"https:\/\/medclinics.com\/de\/wp-json\/wp\/v2\/pages\/147822","targetHints":{"allow":["GET"]}}],"collection":[{"href":"https:\/\/medclinics.com\/de\/wp-json\/wp\/v2\/pages"}],"about":[{"href":"https:\/\/medclinics.com\/de\/wp-json\/wp\/v2\/types\/page"}],"author":[{"embeddable":true,"href":"https:\/\/medclinics.com\/de\/wp-json\/wp\/v2\/users\/4"}],"replies":[{"embeddable":true,"href":"https:\/\/medclinics.com\/de\/wp-json\/wp\/v2\/comments?post=147822"}],"version-history":[{"count":0,"href":"https:\/\/medclinics.com\/de\/wp-json\/wp\/v2\/pages\/147822\/revisions"}],"wp:featuredmedia":[{"embeddable":true,"href":"https:\/\/medclinics.com\/de\/wp-json\/wp\/v2\/media\/161608"}],"wp:attachment":[{"href":"https:\/\/medclinics.com\/de\/wp-json\/wp\/v2\/media?parent=147822"}],"curies":[{"name":"wp","href":"https:\/\/api.w.org\/{rel}","templated":true}]}}