{"id":147814,"date":"2023-06-02T12:22:00","date_gmt":"2023-06-02T09:22:00","guid":{"rendered":"https:\/\/medclinics.com\/ultraschall-hardware-kosmetologie\/"},"modified":"2024-04-04T19:31:12","modified_gmt":"2024-04-04T16:31:12","slug":"ultraschall-hardware-kosmetologie","status":"publish","type":"page","link":"https:\/\/medclinics.com\/de\/ultraschall-hardware-kosmetologie\/","title":{"rendered":"Ultraschall-Hardware Kosmetologie"},"content":{"rendered":"\n<h2 class=\"wp-block-heading\">Ultraschall-Hardware Kosmetologie ist in mehrere Arten unterteilt.<\/h2>\n\n<ul class=\"wp-block-list\">\n<li><strong>Ultraschall-Reinigung<\/strong><\/li>\n<\/ul>\n\n<p>Es handelt sich um ein maschinelles Reinigungsverfahren, bei dem Hochfrequenz-Ultraschallwellen eingesetzt werden. Ultraschall ist heute eine der sichersten, wirksamsten und beliebtesten Methoden zur Reinigung der Haut. Sie kann sowohl im Gesicht als auch an anderen K\u00f6rperstellen wie dem Dekollet\u00e9, dem R\u00fccken und dem Hals angewendet werden. Die Wirksamkeit der Ultraschallreinigung ist auf die F\u00e4higkeit der Ultraschallwellen zur\u00fcckzuf\u00fchren, tief in die Haut einzudringen. Durch eine Mikromassage werden Unreinheiten aufgeweicht und an die Oberfl\u00e4che gebracht.<\/p>\n\n<ul class=\"wp-block-list\">\n<li><strong>Ultraschall-Massage<\/strong><\/li>\n<\/ul>\n\n<p>Es handelt sich um eine <a href=\"https:\/\/en.wikipedia.org\/wiki\/Therapeutic_ultrasound\" target=\"_blank\" rel=\"noreferrer noopener\">physiotherapeutische Massagetechnik<\/a>, bei der Ultraschallwellen einer bestimmten L\u00e4nge eingesetzt werden. Die St\u00e4rke der Behandlung h\u00e4ngt von dem zu behandelnden Gebiet und der Art des Problems ab und wird vom Arzt festgelegt. Die Ultraschall-K\u00f6rpermassage stimuliert das Blut- und Lymphsystem, erh\u00f6ht den Gewebestoffwechsel, versorgt die Zellen mit Sauerstoff und reduziert Schwellungen. Die Wirksamkeit der Behandlung wird durch die gleichzeitige Verwendung von kosmetischen Produkten erh\u00f6ht, die auf die angegebenen Probleme (Narben, Dehnungsstreifen, Narben, Cellulite, faserige Massen, schlaffe oder h\u00e4ngende Haut, Schwellungen) abzielen.<\/p>\n\n<ul class=\"wp-block-list\">\n<li><strong>Phonophorese<\/strong><\/li>\n<\/ul>\n\n<p>Sie (Sonophorese oder Ultra-Phonophorese) ist eine physiotherapeutische Methode, bei der die Anwendung von Medikamenten mit der Einwirkung von hochfrequenten Ultraschallwellen kombiniert wird. Dadurch wird die Wirkung verst\u00e4rkt: Sowohl die Wirkstoffe der Medikamente als auch die Ultraschallwellen selbst wirken. Wenn das Ultraschallger\u00e4t die Haut des Patienten ber\u00fchrt, werden Vibrationen erzeugt, mechanische Energie wird in W\u00e4rmeenergie umgewandelt und regenerative Prozesse werden angeregt. Die Wahl des Pr\u00e4parats f\u00fcr die Ultraschall-Phonophorese ist individuell: Der Arzt w\u00e4hlt das Produkt, die Dosis und die Dauer der Behandlung je nach Indikation aus. Es wird sowohl in der Kosmetik (Narbenbehandlung) als auch in der Medizin (Behandlung von Bandscheibenbr\u00fcchen, Arthritis usw.) eingesetzt.<\/p>\n\n<h3 class=\"wp-block-heading\">Alles, was Sie \u00fcber <a href=\"https:\/\/medclinics.com\/de\/hardware-kosmetologie\/\" target=\"_blank\" rel=\"noreferrer noopener\">Hardware-Kosmetik<\/a> wissen m\u00fcssen, einschlie\u00dflich Preis, Nachsorge und mehr, oder <a href=\"#requestform\">kontaktieren Sie uns<\/a>!<\/h3>\n\n<h2 class=\"wp-block-heading\">FAQ <\/h2>\n<div id=\"rank-math-faq\" class=\"rank-math-block\">\n<div class=\"rank-math-list \">\n<div id=\"faq-question-1685707412021\" class=\"rank-math-list-item\">\n<h3 class=\"rank-math-question \">Was ist Ultraschall-Hardware-Kosmetik?<\/h3>\n<div class=\"rank-math-answer \">\n\n<p>Die Ultraschall-Hardware-Kosmetik bezieht sich auf die Verwendung von Ultraschalltechnologie bei kosmetischen Behandlungen und Verfahren. In der Kosmetologie werden diese Ger\u00e4te zu verschiedenen Zwecken eingesetzt, z. B. zur Tiefenreinigung, Peeling, Hautstraffung und Verbesserung der Penetration von Produkten.<\/p>\n\n<\/div>\n<\/div>\n<div id=\"faq-question-1685707434177\" class=\"rank-math-list-item\">\n<h3 class=\"rank-math-question \">Was sind die Arten von Ultraschall-Hardware Kosmetologie?<\/h3>\n<div class=\"rank-math-answer \">\n\n<p>Arten von Ultraschall-Hardware Kosmetologie sind Ultraschall-Reinigung, Ultraschall-Massage, Phonophorese.<\/p>\n\n<\/div>\n<\/div>\n<\/div>\n<\/div>\n<p><\/p>\n\n<h3 class=\"wp-block-heading\">Kontaktieren Sie uns jetzt, falls Sie Fragen haben!<\/h3>\n","protected":false},"excerpt":{"rendered":"<p>Ultraschall-Hardware Kosmetologie ist in mehrere Arten unterteilt. Es handelt sich um ein maschinelles Reinigungsverfahren, bei dem Hochfrequenz-Ultraschallwellen eingesetzt werden. Ultraschall [&hellip;]<\/p>\n","protected":false},"author":4,"featured_media":93475,"parent":0,"menu_order":0,"comment_status":"closed","ping_status":"closed","template":"","meta":{"site-sidebar-layout":"default","site-content-layout":"","ast-site-content-layout":"default","site-content-style":"default","site-sidebar-style":"default","ast-global-header-display":"","ast-banner-title-visibility":"","ast-main-header-display":"","ast-hfb-above-header-display":"","ast-hfb-below-header-display":"","ast-hfb-mobile-header-display":"","site-post-title":"","ast-breadcrumbs-content":"","ast-featured-img":"","footer-sml-layout":"","ast-disable-related-posts":"","theme-transparent-header-meta":"","adv-header-id-meta":"","stick-header-meta":"","header-above-stick-meta":"","header-main-stick-meta":"","header-below-stick-meta":"","astra-migrate-meta-layouts":"default","ast-page-background-enabled":"default","ast-page-background-meta":{"desktop":{"background-color":"var(--ast-global-color-4)","background-image":"","background-repeat":"repeat","background-position":"center center","background-size":"auto","background-attachment":"scroll","background-type":"","background-media":"","overlay-type":"","overlay-color":"","overlay-opacity":"","overlay-gradient":""},"tablet":{"background-color":"","background-image":"","background-repeat":"repeat","background-position":"center center","background-size":"auto","background-attachment":"scroll","background-type":"","background-media":"","overlay-type":"","overlay-color":"","overlay-opacity":"","overlay-gradient":""},"mobile":{"background-color":"","background-image":"","background-repeat":"repeat","background-position":"center center","background-size":"auto","background-attachment":"scroll","background-type":"","background-media":"","overlay-type":"","overlay-color":"","overlay-opacity":"","overlay-gradient":""}},"ast-content-background-meta":{"desktop":{"background-color":"var(--ast-global-color-5)","background-image":"","background-repeat":"repeat","background-position":"center center","background-size":"auto","background-attachment":"scroll","background-type":"","background-media":"","overlay-type":"","overlay-color":"","overlay-opacity":"","overlay-gradient":""},"tablet":{"background-color":"var(--ast-global-color-5)","background-image":"","background-repeat":"repeat","background-position":"center center","background-size":"auto","background-attachment":"scroll","background-type":"","background-media":"","overlay-type":"","overlay-color":"","overlay-opacity":"","overlay-gradient":""},"mobile":{"background-color":"var(--ast-global-color-5)","background-image":"","background-repeat":"repeat","background-position":"center center","background-size":"auto","background-attachment":"scroll","background-type":"","background-media":"","overlay-type":"","overlay-color":"","overlay-opacity":"","overlay-gradient":""}},"footnotes":""},"class_list":["post-147814","page","type-page","status-publish","has-post-thumbnail","hentry"],"_links":{"self":[{"href":"https:\/\/medclinics.com\/de\/wp-json\/wp\/v2\/pages\/147814","targetHints":{"allow":["GET"]}}],"collection":[{"href":"https:\/\/medclinics.com\/de\/wp-json\/wp\/v2\/pages"}],"about":[{"href":"https:\/\/medclinics.com\/de\/wp-json\/wp\/v2\/types\/page"}],"author":[{"embeddable":true,"href":"https:\/\/medclinics.com\/de\/wp-json\/wp\/v2\/users\/4"}],"replies":[{"embeddable":true,"href":"https:\/\/medclinics.com\/de\/wp-json\/wp\/v2\/comments?post=147814"}],"version-history":[{"count":0,"href":"https:\/\/medclinics.com\/de\/wp-json\/wp\/v2\/pages\/147814\/revisions"}],"wp:featuredmedia":[{"embeddable":true,"href":"https:\/\/medclinics.com\/de\/wp-json\/wp\/v2\/media\/93475"}],"wp:attachment":[{"href":"https:\/\/medclinics.com\/de\/wp-json\/wp\/v2\/media?parent=147814"}],"curies":[{"name":"wp","href":"https:\/\/api.w.org\/{rel}","templated":true}]}}