{"id":147806,"date":"2023-06-02T12:53:23","date_gmt":"2023-06-02T09:53:23","guid":{"rendered":"https:\/\/medclinics.com\/laser-hardware-kosmetologie\/"},"modified":"2024-04-04T19:31:00","modified_gmt":"2024-04-04T16:31:00","slug":"laser-hardware-kosmetologie","status":"publish","type":"page","link":"https:\/\/medclinics.com\/de\/laser-hardware-kosmetologie\/","title":{"rendered":"Laser Hardware Kosmetologie"},"content":{"rendered":"\n<h2 class=\"wp-block-heading\">Wenn Sie nach M\u00f6glichkeiten suchen, um schwarze Flecken loszuwerden und eine glatte Haut zu haben, ist Laser-Hardware-Kosmetik f\u00fcr die beste.<\/h2>\n\n<p><strong>Photorejuvenation \/ Lumecca<\/strong><\/p>\n\n<p>Es handelt sich um eine <a href=\"https:\/\/en.wikipedia.org\/wiki\/Photorejuvenation\" target=\"_blank\" rel=\"noreferrer noopener\">IPL-Technologie<\/a>, bei der ein Ger\u00e4t eingesetzt wird, das hochintensive Lichtimpulse aussendet, um die Haut zu verj\u00fcngen und Altersflecken und Gef\u00e4\u00dfst\u00f6rungen zu entfernen. Mit diesem minimalinvasiven Verfahren k\u00f6nnen eine Reihe von \u00e4sthetischen Problemen behandelt werden, darunter braune Flecken, Sonnensch\u00e4den, ungleichm\u00e4\u00dfiger Hautton, Rosazea oder R\u00f6tungen. Nach nur einer Behandlung erleben die Patienten eine deutliche Verbesserung des Teints, der Klarheit, der Spannkraft, der Festigkeit und der Elastizit\u00e4t der Haut.<\/p>\n\n<h3 class=\"wp-block-heading\">Alles, was Sie \u00fcber <a href=\"https:\/\/medclinics.com\/de\/hardware-kosmetologie\/\" target=\"_blank\" rel=\"noreferrer noopener\">Hardware-Kosmetik<\/a> wissen m\u00fcssen, einschlie\u00dflich Preis und mehr, <a href=\"#requestform\">kontaktieren Sie uns<\/a> jetzt!<\/h3>\n\n<h3 class=\"wp-block-heading\">FAQ<\/h3>\n<div id=\"rank-math-faq\" class=\"rank-math-block\">\n<div class=\"rank-math-list \">\n<div id=\"faq-question-1685709878645\" class=\"rank-math-list-item\">\n<h3 class=\"rank-math-question \">Was ist Laser-Hardware-Kosmetik?<\/h3>\n<div class=\"rank-math-answer \">\n\n<p>Laser-Hardware-Kosmetik bezieht sich auf den Einsatz von Lasertechnologie bei kosmetischen Behandlungen und Verfahren, um verschiedene Hautprobleme zu behandeln und die gew\u00fcnschten \u00e4sthetischen Ergebnisse zu erzielen. Laserger\u00e4te senden geb\u00fcndelte Lichtstrahlen mit bestimmten Wellenl\u00e4ngen aus, die auf bestimmte Chromophore in der Haut, wie Pigmente oder Blutgef\u00e4\u00dfe, abzielen.<\/p>\n\n<\/div>\n<\/div>\n<div id=\"faq-question-1685709894487\" class=\"rank-math-list-item\">\n<h3 class=\"rank-math-question \">Was ist IPL?<\/h3>\n<div class=\"rank-math-answer \">\n\n<p>IPL ist zwar technisch gesehen kein Laser, nutzt aber ein breites Spektrum an Lichtenergie, um Hautprobleme wie Pigmentst\u00f6rungen, Sonnensch\u00e4den und vaskul\u00e4re L\u00e4sionen zu behandeln.<\/p>\n\n<\/div>\n<\/div>\n<div id=\"faq-question-1685709971683\" class=\"rank-math-list-item\">\n<h3 class=\"rank-math-question \">Was ist Lumecca?<\/h3>\n<div class=\"rank-math-answer \">\n\n<p>Lumecca ist eine bestimmte Marke und Art von intensiv gepulstem Licht (IPL), das bei kosmetischen Behandlungen eingesetzt wird. Dabei handelt es sich um ein nicht-invasives Verfahren, bei dem Breitbandlicht verwendet wird, um verschiedene Hautprobleme anzugehen und die Hautverj\u00fcngung zu f\u00f6rdern.<\/p>\n\n<\/div>\n<\/div>\n<div id=\"faq-question-1685710002571\" class=\"rank-math-list-item\">\n<h3 class=\"rank-math-question \">Ist Lumecca sicher?<\/h3>\n<div class=\"rank-math-answer \">\n\n<p>Ja, es ist eine sichere und wirksame Behandlung, wenn sie von einem geschulten und erfahrenen Fachmann durchgef\u00fchrt wird.<\/p>\n\n<\/div>\n<\/div>\n<\/div>\n<\/div>\n<p><\/p>\n\n<h3 class=\"wp-block-heading\">Kontaktieren Sie uns jetzt, falls Sie Fragen haben!<\/h3>\n","protected":false},"excerpt":{"rendered":"<p>Wenn Sie nach M\u00f6glichkeiten suchen, um schwarze Flecken loszuwerden und eine glatte Haut zu haben, ist Laser-Hardware-Kosmetik f\u00fcr die beste. [&hellip;]<\/p>\n","protected":false},"author":4,"featured_media":93512,"parent":0,"menu_order":0,"comment_status":"closed","ping_status":"closed","template":"","meta":{"site-sidebar-layout":"default","site-content-layout":"","ast-site-content-layout":"default","site-content-style":"default","site-sidebar-style":"default","ast-global-header-display":"","ast-banner-title-visibility":"","ast-main-header-display":"","ast-hfb-above-header-display":"","ast-hfb-below-header-display":"","ast-hfb-mobile-header-display":"","site-post-title":"","ast-breadcrumbs-content":"","ast-featured-img":"","footer-sml-layout":"","ast-disable-related-posts":"","theme-transparent-header-meta":"","adv-header-id-meta":"","stick-header-meta":"","header-above-stick-meta":"","header-main-stick-meta":"","header-below-stick-meta":"","astra-migrate-meta-layouts":"default","ast-page-background-enabled":"default","ast-page-background-meta":{"desktop":{"background-color":"var(--ast-global-color-4)","background-image":"","background-repeat":"repeat","background-position":"center center","background-size":"auto","background-attachment":"scroll","background-type":"","background-media":"","overlay-type":"","overlay-color":"","overlay-opacity":"","overlay-gradient":""},"tablet":{"background-color":"","background-image":"","background-repeat":"repeat","background-position":"center center","background-size":"auto","background-attachment":"scroll","background-type":"","background-media":"","overlay-type":"","overlay-color":"","overlay-opacity":"","overlay-gradient":""},"mobile":{"background-color":"","background-image":"","background-repeat":"repeat","background-position":"center center","background-size":"auto","background-attachment":"scroll","background-type":"","background-media":"","overlay-type":"","overlay-color":"","overlay-opacity":"","overlay-gradient":""}},"ast-content-background-meta":{"desktop":{"background-color":"var(--ast-global-color-5)","background-image":"","background-repeat":"repeat","background-position":"center center","background-size":"auto","background-attachment":"scroll","background-type":"","background-media":"","overlay-type":"","overlay-color":"","overlay-opacity":"","overlay-gradient":""},"tablet":{"background-color":"var(--ast-global-color-5)","background-image":"","background-repeat":"repeat","background-position":"center center","background-size":"auto","background-attachment":"scroll","background-type":"","background-media":"","overlay-type":"","overlay-color":"","overlay-opacity":"","overlay-gradient":""},"mobile":{"background-color":"var(--ast-global-color-5)","background-image":"","background-repeat":"repeat","background-position":"center center","background-size":"auto","background-attachment":"scroll","background-type":"","background-media":"","overlay-type":"","overlay-color":"","overlay-opacity":"","overlay-gradient":""}},"footnotes":""},"class_list":["post-147806","page","type-page","status-publish","has-post-thumbnail","hentry"],"_links":{"self":[{"href":"https:\/\/medclinics.com\/de\/wp-json\/wp\/v2\/pages\/147806","targetHints":{"allow":["GET"]}}],"collection":[{"href":"https:\/\/medclinics.com\/de\/wp-json\/wp\/v2\/pages"}],"about":[{"href":"https:\/\/medclinics.com\/de\/wp-json\/wp\/v2\/types\/page"}],"author":[{"embeddable":true,"href":"https:\/\/medclinics.com\/de\/wp-json\/wp\/v2\/users\/4"}],"replies":[{"embeddable":true,"href":"https:\/\/medclinics.com\/de\/wp-json\/wp\/v2\/comments?post=147806"}],"version-history":[{"count":0,"href":"https:\/\/medclinics.com\/de\/wp-json\/wp\/v2\/pages\/147806\/revisions"}],"wp:featuredmedia":[{"embeddable":true,"href":"https:\/\/medclinics.com\/de\/wp-json\/wp\/v2\/media\/93512"}],"wp:attachment":[{"href":"https:\/\/medclinics.com\/de\/wp-json\/wp\/v2\/media?parent=147806"}],"curies":[{"name":"wp","href":"https:\/\/api.w.org\/{rel}","templated":true}]}}