{"id":147792,"date":"2023-06-02T13:15:07","date_gmt":"2023-06-02T10:15:07","guid":{"rendered":"https:\/\/medclinics.com\/funkfrequenz-hardware-kosmetologie\/"},"modified":"2024-04-14T23:03:34","modified_gmt":"2024-04-14T20:03:34","slug":"funkfrequenz-hardware-kosmetologie","status":"publish","type":"page","link":"https:\/\/medclinics.com\/de\/funkfrequenz-hardware-kosmetologie\/","title":{"rendered":"Funkfrequenz-Hardware Kosmetologie"},"content":{"rendered":"\n<h2 class=\"wp-block-heading\">Der Arzt w\u00e4hlt die geeignete Radiofrequenz-Hardware-Kosmetik f\u00fcr Ihre spezifischen Bed\u00fcrfnisse aus.<\/h2>\n\n<ul class=\"wp-block-list\">\n<li><strong>RF-Lifting \/ Morpheus8<\/strong><\/li>\n<\/ul>\n\n<p>Es handelt sich um eine hochmoderne fraktionierte <a href=\"https:\/\/en.wikipedia.org\/wiki\/Rhytidectomy\" target=\"_blank\" rel=\"noreferrer noopener\">RF-Facelift-Behandlung <\/a>. Radiofrequenzimpulse werden mit sehr d\u00fcnnen Nadeln in die Haut eingebracht. Die punktuelle Erw\u00e4rmung stimuliert die Produktion von Kollagen- und Elastinfasern. Im Gegensatz zu anderen Ger\u00e4ten liefert der Morpheus 8 bereits nach der ersten Sitzung sichtbare Ergebnisse, ist programmierbar und verf\u00fcgt \u00fcber die gr\u00f6\u00dfte Belichtungstiefe aller fraktionierten Technologien. <\/p>\n\n<p>Das Mikronadel-RF-Lifting Morpheus8 ist seit einigen Jahren das beliebteste mechanische Verfahren in den USA. Morpheus8 kann bei einer Vielzahl von Hautproblemen helfen, wie z. B. bei Verlust der Gesichts- und K\u00f6rperspannung, Ver\u00e4nderungen der Gesichtskonturen, Gewebevorfall, Falten und h\u00e4ngenden Oberlidern, ungleichm\u00e4\u00dfigem Hautrelief, gro\u00dfen Poren, ungleichm\u00e4\u00dfigem Hauttonus, Gef\u00e4\u00dfst\u00f6rungen, Narbenbildung, Akne, Dehnungsstreifen und schlaffer Haut nach der Schwangerschaft.<\/p>\n\n<figure class=\"wp-block-image size-full\"><img fetchpriority=\"high\" decoding=\"async\" width=\"780\" height=\"488\" src=\"https:\/\/medclinics.com\/wp-content\/uploads\/2024\/04\/Radio-Frequency-Hardware-Cosmetology-therapy-hardware.jpg\" alt=\"Radio-Frequenz-Hardware-Kosmetologie-Therapie-Hardware\" class=\"wp-image-161413\" srcset=\"https:\/\/medclinics.com\/wp-content\/uploads\/2024\/04\/Radio-Frequency-Hardware-Cosmetology-therapy-hardware.jpg 780w, https:\/\/medclinics.com\/wp-content\/uploads\/2024\/04\/Radio-Frequency-Hardware-Cosmetology-therapy-hardware-300x188.jpg 300w, https:\/\/medclinics.com\/wp-content\/uploads\/2024\/04\/Radio-Frequency-Hardware-Cosmetology-therapy-hardware-768x480.jpg 768w\" sizes=\"(max-width: 780px) 100vw, 780px\" \/><\/figure>\n\n<h3 class=\"wp-block-heading\">Alles, was Sie \u00fcber <a href=\"https:\/\/medclinics.com\/de\/hardware-kosmetologie\/\" target=\"_blank\" rel=\"noreferrer noopener\">Hardware-Kosmetik<\/a> wissen m\u00fcssen, einschlie\u00dflich Preis, Nachbehandlung und Heilungsprozess, oder <a href=\"#requestform\">kontaktieren Sie uns<\/a>!<\/h3>\n\n<h3 class=\"wp-block-heading\">FAQ<\/h3>\n<div id=\"rank-math-faq\" class=\"rank-math-block\">\n<div class=\"rank-math-list \">\n<div id=\"faq-question-1685711138768\" class=\"rank-math-list-item\">\n<h3 class=\"rank-math-question \">Was ist Radiofrequenz-Hardware-Kosmetik?<\/h3>\n<div class=\"rank-math-answer \">\n\n<p>Radiofrequenz (RF)-Hardwarekosmetik bezieht sich auf die Verwendung von Radiofrequenzenergie bei kosmetischen Behandlungen und Verfahren zur Verbesserung des Hautbildes und zur Behandlung verschiedener Probleme.<\/p>\n\n<\/div>\n<\/div>\n<div id=\"faq-question-1685711176016\" class=\"rank-math-list-item\">\n<h3 class=\"rank-math-question \">Was ist Morpheus 8?<\/h3>\n<div class=\"rank-math-answer \">\n\n<p>Morpheus 8 ist eine bestimmte Marke und ein bestimmter Typ von Radiofrequenz (RF)-Microneedling-Ger\u00e4ten, die bei kosmetischen Behandlungen eingesetzt werden. Sie kombiniert die Vorteile von Microneedling und Radiofrequenztechnologie, um verschiedene Hautprobleme zu behandeln und eine Hautverj\u00fcngung zu erreichen.<\/p>\n\n<\/div>\n<\/div>\n<div id=\"faq-question-1685711190415\" class=\"rank-math-list-item\">\n<h3 class=\"rank-math-question \">Ist Morpheus 8 das wert?<\/h3>\n<div class=\"rank-math-answer \">\n\n<p>Ja, das ist Morpheus8. Viele Menschen haben positive Ergebnisse in Bezug auf Hautverj\u00fcngung, Faltenreduzierung und Hautstraffung erzielt.<\/p>\n\n<\/div>\n<\/div>\n<\/div>\n<\/div>\n<h3 class=\"wp-block-heading\">Kontaktieren Sie uns jetzt, falls Sie Fragen haben!<\/h3>\n\n<p><\/p>\n","protected":false},"excerpt":{"rendered":"<p>Der Arzt w\u00e4hlt die geeignete Radiofrequenz-Hardware-Kosmetik f\u00fcr Ihre spezifischen Bed\u00fcrfnisse aus. Es handelt sich um eine hochmoderne fraktionierte RF-Facelift-Behandlung . [&hellip;]<\/p>\n","protected":false},"author":4,"featured_media":161409,"parent":0,"menu_order":0,"comment_status":"closed","ping_status":"closed","template":"","meta":{"site-sidebar-layout":"default","site-content-layout":"","ast-site-content-layout":"default","site-content-style":"default","site-sidebar-style":"default","ast-global-header-display":"","ast-banner-title-visibility":"","ast-main-header-display":"","ast-hfb-above-header-display":"","ast-hfb-below-header-display":"","ast-hfb-mobile-header-display":"","site-post-title":"","ast-breadcrumbs-content":"","ast-featured-img":"","footer-sml-layout":"","ast-disable-related-posts":"","theme-transparent-header-meta":"","adv-header-id-meta":"","stick-header-meta":"","header-above-stick-meta":"","header-main-stick-meta":"","header-below-stick-meta":"","astra-migrate-meta-layouts":"default","ast-page-background-enabled":"default","ast-page-background-meta":{"desktop":{"background-color":"var(--ast-global-color-4)","background-image":"","background-repeat":"repeat","background-position":"center center","background-size":"auto","background-attachment":"scroll","background-type":"","background-media":"","overlay-type":"","overlay-color":"","overlay-opacity":"","overlay-gradient":""},"tablet":{"background-color":"","background-image":"","background-repeat":"repeat","background-position":"center center","background-size":"auto","background-attachment":"scroll","background-type":"","background-media":"","overlay-type":"","overlay-color":"","overlay-opacity":"","overlay-gradient":""},"mobile":{"background-color":"","background-image":"","background-repeat":"repeat","background-position":"center center","background-size":"auto","background-attachment":"scroll","background-type":"","background-media":"","overlay-type":"","overlay-color":"","overlay-opacity":"","overlay-gradient":""}},"ast-content-background-meta":{"desktop":{"background-color":"var(--ast-global-color-5)","background-image":"","background-repeat":"repeat","background-position":"center center","background-size":"auto","background-attachment":"scroll","background-type":"","background-media":"","overlay-type":"","overlay-color":"","overlay-opacity":"","overlay-gradient":""},"tablet":{"background-color":"var(--ast-global-color-5)","background-image":"","background-repeat":"repeat","background-position":"center center","background-size":"auto","background-attachment":"scroll","background-type":"","background-media":"","overlay-type":"","overlay-color":"","overlay-opacity":"","overlay-gradient":""},"mobile":{"background-color":"var(--ast-global-color-5)","background-image":"","background-repeat":"repeat","background-position":"center center","background-size":"auto","background-attachment":"scroll","background-type":"","background-media":"","overlay-type":"","overlay-color":"","overlay-opacity":"","overlay-gradient":""}},"footnotes":""},"class_list":["post-147792","page","type-page","status-publish","has-post-thumbnail","hentry"],"_links":{"self":[{"href":"https:\/\/medclinics.com\/de\/wp-json\/wp\/v2\/pages\/147792","targetHints":{"allow":["GET"]}}],"collection":[{"href":"https:\/\/medclinics.com\/de\/wp-json\/wp\/v2\/pages"}],"about":[{"href":"https:\/\/medclinics.com\/de\/wp-json\/wp\/v2\/types\/page"}],"author":[{"embeddable":true,"href":"https:\/\/medclinics.com\/de\/wp-json\/wp\/v2\/users\/4"}],"replies":[{"embeddable":true,"href":"https:\/\/medclinics.com\/de\/wp-json\/wp\/v2\/comments?post=147792"}],"version-history":[{"count":0,"href":"https:\/\/medclinics.com\/de\/wp-json\/wp\/v2\/pages\/147792\/revisions"}],"wp:featuredmedia":[{"embeddable":true,"href":"https:\/\/medclinics.com\/de\/wp-json\/wp\/v2\/media\/161409"}],"wp:attachment":[{"href":"https:\/\/medclinics.com\/de\/wp-json\/wp\/v2\/media?parent=147792"}],"curies":[{"name":"wp","href":"https:\/\/api.w.org\/{rel}","templated":true}]}}