{"id":147768,"date":"2023-06-02T14:37:03","date_gmt":"2023-06-02T11:37:03","guid":{"rendered":"https:\/\/medclinics.com\/lasik-laser-keratomileusis-3\/"},"modified":"2025-01-02T16:25:27","modified_gmt":"2025-01-02T13:25:27","slug":"lasik-laser-keratomileusis-3","status":"publish","type":"page","link":"https:\/\/medclinics.com\/de\/lasik-laser-keratomileusis-3\/","title":{"rendered":"LASIK (Laser-Keratomileusis)"},"content":{"rendered":"\n<h2 class=\"wp-block-heading\">Wenn Sie auf der Suche nach einer M\u00f6glichkeit sind, alles klar zu sehen, ist die LASIK (Laser-Keratomileusis) vielleicht die perfekte L\u00f6sung.<\/h2>\n\n<p>Dieses Verfahren dauert nur 10-15 Minuten. In der ersten Phase wird mit einem speziellen mechanischen Mikrokeratom die oberste Schicht der Hornhaut, eine Art Hornhautlamelle, abgetrennt, woraufhin der Excimer-Laser auf die inneren Schichten der Hornhaut einwirkt und ihre Form ver\u00e4ndert. <\/p>\n\n<p>Mit jedem Impuls wird eine Schicht von etwa 1\/500 der Dicke eines menschlichen Haares abgetragen &#8211; mit dieser Pr\u00e4zision erzielen Sie ein perfektes Korrekturergebnis. Am Ende des Eingriffs wird der Hornhautlappen in die gew\u00fcnschte Kr\u00fcmmung gebracht und verschlie\u00dft sich zuverl\u00e4ssig selbst. <\/p>\n\n<p>Vorteile der Methode: Vor der Erfindung dieser Technik wurde die Laserkorrektur ohne Flapseparation durchgef\u00fchrt, die Gewebeverdampfung erfolgte von der \u00e4u\u00dferen Schicht der Hornhaut. Der Heilungsprozess nach solchen Eingriffen war ziemlich lang und schmerzhaft. <\/p>\n\n<p>Vorteile der <a href=\"https:\/\/tr.wikipedia.org\/wiki\/LASIK\" target=\"_blank\" rel=\"noreferrer noopener\">LASIK-Laserkorrektur<\/a>: Die Ergebnisse sind perfekt vorhersehbar und stabil, die Rehabilitationszeit ist kurz, der Eingriff ist nahezu schmerzfrei, die Beschwerden w\u00e4hrend der Erholungsphase sind minimal. Die Laserkorrektur nach der LASIK-Technik wurde erstmals 1989 durchgef\u00fchrt und ist bis heute die weltweit beliebteste.<\/p>\n\n<h3 class=\"wp-block-heading\">Alles, was Sie \u00fcber das <a href=\"https:\/\/medclinics.com\/de\/augenlaser\/\" target=\"_blank\" rel=\"noreferrer noopener\">Augenlasern<\/a> wissen m\u00fcssen, einschlie\u00dflich Nachbehandlung und Heilungsprozess, oder <a href=\"#requestform\">kontaktieren Sie uns<\/a>!<\/h3>\n\n<figure class=\"wp-block-image size-full\"><img fetchpriority=\"high\" decoding=\"async\" width=\"960\" height=\"540\" src=\"https:\/\/medclinics.com\/wp-content\/uploads\/2023\/07\/lasik-laser-keratomileusis-near-me.jpg\" alt=\"LASIK (Laser-Keratomileusis) in meiner N&#xE4;he Istanbul T&#xFC;rkei\" class=\"wp-image-98346\" srcset=\"https:\/\/medclinics.com\/wp-content\/uploads\/2023\/07\/lasik-laser-keratomileusis-near-me.jpg 960w, https:\/\/medclinics.com\/wp-content\/uploads\/2023\/07\/lasik-laser-keratomileusis-near-me-500x281.jpg 500w, https:\/\/medclinics.com\/wp-content\/uploads\/2023\/07\/lasik-laser-keratomileusis-near-me-768x432.jpg 768w, https:\/\/medclinics.com\/wp-content\/uploads\/2023\/07\/lasik-laser-keratomileusis-near-me-24x14.jpg 24w, https:\/\/medclinics.com\/wp-content\/uploads\/2023\/07\/lasik-laser-keratomileusis-near-me-36x20.jpg 36w, https:\/\/medclinics.com\/wp-content\/uploads\/2023\/07\/lasik-laser-keratomileusis-near-me-48x27.jpg 48w\" sizes=\"(max-width: 960px) 100vw, 960px\" \/><\/figure>\n\n<h2 class=\"wp-block-heading\">FAQ <\/h2>\n<div id=\"rank-math-faq\" class=\"rank-math-block\">\n<div class=\"rank-math-list \">\n<div id=\"faq-question-1685715802101\" class=\"rank-math-list-item\">\n<h3 class=\"rank-math-question \">Was ist eine LASIK-Augenoperation?<\/h3>\n<div class=\"rank-math-answer \">\n\n<p>Die Laser-Assisted in Situ Keratomileusis ist ein chirurgisches Verfahren zur Korrektur von Sehfehlern wie Kurzsichtigkeit, Weitsichtigkeit und Astigmatismus. Dabei wird die Hornhaut, die klare Vorderfl\u00e4che des Auges, mit einem Laser neu geformt, um den Lichteinfall ins Auge und die Fokussierung auf die Netzhaut zu verbessern.<\/p>\n\n<\/div>\n<\/div>\n<div id=\"faq-question-1685715800769\" class=\"rank-math-list-item\">\n<h3 class=\"rank-math-question \">Wie wird eine LASIK-Operation durchgef\u00fchrt?<\/h3>\n<div class=\"rank-math-answer \">\n\n<p>Bei der LASIK-Operation wird das Auge mit Tropfen bet\u00e4ubt, eine d\u00fcnne Hornhautlamelle erzeugt, die Hornhaut mit einem Laser neu geformt und die Lamelle neu positioniert. Der Eingriff dauert in der Regel etwa 10 bis 15 Minuten pro Auge.<\/p>\n\n<\/div>\n<\/div>\n<div id=\"faq-question-1685715644895\" class=\"rank-math-list-item\">\n<h3 class=\"rank-math-question \">Sind Lasik-Operationen sicher?<\/h3>\n<div class=\"rank-math-answer \">\n\n<p>Die LASIK-Operation gilt allgemein als sicher und hat eine hohe Erfolgsquote.<\/p>\n\n<\/div>\n<\/div>\n<div id=\"faq-question-1685715705877\" class=\"rank-math-list-item\">\n<h3 class=\"rank-math-question \">Ist die LASIK-Operation das Risiko wert?<\/h3>\n<div class=\"rank-math-answer \">\n\n<p>Ja, das Risiko kann sich f\u00fcr Personen lohnen, die das Verfahren gr\u00fcndlich mit ihrem Augenarzt besprochen haben. Sie sollten sich der m\u00f6glichen Risiken bewusst sein und den starken Wunsch haben, ihre Abh\u00e4ngigkeit von Brillen oder Kontaktlinsen zu verringern oder zu beenden.<\/p>\n\n<\/div>\n<\/div>\n<\/div>\n<\/div>\n<p><\/p>\n\n<h3 class=\"wp-block-heading\">Kontaktieren Sie uns jetzt, falls Sie Fragen haben!<\/h3>\n","protected":false},"excerpt":{"rendered":"<p>Wenn Sie auf der Suche nach einer M\u00f6glichkeit sind, alles klar zu sehen, ist die LASIK (Laser-Keratomileusis) vielleicht die perfekte [&hellip;]<\/p>\n","protected":false},"author":4,"featured_media":93684,"parent":0,"menu_order":0,"comment_status":"closed","ping_status":"closed","template":"","meta":{"site-sidebar-layout":"default","site-content-layout":"","ast-site-content-layout":"default","site-content-style":"default","site-sidebar-style":"default","ast-global-header-display":"","ast-banner-title-visibility":"","ast-main-header-display":"","ast-hfb-above-header-display":"","ast-hfb-below-header-display":"","ast-hfb-mobile-header-display":"","site-post-title":"","ast-breadcrumbs-content":"","ast-featured-img":"","footer-sml-layout":"","ast-disable-related-posts":"","theme-transparent-header-meta":"","adv-header-id-meta":"","stick-header-meta":"","header-above-stick-meta":"","header-main-stick-meta":"","header-below-stick-meta":"","astra-migrate-meta-layouts":"default","ast-page-background-enabled":"default","ast-page-background-meta":{"desktop":{"background-color":"var(--ast-global-color-4)","background-image":"","background-repeat":"repeat","background-position":"center center","background-size":"auto","background-attachment":"scroll","background-type":"","background-media":"","overlay-type":"","overlay-color":"","overlay-opacity":"","overlay-gradient":""},"tablet":{"background-color":"","background-image":"","background-repeat":"repeat","background-position":"center center","background-size":"auto","background-attachment":"scroll","background-type":"","background-media":"","overlay-type":"","overlay-color":"","overlay-opacity":"","overlay-gradient":""},"mobile":{"background-color":"","background-image":"","background-repeat":"repeat","background-position":"center center","background-size":"auto","background-attachment":"scroll","background-type":"","background-media":"","overlay-type":"","overlay-color":"","overlay-opacity":"","overlay-gradient":""}},"ast-content-background-meta":{"desktop":{"background-color":"var(--ast-global-color-5)","background-image":"","background-repeat":"repeat","background-position":"center center","background-size":"auto","background-attachment":"scroll","background-type":"","background-media":"","overlay-type":"","overlay-color":"","overlay-opacity":"","overlay-gradient":""},"tablet":{"background-color":"var(--ast-global-color-5)","background-image":"","background-repeat":"repeat","background-position":"center center","background-size":"auto","background-attachment":"scroll","background-type":"","background-media":"","overlay-type":"","overlay-color":"","overlay-opacity":"","overlay-gradient":""},"mobile":{"background-color":"var(--ast-global-color-5)","background-image":"","background-repeat":"repeat","background-position":"center center","background-size":"auto","background-attachment":"scroll","background-type":"","background-media":"","overlay-type":"","overlay-color":"","overlay-opacity":"","overlay-gradient":""}},"footnotes":""},"class_list":["post-147768","page","type-page","status-publish","has-post-thumbnail","hentry"],"_links":{"self":[{"href":"https:\/\/medclinics.com\/de\/wp-json\/wp\/v2\/pages\/147768","targetHints":{"allow":["GET"]}}],"collection":[{"href":"https:\/\/medclinics.com\/de\/wp-json\/wp\/v2\/pages"}],"about":[{"href":"https:\/\/medclinics.com\/de\/wp-json\/wp\/v2\/types\/page"}],"author":[{"embeddable":true,"href":"https:\/\/medclinics.com\/de\/wp-json\/wp\/v2\/users\/4"}],"replies":[{"embeddable":true,"href":"https:\/\/medclinics.com\/de\/wp-json\/wp\/v2\/comments?post=147768"}],"version-history":[{"count":0,"href":"https:\/\/medclinics.com\/de\/wp-json\/wp\/v2\/pages\/147768\/revisions"}],"wp:featuredmedia":[{"embeddable":true,"href":"https:\/\/medclinics.com\/de\/wp-json\/wp\/v2\/media\/93684"}],"wp:attachment":[{"href":"https:\/\/medclinics.com\/de\/wp-json\/wp\/v2\/media?parent=147768"}],"curies":[{"name":"wp","href":"https:\/\/api.w.org\/{rel}","templated":true}]}}