{"id":147764,"date":"2023-06-02T19:46:39","date_gmt":"2023-06-02T16:46:39","guid":{"rendered":"https:\/\/medclinics.com\/prk-photorefraktive-keratektomie\/"},"modified":"2025-01-02T23:39:59","modified_gmt":"2025-01-02T20:39:59","slug":"prk-photorefraktive-keratektomie","status":"publish","type":"page","link":"https:\/\/medclinics.com\/de\/prk-photorefraktive-keratektomie\/","title":{"rendered":"PRK (Photorefraktive Keratektomie)"},"content":{"rendered":"\n<h2 class=\"wp-block-heading\">Wenn Sie es vermisst haben, jedes Detail klar zu sehen, ist die photorefraktive Keratektomie (PRK) genau das Richtige f\u00fcr Sie.<\/h2>\n\n<p>Die Sehkorrektur wird ohne Abtrennung des Hornhautlappens an den \u00e4u\u00dferen Schichten der Hornhaut vorgenommen. Der Heilungsprozess des Hornhautgewebes nach diesem Eingriff ist recht schmerzhaft. Der Patient ist gezwungen, \u00fcber einen l\u00e4ngeren Zeitraum Augentropfen zu verwenden und spezielle Schutzkontaktlinsen zu tragen. <\/p>\n\n<p>Vorteile der Methode &#8211; Derzeit werden solche Eingriffe nur aus medizinischen Gr\u00fcnden durchgef\u00fchrt. Die Laserkorrektur nach der <a href=\"https:\/\/en.wikipedia.org\/wiki\/Photorefractive_keratectomy\" target=\"_blank\" rel=\"noreferrer noopener\">PRK<\/a>-Methode erm\u00f6glicht die Wiederherstellung der Sehfunktion bei Patienten mit d\u00fcnner Hornhaut, die f\u00fcr das LASIK-Verfahren kontraindiziert sind.<\/p>\n\n<figure class=\"wp-block-image size-full\"><img fetchpriority=\"high\" decoding=\"async\" width=\"780\" height=\"488\" src=\"https:\/\/medclinics.com\/wp-content\/uploads\/2024\/04\/PRK-Photorefractive-Keratectomy-surgenst.jpg\" alt=\"PRK-Photorefraktive-Keratektomie-Surgenst\" class=\"wp-image-161198\" srcset=\"https:\/\/medclinics.com\/wp-content\/uploads\/2024\/04\/PRK-Photorefractive-Keratectomy-surgenst.jpg 780w, https:\/\/medclinics.com\/wp-content\/uploads\/2024\/04\/PRK-Photorefractive-Keratectomy-surgenst-300x188.jpg 300w, https:\/\/medclinics.com\/wp-content\/uploads\/2024\/04\/PRK-Photorefractive-Keratectomy-surgenst-768x480.jpg 768w\" sizes=\"(max-width: 780px) 100vw, 780px\" \/><\/figure>\n\n<h3 class=\"wp-block-heading\">Alles, was Sie \u00fcber das <a href=\"https:\/\/medclinics.com\/de\/augenlaser\/\" target=\"_blank\" rel=\"noreferrer noopener\">Augenlasern<\/a> wissen m\u00fcssen, einschlie\u00dflich der Nachbehandlung oder mehr, <a href=\"#requestform\">erfahren Sie bei uns<\/a>!<\/h3>\n\n<h2 class=\"wp-block-heading\">FAQ <\/h2>\n<div id=\"rank-math-faq\" class=\"rank-math-block\">\n<div class=\"rank-math-list \">\n<div id=\"faq-question-1685734209848\" class=\"rank-math-list-item\">\n<h3 class=\"rank-math-question \">Was ist eine PRK-Augenoperation?<\/h3>\n<div class=\"rank-math-answer \">\n\n<p>Es handelt sich um eine Art von Augenlaseroperation, die zur Korrektur von Brechungsfehlern im Auge, wie Kurzsichtigkeit (Myopie), Weitsichtigkeit (Hyperopie) und Astigmatismus, eingesetzt wird.<\/p>\n\n<\/div>\n<\/div>\n<div id=\"faq-question-1685734270289\" class=\"rank-math-list-item\">\n<h3 class=\"rank-math-question \">Ist die PRK-Operation besser als die LASIK?<\/h3>\n<div class=\"rank-math-answer \">\n\n<p>Langfristig gesehen ist sie viel wirksamer und sicherer als LASIK. Aber jeder Zustand sollte auf die Bed\u00fcrfnisse des Patienten abgestimmt werden.<\/p>\n\n<\/div>\n<\/div>\n<div id=\"faq-question-1685734363172\" class=\"rank-math-list-item\">\n<h3 class=\"rank-math-question \">Wie schmerzhaft ist eine PRK-Augenoperation?<\/h3>\n<div class=\"rank-math-answer \">\n\n<p>Bei diesem Eingriff wird das Auge mit bet\u00e4ubenden Augentropfen bet\u00e4ubt, so dass Sie w\u00e4hrend des Eingriffs keine Schmerzen versp\u00fcren sollten. Allerdings kann die Erholungsphase mit einigen Beschwerden verbunden sein. Das ist nat\u00fcrlich von Patient zu Patient unterschiedlich. Manche Menschen beschreiben die Genesung als unangenehm, andere empfinden nur geringe Schmerzen.<\/p>\n\n<\/div>\n<\/div>\n<\/div>\n<\/div>\n<p><\/p>\n\n<h3 class=\"wp-block-heading\">Kontaktieren Sie uns jetzt, falls Sie Fragen haben!<\/h3>\n","protected":false},"excerpt":{"rendered":"<p>Wenn Sie es vermisst haben, jedes Detail klar zu sehen, ist die photorefraktive Keratektomie (PRK) genau das Richtige f\u00fcr Sie. [&hellip;]<\/p>\n","protected":false},"author":4,"featured_media":93865,"parent":0,"menu_order":0,"comment_status":"closed","ping_status":"closed","template":"","meta":{"site-sidebar-layout":"default","site-content-layout":"","ast-site-content-layout":"default","site-content-style":"default","site-sidebar-style":"default","ast-global-header-display":"","ast-banner-title-visibility":"","ast-main-header-display":"","ast-hfb-above-header-display":"","ast-hfb-below-header-display":"","ast-hfb-mobile-header-display":"","site-post-title":"","ast-breadcrumbs-content":"","ast-featured-img":"","footer-sml-layout":"","ast-disable-related-posts":"","theme-transparent-header-meta":"","adv-header-id-meta":"","stick-header-meta":"","header-above-stick-meta":"","header-main-stick-meta":"","header-below-stick-meta":"","astra-migrate-meta-layouts":"default","ast-page-background-enabled":"default","ast-page-background-meta":{"desktop":{"background-color":"var(--ast-global-color-4)","background-image":"","background-repeat":"repeat","background-position":"center center","background-size":"auto","background-attachment":"scroll","background-type":"","background-media":"","overlay-type":"","overlay-color":"","overlay-opacity":"","overlay-gradient":""},"tablet":{"background-color":"","background-image":"","background-repeat":"repeat","background-position":"center center","background-size":"auto","background-attachment":"scroll","background-type":"","background-media":"","overlay-type":"","overlay-color":"","overlay-opacity":"","overlay-gradient":""},"mobile":{"background-color":"","background-image":"","background-repeat":"repeat","background-position":"center center","background-size":"auto","background-attachment":"scroll","background-type":"","background-media":"","overlay-type":"","overlay-color":"","overlay-opacity":"","overlay-gradient":""}},"ast-content-background-meta":{"desktop":{"background-color":"var(--ast-global-color-5)","background-image":"","background-repeat":"repeat","background-position":"center center","background-size":"auto","background-attachment":"scroll","background-type":"","background-media":"","overlay-type":"","overlay-color":"","overlay-opacity":"","overlay-gradient":""},"tablet":{"background-color":"var(--ast-global-color-5)","background-image":"","background-repeat":"repeat","background-position":"center center","background-size":"auto","background-attachment":"scroll","background-type":"","background-media":"","overlay-type":"","overlay-color":"","overlay-opacity":"","overlay-gradient":""},"mobile":{"background-color":"var(--ast-global-color-5)","background-image":"","background-repeat":"repeat","background-position":"center center","background-size":"auto","background-attachment":"scroll","background-type":"","background-media":"","overlay-type":"","overlay-color":"","overlay-opacity":"","overlay-gradient":""}},"footnotes":""},"class_list":["post-147764","page","type-page","status-publish","has-post-thumbnail","hentry"],"_links":{"self":[{"href":"https:\/\/medclinics.com\/de\/wp-json\/wp\/v2\/pages\/147764","targetHints":{"allow":["GET"]}}],"collection":[{"href":"https:\/\/medclinics.com\/de\/wp-json\/wp\/v2\/pages"}],"about":[{"href":"https:\/\/medclinics.com\/de\/wp-json\/wp\/v2\/types\/page"}],"author":[{"embeddable":true,"href":"https:\/\/medclinics.com\/de\/wp-json\/wp\/v2\/users\/4"}],"replies":[{"embeddable":true,"href":"https:\/\/medclinics.com\/de\/wp-json\/wp\/v2\/comments?post=147764"}],"version-history":[{"count":0,"href":"https:\/\/medclinics.com\/de\/wp-json\/wp\/v2\/pages\/147764\/revisions"}],"wp:featuredmedia":[{"embeddable":true,"href":"https:\/\/medclinics.com\/de\/wp-json\/wp\/v2\/media\/93865"}],"wp:attachment":[{"href":"https:\/\/medclinics.com\/de\/wp-json\/wp\/v2\/media?parent=147764"}],"curies":[{"name":"wp","href":"https:\/\/api.w.org\/{rel}","templated":true}]}}