{"id":147742,"date":"2023-06-02T20:06:43","date_gmt":"2023-06-02T17:06:43","guid":{"rendered":"https:\/\/medclinics.com\/lasek-laser-epithelial-keratomileusis-3\/"},"modified":"2025-01-02T16:25:27","modified_gmt":"2025-01-02T13:25:27","slug":"lasek-laser-epithelial-keratomileusis-3","status":"publish","type":"page","link":"https:\/\/medclinics.com\/de\/lasek-laser-epithelial-keratomileusis-3\/","title":{"rendered":"LASEK (Laser-Epithelial-Keratomileusis)"},"content":{"rendered":"\n<h2 class=\"wp-block-heading\">Wenn Sie es vermisst haben, alles um uns herum frei sehen zu k\u00f6nnen, k\u00f6nnte LASEK (Laser epithelial keratomileusis) die beste L\u00f6sung sein.<\/h2>\n\n<p>Bei diesem Verfahren wird das Epithel mit einer speziellen L\u00f6sung abgetrennt und angehoben, so dass eine Hornhautklappe entsteht. Eine Sch\u00e4digung der Nervenenden der Epithelschicht ist nicht ausgeschlossen, was zu Schmerzen in der postoperativen Phase f\u00fchren kann. <\/p>\n\n<p>W\u00e4hrend der Erholungsphase (4-5 Tage nach dem Eingriff) tr\u00e4gt der Patient eine spezielle Schutzkontaktlinse. Vorteile der Methode: Derzeit wird die Sehkorrektur mit dieser Methode nur aus medizinischen Gr\u00fcnden durchgef\u00fchrt. <\/p>\n\n<p>Mit Hilfe der LASEK-Methode erhalten Patienten, bei denen eine Korrektur mit der <a href=\"https:\/\/en.wikipedia.org\/wiki\/LASIK\" target=\"_blank\" rel=\"noreferrer noopener\">LASIK-Methode<\/a> kontraindiziert ist &#8211; zu geringe Dicke der Hornhaut oder bestimmte Formmerkmale dieser nat\u00fcrlichen Linse des optischen Systems des Auges &#8211; die M\u00f6glichkeit, eine gute Sicht zu erlangen.<\/p>\n\n<h3 class=\"wp-block-heading\">Alles, was Sie \u00fcber das <a href=\"https:\/\/medclinics.com\/de\/augenlaser\/\" target=\"_blank\" rel=\"noreferrer noopener\">Augenlasern<\/a> wissen m\u00fcssen, einschlie\u00dflich Preis, Nachsorge und Heilungsprozess, erfahren Sie jetzt bei <a href=\"#requestform\">uns<\/a>!<\/h3>\n\n<figure class=\"wp-block-image size-full\"><img fetchpriority=\"high\" decoding=\"async\" width=\"960\" height=\"540\" src=\"https:\/\/medclinics.com\/wp-content\/uploads\/2023\/07\/lasek-near-me-laser-epithelial-keratomileusis.jpg\" alt=\"LASEK in meiner N&#xE4;he (Laser-Epithelial-Keratomileusis) Istanbul T&#xFC;rkei\" class=\"wp-image-98313\" srcset=\"https:\/\/medclinics.com\/wp-content\/uploads\/2023\/07\/lasek-near-me-laser-epithelial-keratomileusis.jpg 960w, https:\/\/medclinics.com\/wp-content\/uploads\/2023\/07\/lasek-near-me-laser-epithelial-keratomileusis-500x281.jpg 500w, https:\/\/medclinics.com\/wp-content\/uploads\/2023\/07\/lasek-near-me-laser-epithelial-keratomileusis-768x432.jpg 768w, https:\/\/medclinics.com\/wp-content\/uploads\/2023\/07\/lasek-near-me-laser-epithelial-keratomileusis-24x14.jpg 24w, https:\/\/medclinics.com\/wp-content\/uploads\/2023\/07\/lasek-near-me-laser-epithelial-keratomileusis-36x20.jpg 36w, https:\/\/medclinics.com\/wp-content\/uploads\/2023\/07\/lasek-near-me-laser-epithelial-keratomileusis-48x27.jpg 48w\" sizes=\"(max-width: 960px) 100vw, 960px\" \/><\/figure>\n\n<h2 class=\"wp-block-heading\">FAQ <\/h2>\n<div id=\"rank-math-faq\" class=\"rank-math-block\">\n<div class=\"rank-math-list \">\n<div id=\"faq-question-1685735557560\" class=\"rank-math-list-item\">\n<h3 class=\"rank-math-question \">Ist LASEK dauerhaft?<\/h3>\n<div class=\"rank-math-answer \">\n\n<p>Es gilt als dauerhafte L\u00f6sung f\u00fcr die Sehprobleme.<\/p>\n\n<\/div>\n<\/div>\n<div id=\"faq-question-1685735616679\" class=\"rank-math-list-item\">\n<h3 class=\"rank-math-question \">Was ist besser: LASEK oder LASIK?<\/h3>\n<div class=\"rank-math-answer \">\n\n<p>Ein erfahrener Augenchirurg sollte eine umfassende Untersuchung durchf\u00fchren, bevor er LASEK oder LASIK empfiehlt. Um die f\u00fcr Sie beste Vorgehensweise vorzuschlagen, werden sie Ihren Lebensstil, Ihre pers\u00f6nlichen Vorlieben sowie Ihre Hornhaut- und Augengesundheit beurteilen.<\/p>\n\n<\/div>\n<\/div>\n<div id=\"faq-question-1685735670107\" class=\"rank-math-list-item\">\n<h3 class=\"rank-math-question \">Ist LASEK billiger als LASIK?<\/h3>\n<div class=\"rank-math-answer \">\n\n<p>Im Allgemeinen liegen die Kosten f\u00fcr LASEK und LASIK oft in einer \u00e4hnlichen Preisklasse.<\/p>\n\n<\/div>\n<\/div>\n<div id=\"faq-question-1685735692863\" class=\"rank-math-list-item\">\n<h3 class=\"rank-math-question \">Wie lange dauert die LASIK?<\/h3>\n<div class=\"rank-math-answer \">\n\n<p>Die Laser-Assisted in Situ Keratomileusis gilt als ein Verfahren zur dauerhaften Sehkorrektur. Die bei diesem Eingriff an der Hornhaut vorgenommenen Ver\u00e4nderungen sind auf Dauer angelegt. Sie bietet klare Sicht, ohne dass eine Brille oder Kontaktlinsen erforderlich sind.<\/p>\n\n<\/div>\n<\/div>\n<\/div>\n<\/div>\n<p><\/p>\n\n<h3 class=\"wp-block-heading\">Kontaktieren Sie uns jetzt, falls Sie Fragen haben!<\/h3>\n","protected":false},"excerpt":{"rendered":"<p>Wenn Sie es vermisst haben, alles um uns herum frei sehen zu k\u00f6nnen, k\u00f6nnte LASEK (Laser epithelial keratomileusis) die beste [&hellip;]<\/p>\n","protected":false},"author":4,"featured_media":93881,"parent":0,"menu_order":0,"comment_status":"closed","ping_status":"closed","template":"","meta":{"site-sidebar-layout":"default","site-content-layout":"","ast-site-content-layout":"default","site-content-style":"default","site-sidebar-style":"default","ast-global-header-display":"","ast-banner-title-visibility":"","ast-main-header-display":"","ast-hfb-above-header-display":"","ast-hfb-below-header-display":"","ast-hfb-mobile-header-display":"","site-post-title":"","ast-breadcrumbs-content":"","ast-featured-img":"","footer-sml-layout":"","ast-disable-related-posts":"","theme-transparent-header-meta":"","adv-header-id-meta":"","stick-header-meta":"","header-above-stick-meta":"","header-main-stick-meta":"","header-below-stick-meta":"","astra-migrate-meta-layouts":"default","ast-page-background-enabled":"default","ast-page-background-meta":{"desktop":{"background-color":"var(--ast-global-color-4)","background-image":"","background-repeat":"repeat","background-position":"center center","background-size":"auto","background-attachment":"scroll","background-type":"","background-media":"","overlay-type":"","overlay-color":"","overlay-opacity":"","overlay-gradient":""},"tablet":{"background-color":"","background-image":"","background-repeat":"repeat","background-position":"center center","background-size":"auto","background-attachment":"scroll","background-type":"","background-media":"","overlay-type":"","overlay-color":"","overlay-opacity":"","overlay-gradient":""},"mobile":{"background-color":"","background-image":"","background-repeat":"repeat","background-position":"center center","background-size":"auto","background-attachment":"scroll","background-type":"","background-media":"","overlay-type":"","overlay-color":"","overlay-opacity":"","overlay-gradient":""}},"ast-content-background-meta":{"desktop":{"background-color":"var(--ast-global-color-5)","background-image":"","background-repeat":"repeat","background-position":"center center","background-size":"auto","background-attachment":"scroll","background-type":"","background-media":"","overlay-type":"","overlay-color":"","overlay-opacity":"","overlay-gradient":""},"tablet":{"background-color":"var(--ast-global-color-5)","background-image":"","background-repeat":"repeat","background-position":"center center","background-size":"auto","background-attachment":"scroll","background-type":"","background-media":"","overlay-type":"","overlay-color":"","overlay-opacity":"","overlay-gradient":""},"mobile":{"background-color":"var(--ast-global-color-5)","background-image":"","background-repeat":"repeat","background-position":"center center","background-size":"auto","background-attachment":"scroll","background-type":"","background-media":"","overlay-type":"","overlay-color":"","overlay-opacity":"","overlay-gradient":""}},"footnotes":""},"class_list":["post-147742","page","type-page","status-publish","has-post-thumbnail","hentry"],"_links":{"self":[{"href":"https:\/\/medclinics.com\/de\/wp-json\/wp\/v2\/pages\/147742","targetHints":{"allow":["GET"]}}],"collection":[{"href":"https:\/\/medclinics.com\/de\/wp-json\/wp\/v2\/pages"}],"about":[{"href":"https:\/\/medclinics.com\/de\/wp-json\/wp\/v2\/types\/page"}],"author":[{"embeddable":true,"href":"https:\/\/medclinics.com\/de\/wp-json\/wp\/v2\/users\/4"}],"replies":[{"embeddable":true,"href":"https:\/\/medclinics.com\/de\/wp-json\/wp\/v2\/comments?post=147742"}],"version-history":[{"count":0,"href":"https:\/\/medclinics.com\/de\/wp-json\/wp\/v2\/pages\/147742\/revisions"}],"wp:featuredmedia":[{"embeddable":true,"href":"https:\/\/medclinics.com\/de\/wp-json\/wp\/v2\/media\/93881"}],"wp:attachment":[{"href":"https:\/\/medclinics.com\/de\/wp-json\/wp\/v2\/media?parent=147742"}],"curies":[{"name":"wp","href":"https:\/\/api.w.org\/{rel}","templated":true}]}}