{"id":147732,"date":"2023-06-02T20:33:17","date_gmt":"2023-06-02T17:33:17","guid":{"rendered":"https:\/\/medclinics.com\/relex-smile-linsenextraktion-mit-kleiner-inzision\/"},"modified":"2025-01-02T23:40:00","modified_gmt":"2025-01-02T20:40:00","slug":"relex-smile-linsenextraktion-mit-kleiner-inzision","status":"publish","type":"page","link":"https:\/\/medclinics.com\/de\/relex-smile-linsenextraktion-mit-kleiner-inzision\/","title":{"rendered":"ReLEx SMILE (Linsenextraktion mit kleiner Inzision)"},"content":{"rendered":"\n<h2 class=\"wp-block-heading\">Wenn Sie nach einer Behandlung suchen, bei der Sie jedes Detail sehen k\u00f6nnen, ohne eine Linse zu benutzen, ist ReLEx SMILE (Small Incision Lenticule Extraction) genau das Richtige f\u00fcr Sie.<\/h2>\n\n<p>Beim <a href=\"https:\/\/en.wikipedia.org\/wiki\/Small_incision_lenticule_extraction\" target=\"_blank\" data-type=\"URL\" data-id=\"https:\/\/en.wikipedia.org\/wiki\/Small_incision_lenticule_extraction\" rel=\"noreferrer noopener\">SMILE-Verfahren<\/a> verwendet der Chirurg einen Femtosekundenlaser, um ein kleines, linsenf\u00f6rmiges Gewebest\u00fcck (Lentikel) in der Hornhaut zu erzeugen.  <\/p>\n\n<p>Dann wird mit demselben Laser ein kleiner bogenf\u00f6rmiger Einschnitt in die Oberfl\u00e4che der Hornhaut gemacht. Der Chirurg zieht das Linsenkorn durch diesen Schnitt heraus und verwirft es. <\/p>\n\n<p>Vorteile der Methode: Diese Operation ist auch f\u00fcr diejenigen geeignet, die keine LASIK durchf\u00fchren k\u00f6nnen, sowie f\u00fcr Patienten mit trockenem Auge. Die Gr\u00f6\u00dfe eines einzelnen Schnittes betr\u00e4gt 2-4 mm. <\/p>\n\n<p>Die Betriebszeit des Lasers betr\u00e4gt 25 Sekunden, und die Erholungszeit nach dem Eingriff betr\u00e4gt 24 Stunden.<\/p>\n\n<h3 class=\"wp-block-heading\"><a href=\"https:\/\/medclinics.com\/wp-admin\/post.php?post=93896&amp;action=edit#requestform\">Kontaktieren Sie uns<\/a>, um alles \u00fcber <a href=\"https:\/\/medclinics.com\/de\/augenlaser\/\" target=\"_blank\" rel=\"noreferrer noopener\">Augenlaser<\/a> zu erfahren!<\/h3>\n\n<figure class=\"wp-block-image size-full\"><img fetchpriority=\"high\" decoding=\"async\" width=\"960\" height=\"540\" src=\"https:\/\/medclinics.com\/wp-content\/uploads\/2023\/07\/relex-smile-small-incision-lenticule-extraction.jpg\" alt=\"ReLEx SMILE \/ Linsenextraktion mit kleinem Einschnitt in meiner N&#xE4;he\" class=\"wp-image-98305\" srcset=\"https:\/\/medclinics.com\/wp-content\/uploads\/2023\/07\/relex-smile-small-incision-lenticule-extraction.jpg 960w, https:\/\/medclinics.com\/wp-content\/uploads\/2023\/07\/relex-smile-small-incision-lenticule-extraction-500x281.jpg 500w, https:\/\/medclinics.com\/wp-content\/uploads\/2023\/07\/relex-smile-small-incision-lenticule-extraction-768x432.jpg 768w, https:\/\/medclinics.com\/wp-content\/uploads\/2023\/07\/relex-smile-small-incision-lenticule-extraction-24x14.jpg 24w, https:\/\/medclinics.com\/wp-content\/uploads\/2023\/07\/relex-smile-small-incision-lenticule-extraction-36x20.jpg 36w, https:\/\/medclinics.com\/wp-content\/uploads\/2023\/07\/relex-smile-small-incision-lenticule-extraction-48x27.jpg 48w\" sizes=\"(max-width: 960px) 100vw, 960px\" \/><\/figure>\n\n<h3 class=\"wp-block-heading\">FAQ<\/h3>\n<div id=\"rank-math-faq\" class=\"rank-math-block\">\n<div class=\"rank-math-list \">\n<div id=\"faq-question-1685737109630\" class=\"rank-math-list-item\">\n<h3 class=\"rank-math-question \">Was ist eine Lentikelextraktion mit kleiner Inzision?<\/h3>\n<div class=\"rank-math-answer \">\n\n<p>SMILE ist eine Art der refraktiven Chirurgie, die Kurzsichtigkeit (Myopie) und Astigmatismus korrigiert. Sie ist eine Alternative zu Verfahren wie LASIK und PRK.<\/p>\n\n<\/div>\n<\/div>\n<div id=\"faq-question-1685737199515\" class=\"rank-math-list-item\">\n<h3 class=\"rank-math-question \">Wie lange dauert es, bis die SMILE-Inzision verheilt ist?<\/h3>\n<div class=\"rank-math-answer \">\n\n<p>Das SMILE-Verfahren (Small Incision Lenticule Extraction) ben\u00f6tigt in der Regel 3 bis 5 Tage, um vollst\u00e4ndig abzuheilen. In dieser Zeit regeneriert sich die \u00e4u\u00dferste Schicht der Hornhaut (Epithel), und die Beschwerden und Empfindlichkeiten lassen allm\u00e4hlich nach. Bei den meisten Patienten tritt innerhalb der ersten Woche eine deutliche Verbesserung der Sehkraft ein, die sich in den folgenden Wochen weiter verst\u00e4rkt. Die Hornhaut stabilisiert sich im Laufe einiger Monate, und regelm\u00e4\u00dfige Kontrolltermine helfen, den Heilungsprozess zu \u00fcberwachen.<\/p>\n\n<\/div>\n<\/div>\n<div id=\"faq-question-1685737200559\" class=\"rank-math-list-item\">\n<h3 class=\"rank-math-question \">Kann die SMILE-Operation schief gehen?<\/h3>\n<div class=\"rank-math-answer \">\n\n<p>Wie bei jedem chirurgischen Eingriff k\u00f6nnen auch bei der SMILE-Operation Risiken und Komplikationen auftreten, die jedoch selten sind. Um die Risiken zu minimieren, ist es wichtig, einen erfahrenen Chirurgen zu w\u00e4hlen.<\/p>\n\n<\/div>\n<\/div>\n<div id=\"faq-question-1685737202194\" class=\"rank-math-list-item\">\n<h3 class=\"rank-math-question \">Ist die Lentikelextraktion durch kleine Schnitte sicher?<\/h3>\n<div class=\"rank-math-answer \">\n\n<p>Ja, die Small Incision Lenticule Extraction (SMILE) gilt allgemein als sicher.<\/p>\n\n<\/div>\n<\/div>\n<\/div>\n<\/div>\n<p><\/p>\n\n<h3 class=\"wp-block-heading\">Kontaktieren Sie uns jetzt, falls Sie Fragen haben!<\/h3>\n","protected":false},"excerpt":{"rendered":"<p>Wenn Sie nach einer Behandlung suchen, bei der Sie jedes Detail sehen k\u00f6nnen, ohne eine Linse zu benutzen, ist ReLEx [&hellip;]<\/p>\n","protected":false},"author":4,"featured_media":93897,"parent":0,"menu_order":0,"comment_status":"closed","ping_status":"closed","template":"","meta":{"site-sidebar-layout":"default","site-content-layout":"","ast-site-content-layout":"default","site-content-style":"default","site-sidebar-style":"default","ast-global-header-display":"","ast-banner-title-visibility":"","ast-main-header-display":"","ast-hfb-above-header-display":"","ast-hfb-below-header-display":"","ast-hfb-mobile-header-display":"","site-post-title":"","ast-breadcrumbs-content":"","ast-featured-img":"","footer-sml-layout":"","ast-disable-related-posts":"","theme-transparent-header-meta":"","adv-header-id-meta":"","stick-header-meta":"","header-above-stick-meta":"","header-main-stick-meta":"","header-below-stick-meta":"","astra-migrate-meta-layouts":"default","ast-page-background-enabled":"default","ast-page-background-meta":{"desktop":{"background-color":"var(--ast-global-color-4)","background-image":"","background-repeat":"repeat","background-position":"center center","background-size":"auto","background-attachment":"scroll","background-type":"","background-media":"","overlay-type":"","overlay-color":"","overlay-opacity":"","overlay-gradient":""},"tablet":{"background-color":"","background-image":"","background-repeat":"repeat","background-position":"center center","background-size":"auto","background-attachment":"scroll","background-type":"","background-media":"","overlay-type":"","overlay-color":"","overlay-opacity":"","overlay-gradient":""},"mobile":{"background-color":"","background-image":"","background-repeat":"repeat","background-position":"center center","background-size":"auto","background-attachment":"scroll","background-type":"","background-media":"","overlay-type":"","overlay-color":"","overlay-opacity":"","overlay-gradient":""}},"ast-content-background-meta":{"desktop":{"background-color":"var(--ast-global-color-5)","background-image":"","background-repeat":"repeat","background-position":"center center","background-size":"auto","background-attachment":"scroll","background-type":"","background-media":"","overlay-type":"","overlay-color":"","overlay-opacity":"","overlay-gradient":""},"tablet":{"background-color":"var(--ast-global-color-5)","background-image":"","background-repeat":"repeat","background-position":"center center","background-size":"auto","background-attachment":"scroll","background-type":"","background-media":"","overlay-type":"","overlay-color":"","overlay-opacity":"","overlay-gradient":""},"mobile":{"background-color":"var(--ast-global-color-5)","background-image":"","background-repeat":"repeat","background-position":"center center","background-size":"auto","background-attachment":"scroll","background-type":"","background-media":"","overlay-type":"","overlay-color":"","overlay-opacity":"","overlay-gradient":""}},"footnotes":""},"class_list":["post-147732","page","type-page","status-publish","has-post-thumbnail","hentry"],"_links":{"self":[{"href":"https:\/\/medclinics.com\/de\/wp-json\/wp\/v2\/pages\/147732","targetHints":{"allow":["GET"]}}],"collection":[{"href":"https:\/\/medclinics.com\/de\/wp-json\/wp\/v2\/pages"}],"about":[{"href":"https:\/\/medclinics.com\/de\/wp-json\/wp\/v2\/types\/page"}],"author":[{"embeddable":true,"href":"https:\/\/medclinics.com\/de\/wp-json\/wp\/v2\/users\/4"}],"replies":[{"embeddable":true,"href":"https:\/\/medclinics.com\/de\/wp-json\/wp\/v2\/comments?post=147732"}],"version-history":[{"count":0,"href":"https:\/\/medclinics.com\/de\/wp-json\/wp\/v2\/pages\/147732\/revisions"}],"wp:featuredmedia":[{"embeddable":true,"href":"https:\/\/medclinics.com\/de\/wp-json\/wp\/v2\/media\/93897"}],"wp:attachment":[{"href":"https:\/\/medclinics.com\/de\/wp-json\/wp\/v2\/media?parent=147732"}],"curies":[{"name":"wp","href":"https:\/\/api.w.org\/{rel}","templated":true}]}}