{"id":147700,"date":"2023-06-02T13:41:02","date_gmt":"2023-06-02T10:41:02","guid":{"rendered":"https:\/\/medclinics.com\/ozon-therapie\/"},"modified":"2024-04-14T23:03:34","modified_gmt":"2024-04-14T20:03:34","slug":"ozon-therapie","status":"publish","type":"page","link":"https:\/\/medclinics.com\/de\/ozon-therapie\/","title":{"rendered":"Ozon-Therapie"},"content":{"rendered":"\n<h2 class=\"wp-block-heading\">Der Arzt wird die Ozontherapie ausw\u00e4hlen, wenn sie f\u00fcr Sie geeignet ist.<\/h2>\n\n<p>Die Ozontherapie ist ein physiotherapeutisches Verfahren, das das Gewebe mit Sauerstoff s\u00e4ttigt, das Immunsystem st\u00e4rkt, die Abwehrmechanismen des K\u00f6rpers aktiviert, den Stoffwechsel verbessert und Schmerzen lindert. Es hilft bei Diabetes, Asthma, Gelenk- und R\u00fcckenbeschwerden.  <\/p>\n\n<p>Es tr\u00e4gt zur Vorbeugung gegen saisonale Viruserkrankungen bei. Es wird als Desinfektionsmittel verwendet, auch \u00e4u\u00dferlich, als Injektion in die Gelenke und das Unterhautgewebe in reiner Form und in die Blutbahn durch Mischung mit Kochsalzl\u00f6sung und\/oder dem Blut des Patienten.  <\/p>\n\n<p>Es wird h\u00e4ufig in der Kosmetologie verwendet. Der Zweck kann die Behandlung von Dehnungsstreifen auf der Haut, die Reduzierung von Gesichtsfalten, die Behandlung von Problemhaut, die Beseitigung von Cellulite oder \u00fcbersch\u00fcssigem Fett sein.<\/p>\n\n<figure class=\"wp-block-image size-full\"><img fetchpriority=\"high\" decoding=\"async\" width=\"780\" height=\"488\" src=\"https:\/\/medclinics.com\/wp-content\/uploads\/2024\/04\/ozone-therapy-treatmen-beauty-salon.jpg\" alt=\"Ozon-Therapie-Behandlung-Sch&#xF6;nheitssalon Istanbul\" class=\"wp-image-161255\" srcset=\"https:\/\/medclinics.com\/wp-content\/uploads\/2024\/04\/ozone-therapy-treatmen-beauty-salon.jpg 780w, https:\/\/medclinics.com\/wp-content\/uploads\/2024\/04\/ozone-therapy-treatmen-beauty-salon-300x188.jpg 300w, https:\/\/medclinics.com\/wp-content\/uploads\/2024\/04\/ozone-therapy-treatmen-beauty-salon-768x480.jpg 768w\" sizes=\"(max-width: 780px) 100vw, 780px\" \/><\/figure>\n\n<h3 class=\"wp-block-heading\">Alles, was Sie \u00fcber <a href=\"https:\/\/medclinics.com\/de\/hardware-kosmetologie\/\" target=\"_blank\" rel=\"noreferrer noopener\">Hardware-Kosmetik<\/a> wissen m\u00fcssen, einschlie\u00dflich Nachsorge und mehr, oder <a href=\"#requestform\">kontaktieren Sie uns<\/a>!<\/h3>\n\n<h3 class=\"wp-block-heading\">FAQ<\/h3>\n<div id=\"rank-math-faq\" class=\"rank-math-block\">\n<div class=\"rank-math-list \">\n<div id=\"faq-question-1685712036238\" class=\"rank-math-list-item\">\n<h3 class=\"rank-math-question \">Was ist die Ozontherapie?<\/h3>\n<div class=\"rank-math-answer \">\n\n<p>Die <a href=\"\/\/en.wikipedia.org\/wiki\/Ozone_therapyu0022\">Ozontherapie<\/a> ist eine medizinische Behandlung, bei der dem K\u00f6rper Ozongas zugef\u00fchrt wird, um verschiedene therapeutische Wirkungen zu erzielen. Es wird angenommen, dass es die Sauerstoffverwertung verbessert, den Kreislauf anregt, das Immunsystem st\u00e4rkt und die Zellfunktionen stimuliert.<\/p>\n\n<\/div>\n<\/div>\n<div id=\"faq-question-1685712060848\" class=\"rank-math-list-item\">\n<h3 class=\"rank-math-question \">Wozu dient die Ozontherapie?<\/h3>\n<div class=\"rank-math-answer \">\n\n<p>Es wird f\u00fcr verschiedene Zwecke im Bereich der Gesundheitsf\u00fcrsorge eingesetzt. Dazu geh\u00f6ren Wundheilung, Infektionen, Schmerzbehandlung, Unterst\u00fctzung des Immunsystems, chronische Krankheiten und zahnmedizinische Anwendungen.<\/p>\n\n<\/div>\n<\/div>\n<div id=\"faq-question-1685712268589\" class=\"rank-math-list-item\">\n<h3 class=\"rank-math-question \">Ist die Ozontherapie sicher?<\/h3>\n<div class=\"rank-math-answer \">\n\n<p>Ja, aber wie bei jeder medizinischen Behandlung gibt es potenzielle Risiken und Nebenwirkungen. Bei einigen Personen k\u00f6nnen geringf\u00fcgige Nebenwirkungen wie Husten, Halsreizungen oder leichte Hautreaktionen auftreten.<\/p>\n\n<\/div>\n<\/div>\n<div id=\"faq-question-1685712306178\" class=\"rank-math-list-item\">\n<h3 class=\"rank-math-question \">Ist die Ozontherapie wirksam?<\/h3>\n<div class=\"rank-math-answer \">\n\n<p>In einigen F\u00e4llen hat sie vielversprechende Ergebnisse gezeigt, etwa bei der Wundheilung, der Behandlung bestimmter Infektionen und der Schmerzlinderung. Es wird angenommen, dass es durch die Erh\u00f6hung des Sauerstoffgehalts, die Stimulierung des Immunsystems und die Verringerung von Entz\u00fcndungen wirkt.<\/p>\n\n<\/div>\n<\/div>\n<\/div>\n<\/div>\n<p><\/p>\n\n<h3 class=\"wp-block-heading\">Kontaktieren Sie uns jetzt, falls Sie Fragen haben!<\/h3>\n","protected":false},"excerpt":{"rendered":"<p>Der Arzt wird die Ozontherapie ausw\u00e4hlen, wenn sie f\u00fcr Sie geeignet ist. Die Ozontherapie ist ein physiotherapeutisches Verfahren, das das [&hellip;]<\/p>\n","protected":false},"author":4,"featured_media":161258,"parent":0,"menu_order":0,"comment_status":"closed","ping_status":"closed","template":"","meta":{"site-sidebar-layout":"default","site-content-layout":"","ast-site-content-layout":"default","site-content-style":"default","site-sidebar-style":"default","ast-global-header-display":"","ast-banner-title-visibility":"","ast-main-header-display":"","ast-hfb-above-header-display":"","ast-hfb-below-header-display":"","ast-hfb-mobile-header-display":"","site-post-title":"","ast-breadcrumbs-content":"","ast-featured-img":"","footer-sml-layout":"","ast-disable-related-posts":"","theme-transparent-header-meta":"","adv-header-id-meta":"","stick-header-meta":"","header-above-stick-meta":"","header-main-stick-meta":"","header-below-stick-meta":"","astra-migrate-meta-layouts":"default","ast-page-background-enabled":"default","ast-page-background-meta":{"desktop":{"background-color":"var(--ast-global-color-4)","background-image":"","background-repeat":"repeat","background-position":"center center","background-size":"auto","background-attachment":"scroll","background-type":"","background-media":"","overlay-type":"","overlay-color":"","overlay-opacity":"","overlay-gradient":""},"tablet":{"background-color":"","background-image":"","background-repeat":"repeat","background-position":"center center","background-size":"auto","background-attachment":"scroll","background-type":"","background-media":"","overlay-type":"","overlay-color":"","overlay-opacity":"","overlay-gradient":""},"mobile":{"background-color":"","background-image":"","background-repeat":"repeat","background-position":"center center","background-size":"auto","background-attachment":"scroll","background-type":"","background-media":"","overlay-type":"","overlay-color":"","overlay-opacity":"","overlay-gradient":""}},"ast-content-background-meta":{"desktop":{"background-color":"var(--ast-global-color-5)","background-image":"","background-repeat":"repeat","background-position":"center center","background-size":"auto","background-attachment":"scroll","background-type":"","background-media":"","overlay-type":"","overlay-color":"","overlay-opacity":"","overlay-gradient":""},"tablet":{"background-color":"var(--ast-global-color-5)","background-image":"","background-repeat":"repeat","background-position":"center center","background-size":"auto","background-attachment":"scroll","background-type":"","background-media":"","overlay-type":"","overlay-color":"","overlay-opacity":"","overlay-gradient":""},"mobile":{"background-color":"var(--ast-global-color-5)","background-image":"","background-repeat":"repeat","background-position":"center center","background-size":"auto","background-attachment":"scroll","background-type":"","background-media":"","overlay-type":"","overlay-color":"","overlay-opacity":"","overlay-gradient":""}},"footnotes":""},"class_list":["post-147700","page","type-page","status-publish","has-post-thumbnail","hentry"],"_links":{"self":[{"href":"https:\/\/medclinics.com\/de\/wp-json\/wp\/v2\/pages\/147700","targetHints":{"allow":["GET"]}}],"collection":[{"href":"https:\/\/medclinics.com\/de\/wp-json\/wp\/v2\/pages"}],"about":[{"href":"https:\/\/medclinics.com\/de\/wp-json\/wp\/v2\/types\/page"}],"author":[{"embeddable":true,"href":"https:\/\/medclinics.com\/de\/wp-json\/wp\/v2\/users\/4"}],"replies":[{"embeddable":true,"href":"https:\/\/medclinics.com\/de\/wp-json\/wp\/v2\/comments?post=147700"}],"version-history":[{"count":0,"href":"https:\/\/medclinics.com\/de\/wp-json\/wp\/v2\/pages\/147700\/revisions"}],"wp:featuredmedia":[{"embeddable":true,"href":"https:\/\/medclinics.com\/de\/wp-json\/wp\/v2\/media\/161258"}],"wp:attachment":[{"href":"https:\/\/medclinics.com\/de\/wp-json\/wp\/v2\/media?parent=147700"}],"curies":[{"name":"wp","href":"https:\/\/api.w.org\/{rel}","templated":true}]}}