{"id":147602,"date":"2023-06-19T07:22:14","date_gmt":"2023-06-19T04:22:14","guid":{"rendered":"https:\/\/medclinics.com\/heilbad-thermalbad\/"},"modified":"2025-01-03T01:33:48","modified_gmt":"2025-01-02T22:33:48","slug":"heilbad-thermalbad","status":"publish","type":"page","link":"https:\/\/medclinics.com\/de\/heilbad-thermalbad\/","title":{"rendered":"Spa \/ Thermal \/ Wellness \/ Entgiftung"},"content":{"rendered":"\n<h2 class=\"wp-block-heading\" id=\"spa-or-thermal-treatments-are-various-therapies-and-treatments-offered-by-spas-and-wellness-facilities-the-treatments-are-intended-to-help-you-relax-rejuvenate-and-general-wellbeing\">Spa- oder Thermalbehandlungen sind verschiedene Therapien und Behandlungen, die in Spas und Wellnesseinrichtungen angeboten werden. Die Behandlungen sollen der Entspannung, der Verj\u00fcngung und dem allgemeinen Wohlbefinden dienen.<\/h2>\n\n<div class=\"wp-block-rank-math-toc-block\" id=\"rank-math-toc\"><p>Inhaltsverzeichnis<\/p><nav><ul><li><a href=\"#spa-or-thermal-treatments-are-various-therapies-and-treatments-offered-by-spas-and-wellness-facilities-the-treatments-are-intended-to-help-you-relax-rejuvenate-and-general-wellbeing\">Spa- oder Thermalbehandlungen sind verschiedene Therapien und Behandlungen, die in Spas und Wellnesseinrichtungen angeboten werden. Die Behandlungen sollen der Entspannung, der Verj\u00fcngung und dem allgemeinen Wohlbefinden dienen.<\/a><\/li><li><a href=\"#so-what-is\">Was ist also<\/a><\/li><li><a href=\"#types-and-methods\">Arten und Methoden<\/a><\/li><li><a href=\"#treatment-plan\">Behandlungsplan<\/a><\/li><li><a href=\"#aftercare-healing-process\">Nachsorge &amp; Heilungsprozess<\/a><\/li><li><a href=\"#top-spa-thermal-treatment-costs-by-country\">Top Spa \/ Thermalbehandlung Kosten nach Land<\/a><\/li><li><a href=\"#faq\">FAQ<\/a><\/li><li><a href=\"#history\">Geschichte<\/a><\/li><\/ul><\/nav><\/div>\n\n<h2 class=\"wp-block-heading\" id=\"so-what-is\">Was ist also <\/h2>\n\n<ul class=\"wp-block-list\">\n<li>Einfach ausgedr\u00fcckt, ist ein Spa eine therapeutische Wasserbehandlung.<\/li>\n\n\n\n<li>Sie beinhalten oft eine Kombination aus therapeutischen Techniken, nat\u00fcrlichen Elementen und luxuri\u00f6sen Annehmlichkeiten, um ein ganzheitliches und tiefgreifendes Erlebnis zu schaffen.<\/li>\n<\/ul>\n\n<h2 class=\"wp-block-heading\" id=\"types-and-methods\">Arten und Methoden<\/h2>\n\n<h3 class=\"wp-block-heading\" id=\"there-are-several-types-and-techniques-of-mammoplasty\">Es gibt eine Reihe von Kur-\/Thermalkuren, die gesundheitliche Vorteile bieten.<\/h3>\n<div class=\"jet-listing-grid--blocks   jet-sm-gb-wrapper jet-sm-gb-b57f7444-595f-411c-840c-d9903df69f20\"data-element-id=\"b57f7444-595f-411c-840c-d9903df69f20\"data-listing-type=\"blocks\"data-is-block=\"jet-engine\/listing-grid\"><div class=\"jet-listing-notice\">Please select listing to show.<\/div><\/div>\n<figure class=\"wp-block-image size-full\"><img fetchpriority=\"high\" decoding=\"async\" width=\"960\" height=\"540\" src=\"https:\/\/medclinics.com\/wp-content\/uploads\/2023\/07\/spa-thermal-treatment-in-turkey-1.jpg\" alt=\"Spa \/ Thermalbehandlung in der T&#xFC;rkei\" class=\"wp-image-96561\" srcset=\"https:\/\/medclinics.com\/wp-content\/uploads\/2023\/07\/spa-thermal-treatment-in-turkey-1.jpg 960w, https:\/\/medclinics.com\/wp-content\/uploads\/2023\/07\/spa-thermal-treatment-in-turkey-1-500x281.jpg 500w, https:\/\/medclinics.com\/wp-content\/uploads\/2023\/07\/spa-thermal-treatment-in-turkey-1-768x432.jpg 768w, https:\/\/medclinics.com\/wp-content\/uploads\/2023\/07\/spa-thermal-treatment-in-turkey-1-24x14.jpg 24w, https:\/\/medclinics.com\/wp-content\/uploads\/2023\/07\/spa-thermal-treatment-in-turkey-1-36x20.jpg 36w, https:\/\/medclinics.com\/wp-content\/uploads\/2023\/07\/spa-thermal-treatment-in-turkey-1-48x27.jpg 48w\" sizes=\"(max-width: 960px) 100vw, 960px\" \/><\/figure>\n\n<h2 class=\"wp-block-heading\" id=\"treatment-plan\">Behandlungsplan<\/h2>\n\n<p>Beginnen Sie mit einem Beratungsgespr\u00e4ch, um Ihre Bed\u00fcrfnisse, Vorlieben oder Gesundheitszust\u00e4nde zu besprechen. Entspannen Sie sich zun\u00e4chst in einer ruhigen Umgebung, atmen Sie tief durch und bereiten Sie sich mental auf Ihr Erlebnis vor. Sie erhalten einen Bademantel, Hausschuhe und ein Handtuch, damit Sie es w\u00e4hrend der Sitzung bequem haben.  <\/p>\n\n<p>Genie\u00dfen Sie die Thermaleinrichtungen wie hei\u00dfe B\u00e4der, Saunen, Dampfb\u00e4der oder <a href=\"https:\/\/medclinics.com\/de\/thermalwasser\/\" target=\"_blank\" rel=\"noreferrer noopener\">Thermalbecken<\/a>. Genie\u00dfen Sie die therapeutische Wirkung des Thermalwassers oder der W\u00e4rme und entspannen Sie Ihren K\u00f6rper und Geist.  <\/p>\n\n<p>W\u00e4hlen Sie aus einer Vielzahl von K\u00f6rperbehandlungen wie Massagen, Peelings oder Packungen. Der Therapeut wendet Techniken und Produkte an, die Ihren Vorlieben und Bed\u00fcrfnissen entsprechen. Massagen k\u00f6nnen auf bestimmte Spannungsbereiche abzielen oder f\u00fcr allgemeine Entspannung sorgen, w\u00e4hrend Peelings und Packungen die Haut peelen und n\u00e4hren.<\/p>\n\n<p>Wenn Sie m\u00f6chten, k\u00f6nnen Sie auch Gesichtsbehandlungen durchf\u00fchren, um die Gesundheit und das Aussehen Ihrer Haut zu verbessern. Gesichtstherapien k\u00f6nnen Reinigung, Peeling, Masken und feuchtigkeitsspendende Techniken umfassen, die auf Ihren Hauttyp und Ihre Bed\u00fcrfnisse abgestimmt sind.<\/p>\n\n<h3 class=\"wp-block-heading\" id=\"mammoplasty-for\">Spa \/ Thermische Behandlung f\u00fcr:<\/h3>\n\n<ul class=\"wp-block-list\">\n<li>Personen, die Entspannung und Stressabbau suchen<\/li>\n\n\n\n<li>Diejenigen, die sich revitalisieren und neue Energie tanken wollen<\/li>\n\n\n\n<li>Personen, die ihre Haut und ihre Sch\u00f6nheit verbessern wollen<\/li>\n\n\n\n<li>Personen, die geistiges und emotionales Wohlbefinden suchen<\/li>\n\n\n\n<li>Diejenigen, die der Selbstf\u00fcrsorge Priorit\u00e4t einr\u00e4umen<\/li>\n\n\n\n<li>Personen, die ihren K\u00f6rper entschlacken und reinigen wollen<\/li>\n\n\n\n<li>Personen mit rheumatischen Erkrankungen und Hautkrankheiten<\/li>\n<\/ul>\n\n<h3 class=\"wp-block-heading\" id=\"mammoplasty-duration\">Spa \/ Thermal Dauer:<\/h3>\n\n<ul class=\"wp-block-list\">\n<li>Die Massagen dauern zwischen 60 und 90 Minuten.<\/li>\n\n\n\n<li>K\u00f6rperpeelings und -packungen dauern etwa 60 Minuten.<\/li>\n\n\n\n<li>Die Hydrotherapie dauert in jeder Thermalanlage 15 bis 30 Minuten.<\/li>\n\n\n\n<li>Wellness-Kurse dauern zwischen 30 und 90 Minuten, je nach Kursformat und Kursleiter.<\/li>\n<\/ul>\n\n<h3 class=\"wp-block-heading\" id=\"mammoplasty-recovery-timeline\">Spa \/ Thermische Erholung Timeline:<\/h3>\n\n<ul class=\"wp-block-list\">\n<li>Im Allgemeinen haben die meisten Behandlungen wie Massagen, Aromatherapie und Wellness-Kurse nur eine geringe oder gar keine Ausfallzeit, so dass Sie Ihre normalen Aktivit\u00e4ten unmittelbar nach der Behandlung wieder aufnehmen k\u00f6nnen.  <\/li>\n\n\n\n<li>Gesichtsbehandlungen, einschlie\u00dflich Gesichtsbehandlungen und Masken, k\u00f6nnen leichte R\u00f6tungen oder Empfindlichkeiten verursachen, die in der Regel innerhalb weniger Stunden bis zu einem Tag abklingen.  <\/li>\n\n\n\n<li>K\u00f6rperpeelings und -packungen haben ebenfalls eine minimale Erholungszeit, aber es ist ratsam, direkte Sonneneinstrahlung oder scharfe Chemikalien auf der behandelten Haut f\u00fcr ein oder zwei Tage zu vermeiden.  <\/li>\n\n\n\n<li>Hydrotherapiesitzungen in hei\u00dfen B\u00e4dern, Saunen oder Dampfb\u00e4dern sollen der Entspannung und Revitalisierung dienen und keine Erholungszeit erfordern.<\/li>\n<\/ul>\n\n<h3 class=\"wp-block-heading\" id=\"possible-risks-for-mammoplasty\">M\u00f6gliche Risiken f\u00fcr Spa \/ Thermal:<\/h3>\n\n<ul class=\"wp-block-list\">\n<li>Hautreizung<\/li>\n\n\n\n<li>Allergische Reaktionen<\/li>\n\n\n\n<li>Infektionen<\/li>\n\n\n\n<li>Vorbestehende Gesundheitsbedingungen<\/li>\n<\/ul>\n\n<h2 class=\"wp-block-heading\" id=\"aftercare-healing-process\">Nachsorge &amp; Heilungsprozess<\/h2>\n<div id=\"rank-math-faq\" class=\"rank-math-block\">\n<div class=\"rank-math-list \">\n<div id=\"faq-question-1687243212601\" class=\"rank-math-list-item\">\n<h3 class=\"rank-math-question \">Nachsorge<\/h3>\n<div class=\"rank-math-answer \">\n\n<p>Nat\u00fcrlich k\u00fcmmern wir uns auch nach Ihrer Behandlung um Sie!<br \/>Unsere medizinischen Berater betreuen Sie 1 Jahr lang nach der Operation.<br \/>Wenn Sie Hilfe ben\u00f6tigen oder Fragen haben, k\u00f6nnen Sie sich jederzeit an unsere Mitarbeiter wenden.<\/p>\n\n<\/div>\n<\/div>\n<div id=\"faq-question-1687243233427\" class=\"rank-math-list-item\">\n<h3 class=\"rank-math-question \">Heilungsprozess<\/h3>\n<div class=\"rank-math-answer \">\n\n<p>Nach einer Behandlung sp\u00fcren Sie sofort die Auswirkungen wie tiefe Entspannung, verbesserte Durchblutung und ein allgemeines Wohlgef\u00fchl. Auch Ihre Haut kann von der Behandlung profitieren und ein verj\u00fcngtes Aussehen mit verbesserter Spannkraft, Textur und Hydratation aufweisen.<br \/>Dar\u00fcber hinaus zielen einige Behandlungen darauf ab, die Entgiftung zu f\u00f6rdern und Ihrem K\u00f6rper zu helfen, Giftstoffe auszuscheiden und das Gleichgewicht wiederherzustellen.<br \/>\nEs ist \u00fcblich, dass Sie vor\u00fcbergehende k\u00f6rperliche Empfindungen wie Muskelschmerzen oder M\u00fcdigkeit versp\u00fcren, die in der Regel innerhalb von ein oder zwei Tagen abklingen, wenn sich Ihr K\u00f6rper erholt.<br \/>Neben den k\u00f6rperlichen Aspekten k\u00f6nnen sich diese Behandlungen auch positiv auf Ihre geistige und emotionale Gesundheit auswirken, indem sie Ihnen ein Gef\u00fchl der Ruhe, weniger Stress und mehr geistige Klarheit vermitteln.<br \/>\nDie Dauer dieser Wirkungen kann von Person zu Person unterschiedlich sein.<br \/>Wenn Sie Bedenken haben oder l\u00e4nger anhaltende Beschwerden versp\u00fcren, sollten Sie sich an einen Arzt wenden oder ihn um Rat fragen.  <\/p>\n\n<\/div>\n<\/div>\n<\/div>\n<\/div>\n<figure class=\"wp-block-image size-full\"><img decoding=\"async\" width=\"960\" height=\"540\" src=\"https:\/\/medclinics.com\/wp-content\/uploads\/2023\/07\/spa-thermal-treatment-in-turkey-2-1.jpg\" alt=\"Spa \/ Thermalbehandlung in Pamukkale in der T&#xFC;rkei\" class=\"wp-image-96568\" srcset=\"https:\/\/medclinics.com\/wp-content\/uploads\/2023\/07\/spa-thermal-treatment-in-turkey-2-1.jpg 960w, https:\/\/medclinics.com\/wp-content\/uploads\/2023\/07\/spa-thermal-treatment-in-turkey-2-1-500x281.jpg 500w, https:\/\/medclinics.com\/wp-content\/uploads\/2023\/07\/spa-thermal-treatment-in-turkey-2-1-768x432.jpg 768w, https:\/\/medclinics.com\/wp-content\/uploads\/2023\/07\/spa-thermal-treatment-in-turkey-2-1-24x14.jpg 24w, https:\/\/medclinics.com\/wp-content\/uploads\/2023\/07\/spa-thermal-treatment-in-turkey-2-1-36x20.jpg 36w, https:\/\/medclinics.com\/wp-content\/uploads\/2023\/07\/spa-thermal-treatment-in-turkey-2-1-48x27.jpg 48w\" sizes=\"(max-width: 960px) 100vw, 960px\" \/><\/figure>\n\n<h2 class=\"wp-block-heading\" id=\"top-spa-thermal-treatment-costs-by-country\">Top Spa \/ Thermalbehandlung Kosten nach Land<\/h2>\n\n<p>Die Kosten f\u00fcr Spa-\/Thermalkuren variieren je nach Ort und Ausstattung.<br\/>Ihr MedClincs-Berater informiert Sie gerne \u00fcber die Einzelheiten.<\/p>\n\n<figure class=\"wp-block-table is-style-stripes\"><table class=\"has-fixed-layout\"><thead><tr><th>Land<\/th><th>Kosten  <\/th><th>Bewertung<\/th><\/tr><\/thead><tbody><tr><td>T\u00fcrkei<\/td><td>40\u20ac-120\u20ac<\/td><td>\u2605\u2605\u2605\u2605\u2605<\/td><\/tr><tr><td>Deutschland<\/td><td>60\u20ac-150\u20ac<\/td><td>\u2605\u2605\u2605<\/td><\/tr><tr><td>USA<\/td><td>80\u20ac-180\u20ac<\/td><td>\u2605\u2605\u2605<\/td><\/tr><tr><td>Polen<\/td><td>30\u20ac-80\u20ac<\/td><td>\u2605\u2605<\/td><\/tr><tr><td>Thailand<\/td><td>40\u20ac-120\u20ac<\/td><td>\u2605\u2605<\/td><\/tr><\/tbody><\/table><\/figure>\n<div class=\"jet-listing-grid--blocks\"data-element-id=\"e12120f9-da41-46fa-bf48-6e0ff2632426\"data-listing-type=\"blocks\"data-is-block=\"jet-engine\/listing-grid\"><div class=\"jet-listing-grid jet-listing\"><div class=\"jet-listing-not-found jet-listing-grid__items\" data-nav=\"{&quot;enabled&quot;:false,&quot;type&quot;:null,&quot;more_el&quot;:null,&quot;query&quot;:[],&quot;widget_settings&quot;:{&quot;lisitng_id&quot;:135772,&quot;posts_num&quot;:6,&quot;columns&quot;:2,&quot;columns_tablet&quot;:2,&quot;columns_mobile&quot;:1,&quot;column_min_width&quot;:240,&quot;column_min_width_tablet&quot;:240,&quot;column_min_width_mobile&quot;:240,&quot;inline_columns_css&quot;:true,&quot;is_archive_template&quot;:&quot;&quot;,&quot;post_status&quot;:[&quot;publish&quot;],&quot;use_random_posts_num&quot;:&quot;&quot;,&quot;max_posts_num&quot;:6,&quot;not_found_message&quot;:&quot;No data was found&quot;,&quot;is_masonry&quot;:false,&quot;equal_columns_height&quot;:&quot;&quot;,&quot;use_load_more&quot;:&quot;&quot;,&quot;load_more_id&quot;:&quot;&quot;,&quot;load_more_type&quot;:&quot;click&quot;,&quot;load_more_offset&quot;:null,&quot;use_custom_post_types&quot;:&quot;&quot;,&quot;custom_post_types&quot;:[],&quot;hide_widget_if&quot;:&quot;&quot;,&quot;carousel_enabled&quot;:&quot;&quot;,&quot;slides_to_scroll&quot;:1,&quot;arrows&quot;:true,&quot;arrow_icon&quot;:&quot;fa fa-angle-left&quot;,&quot;dots&quot;:&quot;&quot;,&quot;autoplay&quot;:true,&quot;pause_on_hover&quot;:true,&quot;autoplay_speed&quot;:5000,&quot;infinite&quot;:true,&quot;center_mode&quot;:&quot;&quot;,&quot;effect&quot;:&quot;slide&quot;,&quot;speed&quot;:500,&quot;inject_alternative_items&quot;:&quot;&quot;,&quot;injection_items&quot;:[],&quot;scroll_slider_enabled&quot;:&quot;&quot;,&quot;scroll_slider_on&quot;:[&quot;desktop&quot;,&quot;tablet&quot;,&quot;mobile&quot;],&quot;custom_query&quot;:false,&quot;custom_query_id&quot;:&quot;&quot;,&quot;_element_id&quot;:&quot;&quot;,&quot;collapse_first_last_gap&quot;:false,&quot;list_tag_selection&quot;:&quot;&quot;,&quot;list_items_wrapper_tag&quot;:&quot;div&quot;,&quot;list_item_tag&quot;:&quot;div&quot;,&quot;empty_items_wrapper_tag&quot;:&quot;div&quot;}}\" data-listing-source=\"posts\" data-listing-id=\"135772\" data-query-id=\"\" data-queried-id=\"147602|WP_Post\">No data was found<\/div><\/div><\/div>\n<h2 class=\"wp-block-heading\" id=\"faq\">FAQ<\/h2>\n<div id=\"rank-math-faq\" class=\"rank-math-block\">\n<div class=\"rank-math-list \">\n<div id=\"faq-question-1687156647303\" class=\"rank-math-list-item\">\n<h3 class=\"rank-math-question \">Sind Sprudelb\u00e4der gut f\u00fcr Sie?<\/h3>\n<div class=\"rank-math-answer \">\n\n<p>Ja, sie k\u00f6nnen gut f\u00fcr Sie sein. Sie bieten mehrere Vorteile f\u00fcr Ihre Gesundheit und Ihr Wohlbefinden. Ein Bad im warmen Wasser f\u00f6rdert die Entspannung, lindert Muskel- und Gelenkschmerzen, verbessert die Blutzirkulation und verhilft Ihnen zu einem besseren Schlaf.<\/p>\n\n<\/div>\n<\/div>\n<div id=\"faq-question-1687156667040\" class=\"rank-math-list-item\">\n<h3 class=\"rank-math-question \">Lohnen sich Kurb\u00e4der?<\/h3>\n<div class=\"rank-math-answer \">\n\n<p>Ja, f\u00fcr viele Menschen k\u00f6nnen sie sich lohnen. Sie bieten eine Reihe von Vorteilen, wie z. B. Entspannung, Muskelentlastung, verbesserte Durchblutung und besseren Schlaf. Wer Wert auf Selbstpflege legt und die therapeutische Wirkung von warmem Wasser und Hydrotherapie genie\u00dft, kann mit einem eigenen Whirlpool diese Vorteile bequem und regelm\u00e4\u00dfig nutzen. Au\u00dferdem bietet ein Whirlpool zu Hause Privatsph\u00e4re und die M\u00f6glichkeit, ihn jederzeit zu nutzen.<\/p>\n\n<\/div>\n<\/div>\n<div id=\"faq-question-1687157326797\" class=\"rank-math-list-item\">\n<h3 class=\"rank-math-question \">Was ist eine thermische Behandlung?<\/h3>\n<div class=\"rank-math-answer \">\n\n<p>Sie bezieht sich auf die Anwendung von W\u00e4rme- oder Temperaturtherapien zu therapeutischen Zwecken. Dabei werden dem K\u00f6rper kontrollierte Mengen an W\u00e4rme oder K\u00e4lte zugef\u00fchrt, um verschiedene gesundheitliche Vorteile zu erzielen. Sie k\u00f6nnen hei\u00dfe und kalte Therapien umfassen, wie z. B. Hot-Stone-Massagen, Saunen, Dampfb\u00e4der, Eispackungen oder kalte Kompressen. Diese Behandlungen werden h\u00e4ufig eingesetzt, um Muskeln zu entspannen, Entz\u00fcndungen zu lindern, die Durchblutung zu verbessern, Schmerzen zu lindern und das allgemeine Wohlbefinden zu f\u00f6rdern.<\/p>\n\n<\/div>\n<\/div>\n<div id=\"faq-question-1687156798096\" class=\"rank-math-list-item\">\n<h3 class=\"rank-math-question \">Warum ist Spa wichtig?<\/h3>\n<div class=\"rank-math-answer \">\n\n<p>Spas sind wichtig, weil sie einen Ort der Entspannung, der Verj\u00fcngung und der Selbstf\u00fcrsorge bieten. Diese ruhigen Umgebungen bieten dem Einzelnen die M\u00f6glichkeit, dem Stress des Alltags zu entfliehen. Durch verschiedene therapeutische Behandlungen wie Massagen, Gesichtsbehandlungen und Hydrotherapie f\u00f6rdern die Spas das k\u00f6rperliche und geistige Wohlbefinden. Sie helfen, Muskelverspannungen zu l\u00f6sen, die Blutzirkulation zu verbessern, den K\u00f6rper zu entgiften und die allgemeine Gesundheit zu f\u00f6rdern. Dar\u00fcber hinaus dienen sie als Bildungszentren und bieten Anleitungen f\u00fcr eine gesunde Lebensweise, Ern\u00e4hrung und Stressbew\u00e4ltigung.<\/p>\n\n<\/div>\n<\/div>\n<div id=\"faq-question-1687157063349\" class=\"rank-math-list-item\">\n<h3 class=\"rank-math-question \">Wie wird Spa gemacht?<\/h3>\n<div class=\"rank-math-answer \">\n\n<p>Die Spa-Behandlungen beginnen in der Regel mit der Ankunft und dem Einchecken, bei dem Sie Ihre Daten angeben und alle besonderen Anliegen oder Vorlieben besprechen. Nachdem Sie sich in bequeme Kleidung umgezogen haben, k\u00f6nnen Sie sich vor der Behandlung in einem Entspannungsbereich erholen. Ein Mitarbeiter wird Sie dann in den Behandlungsraum f\u00fchren, wo Sie Anweisungen erhalten, wie Sie sich f\u00fcr eine bestimmte Behandlung positionieren m\u00fcssen.  <br \/>Die Behandlung selbst variiert je nach der von Ihnen gew\u00e4hlten oder empfohlenen Behandlung. Geschulte Therapeuten f\u00fchren die Behandlung mit verschiedenen Techniken und Produkten durch. Danach haben Sie Zeit, sich zu entspannen und die Vorteile der Behandlung zu genie\u00dfen. Zum Schluss werden Sie zur\u00fcck in den Umkleidebereich gef\u00fchrt, wo Sie sich auf die Abreise vorbereiten k\u00f6nnen. Die Bezahlung und die Planung k\u00fcnftiger Termine k\u00f6nnen an der Rezeption vorgenommen werden. Jede Behandlung kann ihre eigenen einzigartigen Verfahren und Variationen haben.<\/p>\n\n<\/div>\n<\/div>\n<div id=\"faq-question-1687157217736\" class=\"rank-math-list-item\">\n<h3 class=\"rank-math-question \">Wie funktioniert Spa?<\/h3>\n<div class=\"rank-math-answer \">\n\n<p>Sie bieten eine Reihe von Dienstleistungen und Einrichtungen f\u00fcr Entspannung und Wohlbefinden. Die Kunden vereinbaren einen Termin, werden von geschultem Fachpersonal betreut und haben dann Zeit, sich zu entspannen. Am Ende des Besuchs bezahlen die Kunden und k\u00f6nnen weitere Termine vereinbaren.<\/p>\n\n<\/div>\n<\/div>\n<div id=\"faq-question-1687157322688\" class=\"rank-math-list-item\">\n<h3 class=\"rank-math-question \">Welche Spa-Behandlung sollte ich bekommen?<\/h3>\n<div class=\"rank-math-answer \">\n\n<p>Es gibt mehrere beliebte Optionen, die in Betracht kommen. Wenn Sie sich entspannen und Muskelverspannungen abbauen m\u00f6chten, kann eine Massage wie die schwedische oder Hot-Stone-Massage ideal sein. Zur Hautverj\u00fcngung k\u00f6nnen Gesichtsbehandlungen, die auf Ihre speziellen Bed\u00fcrfnisse zugeschnitten sind, Probleme wie Trockenheit, Akne oder Zeichen der Hautalterung behandeln.  <br \/>K\u00f6rperpeelings und Peelingbehandlungen k\u00f6nnen die Hautstruktur und die Durchblutung verbessern. K\u00f6rperpackungen dienen der Hydratation, Entgiftung oder Entspannung. Hydrotherapie-Behandlungen wie Whirlpools oder Sprudelb\u00e4der k\u00f6nnen therapeutische Wirkung haben. Aromatherapie-Behandlungen mit \u00e4therischen \u00d6len sorgen f\u00fcr ein beruhigendes und aromatisches Erlebnis.  <\/p>\n\n<\/div>\n<\/div>\n<div id=\"faq-question-1687157324400\" class=\"rank-math-list-item\">\n<h3 class=\"rank-math-question \">Sind Whirlpools gut f\u00fcr Sie?<\/h3>\n<div class=\"rank-math-answer \">\n\n<p>Ja, diese Pools k\u00f6nnen mehrere Vorteile f\u00fcr Ihre Gesundheit und Ihr Wohlbefinden haben. Sie sorgt f\u00fcr Entspannung und Stressabbau, Entlastung von Muskeln und Gelenken, verbesserte Durchblutung und besseren Schlaf.<\/p>\n\n<\/div>\n<\/div>\n<div id=\"faq-question-1687157325239\" class=\"rank-math-list-item\">\n<h3 class=\"rank-math-question \">Sind Wellness-Tage in der Schwangerschaft sicher?<\/h3>\n<div class=\"rank-math-answer \">\n\n<p>Sie k\u00f6nnen f\u00fcr schwangere Frauen sicher sein, aber es ist wichtig, einige Vorsichtsma\u00dfnahmen zu treffen und Ihren Arzt zu konsultieren, bevor Sie eine Behandlung planen.<\/p>\n\n<\/div>\n<\/div>\n<div id=\"faq-question-1687157326024\" class=\"rank-math-list-item\">\n<h3 class=\"rank-math-question \">Welche Spa-Behandlungen sind w\u00e4hrend der Schwangerschaft sicher?<\/h3>\n<div class=\"rank-math-answer \">\n\n<p>Pr\u00e4natale Massagen, pr\u00e4natale Gesichtsbehandlungen, sanfte K\u00f6rperbehandlungen (z. B. feuchtigkeitsspendende oder hydratisierende K\u00f6rperpackungen), Hydrotherapie (z. B. warme Wasserb\u00e4der oder sanfte Wassergymnastik) gelten als sicher.<\/p>\n\n<\/div>\n<\/div>\n<\/div>\n<\/div>\n<h2 class=\"wp-block-heading\" id=\"history\">Geschichte<\/h2>\n\n<p>Die Wohltaten der Thermalkuren haben eine jahrhundertelange Geschichte, die auf der Wertsch\u00e4tzung der therapeutischen Wirkung der nat\u00fcrlichen hei\u00dfen Quellen durch die alten Kulturen beruht.<\/p>\n\n<p>Die R\u00f6mer f\u00fchrten die Praxis des gemeinsamen Badens ein und gr\u00fcndeten Gemeinschaften f\u00fcr die Gesundheit. Die B\u00e4derkultur ging im Mittelalter zur\u00fcck, erlebte aber in der Renaissance und der Aufkl\u00e4rung einen Aufschwung, der zur Entstehung von Kurorten in ganz Europa f\u00fchrte.<\/p>\n\n<p>Das 19. Jahrhundert war die Zeit der gro\u00dfen Kurorte, die heute dank moderner Therapien, die sich auf Selbstpflege und ganzheitliches Wohlbefinden konzentrieren, weltweit bekannt sind.<\/p>\n","protected":false},"excerpt":{"rendered":"<p>Spa- oder Thermalbehandlungen sind verschiedene Therapien und Behandlungen, die in Spas und Wellnesseinrichtungen angeboten werden. Die Behandlungen sollen der Entspannung, [&hellip;]<\/p>\n","protected":false},"author":4,"featured_media":95295,"parent":0,"menu_order":0,"comment_status":"closed","ping_status":"closed","template":"","meta":{"site-sidebar-layout":"default","site-content-layout":"","ast-site-content-layout":"default","site-content-style":"default","site-sidebar-style":"default","ast-global-header-display":"","ast-banner-title-visibility":"","ast-main-header-display":"","ast-hfb-above-header-display":"","ast-hfb-below-header-display":"","ast-hfb-mobile-header-display":"","site-post-title":"","ast-breadcrumbs-content":"","ast-featured-img":"","footer-sml-layout":"","ast-disable-related-posts":"","theme-transparent-header-meta":"","adv-header-id-meta":"","stick-header-meta":"","header-above-stick-meta":"","header-main-stick-meta":"","header-below-stick-meta":"","astra-migrate-meta-layouts":"default","ast-page-background-enabled":"default","ast-page-background-meta":{"desktop":{"background-color":"var(--ast-global-color-4)","background-image":"","background-repeat":"repeat","background-position":"center center","background-size":"auto","background-attachment":"scroll","background-type":"","background-media":"","overlay-type":"","overlay-color":"","overlay-opacity":"","overlay-gradient":""},"tablet":{"background-color":"","background-image":"","background-repeat":"repeat","background-position":"center center","background-size":"auto","background-attachment":"scroll","background-type":"","background-media":"","overlay-type":"","overlay-color":"","overlay-opacity":"","overlay-gradient":""},"mobile":{"background-color":"","background-image":"","background-repeat":"repeat","background-position":"center center","background-size":"auto","background-attachment":"scroll","background-type":"","background-media":"","overlay-type":"","overlay-color":"","overlay-opacity":"","overlay-gradient":""}},"ast-content-background-meta":{"desktop":{"background-color":"var(--ast-global-color-5)","background-image":"","background-repeat":"repeat","background-position":"center center","background-size":"auto","background-attachment":"scroll","background-type":"","background-media":"","overlay-type":"","overlay-color":"","overlay-opacity":"","overlay-gradient":""},"tablet":{"background-color":"var(--ast-global-color-5)","background-image":"","background-repeat":"repeat","background-position":"center center","background-size":"auto","background-attachment":"scroll","background-type":"","background-media":"","overlay-type":"","overlay-color":"","overlay-opacity":"","overlay-gradient":""},"mobile":{"background-color":"var(--ast-global-color-5)","background-image":"","background-repeat":"repeat","background-position":"center center","background-size":"auto","background-attachment":"scroll","background-type":"","background-media":"","overlay-type":"","overlay-color":"","overlay-opacity":"","overlay-gradient":""}},"footnotes":""},"class_list":["post-147602","page","type-page","status-publish","has-post-thumbnail","hentry"],"_links":{"self":[{"href":"https:\/\/medclinics.com\/de\/wp-json\/wp\/v2\/pages\/147602","targetHints":{"allow":["GET"]}}],"collection":[{"href":"https:\/\/medclinics.com\/de\/wp-json\/wp\/v2\/pages"}],"about":[{"href":"https:\/\/medclinics.com\/de\/wp-json\/wp\/v2\/types\/page"}],"author":[{"embeddable":true,"href":"https:\/\/medclinics.com\/de\/wp-json\/wp\/v2\/users\/4"}],"replies":[{"embeddable":true,"href":"https:\/\/medclinics.com\/de\/wp-json\/wp\/v2\/comments?post=147602"}],"version-history":[{"count":0,"href":"https:\/\/medclinics.com\/de\/wp-json\/wp\/v2\/pages\/147602\/revisions"}],"wp:featuredmedia":[{"embeddable":true,"href":"https:\/\/medclinics.com\/de\/wp-json\/wp\/v2\/media\/95295"}],"wp:attachment":[{"href":"https:\/\/medclinics.com\/de\/wp-json\/wp\/v2\/media?parent=147602"}],"curies":[{"name":"wp","href":"https:\/\/api.w.org\/{rel}","templated":true}]}}