{"id":147594,"date":"2023-06-19T09:46:57","date_gmt":"2023-06-19T06:46:57","guid":{"rendered":"https:\/\/medclinics.com\/vitiligo-behandlung\/"},"modified":"2024-04-01T12:16:49","modified_gmt":"2024-04-01T09:16:49","slug":"vitiligo-behandlung","status":"publish","type":"page","link":"https:\/\/medclinics.com\/de\/vitiligo-behandlung\/","title":{"rendered":"Vitiligo Behandlung"},"content":{"rendered":"\n<h2 class=\"wp-block-heading\">Verabschieden Sie sich von der Pigmentierungsst\u00f6rung und begr\u00fc\u00dfen Sie Ihr neues Leben mit Hilfe der Vitiligo-Behandlung!<\/h2>\n\n<p>Vitiligo ist eine Hautkrankheit mit unbekannter Ursache, bei der aufgrund eines Pigmentverlustes in der Haut wei\u00dfe Flecken auftreten. Sie kann an jeder Stelle des K\u00f6rpers auftreten, am h\u00e4ufigsten jedoch im Gesicht, an den Lippen, H\u00e4nden, Armen, Beinen und im Genitalbereich.  <\/p>\n\n<p>Die Ursache von Vitiligo ist noch nicht vollst\u00e4ndig gekl\u00e4rt, es wird jedoch angenommen, dass eine Kombination aus genetischen, autoimmunen und umweltbedingten Faktoren eine Rolle spielt. Sie ist nicht ansteckend und stellt kein direktes Gesundheitsrisiko dar, kann aber erhebliche psychologische und emotionale Auswirkungen auf die Betroffenen haben, insbesondere aufgrund der sichtbaren Ver\u00e4nderungen ihres Aussehens.<\/p>\n\n<p>Vitiligo kann in jedem Alter auftreten, beginnt aber meist in der Kindheit oder im jungen Erwachsenenalter. Obwohl das prim\u00e4re Zeichen von Vitiligo das Vorhandensein von wei\u00dfen Flecken ist, k\u00f6nnen bei einigen Menschen mit Vitiligo Juckreiz, Trockenheit oder Sonnenbrand in den betroffenen Gebieten auftreten.<\/p>\n\n<p>Zwar gibt es derzeit keine Heilung f\u00fcr <a href=\"https:\/\/en.wikipedia.org\/wiki\/Vitiligo\" target=\"_blank\" rel=\"noopener\">Vitiligo<\/a>, doch stehen verschiedene Behandlungsm\u00f6glichkeiten zur Verf\u00fcgung, um die Krankheit in den Griff zu bekommen und ihr kosmetisches Erscheinungsbild zu verbessern. Dazu geh\u00f6ren topische Medikamente, Phototherapie, chirurgische Verfahren und Camouflage-Techniken.<\/p>\n\n<h3 class=\"wp-block-heading\">Lesen Sie alles, was Sie \u00fcber <a href=\"https:\/\/medclinics.com\/de\/dermatologie-2\/\" target=\"_blank\" rel=\"noreferrer noopener\">Dermatologie<\/a> wissen m\u00fcssen, einschlie\u00dflich Nachsorge und Heilungsprozess, oder <a href=\"#requestform\">kontaktieren Sie uns<\/a>!<\/h3>\n\n<figure class=\"wp-block-image size-full\"><img fetchpriority=\"high\" decoding=\"async\" width=\"960\" height=\"540\" src=\"https:\/\/medclinics.com\/wp-content\/uploads\/2023\/07\/vitiligo-treatment-near-me.jpg\" alt=\"Vitiligo-Behandlung in Istanbul in der T&#xFC;rkei\" class=\"wp-image-97266\" srcset=\"https:\/\/medclinics.com\/wp-content\/uploads\/2023\/07\/vitiligo-treatment-near-me.jpg 960w, https:\/\/medclinics.com\/wp-content\/uploads\/2023\/07\/vitiligo-treatment-near-me-500x281.jpg 500w, https:\/\/medclinics.com\/wp-content\/uploads\/2023\/07\/vitiligo-treatment-near-me-768x432.jpg 768w, https:\/\/medclinics.com\/wp-content\/uploads\/2023\/07\/vitiligo-treatment-near-me-24x14.jpg 24w, https:\/\/medclinics.com\/wp-content\/uploads\/2023\/07\/vitiligo-treatment-near-me-36x20.jpg 36w, https:\/\/medclinics.com\/wp-content\/uploads\/2023\/07\/vitiligo-treatment-near-me-48x27.jpg 48w\" sizes=\"(max-width: 960px) 100vw, 960px\" \/><\/figure>\n\n<h2 class=\"wp-block-heading\">FAQ<\/h2>\n<div id=\"rank-math-faq\" class=\"rank-math-block\">\n<div class=\"rank-math-list \">\n<div id=\"faq-question-1687167318311\" class=\"rank-math-list-item\">\n<h3 class=\"rank-math-question \">Was ist Vitiligo?<\/h3>\n<div class=\"rank-math-answer \">\n\n<p>Vitiligo ist eine langfristige Hauterkrankung, die durch die Entwicklung von wei\u00dfen Flecken auf der Haut gekennzeichnet ist. Sie tritt auf, wenn die Melanozyten, die f\u00fcr die Melaninproduktion zust\u00e4ndigen Zellen, entweder zerst\u00f6rt werden oder ihre Funktion einstellen.<\/p>\n\n<\/div>\n<\/div>\n<div id=\"faq-question-1687167288940\" class=\"rank-math-list-item\">\n<h3 class=\"rank-math-question \">Was ist Melanin?<\/h3>\n<div class=\"rank-math-answer \">\n\n<p>Die Farbe der menschlichen Haut besteht aus einem braunen Pigment namens Melanin. Hellh\u00e4utige Menschen produzieren sehr wenig Melanin, w\u00e4hrend dunkelh\u00e4utige Menschen gr\u00f6\u00dfere Mengen an Melanin produzieren. Es gibt also zwei Arten der Pigmentierung.  <br \/>Wenn Ihr K\u00f6rper zu viel Melanin produziert, wird Ihre Haut dunkler. Schwangerschaft, Addison-Krankheit und Sonneneinstrahlung sind einige der Faktoren, die Ihre Haut dunkler machen. Wenn Ihr K\u00f6rper hingegen zu wenig Melanin produziert, wird Ihre Haut heller und weist Bereiche auf, die heller sind als Ihre normale Hautfarbe.<\/p>\n\n<\/div>\n<\/div>\n<div id=\"faq-question-1687167320190\" class=\"rank-math-list-item\">\n<h3 class=\"rank-math-question \">Wie viele Menschen der Weltbev\u00f6lkerung sind von Vitiligo betroffen?<\/h3>\n<div class=\"rank-math-answer \">\n\n<p>Es handelt sich um eine Krankheit, von der 1 % der Weltbev\u00f6lkerung betroffen ist und die alle Rassen gleicherma\u00dfen betrifft, unabh\u00e4ngig vom Geschlecht.<\/p>\n\n<\/div>\n<\/div>\n<div id=\"faq-question-1687167321156\" class=\"rank-math-list-item\">\n<h3 class=\"rank-math-question \">Warum ist die Vitiligo-Behandlung in Istanbul &#8211; T\u00fcrkei &#8211; billiger?<\/h3>\n<div class=\"rank-math-answer \">\n\n<p>In der T\u00fcrkei sind die Gehalts- und Lebenshaltungskosten niedriger als in Europa, und die Regierung subventioniert den Gesundheitssektor. Daher kann die Vitiligo-Behandlung in der T\u00fcrkei zu wesentlich geringeren Kosten durchgef\u00fchrt werden, ohne dass dabei Abstriche bei Qualit\u00e4t und Standard gemacht werden m\u00fcssen.<\/p>\n\n<\/div>\n<\/div>\n<div id=\"faq-question-1687167395826\" class=\"rank-math-list-item\">\n<h3 class=\"rank-math-question \">Was sind die Vorteile der Vitiligo-Behandlung in Istanbul?  <\/h3>\n<div class=\"rank-math-answer \">\n\n<p>Sie sparen Geld und Kosten, profitieren von internationaler Qualit\u00e4t und vermeiden lange Wartezeiten. In der T\u00fcrkei bekommen Sie den Termin f\u00fcr Ihre Vitiligo-Behandlung kurzfristig, in Deutschland m\u00fcssen Sie Wochen warten. Die kurze Flugzeit von Europa aus ist ein weiterer Vorteil.  <\/p>\n\n<\/div>\n<\/div>\n<div id=\"faq-question-1687167397272\" class=\"rank-math-list-item\">\n<h3 class=\"rank-math-question \">Ist es sicher, eine Vitiligo-Behandlung in Istanbul durchzuf\u00fchren?<\/h3>\n<div class=\"rank-math-answer \">\n\n<p>Mit \u00fcber 1,5 Millionen Medizintouristen pro Jahr geh\u00f6rt die T\u00fcrkei zu den drei weltweit f\u00fchrenden L\u00e4ndern im Gesundheitstourismus. Das Gesundheitssystem in der T\u00fcrkei wird streng \u00fcberwacht und reguliert, um die beste Qualit\u00e4t und den h\u00f6chsten Standard der Behandlungen zu gew\u00e4hrleisten. Erfahrene \u00c4rzte und ein professionelles Team k\u00fcmmern sich professionell und kompetent um die Patienten. Ihre Vitiligo-Behandlung wird von einem professionellen Dermatologen mit internationalen Marken durchgef\u00fchrt. Daher ist es sicher, Vitiligo-Behandlung in Istanbul zu bekommen.<\/p>\n\n<\/div>\n<\/div>\n<div id=\"faq-question-1687167397943\" class=\"rank-math-list-item\">\n<h3 class=\"rank-math-question \">Wie entsteht die Vitiligo?<\/h3>\n<div class=\"rank-math-answer \">\n\n<p>Das erste und h\u00e4ufigste Symptom der Vitiligo ist die pl\u00f6tzliche Aufhellung einer bestimmten Stelle der Haut. In einigen F\u00e4llen kann ein kleiner wei\u00dfer Fleck im Laufe der Zeit wachsen und eine Gr\u00f6\u00dfe erreichen, die einen gro\u00dfen Teil der Haut bedeckt.<\/p>\n\n<\/div>\n<\/div>\n<div id=\"faq-question-1687167452939\" class=\"rank-math-list-item\">\n<h3 class=\"rank-math-question \">Ist Vitiligo eine Erkrankung der inneren Organe? Ist sie ansteckend?<\/h3>\n<div class=\"rank-math-answer \">\n\n<p>Die Vitiligo wird nicht durch eine Erkrankung der inneren Organe verursacht, so dass der allgemeine Gesundheitszustand vieler Patienten gut ist. Vitiligo ist nicht ansteckend.<\/p>\n\n<\/div>\n<\/div>\n<div id=\"faq-question-1687167453659\" class=\"rank-math-list-item\">\n<h3 class=\"rank-math-question \">Ist Vitiligo eine behandelbare Krankheit?<\/h3>\n<div class=\"rank-math-answer \">\n\n<p>Vitiligo ist eine behandelbare Krankheit, aber da die genaue Ursache der Vitiligo unbekannt ist, k\u00f6nnen die Behandlungsergebnisse individuell variieren. Es gibt verschiedene Behandlungsm\u00f6glichkeiten, von denen einige mindestens 3 Monate dauern. Die Wahl der Behandlung sollte mit einem Dermatologen abgesprochen werden.<\/p>\n\n<\/div>\n<\/div>\n<div id=\"faq-question-1687167471518\" class=\"rank-math-list-item\">\n<h3 class=\"rank-math-question \">Gibt es Cremes, die Vitiligo behandeln k\u00f6nnen?<\/h3>\n<div class=\"rank-math-answer \">\n\n<p>Die Erstbehandlung der Vitiligo wird mit topischen Cremes begonnen. Es gibt auch pflanzliche Vitiligo-Cremes, die antioxidative Substanzen enthalten. Wenden Sie keine Behandlung an, die nicht vom Gesundheitsministerium zugelassen ist, auch wenn es sich um eine pflanzliche Behandlung (Pille oder Creme) handelt.<\/p>\n\n<\/div>\n<\/div>\n<div id=\"faq-question-1687167472296\" class=\"rank-math-list-item\">\n<h3 class=\"rank-math-question \">Wie ist Puva Vitiligo Behandlung getan?<\/h3>\n<div class=\"rank-math-answer \">\n\n<p>Die Puva-Therapie wird mit Ger\u00e4ten mit kontrolliertem ultraviolettem Licht durchgef\u00fchrt. Die allgemeine Puva-Behandlung wird in einer geschlossenen Kabine wie in einem Solarium durchgef\u00fchrt. Vor dem Eingriff erh\u00e4lt der Patient ein photosensibilisierendes Medikament. Der Puva-Strahl aktiviert die Zellen, die der Haut Farbe verleihen, n\u00e4mlich die Melanozyten, in den Geweben, die ihre Farbe verloren haben, und unterst\u00fctzt die Migration der Zellen, die den Bereichen mit Vitiligo Farbe verleihen.  <\/p>\n\n<\/div>\n<\/div>\n<div id=\"faq-question-1687167546382\" class=\"rank-math-list-item\">\n<h3 class=\"rank-math-question \">Gibt es eine chirurgische Behandlung f\u00fcr Vitiligo?<\/h3>\n<div class=\"rank-math-answer \">\n\n<p>Es gibt eine chirurgische Behandlung f\u00fcr Vitiligo. Bei der so genannten Punch-Graft-Methode wird die Haut an den Stellen, an denen sie ihre Farbe verloren hat, mit Haut aus einer anderen K\u00f6rperregion aufgef\u00fcllt.<\/p>\n\n<\/div>\n<\/div>\n<div id=\"faq-question-1687167554938\" class=\"rank-math-list-item\">\n<h3 class=\"rank-math-question \">Was ist die De-Pigmentierungsbehandlung?<\/h3>\n<div class=\"rank-math-answer \">\n\n<p>Mit dieser Methode wird der gesamte K\u00f6rper aufgehellt und die Hautfarbe angeglichen. Nach diesem Eingriff ist der Farbverlust der Haut dauerhaft, und die Patienten sollten sich immer gut vor der Sonne sch\u00fctzen. Der weltber\u00fchmte S\u00e4nger Michael Jackson verwendete die Depigmentierungsbehandlung.<\/p>\n\n<\/div>\n<\/div>\n<div id=\"faq-question-1687167587882\" class=\"rank-math-list-item\">\n<h3 class=\"rank-math-question \">Kann ich meine Vitiligo-Behandlung mit einer Besichtigungstour verbinden?<\/h3>\n<div class=\"rank-math-answer \">\n\n<p>Nat\u00fcrlich kann und sollte man auch das Angenehme mit dem N\u00fctzlichen verbinden! Die Behandlung von Vitiligo dauert nicht lange. Sie machen nur eine kurze Pause von Ihrer Entdeckungstour in Istanbul. Nach der Behandlung k\u00f6nnen Sie Ihre Besichtigungstour unbesorgt fortsetzen.<\/p>\n\n<\/div>\n<\/div>\n<div id=\"faq-question-1687167588662\" class=\"rank-math-list-item\">\n<h3 class=\"rank-math-question \">Worauf sollten Vitiligo-Patienten achten?<\/h3>\n<div class=\"rank-math-answer \">\n\n<p>Patienten mit Vitiligo sollten sich vor Hauttraumata wie Peeling, harsche Massage, Sonnenbrand sch\u00fctzen, sollten gut vor der Sonne gesch\u00fctzt werden und Stress reduzieren, damit der Farbunterschied zwischen normaler Haut und Haut mit Vitiligo nicht offensichtlich ist.<br \/>Abgesehen davon empfehlen Experten, dass Menschen, die in sonnigen Gebieten leben, ausreichende Mengen der Vitamine A, B und E zu sich nehmen. Es wird empfohlen, viele Lebensmittelgruppen zu verzehren, die diese Vitamine enthalten.<\/p>\n\n<\/div>\n<\/div>\n<div id=\"faq-question-1687167623470\" class=\"rank-math-list-item\">\n<h3 class=\"rank-math-question \">Kann ich meinen Arzt kontaktieren, wenn ich wieder zu Hause bin?<\/h3>\n<div class=\"rank-math-answer \">\n\n<p>Nat\u00fcrlich k\u00f6nnen Sie sich auch zu Hause mit Ihrem Arzt in Verbindung setzen, der Ihnen alle Fragen beantworten wird, die Sie haben.  <\/p>\n\n<\/div>\n<\/div>\n<\/div>\n<\/div>\n<p>\u00a0<\/p>\n\n<h3 class=\"wp-block-heading\">Kontaktieren Sie uns jetzt, falls Sie Fragen haben!<\/h3>\n","protected":false},"excerpt":{"rendered":"<p>Verabschieden Sie sich von der Pigmentierungsst\u00f6rung und begr\u00fc\u00dfen Sie Ihr neues Leben mit Hilfe der Vitiligo-Behandlung! Vitiligo ist eine Hautkrankheit [&hellip;]<\/p>\n","protected":false},"author":4,"featured_media":95330,"parent":0,"menu_order":0,"comment_status":"closed","ping_status":"closed","template":"","meta":{"site-sidebar-layout":"default","site-content-layout":"","ast-site-content-layout":"default","site-content-style":"default","site-sidebar-style":"default","ast-global-header-display":"","ast-banner-title-visibility":"","ast-main-header-display":"","ast-hfb-above-header-display":"","ast-hfb-below-header-display":"","ast-hfb-mobile-header-display":"","site-post-title":"","ast-breadcrumbs-content":"","ast-featured-img":"","footer-sml-layout":"","ast-disable-related-posts":"","theme-transparent-header-meta":"","adv-header-id-meta":"","stick-header-meta":"","header-above-stick-meta":"","header-main-stick-meta":"","header-below-stick-meta":"","astra-migrate-meta-layouts":"default","ast-page-background-enabled":"default","ast-page-background-meta":{"desktop":{"background-color":"var(--ast-global-color-4)","background-image":"","background-repeat":"repeat","background-position":"center center","background-size":"auto","background-attachment":"scroll","background-type":"","background-media":"","overlay-type":"","overlay-color":"","overlay-opacity":"","overlay-gradient":""},"tablet":{"background-color":"","background-image":"","background-repeat":"repeat","background-position":"center center","background-size":"auto","background-attachment":"scroll","background-type":"","background-media":"","overlay-type":"","overlay-color":"","overlay-opacity":"","overlay-gradient":""},"mobile":{"background-color":"","background-image":"","background-repeat":"repeat","background-position":"center center","background-size":"auto","background-attachment":"scroll","background-type":"","background-media":"","overlay-type":"","overlay-color":"","overlay-opacity":"","overlay-gradient":""}},"ast-content-background-meta":{"desktop":{"background-color":"var(--ast-global-color-5)","background-image":"","background-repeat":"repeat","background-position":"center center","background-size":"auto","background-attachment":"scroll","background-type":"","background-media":"","overlay-type":"","overlay-color":"","overlay-opacity":"","overlay-gradient":""},"tablet":{"background-color":"var(--ast-global-color-5)","background-image":"","background-repeat":"repeat","background-position":"center center","background-size":"auto","background-attachment":"scroll","background-type":"","background-media":"","overlay-type":"","overlay-color":"","overlay-opacity":"","overlay-gradient":""},"mobile":{"background-color":"var(--ast-global-color-5)","background-image":"","background-repeat":"repeat","background-position":"center center","background-size":"auto","background-attachment":"scroll","background-type":"","background-media":"","overlay-type":"","overlay-color":"","overlay-opacity":"","overlay-gradient":""}},"footnotes":""},"class_list":["post-147594","page","type-page","status-publish","has-post-thumbnail","hentry"],"_links":{"self":[{"href":"https:\/\/medclinics.com\/de\/wp-json\/wp\/v2\/pages\/147594","targetHints":{"allow":["GET"]}}],"collection":[{"href":"https:\/\/medclinics.com\/de\/wp-json\/wp\/v2\/pages"}],"about":[{"href":"https:\/\/medclinics.com\/de\/wp-json\/wp\/v2\/types\/page"}],"author":[{"embeddable":true,"href":"https:\/\/medclinics.com\/de\/wp-json\/wp\/v2\/users\/4"}],"replies":[{"embeddable":true,"href":"https:\/\/medclinics.com\/de\/wp-json\/wp\/v2\/comments?post=147594"}],"version-history":[{"count":0,"href":"https:\/\/medclinics.com\/de\/wp-json\/wp\/v2\/pages\/147594\/revisions"}],"wp:featuredmedia":[{"embeddable":true,"href":"https:\/\/medclinics.com\/de\/wp-json\/wp\/v2\/media\/95330"}],"wp:attachment":[{"href":"https:\/\/medclinics.com\/de\/wp-json\/wp\/v2\/media?parent=147594"}],"curies":[{"name":"wp","href":"https:\/\/api.w.org\/{rel}","templated":true}]}}