{"id":147540,"date":"2023-06-19T13:56:25","date_gmt":"2023-06-19T10:56:25","guid":{"rendered":"https:\/\/medclinics.com\/psoriasis-3\/"},"modified":"2025-01-02T23:39:59","modified_gmt":"2025-01-02T20:39:59","slug":"psoriasis-3","status":"publish","type":"page","link":"https:\/\/medclinics.com\/de\/psoriasis-3\/","title":{"rendered":"Psoriasis"},"content":{"rendered":"\n<h2 class=\"wp-block-heading\">Wenn Sie den Verdacht haben, dass Sie an Schuppenflechte leiden oder \u00e4hnliche Hautsymptome aufweisen, haben Sie hier die M\u00f6glichkeit, eine korrekte Diagnose und einen geeigneten Behandlungsplan zu erhalten!<\/h2>\n\n<p>Es handelt sich um eine chronische Autoimmunkrankheit der Haut, die den Lebenszyklus der Hautzellen beeintr\u00e4chtigt. Normalerweise wachsen die Hautzellen tief in der Haut und kommen innerhalb weniger Wochen an die Oberfl\u00e4che. Bei dieser Erkrankung ist dieser Prozess jedoch deutlich beschleunigt, so dass sich die Zellen schnell auf der Hautoberfl\u00e4che ansammeln.<\/p>\n\n<p>Die genaue Ursache ist noch nicht vollst\u00e4ndig gekl\u00e4rt, aber man geht davon aus, dass eine Kombination aus genetischen und umweltbedingten Faktoren beteiligt ist. Sie ist nicht ansteckend. Das bedeutet, dass die Krankheit nicht von Mensch zu Mensch \u00fcbertragen werden kann.<\/p>\n\n<p>Die h\u00e4ufigste Form ist die <a href=\"https:\/\/en.wikipedia.org\/wiki\/Psoriasis\" target=\"_blank\" rel=\"noreferrer noopener\">Plaque-Psoriasis<\/a>, die durch rote, mit silbrigen Schuppen bedeckte Hautstellen gekennzeichnet ist. Diese als Plaques bezeichneten Flecken k\u00f6nnen \u00fcberall am K\u00f6rper auftreten, sind aber meist auf der Kopfhaut, an den Ellenbogen, Knien und am unteren R\u00fccken zu finden. Andere Arten sind die Psoriasis guttata (kleine, fleckige L\u00e4sionen), die inverse Psoriasis (Hautfalten), die pustul\u00f6se (mit Eiter gef\u00fcllte) und die erythrodermische Psoriasis (weit verbreitete Entz\u00fcndung).<\/p>\n\n<p>Sie kann verschiedene Symptome wie Juckreiz, Schmerzen und Unbehagen verursachen. Sie kann sich auch erheblich auf die Lebensqualit\u00e4t der Betroffenen auswirken, da sie ihr k\u00f6rperliches Erscheinungsbild beeintr\u00e4chtigen und emotionalen Stress verursachen kann.<\/p>\n\n<p>Es gibt zwar keine Heilung, aber verschiedene Behandlungsm\u00f6glichkeiten, um die Symptome zu lindern und die H\u00e4ufigkeit und Schwere der Sch\u00fcbe zu reduzieren. Diese Behandlungen k\u00f6nnen topische Cremes, orale Medikamente, Lichttherapie (Phototherapie) und systemische Medikamente umfassen. Die Wahl der Behandlung h\u00e4ngt von der Art und dem Schweregrad sowie von individuellen Faktoren und Pr\u00e4ferenzen ab.<\/p>\n\n<h3 class=\"wp-block-heading\">Alles, was Sie \u00fcber <a href=\"https:\/\/medclinics.com\/de\/dermatologie-2\/\" target=\"_blank\" rel=\"noreferrer noopener\">Dermatologie<\/a> wissen m\u00fcssen, <a href=\"#requestform\">erfahren Sie bei uns<\/a>!<\/h3>\n\n<figure class=\"wp-block-image size-full\"><img fetchpriority=\"high\" decoding=\"async\" width=\"960\" height=\"540\" src=\"https:\/\/medclinics.com\/wp-content\/uploads\/2023\/07\/psoriasis-treatment-near-me.jpg\" alt=\"Psoriasis-Behandlung in meiner N&#xE4;he Istanbul\" class=\"wp-image-97231\" srcset=\"https:\/\/medclinics.com\/wp-content\/uploads\/2023\/07\/psoriasis-treatment-near-me.jpg 960w, https:\/\/medclinics.com\/wp-content\/uploads\/2023\/07\/psoriasis-treatment-near-me-500x281.jpg 500w, https:\/\/medclinics.com\/wp-content\/uploads\/2023\/07\/psoriasis-treatment-near-me-768x432.jpg 768w, https:\/\/medclinics.com\/wp-content\/uploads\/2023\/07\/psoriasis-treatment-near-me-24x14.jpg 24w, https:\/\/medclinics.com\/wp-content\/uploads\/2023\/07\/psoriasis-treatment-near-me-36x20.jpg 36w, https:\/\/medclinics.com\/wp-content\/uploads\/2023\/07\/psoriasis-treatment-near-me-48x27.jpg 48w\" sizes=\"(max-width: 960px) 100vw, 960px\" \/><\/figure>\n\n<h2 class=\"wp-block-heading\">FAQ<\/h2>\n<div id=\"rank-math-faq\" class=\"rank-math-block\">\n<div class=\"rank-math-list \">\n<div id=\"faq-question-1687181319859\" class=\"rank-math-list-item\">\n<h3 class=\"rank-math-question \">Sind Psoriasis und Ekzeme verwandt?<\/h3>\n<div class=\"rank-math-answer \">\n\n<p>Es handelt sich um chronische Hautkrankheiten, die einige Gemeinsamkeiten, aber auch deutliche Unterschiede aufweisen. Die Schuppenflechte ist eine Autoimmunerkrankung, bei der ein rascher Zellwechsel der Haut zu dicken, schuppigen Flecken f\u00fchrt. Ein Ekzem ist eine \u00dcberempfindlichkeitsreaktion des Immunsystems, die zu trockener, juckender und entz\u00fcndeter Haut f\u00fchrt. Die Behandlungsans\u00e4tze sind unterschiedlich und k\u00f6nnen zwar nebeneinander bestehen, sind aber nicht direkt miteinander verbunden.<\/p>\n\n<\/div>\n<\/div>\n<div id=\"faq-question-1687181325234\" class=\"rank-math-list-item\">\n<h3 class=\"rank-math-question \">Kann sich Psoriasis ausbreiten?<\/h3>\n<div class=\"rank-math-answer \">\n\n<p>Sie kann nicht von Mensch zu Mensch \u00fcbertragen werden.<\/p>\n\n<\/div>\n<\/div>\n<div id=\"faq-question-1687181326503\" class=\"rank-math-list-item\">\n<h3 class=\"rank-math-question \">Verschlimmert sich die Psoriasis mit zunehmendem Alter?<\/h3>\n<div class=\"rank-math-answer \">\n\n<p>Obwohl es nicht sicher ist, wie die Psoriasis mit dem Alter fortschreitet, k\u00f6nnen sich die Symptome bei einigen Menschen mit der Zeit verschlimmern.<\/p>\n\n<\/div>\n<\/div>\n<div id=\"faq-question-1687181328212\" class=\"rank-math-list-item\">\n<h3 class=\"rank-math-question \">Kann Psoriasis Haarausfall verursachen?<\/h3>\n<div class=\"rank-math-answer \">\n\n<p>Sie kann zu vor\u00fcbergehendem Haarausfall an den betroffenen Stellen f\u00fchren. Sie ist jedoch keine direkte Ursache f\u00fcr dauerhaften oder vollst\u00e4ndigen Haarausfall. Wenn die Kopfhaut betroffen ist, kann es zu Schuppung, R\u00f6tung und Juckreiz kommen, was wiederum dazu f\u00fchren kann, dass das Haar br\u00fcchig wird und abbricht. In einigen F\u00e4llen kann es zu Haarausfall an den betroffenen Stellen kommen.<\/p>\n\n<\/div>\n<\/div>\n<div id=\"faq-question-1687181329353\" class=\"rank-math-list-item\">\n<h3 class=\"rank-math-question \">Wie wird Psoriasis verursacht?<\/h3>\n<div class=\"rank-math-answer \">\n\n<p>Es wird davon ausgegangen, dass sie durch eine Kombination von genetischen, immunologischen und umweltbedingten Faktoren verursacht wird. Genetische Veranlagung, St\u00f6rungen des Immunsystems und Ausl\u00f6ser wie Infektionen, Traumata, Medikamente, Stress, Rauchen und Alkoholkonsum k\u00f6nnen zur Entstehung und Verschlimmerung beitragen.<\/p>\n\n<\/div>\n<\/div>\n<\/div>\n<\/div>\n<p>\u00a0<\/p>\n\n<h3 class=\"wp-block-heading\">Kontaktieren Sie uns jetzt, falls Sie Fragen haben!<\/h3>\n","protected":false},"excerpt":{"rendered":"<p>Wenn Sie den Verdacht haben, dass Sie an Schuppenflechte leiden oder \u00e4hnliche Hautsymptome aufweisen, haben Sie hier die M\u00f6glichkeit, eine [&hellip;]<\/p>\n","protected":false},"author":4,"featured_media":95451,"parent":0,"menu_order":0,"comment_status":"closed","ping_status":"closed","template":"","meta":{"site-sidebar-layout":"default","site-content-layout":"","ast-site-content-layout":"default","site-content-style":"default","site-sidebar-style":"default","ast-global-header-display":"","ast-banner-title-visibility":"","ast-main-header-display":"","ast-hfb-above-header-display":"","ast-hfb-below-header-display":"","ast-hfb-mobile-header-display":"","site-post-title":"","ast-breadcrumbs-content":"","ast-featured-img":"","footer-sml-layout":"","ast-disable-related-posts":"","theme-transparent-header-meta":"","adv-header-id-meta":"","stick-header-meta":"","header-above-stick-meta":"","header-main-stick-meta":"","header-below-stick-meta":"","astra-migrate-meta-layouts":"default","ast-page-background-enabled":"default","ast-page-background-meta":{"desktop":{"background-color":"var(--ast-global-color-4)","background-image":"","background-repeat":"repeat","background-position":"center center","background-size":"auto","background-attachment":"scroll","background-type":"","background-media":"","overlay-type":"","overlay-color":"","overlay-opacity":"","overlay-gradient":""},"tablet":{"background-color":"","background-image":"","background-repeat":"repeat","background-position":"center center","background-size":"auto","background-attachment":"scroll","background-type":"","background-media":"","overlay-type":"","overlay-color":"","overlay-opacity":"","overlay-gradient":""},"mobile":{"background-color":"","background-image":"","background-repeat":"repeat","background-position":"center center","background-size":"auto","background-attachment":"scroll","background-type":"","background-media":"","overlay-type":"","overlay-color":"","overlay-opacity":"","overlay-gradient":""}},"ast-content-background-meta":{"desktop":{"background-color":"var(--ast-global-color-5)","background-image":"","background-repeat":"repeat","background-position":"center center","background-size":"auto","background-attachment":"scroll","background-type":"","background-media":"","overlay-type":"","overlay-color":"","overlay-opacity":"","overlay-gradient":""},"tablet":{"background-color":"var(--ast-global-color-5)","background-image":"","background-repeat":"repeat","background-position":"center center","background-size":"auto","background-attachment":"scroll","background-type":"","background-media":"","overlay-type":"","overlay-color":"","overlay-opacity":"","overlay-gradient":""},"mobile":{"background-color":"var(--ast-global-color-5)","background-image":"","background-repeat":"repeat","background-position":"center center","background-size":"auto","background-attachment":"scroll","background-type":"","background-media":"","overlay-type":"","overlay-color":"","overlay-opacity":"","overlay-gradient":""}},"footnotes":""},"class_list":["post-147540","page","type-page","status-publish","has-post-thumbnail","hentry"],"_links":{"self":[{"href":"https:\/\/medclinics.com\/de\/wp-json\/wp\/v2\/pages\/147540","targetHints":{"allow":["GET"]}}],"collection":[{"href":"https:\/\/medclinics.com\/de\/wp-json\/wp\/v2\/pages"}],"about":[{"href":"https:\/\/medclinics.com\/de\/wp-json\/wp\/v2\/types\/page"}],"author":[{"embeddable":true,"href":"https:\/\/medclinics.com\/de\/wp-json\/wp\/v2\/users\/4"}],"replies":[{"embeddable":true,"href":"https:\/\/medclinics.com\/de\/wp-json\/wp\/v2\/comments?post=147540"}],"version-history":[{"count":0,"href":"https:\/\/medclinics.com\/de\/wp-json\/wp\/v2\/pages\/147540\/revisions"}],"wp:featuredmedia":[{"embeddable":true,"href":"https:\/\/medclinics.com\/de\/wp-json\/wp\/v2\/media\/95451"}],"wp:attachment":[{"href":"https:\/\/medclinics.com\/de\/wp-json\/wp\/v2\/media?parent=147540"}],"curies":[{"name":"wp","href":"https:\/\/api.w.org\/{rel}","templated":true}]}}