{"id":147530,"date":"2023-06-20T09:07:21","date_gmt":"2023-06-20T06:07:21","guid":{"rendered":"https:\/\/medclinics.com\/parkinson-krankheit\/"},"modified":"2025-01-02T19:03:50","modified_gmt":"2025-01-02T16:03:50","slug":"parkinson-krankheit","status":"publish","type":"page","link":"https:\/\/medclinics.com\/de\/parkinson-krankheit\/","title":{"rendered":"Parkinson-Krankheit"},"content":{"rendered":"\n<h2 class=\"wp-block-heading\">Die Parkinson-Krankheit ist eine chronische und fortschreitende neurologische St\u00f6rung, die die Bewegungskontrolle beeintr\u00e4chtigt.<\/h2>\n\n<p>Sie ist nach Dr. James Parkinson benannt, der die Krankheit 1817 erstmals beschrieb. Die Krankheit betrifft vor allem eine Hirnregion, die Substantia nigra. Dieses spielt eine Schl\u00fcsselrolle bei der Produktion von Dopamin, einem chemischen Botenstoff, der an der Koordination von Bewegungen beteiligt ist.<\/p>\n\n<p>Die charakteristischen Symptome der Parkinson-Krankheit sind:<\/p>\n\n<ul class=\"wp-block-list\">\n<li>Tremor: Der Ruhetremor, der typischerweise in einer Hand beginnt, ist ein h\u00e4ufiges Fr\u00fchsymptom der Parkinson-Krankheit. Der Tremor \u00e4u\u00dfert sich in der Regel durch eine rhythmische Hin- und Herbewegung.<\/li>\n\n\n\n<li>Bradykinesie: Hierunter versteht man eine Verlangsamung der Bewegungen und Schwierigkeiten, willk\u00fcrliche Bewegungen einzuleiten und auszuf\u00fchren. Sie kann zu verminderter Fingerfertigkeit, undeutlicher Sprache und einem allgemeinen Schw\u00e4chegef\u00fchl f\u00fchren.<\/li>\n\n\n\n<li>Muskelsteifheit: Die Parkinson-Krankheit kann Steifheit und Rigidit\u00e4t in den Muskeln verursachen, was es schwierig macht, sich richtig zu bewegen.<\/li>\n\n\n\n<li>K\u00f6rperliches Ungleichgewicht: Mit dem Fortschreiten der Krankheit k\u00f6nnen bei Parkinson-Patienten Gleichgewichts- und Koordinationsst\u00f6rungen auftreten, die zu einer Tendenz zum B\u00fccken, Stolpern oder St\u00fcrzen f\u00fchren.<\/li>\n<\/ul>\n\n<p>Weitere nicht-motorische Symptome, die mit der <a href=\"https:\/\/en.wikipedia.org\/wiki\/Parkinson%27s_disease\" target=\"_blank\" rel=\"noreferrer noopener\">Parkinson-Krankheit<\/a> einhergehen k\u00f6nnen, sind kognitive Ver\u00e4nderungen wie Ged\u00e4chtnis- und Denkst\u00f6rungen, Stimmungsst\u00f6rungen wie Depressionen und Angstzust\u00e4nde, Schlafst\u00f6rungen und autonome Funktionsst\u00f6rungen wie Ver\u00e4nderungen des Blutdrucks und der Verdauung.<\/p>\n\n<p>Die genaue Ursache der Parkinson-Krankheit ist noch immer nicht vollst\u00e4ndig gekl\u00e4rt, wahrscheinlich handelt es sich aber um eine Kombination aus genetischen und umweltbedingten Faktoren. Derzeit gibt es keine Heilung f\u00fcr die Parkinson-Krankheit, aber es stehen verschiedene Behandlungen zur Verf\u00fcgung, um die Symptome zu lindern und die Lebensqualit\u00e4t zu verbessern. Diese Behandlungen k\u00f6nnen Medikamente, Physiotherapie, Besch\u00e4ftigungstherapie, Sprachtherapie und in einigen F\u00e4llen auch eine Operation zur Tiefenhirnstimulation (DBS) umfassen.<\/p>\n\n<h3 class=\"wp-block-heading\">Alles, was Sie \u00fcber <a href=\"https:\/\/medclinics.com\/de\/neurologie-2\/\" target=\"_blank\" rel=\"noreferrer noopener\">Neurologie<\/a> wissen m\u00fcssen, einschlie\u00dflich Preis, Nachbehandlung und Heilungsprozess, oder <a href=\"#requestform\">kontaktieren Sie uns<\/a>!<\/h3>\n\n<h2 class=\"wp-block-heading\">FAQ<\/h2>\n<div id=\"rank-math-faq\" class=\"rank-math-block\">\n<div class=\"rank-math-list \">\n<div id=\"faq-question-1687249804418\" class=\"rank-math-list-item\">\n<h3 class=\"rank-math-question \">Was ist die Parkinson-Krankheit?<\/h3>\n<div class=\"rank-math-answer \">\n\n<p>Die Parkinson-Krankheit ist eine fortschreitende neurologische St\u00f6rung, die die Bewegungskontrolle beeintr\u00e4chtigt. Sie ist gekennzeichnet durch Symptome wie Zittern, Verlangsamung der Bewegungen, Muskelsteifheit und Gleichgewichtsst\u00f6rungen.<\/p>\n\n<\/div>\n<\/div>\n<div id=\"faq-question-1687249753800\" class=\"rank-math-list-item\">\n<h3 class=\"rank-math-question \">Was sind die Symptome der Parkinson-Krankheit?<\/h3>\n<div class=\"rank-math-answer \">\n\n<p><strong>Motorische Symptome:<\/strong><br \/>Tremor (Ruhetremor)<br \/>Bradykinesie (Verlangsamung der Bewegungen)<br \/>Rigidit\u00e4t (Muskelsteifheit)<br \/>Haltungsinstabilit\u00e4t<br \/>Akinesie (Schwierigkeiten, Bewegungen zu initiieren)<br \/><strong>Nicht-motorische Symptome:<\/strong><br \/>Kognitive Ver\u00e4nderungen (Ged\u00e4chtnis-, Aufmerksamkeits- und Denkschwierigkeiten)<br \/>Stimmungsst\u00f6rungen (Depression, Angstzust\u00e4nde, Apathie)<br \/>Schlafst\u00f6rungen (Schlaflosigkeit, lebhafte Tr\u00e4ume, \u00fcberm\u00e4\u00dfige Tagesm\u00fcdigkeit)<br \/>Autonome Funktionsst\u00f6rungen (orthostatische Hypotonie, Verstopfung, Harnprobleme)<br \/>Sensorische Symptome (Hyposmie, Schmerzen, Kribbeln)<br \/>Sprach- und Schluckst\u00f6rungen<\/p>\n\n<\/div>\n<\/div>\n<div id=\"faq-question-1687249801192\" class=\"rank-math-list-item\">\n<h3 class=\"rank-math-question \">Was verschlimmert die Parkinson-Krankheit?<\/h3>\n<div class=\"rank-math-answer \">\n\n<p>Zu den Faktoren, die die Parkinson-Krankheit verschlimmern k\u00f6nnen, geh\u00f6ren eine unzureichende Medikamenteneinnahme, ein hohes Ma\u00df an Stress, Infektionen, Bewegungsmangel, schlechter Schlaf, andere Gesundheitszust\u00e4nde und der nat\u00fcrliche Alterungsprozess.<\/p>\n\n<\/div>\n<\/div>\n<div id=\"faq-question-1687249805795\" class=\"rank-math-list-item\">\n<h3 class=\"rank-math-question \">Ist die Parkinson-Krankheit schmerzhaft?<\/h3>\n<div class=\"rank-math-answer \">\n\n<p>Die Parkinson-Krankheit selbst ist in der Regel nicht mit Schmerzen als Hauptsymptom verbunden. Bei einigen Patienten k\u00f6nnen jedoch Schmerzen oder Beschwerden aufgrund sekund\u00e4rer Faktoren oder Begleiterkrankungen auftreten. Dazu geh\u00f6ren Muskelsteifigkeit und Rigidit\u00e4t, die zu Muskelkr\u00e4mpfen oder Unwohlsein f\u00fchren k\u00f6nnen. Dar\u00fcber hinaus kann es bei einigen Patienten zu Muskel-Skelett-Problemen, Gelenkversteifungen, Haltungs\u00e4nderungen oder Schmerzen im Zusammenhang mit St\u00fcrzen kommen.<\/p>\n\n<\/div>\n<\/div>\n<div id=\"faq-question-1687249806594\" class=\"rank-math-list-item\">\n<h3 class=\"rank-math-question \">Kann die Parkinson-Krankheit geheilt werden?<\/h3>\n<div class=\"rank-math-answer \">\n\n<p>Derzeit ist keine Heilung der Parkinson-Krankheit bekannt. Parkinson ist eine chronische und fortschreitende neurologische Erkrankung, d. h. sie verschlimmert sich mit der Zeit. Es gibt jedoch mehrere Behandlungsm\u00f6glichkeiten f\u00fcr Menschen mit Morbus Parkinson, die helfen k\u00f6nnen, die Symptome zu lindern und die Lebensqualit\u00e4t zu verbessern.<\/p>\n\n<\/div>\n<\/div>\n<div id=\"faq-question-1687250166573\" class=\"rank-math-list-item\">\n<h3 class=\"rank-math-question \">Ist die Parkinson-Krankheit t\u00f6dlich?<\/h3>\n<div class=\"rank-math-answer \">\n\n<p>Die Parkinson-Krankheit selbst gilt nicht als unmittelbar t\u00f6dlich. Es handelt sich jedoch um eine fortschreitende neurologische St\u00f6rung, die im Laufe der Zeit zu Komplikationen f\u00fchren kann. Dies kann zu einer k\u00fcrzeren Lebenserwartung f\u00fchren. Der Verlauf und die Auswirkungen der Parkinson-Krankheit k\u00f6nnen von Person zu Person unterschiedlich sein, und auch die Geschwindigkeit des Fortschreitens ist unterschiedlich.<\/p>\n\n<\/div>\n<\/div>\n<div id=\"faq-question-1687250315313\" class=\"rank-math-list-item\">\n<h3 class=\"rank-math-question \">Wie wird die Parkinson-Krankheit diagnostiziert?<\/h3>\n<div class=\"rank-math-answer \">\n\n<p>Die Diagnose der Parkinson-Krankheit basiert auf einer umfassenden Bewertung der Krankengeschichte, der klinischen Symptome und der neurologischen Untersuchung. Es gibt keinen spezifischen Test f\u00fcr die Diagnose, und der Prozess beinhaltet den Ausschluss anderer m\u00f6glicher Ursachen. In der Regel f\u00fchrt ein Neurologe oder ein Spezialist f\u00fcr Bewegungsst\u00f6rungen die Untersuchung durch, die eine ausf\u00fchrliche Anamnese, eine neurologische Untersuchung zur Beurteilung der motorischen Funktion und manchmal zus\u00e4tzliche Tests wie die Bildgebung des Gehirns umfasst. Auch das Ansprechen auf Parkinson-Medikamente kann bei der Diagnose ber\u00fccksichtigt werden.<\/p>\n\n<\/div>\n<\/div>\n<div id=\"faq-question-1687250476121\" class=\"rank-math-list-item\">\n<h3 class=\"rank-math-question \">Ist die Parkinson-Krankheit vererbbar?<\/h3>\n<div class=\"rank-math-answer \">\n\n<p>Die meisten F\u00e4lle der Parkinson-Krankheit treten sporadisch auf und werden nicht direkt vererbt, aber in etwa 5-10 % der F\u00e4lle gibt es eine genetische Komponente. Einige genetische Mutationen k\u00f6nnen das Risiko, an Parkinson zu erkranken, erh\u00f6hen, aber eine famili\u00e4re Vorbelastung ist keine Garantie f\u00fcr die Entwicklung der Krankheit.<\/p>\n\n<\/div>\n<\/div>\n<div id=\"faq-question-1687250700014\" class=\"rank-math-list-item\">\n<h3 class=\"rank-math-question \">Was verursacht die Parkinson-Krankheit?<\/h3>\n<div class=\"rank-math-answer \">\n\n<p>Die genaue Ursache der Parkinson-Krankheit ist noch nicht vollst\u00e4ndig gekl\u00e4rt, man geht jedoch davon aus, dass eine Kombination aus genetischen und umweltbedingten Faktoren eine Rolle spielt. Genetische Mutationen und die Exposition gegen\u00fcber bestimmten Umweltfaktoren k\u00f6nnen zur Entstehung der Krankheit beitragen.<\/p>\n\n<\/div>\n<\/div>\n<div id=\"faq-question-1687250701001\" class=\"rank-math-list-item\">\n<h3 class=\"rank-math-question \">Welche Lebensmittel enthalten viel Dopamin bei der Parkinson-Krankheit?<\/h3>\n<div class=\"rank-math-answer \">\n\n<p>Zu den Nahrungsmitteln, die die Dopaminproduktion und die Gesundheit des Gehirns unterst\u00fctzen k\u00f6nnen, geh\u00f6ren eiwei\u00dfreiche Lebensmittel (z. B. mageres Fleisch, Gefl\u00fcgel, Fisch, Eier), Obst und Gem\u00fcse (insbesondere solche, die reich an Antioxidantien sind), N\u00fcsse und Samen, dunkle Schokolade und gr\u00fcner Tee.<\/p>\n\n<\/div>\n<\/div>\n<\/div>\n<\/div>\n<p>\u00a0<\/p>\n\n<h3 class=\"wp-block-heading\">Kontaktieren Sie uns jetzt, falls Sie Fragen haben!<\/h3>\n","protected":false},"excerpt":{"rendered":"<p>Die Parkinson-Krankheit ist eine chronische und fortschreitende neurologische St\u00f6rung, die die Bewegungskontrolle beeintr\u00e4chtigt. Sie ist nach Dr. James Parkinson benannt, [&hellip;]<\/p>\n","protected":false},"author":4,"featured_media":95435,"parent":0,"menu_order":0,"comment_status":"closed","ping_status":"closed","template":"","meta":{"site-sidebar-layout":"default","site-content-layout":"","ast-site-content-layout":"default","site-content-style":"default","site-sidebar-style":"default","ast-global-header-display":"","ast-banner-title-visibility":"","ast-main-header-display":"","ast-hfb-above-header-display":"","ast-hfb-below-header-display":"","ast-hfb-mobile-header-display":"","site-post-title":"","ast-breadcrumbs-content":"","ast-featured-img":"","footer-sml-layout":"","ast-disable-related-posts":"","theme-transparent-header-meta":"","adv-header-id-meta":"","stick-header-meta":"","header-above-stick-meta":"","header-main-stick-meta":"","header-below-stick-meta":"","astra-migrate-meta-layouts":"default","ast-page-background-enabled":"default","ast-page-background-meta":{"desktop":{"background-color":"var(--ast-global-color-4)","background-image":"","background-repeat":"repeat","background-position":"center center","background-size":"auto","background-attachment":"scroll","background-type":"","background-media":"","overlay-type":"","overlay-color":"","overlay-opacity":"","overlay-gradient":""},"tablet":{"background-color":"","background-image":"","background-repeat":"repeat","background-position":"center center","background-size":"auto","background-attachment":"scroll","background-type":"","background-media":"","overlay-type":"","overlay-color":"","overlay-opacity":"","overlay-gradient":""},"mobile":{"background-color":"","background-image":"","background-repeat":"repeat","background-position":"center center","background-size":"auto","background-attachment":"scroll","background-type":"","background-media":"","overlay-type":"","overlay-color":"","overlay-opacity":"","overlay-gradient":""}},"ast-content-background-meta":{"desktop":{"background-color":"var(--ast-global-color-5)","background-image":"","background-repeat":"repeat","background-position":"center center","background-size":"auto","background-attachment":"scroll","background-type":"","background-media":"","overlay-type":"","overlay-color":"","overlay-opacity":"","overlay-gradient":""},"tablet":{"background-color":"var(--ast-global-color-5)","background-image":"","background-repeat":"repeat","background-position":"center center","background-size":"auto","background-attachment":"scroll","background-type":"","background-media":"","overlay-type":"","overlay-color":"","overlay-opacity":"","overlay-gradient":""},"mobile":{"background-color":"var(--ast-global-color-5)","background-image":"","background-repeat":"repeat","background-position":"center center","background-size":"auto","background-attachment":"scroll","background-type":"","background-media":"","overlay-type":"","overlay-color":"","overlay-opacity":"","overlay-gradient":""}},"footnotes":""},"class_list":["post-147530","page","type-page","status-publish","has-post-thumbnail","hentry"],"_links":{"self":[{"href":"https:\/\/medclinics.com\/de\/wp-json\/wp\/v2\/pages\/147530","targetHints":{"allow":["GET"]}}],"collection":[{"href":"https:\/\/medclinics.com\/de\/wp-json\/wp\/v2\/pages"}],"about":[{"href":"https:\/\/medclinics.com\/de\/wp-json\/wp\/v2\/types\/page"}],"author":[{"embeddable":true,"href":"https:\/\/medclinics.com\/de\/wp-json\/wp\/v2\/users\/4"}],"replies":[{"embeddable":true,"href":"https:\/\/medclinics.com\/de\/wp-json\/wp\/v2\/comments?post=147530"}],"version-history":[{"count":0,"href":"https:\/\/medclinics.com\/de\/wp-json\/wp\/v2\/pages\/147530\/revisions"}],"wp:featuredmedia":[{"embeddable":true,"href":"https:\/\/medclinics.com\/de\/wp-json\/wp\/v2\/media\/95435"}],"wp:attachment":[{"href":"https:\/\/medclinics.com\/de\/wp-json\/wp\/v2\/media?parent=147530"}],"curies":[{"name":"wp","href":"https:\/\/api.w.org\/{rel}","templated":true}]}}