{"id":147453,"date":"2023-06-25T12:12:39","date_gmt":"2023-06-25T12:12:39","guid":{"rendered":"https:\/\/medclinics.com\/partnerschaft\/"},"modified":"2024-03-18T14:33:25","modified_gmt":"2024-03-18T14:33:25","slug":"partnerschaft","status":"publish","type":"page","link":"https:\/\/medclinics.com\/de\/partnerschaft\/","title":{"rendered":"Partnerschaft"},"content":{"rendered":"\n<h2 class=\"wp-block-heading\">Wir k\u00fcmmern uns um Ihr Marketing, damit Sie sich um Ihre Patienten k\u00fcmmern k\u00f6nnen!<\/h2>\n\n<p>Durch die ausf\u00fchrlichen Informationen auf unserer Website lernen Ihre Patienten Sie als kompetenten Fachmann kennen. Im Gegenzug erfahren Sie, was Ihre Patienten erwarten, noch bevor sie sich an Sie wenden.<\/p>\n\n<p>Werden Sie Teil eines dynamischen, aufstrebenden Unternehmens, das sich schnell auf dem hart umk\u00e4mpften Online-Markt etabliert hat, und profitieren Sie von den Vorteilen einer internationalen Organisation.<\/p>\n\n<p>Mit Standorten in Istanbul, Frankfurt und Wien, mehr als 150 Vertragskrankenh\u00e4usern, 100 Kliniken, 1100 \u00c4rzten und unz\u00e4hligen Behandlungen ist MedClinics eine der gr\u00f6\u00dften medizinischen Plattformen in der T\u00fcrkei!<\/p>\n\n<p>Egal, ob Sie ein Arzt, eine Klinik oder ein Krankenhaus sind, hier sind Sie genau richtig! Begleiten Sie uns auf dieser Reise in die Zukunft und werden Sie Teil des Erfolgs.<\/p>\n\n<h2 class=\"wp-block-heading\">Vorteile einer Zusammenarbeit mit uns<\/h2>\n\n<div class=\"wp-block-columns is-layout-flex wp-container-core-columns-is-layout-28f84493 wp-block-columns-is-layout-flex\">\n<div class=\"wp-block-column is-vertically-aligned-center is-layout-flow wp-block-column-is-layout-flow\">\n<div class=\"wp-block-columns is-layout-flex wp-container-core-columns-is-layout-28f84493 wp-block-columns-is-layout-flex\">\n<div class=\"wp-block-column is-layout-flow wp-block-column-is-layout-flow\" style=\"flex-basis:25%\">\n<figure class=\"wp-block-image size-full\"><img decoding=\"async\" width=\"137\" height=\"104\" src=\"https:\/\/medclinics.com\/wp-content\/uploads\/2023\/06\/partnership_icon_1.jpg\" alt=\"%100 Organischer Verkehr\" class=\"wp-image-95719\" srcset=\"https:\/\/medclinics.com\/wp-content\/uploads\/2023\/06\/partnership_icon_1.jpg 137w, https:\/\/medclinics.com\/wp-content\/uploads\/2023\/06\/partnership_icon_1-24x18.jpg 24w, https:\/\/medclinics.com\/wp-content\/uploads\/2023\/06\/partnership_icon_1-36x27.jpg 36w, https:\/\/medclinics.com\/wp-content\/uploads\/2023\/06\/partnership_icon_1-48x36.jpg 48w\" sizes=\"(max-width: 137px) 100vw, 137px\" \/><\/figure>\n<\/div>\n\n\n\n<div class=\"wp-block-column is-vertically-aligned-center is-layout-flow wp-block-column-is-layout-flow\" style=\"flex-basis:75%\">\n<p class=\"has-text-align-left\"><strong>%100 Organischer Verkehr<\/strong><\/p>\n<\/div>\n<\/div>\n\n\n\n<div class=\"wp-block-columns is-layout-flex wp-container-core-columns-is-layout-28f84493 wp-block-columns-is-layout-flex\">\n<div class=\"wp-block-column is-layout-flow wp-block-column-is-layout-flow\" style=\"flex-basis:25%\">\n<figure class=\"wp-block-image size-full\"><img decoding=\"async\" width=\"137\" height=\"105\" src=\"https:\/\/medclinics.com\/wp-content\/uploads\/2023\/06\/partnership_icon_3.jpg\" alt=\"7\/24 Call Center\" class=\"wp-image-95733\" srcset=\"https:\/\/medclinics.com\/wp-content\/uploads\/2023\/06\/partnership_icon_3.jpg 137w, https:\/\/medclinics.com\/wp-content\/uploads\/2023\/06\/partnership_icon_3-24x18.jpg 24w, https:\/\/medclinics.com\/wp-content\/uploads\/2023\/06\/partnership_icon_3-36x28.jpg 36w, https:\/\/medclinics.com\/wp-content\/uploads\/2023\/06\/partnership_icon_3-48x37.jpg 48w\" sizes=\"(max-width: 137px) 100vw, 137px\" \/><\/figure>\n<\/div>\n\n\n\n<div class=\"wp-block-column is-vertically-aligned-center is-layout-flow wp-block-column-is-layout-flow\" style=\"flex-basis:75%\">\n<p class=\"has-text-align-left\"><strong>7\/24 Call Center<\/strong><\/p>\n<\/div>\n<\/div>\n\n\n\n<div class=\"wp-block-columns is-layout-flex wp-container-core-columns-is-layout-28f84493 wp-block-columns-is-layout-flex\">\n<div class=\"wp-block-column is-layout-flow wp-block-column-is-layout-flow\" style=\"flex-basis:25%\">\n<figure class=\"wp-block-image size-full\"><img decoding=\"async\" width=\"136\" height=\"104\" src=\"https:\/\/medclinics.com\/wp-content\/uploads\/2023\/06\/partnership_icon_5.jpg\" alt=\"Kontof&#xFC;hrung f&#xFC;r soziale Medien\" class=\"wp-image-95747\" srcset=\"https:\/\/medclinics.com\/wp-content\/uploads\/2023\/06\/partnership_icon_5.jpg 136w, https:\/\/medclinics.com\/wp-content\/uploads\/2023\/06\/partnership_icon_5-24x18.jpg 24w, https:\/\/medclinics.com\/wp-content\/uploads\/2023\/06\/partnership_icon_5-36x28.jpg 36w, https:\/\/medclinics.com\/wp-content\/uploads\/2023\/06\/partnership_icon_5-48x37.jpg 48w\" sizes=\"(max-width: 136px) 100vw, 136px\" \/><\/figure>\n<\/div>\n\n\n\n<div class=\"wp-block-column is-vertically-aligned-center is-layout-flow wp-block-column-is-layout-flow\" style=\"flex-basis:75%\">\n<p class=\"has-text-align-left\"><strong>Erh\u00f6hen Sie Ihren Traffic<\/strong><\/p>\n<\/div>\n<\/div>\n<\/div>\n\n\n\n<div class=\"wp-block-column is-layout-flow wp-block-column-is-layout-flow\">\n<div class=\"wp-block-columns is-layout-flex wp-container-core-columns-is-layout-28f84493 wp-block-columns-is-layout-flex\">\n<div class=\"wp-block-column is-layout-flow wp-block-column-is-layout-flow\" style=\"flex-basis:25%\">\n<figure class=\"wp-block-gallery aligncenter has-nested-images columns-default is-cropped wp-block-gallery-1 is-layout-flex wp-block-gallery-is-layout-flex\">\n<figure class=\"wp-block-image size-full\"><img loading=\"lazy\" decoding=\"async\" width=\"137\" height=\"105\" data-id=\"95726\" src=\"https:\/\/medclinics.com\/wp-content\/uploads\/2023\/06\/partnership_icon_2.jpg\" alt=\"Fertige Website\" class=\"wp-image-95726\" srcset=\"https:\/\/medclinics.com\/wp-content\/uploads\/2023\/06\/partnership_icon_2.jpg 137w, https:\/\/medclinics.com\/wp-content\/uploads\/2023\/06\/partnership_icon_2-24x18.jpg 24w, https:\/\/medclinics.com\/wp-content\/uploads\/2023\/06\/partnership_icon_2-36x28.jpg 36w, https:\/\/medclinics.com\/wp-content\/uploads\/2023\/06\/partnership_icon_2-48x37.jpg 48w\" sizes=\"(max-width: 137px) 100vw, 137px\" \/><\/figure>\n<\/figure>\n<\/div>\n\n\n\n<div class=\"wp-block-column is-vertically-aligned-center is-layout-flow wp-block-column-is-layout-flow\" style=\"flex-basis:75%\">\n<p class=\"has-text-align-left\"><strong>Fertige Website<\/strong><\/p>\n<\/div>\n<\/div>\n\n\n\n<div class=\"wp-block-columns is-layout-flex wp-container-core-columns-is-layout-28f84493 wp-block-columns-is-layout-flex\">\n<div class=\"wp-block-column is-layout-flow wp-block-column-is-layout-flow\" style=\"flex-basis:25%\">\n<figure class=\"wp-block-gallery aligncenter has-nested-images columns-default is-cropped wp-block-gallery-2 is-layout-flex wp-block-gallery-is-layout-flex\">\n<figure class=\"wp-block-image size-full\"><img loading=\"lazy\" decoding=\"async\" width=\"137\" height=\"105\" data-id=\"95740\" src=\"https:\/\/medclinics.com\/wp-content\/uploads\/2023\/06\/partnership_icon_4.jpg\" alt=\"Fremdsprachenteam\" class=\"wp-image-95740\" srcset=\"https:\/\/medclinics.com\/wp-content\/uploads\/2023\/06\/partnership_icon_4.jpg 137w, https:\/\/medclinics.com\/wp-content\/uploads\/2023\/06\/partnership_icon_4-24x18.jpg 24w, https:\/\/medclinics.com\/wp-content\/uploads\/2023\/06\/partnership_icon_4-36x28.jpg 36w, https:\/\/medclinics.com\/wp-content\/uploads\/2023\/06\/partnership_icon_4-48x37.jpg 48w\" sizes=\"(max-width: 137px) 100vw, 137px\" \/><\/figure>\n<\/figure>\n<\/div>\n\n\n\n<div class=\"wp-block-column is-vertically-aligned-center is-layout-flow wp-block-column-is-layout-flow\" style=\"flex-basis:75%\">\n<p class=\"has-text-align-left\"><strong>Fremdsprachenteam<\/strong><\/p>\n<\/div>\n<\/div>\n\n\n\n<div class=\"wp-block-columns is-layout-flex wp-container-core-columns-is-layout-28f84493 wp-block-columns-is-layout-flex\">\n<div class=\"wp-block-column is-layout-flow wp-block-column-is-layout-flow\" style=\"flex-basis:25%\">\n<figure class=\"wp-block-gallery aligncenter has-nested-images columns-default is-cropped wp-block-gallery-3 is-layout-flex wp-block-gallery-is-layout-flex\">\n<figure class=\"wp-block-image size-full\"><img loading=\"lazy\" decoding=\"async\" width=\"137\" height=\"105\" data-id=\"95754\" src=\"https:\/\/medclinics.com\/wp-content\/uploads\/2023\/06\/partnership_icon_6.jpg\" alt=\"Ihre Produkte auflisten\" class=\"wp-image-95754\" srcset=\"https:\/\/medclinics.com\/wp-content\/uploads\/2023\/06\/partnership_icon_6.jpg 137w, https:\/\/medclinics.com\/wp-content\/uploads\/2023\/06\/partnership_icon_6-24x18.jpg 24w, https:\/\/medclinics.com\/wp-content\/uploads\/2023\/06\/partnership_icon_6-36x28.jpg 36w, https:\/\/medclinics.com\/wp-content\/uploads\/2023\/06\/partnership_icon_6-48x37.jpg 48w\" sizes=\"(max-width: 137px) 100vw, 137px\" \/><\/figure>\n<\/figure>\n<\/div>\n\n\n\n<div class=\"wp-block-column is-vertically-aligned-center is-layout-flow wp-block-column-is-layout-flow\" style=\"flex-basis:75%\">\n<p class=\"has-text-align-left\"><strong>Ihre Produkte auflisten<\/strong><\/p>\n<\/div>\n<\/div>\n<\/div>\n<\/div>\n\n<div class=\"wp-block-columns has-white-color has-text-color has-background is-layout-flex wp-container-core-columns-is-layout-28f84493 wp-block-columns-is-layout-flex\" style=\"background-color:#1e81a2\">\n<div class=\"wp-block-column is-layout-flow wp-block-column-is-layout-flow\">\n<div class=\"wp-block-columns is-layout-flex wp-container-core-columns-is-layout-28f84493 wp-block-columns-is-layout-flex\">\n<div class=\"wp-block-column is-layout-flow wp-block-column-is-layout-flow\" style=\"flex-basis:100%\">\n<figure class=\"wp-block-image size-full\"><img loading=\"lazy\" decoding=\"async\" width=\"122\" height=\"119\" src=\"https:\/\/medclinics.com\/wp-content\/uploads\/2023\/06\/partnership_n_1.png\" alt=\"Ihr Wunsch\" class=\"wp-image-95765\" srcset=\"https:\/\/medclinics.com\/wp-content\/uploads\/2023\/06\/partnership_n_1.png 122w, https:\/\/medclinics.com\/wp-content\/uploads\/2023\/06\/partnership_n_1-24x24.png 24w, https:\/\/medclinics.com\/wp-content\/uploads\/2023\/06\/partnership_n_1-36x36.png 36w, https:\/\/medclinics.com\/wp-content\/uploads\/2023\/06\/partnership_n_1-48x48.png 48w\" sizes=\"(max-width: 122px) 100vw, 122px\" \/><\/figure>\n\n\n\n<h4 class=\"wp-block-heading has-white-color has-text-color\">Ihr Wunsch<\/h4>\n\n\n\n<ul class=\"wp-block-list\">\n<li>Weniger Stress und mehr Zeit f\u00fcr Sie<\/li>\n\n\n\n<li>Bessere Auffindbarkeit im Internet<\/li>\n\n\n\n<li>Das Team kann besser auf die Bed\u00fcrfnisse Ihrer Patienten eingehen<\/li>\n<\/ul>\n<\/div>\n<\/div>\n<\/div>\n\n\n\n<div class=\"wp-block-column is-layout-flow wp-block-column-is-layout-flow\">\n<div class=\"wp-block-columns is-layout-flex wp-container-core-columns-is-layout-28f84493 wp-block-columns-is-layout-flex\">\n<div class=\"wp-block-column is-layout-flow wp-block-column-is-layout-flow\" style=\"flex-basis:100%\">\n<figure class=\"wp-block-image size-full\"><img loading=\"lazy\" decoding=\"async\" width=\"122\" height=\"119\" src=\"https:\/\/medclinics.com\/wp-content\/uploads\/2023\/06\/partnership_n_2.png\" alt=\"Ihr Problem\" class=\"wp-image-95772\" srcset=\"https:\/\/medclinics.com\/wp-content\/uploads\/2023\/06\/partnership_n_2.png 122w, https:\/\/medclinics.com\/wp-content\/uploads\/2023\/06\/partnership_n_2-24x24.png 24w, https:\/\/medclinics.com\/wp-content\/uploads\/2023\/06\/partnership_n_2-36x36.png 36w, https:\/\/medclinics.com\/wp-content\/uploads\/2023\/06\/partnership_n_2-48x48.png 48w\" sizes=\"(max-width: 122px) 100vw, 122px\" \/><\/figure>\n\n\n\n<h4 class=\"wp-block-heading has-white-color has-text-color\">Ihr Problem<\/h4>\n\n\n\n<ul class=\"wp-block-list\">\n<li>Sie haben keine Zeit<\/li>\n\n\n\n<li>Gutes Marketing ist teuer<\/li>\n\n\n\n<li>SEO ist m\u00fchsam und erfordert Erfahrung<\/li>\n\n\n\n<li>Schwierige Einrichtung eines Callcenters<\/li>\n<\/ul>\n<\/div>\n<\/div>\n<\/div>\n\n\n\n<div class=\"wp-block-column is-layout-flow wp-block-column-is-layout-flow\">\n<div class=\"wp-block-columns is-layout-flex wp-container-core-columns-is-layout-28f84493 wp-block-columns-is-layout-flex\">\n<div class=\"wp-block-column is-layout-flow wp-block-column-is-layout-flow\" style=\"flex-basis:100%\">\n<figure class=\"wp-block-image size-full\"><img loading=\"lazy\" decoding=\"async\" width=\"122\" height=\"119\" src=\"https:\/\/medclinics.com\/wp-content\/uploads\/2023\/06\/partnership_n_3.png\" alt=\"Unsere L&#xF6;sung\" class=\"wp-image-95779\" srcset=\"https:\/\/medclinics.com\/wp-content\/uploads\/2023\/06\/partnership_n_3.png 122w, https:\/\/medclinics.com\/wp-content\/uploads\/2023\/06\/partnership_n_3-24x24.png 24w, https:\/\/medclinics.com\/wp-content\/uploads\/2023\/06\/partnership_n_3-36x36.png 36w, https:\/\/medclinics.com\/wp-content\/uploads\/2023\/06\/partnership_n_3-48x48.png 48w\" sizes=\"(max-width: 122px) 100vw, 122px\" \/><\/figure>\n\n\n\n<h4 class=\"wp-block-heading has-white-color has-text-color\">Unsere L\u00f6sung<\/h4>\n\n\n\n<ul class=\"wp-block-list\">\n<li>Wir bieten alle Dienstleistungen aus einer Hand<\/li>\n\n\n\n<li>Wir kommen zu Ihnen und schreiben \u00fcber Sie.<\/li>\n\n\n\n<li>Wir stellen Ihre Fotos und Videos online<\/li>\n\n\n\n<li>Wir stellen Ihnen die Welt vor<\/li>\n<\/ul>\n<\/div>\n<\/div>\n<\/div>\n<\/div>\n\n<h2 class=\"wp-block-heading\">Geben Sie Ihren Patienten mehr Vertrauen mit einem Video<\/h2>\n\n<div class=\"wp-block-columns is-layout-flex wp-container-core-columns-is-layout-28f84493 wp-block-columns-is-layout-flex\">\n<div class=\"wp-block-column is-layout-flow wp-block-column-is-layout-flow\">\n<figure class=\"wp-block-embed is-type-video is-provider-youtube wp-block-embed-youtube wp-embed-aspect-16-9 wp-has-aspect-ratio\"><div class=\"wp-block-embed__wrapper\">\n<iframe title=\"Obesity - Gastric Sleeve - Gastric Balloon, Interview with Prof. Dr. Ya\u015far \u00c7olak\" width=\"500\" height=\"281\" src=\"https:\/\/www.youtube.com\/embed\/yf9kZ36JhWM?feature=oembed\" frameborder=\"0\" allow=\"accelerometer; autoplay; clipboard-write; encrypted-media; gyroscope; picture-in-picture; web-share\" referrerpolicy=\"strict-origin-when-cross-origin\" allowfullscreen><\/iframe>\n<\/div><\/figure>\n<\/div>\n\n\n\n<div class=\"wp-block-column is-layout-flow wp-block-column-is-layout-flow\">\n<figure class=\"wp-block-embed is-type-video is-provider-youtube wp-block-embed-youtube wp-embed-aspect-16-9 wp-has-aspect-ratio\"><div class=\"wp-block-embed__wrapper\">\n<iframe title=\"Obesity - Diabetes, Interview with Op. Dr. Babek Tabandeh\" width=\"500\" height=\"281\" src=\"https:\/\/www.youtube.com\/embed\/VMWnoWZUvPA?feature=oembed\" frameborder=\"0\" allow=\"accelerometer; autoplay; clipboard-write; encrypted-media; gyroscope; picture-in-picture; web-share\" referrerpolicy=\"strict-origin-when-cross-origin\" allowfullscreen><\/iframe>\n<\/div><\/figure>\n<\/div>\n\n\n\n<div class=\"wp-block-column is-layout-flow wp-block-column-is-layout-flow\">\n<figure class=\"wp-block-embed is-type-video is-provider-youtube wp-block-embed-youtube wp-embed-aspect-16-9 wp-has-aspect-ratio\"><div class=\"wp-block-embed__wrapper\">\n<iframe title=\"Wrinkle Treatment - Filler, Interview with Dr. Ebru \u015eim\u015fek\" width=\"500\" height=\"281\" src=\"https:\/\/www.youtube.com\/embed\/KgkWDAasy_8?feature=oembed\" frameborder=\"0\" allow=\"accelerometer; autoplay; clipboard-write; encrypted-media; gyroscope; picture-in-picture; web-share\" referrerpolicy=\"strict-origin-when-cross-origin\" allowfullscreen><\/iframe>\n<\/div><\/figure>\n<\/div>\n<\/div>\n\n<h3 class=\"wp-block-heading\"><strong>Wir bauen Br\u00fccken, jeden Tag, \u00fcberall, weltweit<\/strong><\/h3>\n\n<p>Sie verwirklichen Ihre Vision, w\u00e4hrend wir Ihnen den R\u00fccken freihalten. So k\u00f6nnen Sie sich um Ihre Patienten k\u00fcmmern, weltweit gesehen werden und die Sprache bedeutet keine Grenze<\/p>\n\n<p><strong>MedClinics, Verbindung zu vertrauensw\u00fcrdigen und globalen &#8230;<\/strong><\/p>\n\n<h3 class=\"wp-block-heading\"><strong>Kompetent sein, um Kompetenz zu vermitteln<\/strong><\/h3>\n\n<p>F\u00fcr MedClinics steht das Wohl des Patienten immer an erster Stelle. Da wir wissen, dass es f\u00fcr Sie genauso ist, laden wir Sie ein, unser Partner zu werden<\/p>\n\n<p>Die Kundendienstmitarbeiter von MedClinics sind Spezialisten auf dem Gebiet der Medizin. So werden Patientenanfragen vom ersten Moment an professionell beantwortet.<\/p>\n\n<p>Nur wer kompetent ist, kann Kompetenz vermitteln &#8230;<\/p>\n\n<h3 class=\"wp-block-heading\"><strong>Sehen Sie Ihre Chance und werden Sie weltweit gesehen<\/strong><\/h3>\n\n<p>Lokale Experten k\u00fcmmern sich um die Integration Ihres Profils auf dem internationalen Markt. Die Lokalisierung erfolgt entsprechend den kulturellen Bed\u00fcrfnissen des Ziellandes.<\/p>\n\n<p>Unser Team aus medizinisch geschulten Fach\u00fcbersetzern stellt sicher, dass auch spezifische medizinische Begriffe korrekt in die Sprache des Ziellandes \u00fcbersetzt werden und mit der lokalen Kultur anderer Nationen im Einklang stehen.<\/p>\n\n<p><strong>Um sicherzustellen, dass Sie so gesehen werden, wie Sie gesehen werden wollen &#8230;<\/strong><\/p>\n\n<h3 class=\"wp-block-heading\"><strong>Zeigen und gezeigt werden<\/strong><\/h3>\n\n<p>Statistisch gesehen sieht sich jeder Patient 300 Vorher\/Nachher-Bilder an, bevor er sich f\u00fcr einen Eingriff entscheidet. Nutzen Sie unser Repertoire an Vorher-Nachher-Bildern und helfen Sie mit, dieses mit Ihren eigenen Bildern zu erweitern.<\/p>\n\n<p><strong>Zeigen Sie, was Sie k\u00f6nnen, damit wir es auch zeigen k\u00f6nnen &#8230;<\/strong><\/p>\n\n<h3 class=\"wp-block-heading\"><strong>Sprachen sollten keine Grenzen haben<\/strong><\/h3>\n\n<p>Die T\u00fcrkei verzeichnet jedes Jahr 1,5 Millionen Gesundheitstouristen, Tendenz steigend.<\/p>\n\n<p>MedClinics ist der lokale Experte im Land f\u00fcr alle medizinischen Fragen. Wir bieten Online-Konsultationen f\u00fcr Patienten in Englisch, Deutsch, Franz\u00f6sisch, Arabisch und Russisch an und beraten Patienten in ihrer Muttersprache.<\/p>\n\n<p><strong>Sprache ist keine Grenze &#8230;<\/strong><\/p>\n\n<h3 class=\"wp-block-heading\"><strong>Vertrauen geben, um Vertrauen zu gewinnen<\/strong><\/h3>\n\n<p>MedClinics ist vom t\u00fcrkischen Gesundheitsministerium zertifiziert.<\/p>\n\n<p>Aus den Bewertungen k\u00f6nnen Sie ersehen, dass nicht nur der Staat, sondern auch die Patienten auf uns vertrauen und dass wir dieses Vertrauen nicht entt\u00e4uschen.<\/p>\n\n<p><strong>Vertrauen Sie auf MedClinics und Ihre Patienten werden Ihnen vertrauen.<\/strong><\/p>\n","protected":false},"excerpt":{"rendered":"<p>Wir k\u00fcmmern uns um Ihr Marketing, damit Sie sich um Ihre Patienten k\u00fcmmern k\u00f6nnen! Durch die ausf\u00fchrlichen Informationen auf unserer [&hellip;]<\/p>\n","protected":false},"author":4,"featured_media":95779,"parent":0,"menu_order":0,"comment_status":"closed","ping_status":"closed","template":"","meta":{"site-sidebar-layout":"default","site-content-layout":"","ast-site-content-layout":"default","site-content-style":"default","site-sidebar-style":"default","ast-global-header-display":"","ast-banner-title-visibility":"","ast-main-header-display":"","ast-hfb-above-header-display":"","ast-hfb-below-header-display":"","ast-hfb-mobile-header-display":"","site-post-title":"","ast-breadcrumbs-content":"","ast-featured-img":"","footer-sml-layout":"","ast-disable-related-posts":"","theme-transparent-header-meta":"","adv-header-id-meta":"","stick-header-meta":"","header-above-stick-meta":"","header-main-stick-meta":"","header-below-stick-meta":"","astra-migrate-meta-layouts":"default","ast-page-background-enabled":"default","ast-page-background-meta":{"desktop":{"background-color":"var(--ast-global-color-4)","background-image":"","background-repeat":"repeat","background-position":"center center","background-size":"auto","background-attachment":"scroll","background-type":"","background-media":"","overlay-type":"","overlay-color":"","overlay-opacity":"","overlay-gradient":""},"tablet":{"background-color":"","background-image":"","background-repeat":"repeat","background-position":"center center","background-size":"auto","background-attachment":"scroll","background-type":"","background-media":"","overlay-type":"","overlay-color":"","overlay-opacity":"","overlay-gradient":""},"mobile":{"background-color":"","background-image":"","background-repeat":"repeat","background-position":"center center","background-size":"auto","background-attachment":"scroll","background-type":"","background-media":"","overlay-type":"","overlay-color":"","overlay-opacity":"","overlay-gradient":""}},"ast-content-background-meta":{"desktop":{"background-color":"var(--ast-global-color-5)","background-image":"","background-repeat":"repeat","background-position":"center center","background-size":"auto","background-attachment":"scroll","background-type":"","background-media":"","overlay-type":"","overlay-color":"","overlay-opacity":"","overlay-gradient":""},"tablet":{"background-color":"var(--ast-global-color-5)","background-image":"","background-repeat":"repeat","background-position":"center center","background-size":"auto","background-attachment":"scroll","background-type":"","background-media":"","overlay-type":"","overlay-color":"","overlay-opacity":"","overlay-gradient":""},"mobile":{"background-color":"var(--ast-global-color-5)","background-image":"","background-repeat":"repeat","background-position":"center center","background-size":"auto","background-attachment":"scroll","background-type":"","background-media":"","overlay-type":"","overlay-color":"","overlay-opacity":"","overlay-gradient":""}},"footnotes":""},"class_list":["post-147453","page","type-page","status-publish","has-post-thumbnail","hentry"],"_links":{"self":[{"href":"https:\/\/medclinics.com\/de\/wp-json\/wp\/v2\/pages\/147453","targetHints":{"allow":["GET"]}}],"collection":[{"href":"https:\/\/medclinics.com\/de\/wp-json\/wp\/v2\/pages"}],"about":[{"href":"https:\/\/medclinics.com\/de\/wp-json\/wp\/v2\/types\/page"}],"author":[{"embeddable":true,"href":"https:\/\/medclinics.com\/de\/wp-json\/wp\/v2\/users\/4"}],"replies":[{"embeddable":true,"href":"https:\/\/medclinics.com\/de\/wp-json\/wp\/v2\/comments?post=147453"}],"version-history":[{"count":0,"href":"https:\/\/medclinics.com\/de\/wp-json\/wp\/v2\/pages\/147453\/revisions"}],"wp:featuredmedia":[{"embeddable":true,"href":"https:\/\/medclinics.com\/de\/wp-json\/wp\/v2\/media\/95779"}],"wp:attachment":[{"href":"https:\/\/medclinics.com\/de\/wp-json\/wp\/v2\/media?parent=147453"}],"curies":[{"name":"wp","href":"https:\/\/api.w.org\/{rel}","templated":true}]}}