{"id":147449,"date":"2023-06-25T16:02:32","date_gmt":"2023-06-25T13:02:32","guid":{"rendered":"https:\/\/medclinics.com\/sommerangebot-fur-ihre-zahnbehandlung-3\/"},"modified":"2024-03-20T12:04:50","modified_gmt":"2024-03-20T09:04:50","slug":"sommerangebot-fur-ihre-zahnbehandlung-3","status":"publish","type":"page","link":"https:\/\/medclinics.com\/de\/sommerangebot-fur-ihre-zahnbehandlung-3\/","title":{"rendered":"Sommerangebot f\u00fcr Ihre Zahnbehandlung"},"content":{"rendered":"\n<h2 class=\"wp-block-heading\" style=\"font-style:normal;font-weight:500\">Kontaktieren Sie uns, um ein individuelles Angebot zu erhalten!  <\/h2>\n\n<ul class=\"wp-block-list\">\n<li><strong>Zahnimplantate ab 270 Euro pro Zahn!  <\/strong><\/li>\n\n\n\n<li><strong>Zirkoniumkronen ab 140 Euro pro Krone!<\/strong><\/li>\n<\/ul>\n\n<p>Als internationaler Anbieter von Gesundheitsdiensten arbeiten wir mit mehr als 300 Kliniken und \u00c4rzten in der T\u00fcrkei zusammen. Lassen Sie sich diese einmalige Gelegenheit nicht entgehen und holen Sie sich jetzt ein Angebot &#8211; kostenlos und unverbindlich! Wir werden Ihnen helfen, sich in dem Dschungel der Angebote zurechtzufinden.<\/p>\n\n<figure class=\"wp-block-gallery has-nested-images columns-4 is-cropped wp-block-gallery-1 is-layout-flex wp-block-gallery-is-layout-flex\">\n<figure class=\"wp-block-image size-large\"><img fetchpriority=\"high\" decoding=\"async\" width=\"280\" height=\"210\" data-id=\"92370\" src=\"https:\/\/medclinics.com\/wp-content\/uploads\/2023\/05\/mini-dental-implants-in-istanbul.jpg\" alt=\"\" class=\"wp-image-92370\" srcset=\"https:\/\/medclinics.com\/wp-content\/uploads\/2023\/05\/mini-dental-implants-in-istanbul.jpg 280w, https:\/\/medclinics.com\/wp-content\/uploads\/2023\/05\/mini-dental-implants-in-istanbul-24x18.jpg 24w, https:\/\/medclinics.com\/wp-content\/uploads\/2023\/05\/mini-dental-implants-in-istanbul-36x27.jpg 36w, https:\/\/medclinics.com\/wp-content\/uploads\/2023\/05\/mini-dental-implants-in-istanbul-48x36.jpg 48w\" sizes=\"(max-width: 280px) 100vw, 280px\" \/><\/figure>\n\n\n\n<figure class=\"wp-block-image size-large\"><img decoding=\"async\" width=\"960\" height=\"550\" data-id=\"15590\" src=\"https:\/\/medclinics.com\/wp-content\/uploads\/2023\/01\/all-on-4-dental-implant-in-antalya-dentgroup-near-me-1.jpg\" alt=\"\" class=\"wp-image-15590\" srcset=\"https:\/\/medclinics.com\/wp-content\/uploads\/2023\/01\/all-on-4-dental-implant-in-antalya-dentgroup-near-me-1.jpg 960w, https:\/\/medclinics.com\/wp-content\/uploads\/2023\/01\/all-on-4-dental-implant-in-antalya-dentgroup-near-me-1-300x172.jpg 300w, https:\/\/medclinics.com\/wp-content\/uploads\/2023\/01\/all-on-4-dental-implant-in-antalya-dentgroup-near-me-1-280x160.jpg 280w, https:\/\/medclinics.com\/wp-content\/uploads\/2023\/01\/all-on-4-dental-implant-in-antalya-dentgroup-near-me-1-768x440.jpg 768w, https:\/\/medclinics.com\/wp-content\/uploads\/2023\/01\/all-on-4-dental-implant-in-antalya-dentgroup-near-me-1-600x344.jpg 600w\" sizes=\"(max-width: 960px) 100vw, 960px\" \/><\/figure>\n\n\n\n<figure class=\"wp-block-image size-large\"><img decoding=\"async\" width=\"280\" height=\"210\" data-id=\"92240\" src=\"https:\/\/medclinics.com\/wp-content\/uploads\/2023\/05\/dental-crown-in-istanbul.jpg\" alt=\"zahnkronen-in-istanbul\" class=\"wp-image-92240\" srcset=\"https:\/\/medclinics.com\/wp-content\/uploads\/2023\/05\/dental-crown-in-istanbul.jpg 280w, https:\/\/medclinics.com\/wp-content\/uploads\/2023\/05\/dental-crown-in-istanbul-24x18.jpg 24w, https:\/\/medclinics.com\/wp-content\/uploads\/2023\/05\/dental-crown-in-istanbul-36x27.jpg 36w, https:\/\/medclinics.com\/wp-content\/uploads\/2023\/05\/dental-crown-in-istanbul-48x36.jpg 48w\" sizes=\"(max-width: 280px) 100vw, 280px\" \/><\/figure>\n\n\n\n<figure class=\"wp-block-image size-large\"><img loading=\"lazy\" decoding=\"async\" width=\"280\" height=\"210\" data-id=\"92248\" src=\"https:\/\/medclinics.com\/wp-content\/uploads\/2023\/01\/dental-implant-in-istanbul.jpg\" alt=\"zahnimplantat-in-istanbul\" class=\"wp-image-92248\"\/><\/figure>\n<\/figure>\n\n<p>Erhalten Sie die besten <a href=\"https:\/\/medclinics.com\/de\/zahnimplantat\/\" target=\"_blank\" rel=\"noreferrer noopener\">Zahnimplantate<\/a> und machen Sie den Traum von Ihrem <a href=\"https:\/\/medclinics.com\/de\/hollywood-smile\/\" target=\"_blank\" rel=\"noreferrer noopener\">Hollywood L\u00e4cheln<\/a> endlich wahr!  <\/p>\n\n<p>Lassen Sie sich diese einmalige Gelegenheit nicht entgehen und fordern Sie ein kostenloses und individuelles Angebot an!<\/p>\n\n<p>Unser Team wird Sie durch den gesamten Prozess begleiten. Zusammen mit MedClinics finden Sie die auf Ihre individuellen Bed\u00fcrfnisse abgestimmte Behandlung. Wir erkl\u00e4ren alle Details und stehen f\u00fcr Fragen jederzeit zur Verf\u00fcgung, selbstverst\u00e4ndlich mit einem deutschen Dolmetscher.<\/p>\n\n<p><strong>MedClinics bietet qualitativ hochwertige Behandlungen zu g\u00fcnstigen Preisen!<\/strong><br\/><strong><a href=\"#requestform\">Kontaktieren<\/a> Sie uns jetzt und erhalten Sie eine individuelle Beratung.  <\/strong><\/p>\n","protected":false},"excerpt":{"rendered":"<p>Kontaktieren Sie uns, um ein individuelles Angebot zu erhalten! Als internationaler Anbieter von Gesundheitsdiensten arbeiten wir mit mehr als 300 [&hellip;]<\/p>\n","protected":false},"author":4,"featured_media":0,"parent":0,"menu_order":0,"comment_status":"closed","ping_status":"closed","template":"","meta":{"site-sidebar-layout":"default","site-content-layout":"","ast-site-content-layout":"default","site-content-style":"default","site-sidebar-style":"default","ast-global-header-display":"","ast-banner-title-visibility":"","ast-main-header-display":"","ast-hfb-above-header-display":"","ast-hfb-below-header-display":"","ast-hfb-mobile-header-display":"","site-post-title":"","ast-breadcrumbs-content":"","ast-featured-img":"","footer-sml-layout":"","ast-disable-related-posts":"","theme-transparent-header-meta":"","adv-header-id-meta":"","stick-header-meta":"","header-above-stick-meta":"","header-main-stick-meta":"","header-below-stick-meta":"","astra-migrate-meta-layouts":"default","ast-page-background-enabled":"default","ast-page-background-meta":{"desktop":{"background-color":"var(--ast-global-color-4)","background-image":"","background-repeat":"repeat","background-position":"center center","background-size":"auto","background-attachment":"scroll","background-type":"","background-media":"","overlay-type":"","overlay-color":"","overlay-opacity":"","overlay-gradient":""},"tablet":{"background-color":"","background-image":"","background-repeat":"repeat","background-position":"center center","background-size":"auto","background-attachment":"scroll","background-type":"","background-media":"","overlay-type":"","overlay-color":"","overlay-opacity":"","overlay-gradient":""},"mobile":{"background-color":"","background-image":"","background-repeat":"repeat","background-position":"center center","background-size":"auto","background-attachment":"scroll","background-type":"","background-media":"","overlay-type":"","overlay-color":"","overlay-opacity":"","overlay-gradient":""}},"ast-content-background-meta":{"desktop":{"background-color":"var(--ast-global-color-5)","background-image":"","background-repeat":"repeat","background-position":"center center","background-size":"auto","background-attachment":"scroll","background-type":"","background-media":"","overlay-type":"","overlay-color":"","overlay-opacity":"","overlay-gradient":""},"tablet":{"background-color":"var(--ast-global-color-5)","background-image":"","background-repeat":"repeat","background-position":"center center","background-size":"auto","background-attachment":"scroll","background-type":"","background-media":"","overlay-type":"","overlay-color":"","overlay-opacity":"","overlay-gradient":""},"mobile":{"background-color":"var(--ast-global-color-5)","background-image":"","background-repeat":"repeat","background-position":"center center","background-size":"auto","background-attachment":"scroll","background-type":"","background-media":"","overlay-type":"","overlay-color":"","overlay-opacity":"","overlay-gradient":""}},"footnotes":""},"class_list":["post-147449","page","type-page","status-publish","hentry"],"_links":{"self":[{"href":"https:\/\/medclinics.com\/de\/wp-json\/wp\/v2\/pages\/147449","targetHints":{"allow":["GET"]}}],"collection":[{"href":"https:\/\/medclinics.com\/de\/wp-json\/wp\/v2\/pages"}],"about":[{"href":"https:\/\/medclinics.com\/de\/wp-json\/wp\/v2\/types\/page"}],"author":[{"embeddable":true,"href":"https:\/\/medclinics.com\/de\/wp-json\/wp\/v2\/users\/4"}],"replies":[{"embeddable":true,"href":"https:\/\/medclinics.com\/de\/wp-json\/wp\/v2\/comments?post=147449"}],"version-history":[{"count":0,"href":"https:\/\/medclinics.com\/de\/wp-json\/wp\/v2\/pages\/147449\/revisions"}],"wp:attachment":[{"href":"https:\/\/medclinics.com\/de\/wp-json\/wp\/v2\/media?parent=147449"}],"curies":[{"name":"wp","href":"https:\/\/api.w.org\/{rel}","templated":true}]}}