{"id":147405,"date":"2023-06-15T13:38:42","date_gmt":"2023-06-15T10:38:42","guid":{"rendered":"https:\/\/medclinics.com\/thermalwasser\/"},"modified":"2025-01-03T01:46:45","modified_gmt":"2025-01-02T22:46:45","slug":"thermalwasser","status":"publish","type":"page","link":"https:\/\/medclinics.com\/de\/thermalwasser\/","title":{"rendered":"Thermalwasser"},"content":{"rendered":"\n<h2 class=\"wp-block-heading\">Wenn Sie auf der Suche nach einer entspannenden Behandlung sind, ist das Thermalwasser vielleicht die beste Option f\u00fcr Sie. Die therapeutische Wassertherapie ist ein unglaubliches Wunder.<\/h2>\n\n<p>Das Thermalwasser wird aus <a href=\"https:\/\/en.wikipedia.org\/wiki\/Hot_spring\" target=\"_blank\" rel=\"noreferrer noopener\">hei\u00dfen Quellen<\/a> gewonnen. Die Heilwirkung dieses Wassers ergibt sich aus seinem Mineralgehalt und seiner W\u00e4rme, die beide mehrere gesundheitliche Vorteile bieten.<\/p>\n\n<p>Von der Hautpflege bis hin zum Verdauungssystem hat das Thermalwasser sehr wichtige Vorteile f\u00fcr den Menschen. Es hilft, die Blutzirkulation zu steigern. Auf diese Weise wird der menschliche K\u00f6rper sowohl ges\u00fcnder als auch st\u00e4rker. Das Thermalwasser tr\u00e4gt mit seinen Inhaltsstoffen dazu bei, die Haut zu n\u00e4hren.<\/p>\n\n<p>Es verhindert das Austrocknen und die Rissbildung der Haut, indem es Feuchtigkeit spendet. Es kann Depressionen und Stress reduzieren. Hilft bei der Vorbeugung von Atemwegserkrankungen. Es kann orthop\u00e4dische Erkrankungen und Rheuma behandeln. Es kann vor Nierenerkrankungen sch\u00fctzen. Hilft, gyn\u00e4kologische Probleme zu minimieren.<\/p>\n\n<p>Es enth\u00e4lt zwei Mineralien, n\u00e4mlich Selen und Magnesium. Diese Mineralien sind besonders hilfreich bei rheumatischen Erkrankungen und Hautkrankheiten wie Ekzemen und Schuppenflechte.<\/p>\n\n<h3 class=\"wp-block-heading\">Alles, was Sie \u00fcber <a href=\"https:\/\/medclinics.com\/de\/heilbad-thermalbad\/\" target=\"_blank\" rel=\"noreferrer noopener\">Spa-Behandlungen<\/a> wissen m\u00fcssen, einschlie\u00dflich Preis, Nachsorge und Heilungsprozess, oder <a href=\"#requestform\">kontaktieren Sie uns<\/a>!<\/h3>\n\n<figure class=\"wp-block-image size-full\"><img fetchpriority=\"high\" decoding=\"async\" width=\"960\" height=\"540\" src=\"https:\/\/medclinics.com\/wp-content\/uploads\/2023\/07\/thermal-water-in-turkey-1.jpg\" alt=\"Thermalwasser in der T&#xFC;rkei\" class=\"wp-image-97206\" srcset=\"https:\/\/medclinics.com\/wp-content\/uploads\/2023\/07\/thermal-water-in-turkey-1.jpg 960w, https:\/\/medclinics.com\/wp-content\/uploads\/2023\/07\/thermal-water-in-turkey-1-500x281.jpg 500w, https:\/\/medclinics.com\/wp-content\/uploads\/2023\/07\/thermal-water-in-turkey-1-768x432.jpg 768w, https:\/\/medclinics.com\/wp-content\/uploads\/2023\/07\/thermal-water-in-turkey-1-24x14.jpg 24w, https:\/\/medclinics.com\/wp-content\/uploads\/2023\/07\/thermal-water-in-turkey-1-36x20.jpg 36w, https:\/\/medclinics.com\/wp-content\/uploads\/2023\/07\/thermal-water-in-turkey-1-48x27.jpg 48w\" sizes=\"(max-width: 960px) 100vw, 960px\" \/><\/figure>\n\n<h2 class=\"wp-block-heading\">FAQ<\/h2>\n<div id=\"rank-math-faq\" class=\"rank-math-block\">\n<div class=\"rank-math-list \">\n<div id=\"faq-question-1686835280726\" class=\"rank-math-list-item\">\n<h3 class=\"rank-math-question \">Was ist Thermalwasser?<\/h3>\n<div class=\"rank-math-answer \">\n\n<p>Es handelt sich um nat\u00fcrlich erw\u00e4rmtes Wasser. Er enth\u00e4lt wertvolle Mineralien. Es bietet therapeutische Effekte f\u00fcr die Haut, f\u00f6rdert die Durchblutung, Entspannung und Entgiftung. Es wird wegen seiner heilenden Eigenschaften h\u00e4ufig in Wellness-Behandlungen eingesetzt.<\/p>\n\n<\/div>\n<\/div>\n<div id=\"faq-question-1686835275317\" class=\"rank-math-list-item\">\n<h3 class=\"rank-math-question \">Wie funktioniert das Thermalwasser?<\/h3>\n<div class=\"rank-math-answer \">\n\n<p>Es funktioniert durch die Kombination von nat\u00fcrlicher W\u00e4rme aus unterirdischen Quellen mit seiner einzigartigen mineralischen Zusammensetzung. Wenn die Mineralien von der Haut aufgenommen werden, bieten sie therapeutische Vorteile, wie die Verbesserung der Hautgesundheit, die F\u00f6rderung der Durchblutung und die Entspannung. Die W\u00e4rme hilft auch, die Muskeln zu entspannen, den K\u00f6rper zu entgiften und Stress abzubauen. Seine heilenden Eigenschaften machen ihn zu einer beliebten Wahl f\u00fcr verschiedene Wellness-Behandlungen.<\/p>\n\n<\/div>\n<\/div>\n<div id=\"faq-question-1686835343147\" class=\"rank-math-list-item\">\n<h3 class=\"rank-math-question \">Lohnt sich Thermalwasser?<\/h3>\n<div class=\"rank-math-answer \">\n\n<p>Ja, es kann sich f\u00fcr Menschen lohnen, die den therapeutischen Nutzen zu sch\u00e4tzen wissen, die Erfahrung genie\u00dfen und sie als positiv f\u00fcr ihr Wohlbefinden empfinden.<\/p>\n\n<\/div>\n<\/div>\n<div id=\"faq-question-1686835344580\" class=\"rank-math-list-item\">\n<h3 class=\"rank-math-question \">Ist Thermalwasser gut f\u00fcr die Haut?<\/h3>\n<div class=\"rank-math-answer \">\n\n<p>Ja, es ist gut f\u00fcr die Haut. Es enth\u00e4lt Mineralien und Spurenelemente. Diese Elemente k\u00f6nnen verschiedene Vorteile bieten. Die spezifische mineralische Zusammensetzung kann je nach Quelle variieren. Die im Thermalwasser vorkommenden Mineralien wie Kalzium, Magnesium, Schwefel und Kiesels\u00e4ure werden jedoch mit positiven Auswirkungen auf die Hautgesundheit in Verbindung gebracht.<\/p>\n\n<\/div>\n<\/div>\n<div id=\"faq-question-1686835345514\" class=\"rank-math-list-item\">\n<h3 class=\"rank-math-question \">Ist Thermalwasser gut f\u00fcr Ekzeme?<\/h3>\n<div class=\"rank-math-answer \">\n\n<p>Ja, es kann gut f\u00fcr Menschen mit Ekzemen sein. Ihr Mineralgehalt und ihre beruhigenden Eigenschaften k\u00f6nnen dazu beitragen, die mit Ekzemen verbundenen Symptome wie Trockenheit, R\u00f6tung und Juckreiz zu lindern.<\/p>\n\n<\/div>\n<\/div>\n<\/div>\n<\/div>\n<p>\u00a0<\/p>\n\n<h3 class=\"wp-block-heading\">Kontaktieren Sie uns jetzt, falls Sie Fragen haben!<\/h3>\n","protected":false},"excerpt":{"rendered":"<p>Wenn Sie auf der Suche nach einer entspannenden Behandlung sind, ist das Thermalwasser vielleicht die beste Option f\u00fcr Sie. Die [&hellip;]<\/p>\n","protected":false},"author":4,"featured_media":95063,"parent":0,"menu_order":0,"comment_status":"closed","ping_status":"closed","template":"","meta":{"site-sidebar-layout":"default","site-content-layout":"","ast-site-content-layout":"default","site-content-style":"default","site-sidebar-style":"default","ast-global-header-display":"","ast-banner-title-visibility":"","ast-main-header-display":"","ast-hfb-above-header-display":"","ast-hfb-below-header-display":"","ast-hfb-mobile-header-display":"","site-post-title":"","ast-breadcrumbs-content":"","ast-featured-img":"","footer-sml-layout":"","ast-disable-related-posts":"","theme-transparent-header-meta":"","adv-header-id-meta":"","stick-header-meta":"","header-above-stick-meta":"","header-main-stick-meta":"","header-below-stick-meta":"","astra-migrate-meta-layouts":"default","ast-page-background-enabled":"default","ast-page-background-meta":{"desktop":{"background-color":"var(--ast-global-color-4)","background-image":"","background-repeat":"repeat","background-position":"center center","background-size":"auto","background-attachment":"scroll","background-type":"","background-media":"","overlay-type":"","overlay-color":"","overlay-opacity":"","overlay-gradient":""},"tablet":{"background-color":"","background-image":"","background-repeat":"repeat","background-position":"center center","background-size":"auto","background-attachment":"scroll","background-type":"","background-media":"","overlay-type":"","overlay-color":"","overlay-opacity":"","overlay-gradient":""},"mobile":{"background-color":"","background-image":"","background-repeat":"repeat","background-position":"center center","background-size":"auto","background-attachment":"scroll","background-type":"","background-media":"","overlay-type":"","overlay-color":"","overlay-opacity":"","overlay-gradient":""}},"ast-content-background-meta":{"desktop":{"background-color":"var(--ast-global-color-5)","background-image":"","background-repeat":"repeat","background-position":"center center","background-size":"auto","background-attachment":"scroll","background-type":"","background-media":"","overlay-type":"","overlay-color":"","overlay-opacity":"","overlay-gradient":""},"tablet":{"background-color":"var(--ast-global-color-5)","background-image":"","background-repeat":"repeat","background-position":"center center","background-size":"auto","background-attachment":"scroll","background-type":"","background-media":"","overlay-type":"","overlay-color":"","overlay-opacity":"","overlay-gradient":""},"mobile":{"background-color":"var(--ast-global-color-5)","background-image":"","background-repeat":"repeat","background-position":"center center","background-size":"auto","background-attachment":"scroll","background-type":"","background-media":"","overlay-type":"","overlay-color":"","overlay-opacity":"","overlay-gradient":""}},"footnotes":""},"class_list":["post-147405","page","type-page","status-publish","has-post-thumbnail","hentry"],"_links":{"self":[{"href":"https:\/\/medclinics.com\/de\/wp-json\/wp\/v2\/pages\/147405","targetHints":{"allow":["GET"]}}],"collection":[{"href":"https:\/\/medclinics.com\/de\/wp-json\/wp\/v2\/pages"}],"about":[{"href":"https:\/\/medclinics.com\/de\/wp-json\/wp\/v2\/types\/page"}],"author":[{"embeddable":true,"href":"https:\/\/medclinics.com\/de\/wp-json\/wp\/v2\/users\/4"}],"replies":[{"embeddable":true,"href":"https:\/\/medclinics.com\/de\/wp-json\/wp\/v2\/comments?post=147405"}],"version-history":[{"count":0,"href":"https:\/\/medclinics.com\/de\/wp-json\/wp\/v2\/pages\/147405\/revisions"}],"wp:featuredmedia":[{"embeddable":true,"href":"https:\/\/medclinics.com\/de\/wp-json\/wp\/v2\/media\/95063"}],"wp:attachment":[{"href":"https:\/\/medclinics.com\/de\/wp-json\/wp\/v2\/media?parent=147405"}],"curies":[{"name":"wp","href":"https:\/\/api.w.org\/{rel}","templated":true}]}}