{"id":147403,"date":"2023-06-02T14:52:35","date_gmt":"2023-06-02T11:52:35","guid":{"rendered":"https:\/\/medclinics.com\/femto-lasik-femto-laser-korrektur\/"},"modified":"2025-01-02T15:11:58","modified_gmt":"2025-01-02T12:11:58","slug":"femto-lasik-femto-laser-korrektur","status":"publish","type":"page","link":"https:\/\/medclinics.com\/de\/femto-lasik-femto-laser-korrektur\/","title":{"rendered":"Femto-LASIK (Femto-Laser-Korrektur)"},"content":{"rendered":"\n<h2 class=\"wp-block-heading\">Wenn Sie nach einer M\u00f6glichkeit suchen, eine kristallklare Sicht zu erreichen, k\u00f6nnte die Femto-LASIK (Femto-Laser-Korrektur) die perfekte L\u00f6sung sein.<\/h2>\n\n<p>Das Prinzip des Eingriffs ist das gleiche wie bei der <a href=\"https:\/\/en.wikipedia.org\/wiki\/LASIK\" target=\"_blank\" rel=\"noreferrer noopener\">LASIK-Korrektur<\/a>, die Wirkung liegt auf den inneren Schichten der Hornhaut. Der Unterschied besteht darin, dass der Hornhautflap bei dieser Technologie mit einem Femtosekundenlaserstrahl und nicht mit einem mechanischen Mikrokeratom geformt wird. <\/p>\n\n<p>Andernfalls wird diese Technik als &#8222;All-Laser-LASIK&#8220; (All Laser LASIK) bezeichnet. Vorteile der Methode: Der Einsatz eines Femtosekundenlasers bei der Laser-Sehkorrektur macht den Eingriff so schonend und praktisch ber\u00fchrungslos wie m\u00f6glich und verk\u00fcrzt die Erholungsphase. <\/p>\n\n<p>Mit dem Aufkommen dieser Technologie ist es m\u00f6glich geworden, eine Laser-Sehkorrektur bei Patienten mit solchen strukturellen Merkmalen der Hornhaut durchzuf\u00fchren, die fr\u00fcher eine Kontraindikation f\u00fcr das Verfahren darstellten. <\/p>\n\n<p>Die beispiellose Pr\u00e4zision des Femtosekundenlasers erm\u00f6glicht es, nicht nur bei der Sehsch\u00e4rfe, sondern auch bei Parametern wie Helligkeit, Kontrast und D\u00e4mmerungssehen H\u00f6chstleistungen zu erzielen.<\/p>\n\n<h3 class=\"wp-block-heading\">Alles, was Sie \u00fcber <a href=\"https:\/\/medclinics.com\/de\/augenlaser\/\" target=\"_blank\" rel=\"noreferrer noopener\">Augenoperationen<\/a> wissen m\u00fcssen, einschlie\u00dflich Preis, Nachsorge und Heilungsprozess, oder <a href=\"#requestform\">kontaktieren Sie uns<\/a>!<\/h3>\n\n<figure class=\"wp-block-image size-full\"><img fetchpriority=\"high\" decoding=\"async\" width=\"960\" height=\"540\" src=\"https:\/\/medclinics.com\/wp-content\/uploads\/2023\/07\/Femto-lasik-femto-laser-correction-near-me.jpg\" alt=\"Femto-LASIK \/ Femto-Laser-Korrektur in meiner N&#xE4;he Istanbul\" class=\"wp-image-98337\" srcset=\"https:\/\/medclinics.com\/wp-content\/uploads\/2023\/07\/Femto-lasik-femto-laser-correction-near-me.jpg 960w, https:\/\/medclinics.com\/wp-content\/uploads\/2023\/07\/Femto-lasik-femto-laser-correction-near-me-500x281.jpg 500w, https:\/\/medclinics.com\/wp-content\/uploads\/2023\/07\/Femto-lasik-femto-laser-correction-near-me-768x432.jpg 768w, https:\/\/medclinics.com\/wp-content\/uploads\/2023\/07\/Femto-lasik-femto-laser-correction-near-me-24x14.jpg 24w, https:\/\/medclinics.com\/wp-content\/uploads\/2023\/07\/Femto-lasik-femto-laser-correction-near-me-36x20.jpg 36w, https:\/\/medclinics.com\/wp-content\/uploads\/2023\/07\/Femto-lasik-femto-laser-correction-near-me-48x27.jpg 48w\" sizes=\"(max-width: 960px) 100vw, 960px\" \/><\/figure>\n\n<h2 class=\"wp-block-heading\">FAQ <\/h2>\n<div id=\"rank-math-faq\" class=\"rank-math-block\">\n<div class=\"rank-math-list \">\n<div id=\"faq-question-1685717054935\" class=\"rank-math-list-item\">\n<h3 class=\"rank-math-question \">Ist die Femto-LASIK sicher?<\/h3>\n<div class=\"rank-math-answer \">\n\n<p>Wie die traditionelle LASIK gilt auch die Femto-LASIK im Allgemeinen als sicher und hat eine hohe Erfolgsquote.<\/p>\n\n<\/div>\n<\/div>\n<div id=\"faq-question-1685717099962\" class=\"rank-math-list-item\">\n<h3 class=\"rank-math-question \">Was ist Femto-LASIK?<\/h3>\n<div class=\"rank-math-answer \">\n\n<p>Die Femto-LASIK ist eine Art der refraktiven Augenchirurgie, mit der h\u00e4ufige Sehprobleme wie Kurzsichtigkeit, Weitsichtigkeit und Astigmatismus korrigiert werden k\u00f6nnen. Es handelt sich um eine fortschrittlichere Technik als die herk\u00f6mmliche LASIK-Operation.<\/p>\n\n<\/div>\n<\/div>\n<div id=\"faq-question-1685717123905\" class=\"rank-math-list-item\">\n<h3 class=\"rank-math-question \">Ist Femto-LASIK?<\/h3>\n<div class=\"rank-math-answer \">\n\n<p>Die FemtoLASIK-Operation ist in der Regel nicht schmerzhaft, da eine An\u00e4sthesie und bet\u00e4ubende Augentropfen verwendet werden.<\/p>\n\n<\/div>\n<\/div>\n<\/div>\n<\/div>\n<p><\/p>\n\n<h3 class=\"wp-block-heading\">Kontaktieren Sie uns jetzt, falls Sie Fragen haben!<\/h3>\n","protected":false},"excerpt":{"rendered":"<p>Wenn Sie nach einer M\u00f6glichkeit suchen, eine kristallklare Sicht zu erreichen, k\u00f6nnte die Femto-LASIK (Femto-Laser-Korrektur) die perfekte L\u00f6sung sein. Das [&hellip;]<\/p>\n","protected":false},"author":4,"featured_media":93703,"parent":0,"menu_order":0,"comment_status":"closed","ping_status":"closed","template":"","meta":{"site-sidebar-layout":"default","site-content-layout":"","ast-site-content-layout":"default","site-content-style":"default","site-sidebar-style":"default","ast-global-header-display":"","ast-banner-title-visibility":"","ast-main-header-display":"","ast-hfb-above-header-display":"","ast-hfb-below-header-display":"","ast-hfb-mobile-header-display":"","site-post-title":"","ast-breadcrumbs-content":"","ast-featured-img":"","footer-sml-layout":"","ast-disable-related-posts":"","theme-transparent-header-meta":"","adv-header-id-meta":"","stick-header-meta":"","header-above-stick-meta":"","header-main-stick-meta":"","header-below-stick-meta":"","astra-migrate-meta-layouts":"default","ast-page-background-enabled":"default","ast-page-background-meta":{"desktop":{"background-color":"var(--ast-global-color-4)","background-image":"","background-repeat":"repeat","background-position":"center center","background-size":"auto","background-attachment":"scroll","background-type":"","background-media":"","overlay-type":"","overlay-color":"","overlay-opacity":"","overlay-gradient":""},"tablet":{"background-color":"","background-image":"","background-repeat":"repeat","background-position":"center center","background-size":"auto","background-attachment":"scroll","background-type":"","background-media":"","overlay-type":"","overlay-color":"","overlay-opacity":"","overlay-gradient":""},"mobile":{"background-color":"","background-image":"","background-repeat":"repeat","background-position":"center center","background-size":"auto","background-attachment":"scroll","background-type":"","background-media":"","overlay-type":"","overlay-color":"","overlay-opacity":"","overlay-gradient":""}},"ast-content-background-meta":{"desktop":{"background-color":"var(--ast-global-color-5)","background-image":"","background-repeat":"repeat","background-position":"center center","background-size":"auto","background-attachment":"scroll","background-type":"","background-media":"","overlay-type":"","overlay-color":"","overlay-opacity":"","overlay-gradient":""},"tablet":{"background-color":"var(--ast-global-color-5)","background-image":"","background-repeat":"repeat","background-position":"center center","background-size":"auto","background-attachment":"scroll","background-type":"","background-media":"","overlay-type":"","overlay-color":"","overlay-opacity":"","overlay-gradient":""},"mobile":{"background-color":"var(--ast-global-color-5)","background-image":"","background-repeat":"repeat","background-position":"center center","background-size":"auto","background-attachment":"scroll","background-type":"","background-media":"","overlay-type":"","overlay-color":"","overlay-opacity":"","overlay-gradient":""}},"footnotes":""},"class_list":["post-147403","page","type-page","status-publish","has-post-thumbnail","hentry"],"_links":{"self":[{"href":"https:\/\/medclinics.com\/de\/wp-json\/wp\/v2\/pages\/147403","targetHints":{"allow":["GET"]}}],"collection":[{"href":"https:\/\/medclinics.com\/de\/wp-json\/wp\/v2\/pages"}],"about":[{"href":"https:\/\/medclinics.com\/de\/wp-json\/wp\/v2\/types\/page"}],"author":[{"embeddable":true,"href":"https:\/\/medclinics.com\/de\/wp-json\/wp\/v2\/users\/4"}],"replies":[{"embeddable":true,"href":"https:\/\/medclinics.com\/de\/wp-json\/wp\/v2\/comments?post=147403"}],"version-history":[{"count":0,"href":"https:\/\/medclinics.com\/de\/wp-json\/wp\/v2\/pages\/147403\/revisions"}],"wp:featuredmedia":[{"embeddable":true,"href":"https:\/\/medclinics.com\/de\/wp-json\/wp\/v2\/media\/93703"}],"wp:attachment":[{"href":"https:\/\/medclinics.com\/de\/wp-json\/wp\/v2\/media?parent=147403"}],"curies":[{"name":"wp","href":"https:\/\/api.w.org\/{rel}","templated":true}]}}