{"id":147399,"date":"2023-05-30T06:34:25","date_gmt":"2023-05-30T03:34:25","guid":{"rendered":"https:\/\/medclinics.com\/facial-slimming-2\/"},"modified":"2024-04-04T19:19:40","modified_gmt":"2024-04-04T16:19:40","slug":"facial-slimming-2","status":"publish","type":"page","link":"https:\/\/medclinics.com\/de\/facial-slimming-2\/","title":{"rendered":"Facial Slimming"},"content":{"rendered":"\n<h2 class=\"wp-block-heading\">M\u00f6chten Sie ein definierteres und ausgewogeneres Aussehen Ihres Gesichts erreichen? Dann ist eine Gesichtsverschlankung die perfekte L\u00f6sung f\u00fcr Sie!<\/h2>\n\n<p>Diese kosmetischen Verfahren wurden speziell entwickelt, um Ihr Gesicht zu konturieren und zu verschlanken, wobei Bereiche wie die Kieferlinie, die Wangen und das Doppelkinn behandelt werden. Heute gibt es mehrere beliebte Optionen, darunter die Injektion von Entspannungsmitteln in bestimmte Bereiche der Kiefermuskeln, die f\u00fcr das Kauen verantwortlich sind. <\/p>\n\n<p>Diese Behandlungen k\u00f6nnen dazu beitragen, diese Muskeln vor\u00fcbergehend zu entspannen, was zu einem schlankeren Aussehen f\u00fchrt, das sowohl nat\u00fcrlich aussieht als auch effektiv die gew\u00fcnschten Ergebnisse erzielt. Warum also noch l\u00e4nger warten, wenn es keinen besseren Zeitpunkt als jetzt gibt, um mit unseren erstklassigen Dienstleistungen f\u00fcr <a href=\"https:\/\/en.wikipedia.org\/wiki\/Facial_toning\" target=\"_blank\" rel=\"noreferrer noopener\">facial slimming<\/a> Ihre Reise zu einem noch besseren Aussehen zu beginnen!<\/p>\n\n<h3 class=\"wp-block-heading\">Alles, was Sie \u00fcber <a href=\"https:\/\/medclinics.com\/de\/schonheit\/\" target=\"_blank\" rel=\"noreferrer noopener\">Sch\u00f6nheitsbehandlungen<\/a> wissen m\u00fcssen, einschlie\u00dflich Preise und mehr, oder <a href=\"#requestform\">kontaktieren Sie uns<\/a>!<\/h3>\n\n<h2 class=\"wp-block-heading\">FAQ <\/h2>\n<div id=\"rank-math-faq\" class=\"rank-math-block\">\n<div class=\"rank-math-list \">\n<div id=\"faq-question-1685428095682\" class=\"rank-math-list-item\">\n<h3 class=\"rank-math-question \">Was ist facial slimming?<\/h3>\n<div class=\"rank-math-answer \">\n\n<p>Unter facial slimming versteht man den Prozess, ein schlankeres und konturierteres Aussehen des Gesichts zu erreichen. Sie umfasst verschiedene Techniken und Verfahren, die auf bestimmte Bereiche des Gesichts abzielen, um \u00fcbersch\u00fcssiges Fett zu reduzieren, die Gesichtskonturen neu zu definieren und ein ausgewogeneres und proportionaleres Aussehen zu erzielen. Das Ziel der Gesichtsverj\u00fcngung besteht in der Regel darin, Merkmale wie die Kieferlinie, die Wangen und die allgemeine Gesichtsform zu verbessern, was zu einem definierteren und plastischeren Aussehen f\u00fchrt.<\/p>\n\n<\/div>\n<\/div>\n<div id=\"faq-question-1685428033274\" class=\"rank-math-list-item\">\n<h3 class=\"rank-math-question \">Was sind Schlankheitskuren im Gesicht?<\/h3>\n<div class=\"rank-math-answer \">\n\n<p>Facial Slimming sind kosmetische Behandlungen, die darauf abzielen, dem Gesicht ein schlankeres und konturiertes Aussehen zu verleihen. Dazu geh\u00f6ren Techniken wie Kinnverkleinerung mit Botox, Wangenfettentfernung, Kinnliposuktion, Fadenlifting und Hautstraffung mit Ultraschall oder Radiofrequenz. Diese Verfahren werden eingesetzt, um die Breite der Kieferpartie und die F\u00fclle der Wangen zu reduzieren und die Gesichtsform zu verbessern. Am besten lassen Sie sich von einer qualifizierten Fachkraft beraten, um das f\u00fcr Ihr gew\u00fcnschtes Ergebnis am besten geeignete Verfahren zu bestimmen.<\/p>\n\n<\/div>\n<\/div>\n<div id=\"faq-question-1685428096841\" class=\"rank-math-list-item\">\n<h3 class=\"rank-math-question \">Lohnt sich facial slimming?<\/h3>\n<div class=\"rank-math-answer \">\n\n<p>Es lohnt sich auf jeden Fall. Sie ist jedoch subjektiv und h\u00e4ngt von individuellen Vorlieben, Zielen und pers\u00f6nlichen Umst\u00e4nden ab. Es ist wichtig, die potenziellen Vorteile, Risiken und Kosten dieser Verfahren sorgf\u00e4ltig abzuw\u00e4gen, bevor man eine Entscheidung trifft.<\/p>\n\n<\/div>\n<\/div>\n<\/div>\n<\/div>\n<p><\/p>\n\n<h3 class=\"wp-block-heading\">Kontaktieren Sie uns jetzt, falls Sie Fragen haben!<\/h3>\n","protected":false},"excerpt":{"rendered":"<p>M\u00f6chten Sie ein definierteres und ausgewogeneres Aussehen Ihres Gesichts erreichen? Dann ist eine Gesichtsverschlankung die perfekte L\u00f6sung f\u00fcr Sie! Diese [&hellip;]<\/p>\n","protected":false},"author":4,"featured_media":92794,"parent":0,"menu_order":0,"comment_status":"closed","ping_status":"closed","template":"","meta":{"site-sidebar-layout":"default","site-content-layout":"","ast-site-content-layout":"default","site-content-style":"default","site-sidebar-style":"default","ast-global-header-display":"","ast-banner-title-visibility":"","ast-main-header-display":"","ast-hfb-above-header-display":"","ast-hfb-below-header-display":"","ast-hfb-mobile-header-display":"","site-post-title":"","ast-breadcrumbs-content":"","ast-featured-img":"","footer-sml-layout":"","ast-disable-related-posts":"","theme-transparent-header-meta":"","adv-header-id-meta":"","stick-header-meta":"","header-above-stick-meta":"","header-main-stick-meta":"","header-below-stick-meta":"","astra-migrate-meta-layouts":"default","ast-page-background-enabled":"default","ast-page-background-meta":{"desktop":{"background-color":"var(--ast-global-color-4)","background-image":"","background-repeat":"repeat","background-position":"center center","background-size":"auto","background-attachment":"scroll","background-type":"","background-media":"","overlay-type":"","overlay-color":"","overlay-opacity":"","overlay-gradient":""},"tablet":{"background-color":"","background-image":"","background-repeat":"repeat","background-position":"center center","background-size":"auto","background-attachment":"scroll","background-type":"","background-media":"","overlay-type":"","overlay-color":"","overlay-opacity":"","overlay-gradient":""},"mobile":{"background-color":"","background-image":"","background-repeat":"repeat","background-position":"center center","background-size":"auto","background-attachment":"scroll","background-type":"","background-media":"","overlay-type":"","overlay-color":"","overlay-opacity":"","overlay-gradient":""}},"ast-content-background-meta":{"desktop":{"background-color":"var(--ast-global-color-5)","background-image":"","background-repeat":"repeat","background-position":"center center","background-size":"auto","background-attachment":"scroll","background-type":"","background-media":"","overlay-type":"","overlay-color":"","overlay-opacity":"","overlay-gradient":""},"tablet":{"background-color":"var(--ast-global-color-5)","background-image":"","background-repeat":"repeat","background-position":"center center","background-size":"auto","background-attachment":"scroll","background-type":"","background-media":"","overlay-type":"","overlay-color":"","overlay-opacity":"","overlay-gradient":""},"mobile":{"background-color":"var(--ast-global-color-5)","background-image":"","background-repeat":"repeat","background-position":"center center","background-size":"auto","background-attachment":"scroll","background-type":"","background-media":"","overlay-type":"","overlay-color":"","overlay-opacity":"","overlay-gradient":""}},"footnotes":""},"class_list":["post-147399","page","type-page","status-publish","has-post-thumbnail","hentry"],"_links":{"self":[{"href":"https:\/\/medclinics.com\/de\/wp-json\/wp\/v2\/pages\/147399","targetHints":{"allow":["GET"]}}],"collection":[{"href":"https:\/\/medclinics.com\/de\/wp-json\/wp\/v2\/pages"}],"about":[{"href":"https:\/\/medclinics.com\/de\/wp-json\/wp\/v2\/types\/page"}],"author":[{"embeddable":true,"href":"https:\/\/medclinics.com\/de\/wp-json\/wp\/v2\/users\/4"}],"replies":[{"embeddable":true,"href":"https:\/\/medclinics.com\/de\/wp-json\/wp\/v2\/comments?post=147399"}],"version-history":[{"count":0,"href":"https:\/\/medclinics.com\/de\/wp-json\/wp\/v2\/pages\/147399\/revisions"}],"wp:featuredmedia":[{"embeddable":true,"href":"https:\/\/medclinics.com\/de\/wp-json\/wp\/v2\/media\/92794"}],"wp:attachment":[{"href":"https:\/\/medclinics.com\/de\/wp-json\/wp\/v2\/media?parent=147399"}],"curies":[{"name":"wp","href":"https:\/\/api.w.org\/{rel}","templated":true}]}}