{"id":147391,"date":"2023-06-02T08:46:53","date_gmt":"2023-06-02T05:46:53","guid":{"rendered":"https:\/\/medclinics.com\/wickel-oder-thalassotherapie\/"},"modified":"2024-04-14T23:03:34","modified_gmt":"2024-04-14T20:03:34","slug":"wickel-oder-thalassotherapie","status":"publish","type":"page","link":"https:\/\/medclinics.com\/de\/wickel-oder-thalassotherapie\/","title":{"rendered":"Wickel oder Thalassotherapie"},"content":{"rendered":"\n<h2 class=\"wp-block-heading\">Wrapping oder Thalasso Therapie ist eine gro\u00dfartige M\u00f6glichkeit, Cellulite und Fettablagerungen loszuwerden, die Haut zu verj\u00fcngen, sich zu entspannen und echtes Wohlbefinden zu erleben.<\/h2>\n\n<p>Das Wrapping oder die <a href=\"https:\/\/en.wikipedia.org\/wiki\/Thalassotherapy\" target=\"_blank\" rel=\"noreferrer noopener\">Thalassotherapie<\/a> ist eine angenehme Heilung des K\u00f6rpers mit Hilfe spezieller Kosmetika auf der Basis nat\u00fcrlicher Meereszutaten: Algen, Meerwasser, Schlamm, Sand, Ton usw.<\/p>\n\n<p>Bei der Thalassotherapie gibt es hei\u00dfe und kalte Wickel:<\/p>\n\n<ul class=\"wp-block-list\">\n<li>Hot Wrap &#8211; wirkt durch den &#8222;Sauna-Effekt&#8220;, der die Wirkstoffe tief in die Haut eindringen l\u00e4sst. W\u00e4hrend des Eingriffs erweitern sich die Blutgef\u00e4\u00dfe, die Durchblutung nimmt zu, und die Stoffwechselvorg\u00e4nge verbessern sich. Giftstoffe und Schlacken werden aus dem K\u00f6rper entfernt, Cellulite-Erscheinungen werden reduziert, die Haut wird glatt und elastisch.<\/li>\n\n\n\n<li>Kalter Wickel &#8211; Gef\u00e4\u00dfe, auch Lymphgef\u00e4\u00dfe, verengen sich zun\u00e4chst und weiten sich dann. W\u00e4hrend des Eingriffs erh\u00f6ht sich der Fl\u00fcssigkeitsausfluss, und die Kontrastmittelabk\u00fchlung stimuliert den Abbau von Fettdepots (durch die Erzeugung von Energie zur Erhaltung der W\u00e4rme). Nach einer kalten Packung werden die Erscheinungsformen von Cellulite, Fettablagerungen und \u00d6demen reduziert.<\/li>\n<\/ul>\n\n<figure class=\"wp-block-image size-full\"><img fetchpriority=\"high\" decoding=\"async\" width=\"780\" height=\"488\" src=\"https:\/\/medclinics.com\/wp-content\/uploads\/2024\/04\/Wrapping-Thalassotherapy-Baeuty-Salon-Men-Woman.jpg\" alt=\"Wickeln-Thalassotherapie-Baeuty-Salon-Mann-Frau\" class=\"wp-image-161354\" srcset=\"https:\/\/medclinics.com\/wp-content\/uploads\/2024\/04\/Wrapping-Thalassotherapy-Baeuty-Salon-Men-Woman.jpg 780w, https:\/\/medclinics.com\/wp-content\/uploads\/2024\/04\/Wrapping-Thalassotherapy-Baeuty-Salon-Men-Woman-300x188.jpg 300w, https:\/\/medclinics.com\/wp-content\/uploads\/2024\/04\/Wrapping-Thalassotherapy-Baeuty-Salon-Men-Woman-768x480.jpg 768w\" sizes=\"(max-width: 780px) 100vw, 780px\" \/><\/figure>\n\n<h3 class=\"wp-block-heading\">Hier ist alles, was Sie \u00fcber <a href=\"https:\/\/medclinics.com\/de\/heilbad-thermalbad\/\" target=\"_blank\" rel=\"noreferrer noopener\" data-type=\"page\" data-id=\"95079\">Spa<\/a> und <a href=\"https:\/\/medclinics.com\/de\/klassische-kosmetologie\/\" target=\"_blank\" rel=\"noreferrer noopener\">Klassische Kosmetik<\/a> wissen m\u00fcssen, einschlie\u00dflich Preise und mehr, oder <a href=\"#requestform\">kontaktieren Sie uns<\/a>!<\/h3>\n\n<h3 class=\"wp-block-heading\">FAQ<\/h3>\n<div id=\"rank-math-faq\" class=\"rank-math-block\">\n<div class=\"rank-math-list \">\n<div id=\"faq-question-1685694763116\" class=\"rank-math-list-item\">\n<h3 class=\"rank-math-question \">Was ist eine Thalassotherapie-Behandlung?<\/h3>\n<div class=\"rank-math-answer \">\n\n<p>Diese Behandlung ist ein therapeutischer Ansatz, der Meerwasser, Meeresprodukte und ozeanische Elemente zur F\u00f6rderung von Gesundheit und Wohlbefinden einsetzt.<\/p>\n\n<\/div>\n<\/div>\n<div id=\"faq-question-1685694789920\" class=\"rank-math-list-item\">\n<h3 class=\"rank-math-question \">Was sind die Vorteile der Thalassotherapie?<\/h3>\n<div class=\"rank-math-answer \">\n\n<p>Sie bietet Vorteile wie die Pflege der Haut, die F\u00f6rderung der Entgiftung, Entspannung und Stressabbau, die Verbesserung der Durchblutung, die Linderung von Gelenk- und Muskelbeschwerden und m\u00f6glicherweise die F\u00f6rderung der Gesundheit der Atemwege.<\/p>\n\n<\/div>\n<\/div>\n<div id=\"faq-question-1685694935378\" class=\"rank-math-list-item\">\n<h3 class=\"rank-math-question \">Was ist ein Thalasso-Pool?<\/h3>\n<div class=\"rank-math-answer \">\n\n<p>Ein Thalasso-Pool, auch Meerwasserpool genannt, ist ein speziell konzipierter Pool, der gefiltertes und erw\u00e4rmtes Meerwasser f\u00fcr therapeutische Zwecke verwendet. Er enth\u00e4lt in der Regel mineralreiches Meerwasser, das zur Einhaltung von Hygienestandards und zur Gew\u00e4hrleistung einer angenehmen Temperatur aufbereitet wird.<\/p>\n\n<\/div>\n<\/div>\n<\/div>\n<\/div>\n<p>\u00a0<\/p>\n\n<h3 class=\"wp-block-heading\">Kontaktieren Sie uns jetzt, falls Sie Fragen haben!<\/h3>\n","protected":false},"excerpt":{"rendered":"<p>Wrapping oder Thalasso Therapie ist eine gro\u00dfartige M\u00f6glichkeit, Cellulite und Fettablagerungen loszuwerden, die Haut zu verj\u00fcngen, sich zu entspannen und [&hellip;]<\/p>\n","protected":false},"author":4,"featured_media":161349,"parent":0,"menu_order":0,"comment_status":"closed","ping_status":"closed","template":"","meta":{"site-sidebar-layout":"default","site-content-layout":"","ast-site-content-layout":"default","site-content-style":"default","site-sidebar-style":"default","ast-global-header-display":"","ast-banner-title-visibility":"","ast-main-header-display":"","ast-hfb-above-header-display":"","ast-hfb-below-header-display":"","ast-hfb-mobile-header-display":"","site-post-title":"","ast-breadcrumbs-content":"","ast-featured-img":"","footer-sml-layout":"","ast-disable-related-posts":"","theme-transparent-header-meta":"","adv-header-id-meta":"","stick-header-meta":"","header-above-stick-meta":"","header-main-stick-meta":"","header-below-stick-meta":"","astra-migrate-meta-layouts":"default","ast-page-background-enabled":"default","ast-page-background-meta":{"desktop":{"background-color":"var(--ast-global-color-4)","background-image":"","background-repeat":"repeat","background-position":"center center","background-size":"auto","background-attachment":"scroll","background-type":"","background-media":"","overlay-type":"","overlay-color":"","overlay-opacity":"","overlay-gradient":""},"tablet":{"background-color":"","background-image":"","background-repeat":"repeat","background-position":"center center","background-size":"auto","background-attachment":"scroll","background-type":"","background-media":"","overlay-type":"","overlay-color":"","overlay-opacity":"","overlay-gradient":""},"mobile":{"background-color":"","background-image":"","background-repeat":"repeat","background-position":"center center","background-size":"auto","background-attachment":"scroll","background-type":"","background-media":"","overlay-type":"","overlay-color":"","overlay-opacity":"","overlay-gradient":""}},"ast-content-background-meta":{"desktop":{"background-color":"var(--ast-global-color-5)","background-image":"","background-repeat":"repeat","background-position":"center center","background-size":"auto","background-attachment":"scroll","background-type":"","background-media":"","overlay-type":"","overlay-color":"","overlay-opacity":"","overlay-gradient":""},"tablet":{"background-color":"var(--ast-global-color-5)","background-image":"","background-repeat":"repeat","background-position":"center center","background-size":"auto","background-attachment":"scroll","background-type":"","background-media":"","overlay-type":"","overlay-color":"","overlay-opacity":"","overlay-gradient":""},"mobile":{"background-color":"var(--ast-global-color-5)","background-image":"","background-repeat":"repeat","background-position":"center center","background-size":"auto","background-attachment":"scroll","background-type":"","background-media":"","overlay-type":"","overlay-color":"","overlay-opacity":"","overlay-gradient":""}},"footnotes":""},"class_list":["post-147391","page","type-page","status-publish","has-post-thumbnail","hentry"],"_links":{"self":[{"href":"https:\/\/medclinics.com\/de\/wp-json\/wp\/v2\/pages\/147391","targetHints":{"allow":["GET"]}}],"collection":[{"href":"https:\/\/medclinics.com\/de\/wp-json\/wp\/v2\/pages"}],"about":[{"href":"https:\/\/medclinics.com\/de\/wp-json\/wp\/v2\/types\/page"}],"author":[{"embeddable":true,"href":"https:\/\/medclinics.com\/de\/wp-json\/wp\/v2\/users\/4"}],"replies":[{"embeddable":true,"href":"https:\/\/medclinics.com\/de\/wp-json\/wp\/v2\/comments?post=147391"}],"version-history":[{"count":0,"href":"https:\/\/medclinics.com\/de\/wp-json\/wp\/v2\/pages\/147391\/revisions"}],"wp:featuredmedia":[{"embeddable":true,"href":"https:\/\/medclinics.com\/de\/wp-json\/wp\/v2\/media\/161349"}],"wp:attachment":[{"href":"https:\/\/medclinics.com\/de\/wp-json\/wp\/v2\/media?parent=147391"}],"curies":[{"name":"wp","href":"https:\/\/api.w.org\/{rel}","templated":true}]}}