{"id":147387,"date":"2023-05-25T14:40:24","date_gmt":"2023-05-25T11:40:24","guid":{"rendered":"https:\/\/medclinics.com\/augenbrauentransplantation\/"},"modified":"2024-12-29T00:48:07","modified_gmt":"2024-12-28T21:48:07","slug":"augenbrauentransplantation","status":"publish","type":"page","link":"https:\/\/medclinics.com\/de\/augenbrauentransplantation\/","title":{"rendered":"Augenbrauentransplantation"},"content":{"rendered":"\n<h2 class=\"wp-block-heading\">Wenn Sie auf der Suche nach einer M\u00f6glichkeit sind, vollere, definierte Augenbrauen zu erhalten, k\u00f6nnte die Augenbrauentransplantation die ideale L\u00f6sung sein.<\/h2>\n\n<p>Die <a href=\"https:\/\/en.wikipedia.org\/wiki\/Eyebrow_restoration\" target=\"_blank\" rel=\"noreferrer noopener\">Augenbrauentransplantation<\/a> ist ein chirurgischer Eingriff, bei dem d\u00fcnne oder verlorene Augenbrauen durch die Verpflanzung von Haarfollikeln aus der Kopfhaut in die Augenbrauen wiederhergestellt oder verst\u00e4rkt werden. Mit Hilfe einzelner Follikelimplantate werden nat\u00fcrliche, \u00e4sthetisch ansprechende Augenbrauen geschaffen.<\/p>\n\n<p>Dabei werden Haarfollikel aus einem Spenderbereich, in der Regel dem hinteren Teil der Kopfhaut, in die Augenbrauen transplantiert. Der Eingriff wird unter \u00f6rtlicher Bet\u00e4ubung durchgef\u00fchrt, und der Chirurg implantiert sorgf\u00e4ltig einzelne Haarfollikel in den Augenbrauenbereich, um eine nat\u00fcrliche und \u00e4sthetisch ansprechende Augenbrauenform und -dichte zu schaffen.<\/p>\n\n<p>Diese lang anhaltende L\u00f6sung verhilft den Menschen zu volleren, definierten Augenbrauen, die ihre Gesichtsz\u00fcge erg\u00e4nzen. Ihre Traumbrauen sind nur einen Schritt entfernt, also machen Sie sich bereit, zu gl\u00e4nzen und in eine Welt der unbegrenzten M\u00f6glichkeiten einzutreten.<\/p>\n\n<p>Alles, was Sie \u00fcber <a href=\"https:\/\/medclinics.com\/de\/haartransplantation\/\" target=\"_blank\" rel=\"noreferrer noopener\">Haartransplantation<\/a> wissen m\u00fcssen, einschlie\u00dflich Preis und mehr, oder <a href=\"#requestform\">kontaktieren Sie uns<\/a>!<\/p>\n\n<figure class=\"wp-block-image size-full\"><img fetchpriority=\"high\" decoding=\"async\" width=\"960\" height=\"540\" class=\"wp-image-98354\" src=\"https:\/\/medclinics.com\/wp-content\/uploads\/2023\/07\/eyebrow-transplant-near-me.jpg\" alt=\"Augenbrauentransplantation in meiner N&#xE4;he\" srcset=\"https:\/\/medclinics.com\/wp-content\/uploads\/2023\/07\/eyebrow-transplant-near-me.jpg 960w, https:\/\/medclinics.com\/wp-content\/uploads\/2023\/07\/eyebrow-transplant-near-me-500x281.jpg 500w, https:\/\/medclinics.com\/wp-content\/uploads\/2023\/07\/eyebrow-transplant-near-me-768x432.jpg 768w, https:\/\/medclinics.com\/wp-content\/uploads\/2023\/07\/eyebrow-transplant-near-me-24x14.jpg 24w, https:\/\/medclinics.com\/wp-content\/uploads\/2023\/07\/eyebrow-transplant-near-me-36x20.jpg 36w, https:\/\/medclinics.com\/wp-content\/uploads\/2023\/07\/eyebrow-transplant-near-me-48x27.jpg 48w\" sizes=\"(max-width: 960px) 100vw, 960px\" \/><\/figure>\n\n<h2 class=\"wp-block-heading\">FAQ<\/h2>\n<div id=\"rank-math-faq\" class=\"rank-math-block\">\n<div class=\"rank-math-list \">\n<div id=\"faq-question-1685025181085\" class=\"rank-math-list-item\">\n<h3 class=\"rank-math-question \">Lohnt sich eine Augenbrauentransplantation?<\/h3>\n<div class=\"rank-math-answer \">\n\n<p>Ja, diese Transplantation lohnt sich im Allgemeinen f\u00fcr Personen, die ihre Augenbrauen versch\u00f6nern wollen. Das Verfahren kann das Erscheinungsbild d\u00fcnner oder sp\u00e4rlicher Augenbrauen erheblich verbessern, das Selbstbewusstsein st\u00e4rken und lang anhaltende Ergebnisse mit minimalem Pflegeaufwand liefern.<\/p>\n\n<\/div>\n<\/div>\n<div id=\"faq-question-1685025310528\" class=\"rank-math-list-item\">\n<h3 class=\"rank-math-question \">Wie lange dauert eine Augenbrauentransplantation?<\/h3>\n<div class=\"rank-math-answer \">\n\n<p>Eine Augenbrauentransplantation f\u00fchrt in der Regel zu lang anhaltenden Ergebnissen. Die transplantierten Haarfollikel werden aus einem Spenderbereich entnommen, der genetisch resistent gegen Haarausfall ist, wie z. B. die R\u00fcckseite der Kopfhaut. Diese Follikel behalten ihre Eigenschaften auch nach der Transplantation bei, was zu einem dauerhaften Haarwuchs im Augenbrauenbereich f\u00fchrt. Sobald die transplantierten Haarfollikel erfolgreich Wurzeln geschlagen haben, wachsen sie weiter und m\u00fcssen wie nat\u00fcrliche Augenbrauen regelm\u00e4\u00dfig nachgeschnitten und gepflegt werden.<\/p>\n\n<\/div>\n<\/div>\n<div id=\"faq-question-1685025312374\" class=\"rank-math-list-item\">\n<h3 class=\"rank-math-question \">Ist die Augenbrauentransplantation dauerhaft?<\/h3>\n<div class=\"rank-math-answer \">\n\n<p>Ja, sie gelten als dauerhafte L\u00f6sung f\u00fcr die Wiederherstellung der Augenbrauen.<\/p>\n\n<\/div>\n<\/div>\n<div id=\"faq-question-1685025313463\" class=\"rank-math-list-item\">\n<h3 class=\"rank-math-question \">Ist die Augenbrauentransplantation sicher?<\/h3>\n<div class=\"rank-math-answer \">\n\n<p>Ja, der Eingriff gilt im Allgemeinen als sicher, wenn er von qualifizierten und erfahrenen Chirurgen durchgef\u00fchrt wird.<\/p>\n\n<\/div>\n<\/div>\n<\/div>\n<\/div>\n<p>\u00a0<\/p>\n\n<h3 class=\"wp-block-heading\">Kontaktieren Sie uns jetzt, falls Sie Fragen haben!<\/h3>\n","protected":false},"excerpt":{"rendered":"<p>Wenn Sie auf der Suche nach einer M\u00f6glichkeit sind, vollere, definierte Augenbrauen zu erhalten, k\u00f6nnte die Augenbrauentransplantation die ideale L\u00f6sung [&hellip;]<\/p>\n","protected":false},"author":4,"featured_media":92477,"parent":0,"menu_order":0,"comment_status":"closed","ping_status":"closed","template":"","meta":{"site-sidebar-layout":"default","site-content-layout":"","ast-site-content-layout":"default","site-content-style":"default","site-sidebar-style":"default","ast-global-header-display":"","ast-banner-title-visibility":"","ast-main-header-display":"","ast-hfb-above-header-display":"","ast-hfb-below-header-display":"","ast-hfb-mobile-header-display":"","site-post-title":"","ast-breadcrumbs-content":"","ast-featured-img":"","footer-sml-layout":"","ast-disable-related-posts":"","theme-transparent-header-meta":"","adv-header-id-meta":"","stick-header-meta":"","header-above-stick-meta":"","header-main-stick-meta":"","header-below-stick-meta":"","astra-migrate-meta-layouts":"default","ast-page-background-enabled":"default","ast-page-background-meta":{"desktop":{"background-color":"var(--ast-global-color-4)","background-image":"","background-repeat":"repeat","background-position":"center center","background-size":"auto","background-attachment":"scroll","background-type":"","background-media":"","overlay-type":"","overlay-color":"","overlay-opacity":"","overlay-gradient":""},"tablet":{"background-color":"","background-image":"","background-repeat":"repeat","background-position":"center center","background-size":"auto","background-attachment":"scroll","background-type":"","background-media":"","overlay-type":"","overlay-color":"","overlay-opacity":"","overlay-gradient":""},"mobile":{"background-color":"","background-image":"","background-repeat":"repeat","background-position":"center center","background-size":"auto","background-attachment":"scroll","background-type":"","background-media":"","overlay-type":"","overlay-color":"","overlay-opacity":"","overlay-gradient":""}},"ast-content-background-meta":{"desktop":{"background-color":"var(--ast-global-color-5)","background-image":"","background-repeat":"repeat","background-position":"center center","background-size":"auto","background-attachment":"scroll","background-type":"","background-media":"","overlay-type":"","overlay-color":"","overlay-opacity":"","overlay-gradient":""},"tablet":{"background-color":"var(--ast-global-color-5)","background-image":"","background-repeat":"repeat","background-position":"center center","background-size":"auto","background-attachment":"scroll","background-type":"","background-media":"","overlay-type":"","overlay-color":"","overlay-opacity":"","overlay-gradient":""},"mobile":{"background-color":"var(--ast-global-color-5)","background-image":"","background-repeat":"repeat","background-position":"center center","background-size":"auto","background-attachment":"scroll","background-type":"","background-media":"","overlay-type":"","overlay-color":"","overlay-opacity":"","overlay-gradient":""}},"footnotes":""},"class_list":["post-147387","page","type-page","status-publish","has-post-thumbnail","hentry"],"_links":{"self":[{"href":"https:\/\/medclinics.com\/de\/wp-json\/wp\/v2\/pages\/147387","targetHints":{"allow":["GET"]}}],"collection":[{"href":"https:\/\/medclinics.com\/de\/wp-json\/wp\/v2\/pages"}],"about":[{"href":"https:\/\/medclinics.com\/de\/wp-json\/wp\/v2\/types\/page"}],"author":[{"embeddable":true,"href":"https:\/\/medclinics.com\/de\/wp-json\/wp\/v2\/users\/4"}],"replies":[{"embeddable":true,"href":"https:\/\/medclinics.com\/de\/wp-json\/wp\/v2\/comments?post=147387"}],"version-history":[{"count":0,"href":"https:\/\/medclinics.com\/de\/wp-json\/wp\/v2\/pages\/147387\/revisions"}],"wp:featuredmedia":[{"embeddable":true,"href":"https:\/\/medclinics.com\/de\/wp-json\/wp\/v2\/media\/92477"}],"wp:attachment":[{"href":"https:\/\/medclinics.com\/de\/wp-json\/wp\/v2\/media?parent=147387"}],"curies":[{"name":"wp","href":"https:\/\/api.w.org\/{rel}","templated":true}]}}