{"id":147379,"date":"2023-06-02T12:39:26","date_gmt":"2023-06-02T09:39:26","guid":{"rendered":"https:\/\/medclinics.com\/elektrische-hardware-kosmetologie\/"},"modified":"2024-04-14T23:03:34","modified_gmt":"2024-04-14T20:03:34","slug":"elektrische-hardware-kosmetologie","status":"publish","type":"page","link":"https:\/\/medclinics.com\/de\/elektrische-hardware-kosmetologie\/","title":{"rendered":"Elektrische Hardware Kosmetologie"},"content":{"rendered":"\n<h2 class=\"wp-block-heading\">Die Kosmetikerin w\u00e4hlt die f\u00fcr Sie geeignete Technik der Elektrokosmetik aus.<\/h2>\n\n<figure class=\"wp-block-image size-full\"><img fetchpriority=\"high\" decoding=\"async\" width=\"780\" height=\"488\" src=\"https:\/\/medclinics.com\/wp-content\/uploads\/2024\/04\/Radio-Frequency-Hardware-Cosmetology-therapy-hardware.jpg\" alt=\"\" class=\"wp-image-161413\" srcset=\"https:\/\/medclinics.com\/wp-content\/uploads\/2024\/04\/Radio-Frequency-Hardware-Cosmetology-therapy-hardware.jpg 780w, https:\/\/medclinics.com\/wp-content\/uploads\/2024\/04\/Radio-Frequency-Hardware-Cosmetology-therapy-hardware-300x188.jpg 300w, https:\/\/medclinics.com\/wp-content\/uploads\/2024\/04\/Radio-Frequency-Hardware-Cosmetology-therapy-hardware-768x480.jpg 768w\" sizes=\"(max-width: 780px) 100vw, 780px\" \/><\/figure>\n\n<ul class=\"wp-block-list\">\n<li><strong>Gesichtsgalvanisierung<\/strong><br\/>Es handelt sich um eine moderne Methode zur Wiederherstellung und <a href=\"https:\/\/en.wikipedia.org\/wiki\/Rejuvenation\" target=\"_blank\" rel=\"noreferrer noopener\">Verj\u00fcngung<\/a> der Gesichtshaut, bei der die therapeutischen Eigenschaften von schwachen elektrischen Str\u00f6men genutzt werden. Sie aktiviert den Stoffwechsel, normalisiert den Blutkreislauf und reinigt die Haut gr\u00fcndlich. Nach der ersten Behandlung heilt die Haut und wird frischer und straffer.<\/li>\n\n\n\n<li><strong>Myostimulation<\/strong><br\/>Bei diesem Verfahren werden die Muskeln mit elektrischem Strom geringer Leistung behandelt, um sie zu st\u00e4rken. Die Behandlung wird mit speziellen Ger\u00e4ten durchgef\u00fchrt. Die Myostimulationsbehandlung wird eingesetzt bei: K\u00f6rperformung, Gewichtsabnahme, Wiederherstellung des Muskeltonus, nach Operationen, Korrektur von Gesichtsschlaffheit, Falten und dunklen Augenringen.<\/li>\n\n\n\n<li><strong>Elektroporation<\/strong><br\/>Es handelt sich um eine nicht-invasive Hautpflegemethode, bei der elektrischer Strom verwendet wird, um Mikroporen zu \u00f6ffnen und therapeutische Kosmetika tief in die Epidermis eindringen zu lassen. Nach der Elektroporation wird die Haut heller und der Teint glatter, F\u00e4ltchen, Narben und Hautunreinheiten verschwinden. Die Elektroporation wird auch zur schnellen Erholung der Haut nach Laserbehandlungen und Peelings eingesetzt.<\/li>\n\n\n\n<li><strong>Mikrostrom-Therapie<\/strong><br\/>Es handelt sich um ein Verfahren zur Hautverj\u00fcngung, bei dem niederfrequente Str\u00f6me mit niedrigen Impulsen verwendet werden. Die sanfte Einwirkung von Mikrostr\u00f6men auf die Haut stimuliert die Proteinsynthese, verbessert den Zellstoffwechsel und stellt die Gesichtsmuskulatur wieder her. Das Verfahren ist angenehm und schmerzlos, da es die Integrit\u00e4t der Haut nicht beeintr\u00e4chtigt.<\/li>\n<\/ul>\n\n<p>Mikrostrom hat eine komplexe Wirkung &#8211; auf die Haut, die Muskeln, die Blutgef\u00e4\u00dfe und die Lymphgef\u00e4\u00dfe, so dass es nicht nur m\u00f6glich ist, altersbedingte Ver\u00e4nderungen zu &#8222;maskieren&#8220;, sondern auch die Haut auf Zellebene zu verj\u00fcngen. W\u00e4hrend der Mikrostrombehandlung werden die Zellen mit Sauerstoff und N\u00e4hrstoffen versorgt und der Stoffwechsel wird verbessert. Dar\u00fcber hinaus werden in der Haut intensiv nat\u00fcrliches Kollagen und Elastin gebildet, was die Haut straffer macht und Falten mindert.<\/p>\n\n<figure class=\"wp-block-image size-full\"><img decoding=\"async\" width=\"780\" height=\"488\" src=\"https:\/\/medclinics.com\/wp-content\/uploads\/2024\/04\/Electrical-Hardware-Cosmetology-Example.jpg\" alt=\"Elektrische Hardware Kosmetologie Beispiel\" class=\"wp-image-161428\" srcset=\"https:\/\/medclinics.com\/wp-content\/uploads\/2024\/04\/Electrical-Hardware-Cosmetology-Example.jpg 780w, https:\/\/medclinics.com\/wp-content\/uploads\/2024\/04\/Electrical-Hardware-Cosmetology-Example-300x188.jpg 300w, https:\/\/medclinics.com\/wp-content\/uploads\/2024\/04\/Electrical-Hardware-Cosmetology-Example-768x480.jpg 768w\" sizes=\"(max-width: 780px) 100vw, 780px\" \/><\/figure>\n\n<h3 class=\"wp-block-heading\">Alles, was Sie \u00fcber <a href=\"https:\/\/medclinics.com\/de\/hardware-kosmetologie\/\" target=\"_blank\" rel=\"noreferrer noopener\">Hardware-Kosmetik<\/a> wissen m\u00fcssen, oder <a href=\"#requestform\">kontaktieren Sie uns<\/a> jetzt!<\/h3>\n\n<h3 class=\"wp-block-heading\">FAQ<\/h3>\n<div id=\"rank-math-faq\" class=\"rank-math-block\">\n<div class=\"rank-math-list \">\n<div id=\"faq-question-1685708971726\" class=\"rank-math-list-item\">\n<h3 class=\"rank-math-question \">Was ist die Technik der elektrischen Hardware-Kosmetik?<\/h3>\n<div class=\"rank-math-answer \">\n\n<p>Bei den Techniken der Elektrokosmetik werden spezielle elektrische Ger\u00e4te und Ausr\u00fcstungen verwendet, um bestimmte \u00e4sthetische Ziele zu erreichen.<\/p>\n\n<\/div>\n<\/div>\n<div id=\"faq-question-1685709057740\" class=\"rank-math-list-item\">\n<h3 class=\"rank-math-question \">Was sind die Techniken der elektrischen Hardware-Kosmetik?<\/h3>\n<div class=\"rank-math-answer \">\n\n<p>Gesichtsgalvanisierung, Myostimulation, Elektroporation, Mikrostromtherapie sind elektrische Techniken f\u00fcr die Hardware-Kosmetik.<\/p>\n\n<\/div>\n<\/div>\n<\/div>\n<\/div>\n<p><\/p>\n\n<h3 class=\"wp-block-heading\">Kontaktieren Sie uns jetzt, falls Sie Fragen haben!<\/h3>\n","protected":false},"excerpt":{"rendered":"<p>Die Kosmetikerin w\u00e4hlt die f\u00fcr Sie geeignete Technik der Elektrokosmetik aus. Mikrostrom hat eine komplexe Wirkung &#8211; auf die Haut, [&hellip;]<\/p>\n","protected":false},"author":4,"featured_media":161439,"parent":0,"menu_order":0,"comment_status":"closed","ping_status":"closed","template":"","meta":{"site-sidebar-layout":"default","site-content-layout":"","ast-site-content-layout":"default","site-content-style":"default","site-sidebar-style":"default","ast-global-header-display":"","ast-banner-title-visibility":"","ast-main-header-display":"","ast-hfb-above-header-display":"","ast-hfb-below-header-display":"","ast-hfb-mobile-header-display":"","site-post-title":"","ast-breadcrumbs-content":"","ast-featured-img":"","footer-sml-layout":"","ast-disable-related-posts":"","theme-transparent-header-meta":"","adv-header-id-meta":"","stick-header-meta":"","header-above-stick-meta":"","header-main-stick-meta":"","header-below-stick-meta":"","astra-migrate-meta-layouts":"default","ast-page-background-enabled":"default","ast-page-background-meta":{"desktop":{"background-color":"var(--ast-global-color-4)","background-image":"","background-repeat":"repeat","background-position":"center center","background-size":"auto","background-attachment":"scroll","background-type":"","background-media":"","overlay-type":"","overlay-color":"","overlay-opacity":"","overlay-gradient":""},"tablet":{"background-color":"","background-image":"","background-repeat":"repeat","background-position":"center center","background-size":"auto","background-attachment":"scroll","background-type":"","background-media":"","overlay-type":"","overlay-color":"","overlay-opacity":"","overlay-gradient":""},"mobile":{"background-color":"","background-image":"","background-repeat":"repeat","background-position":"center center","background-size":"auto","background-attachment":"scroll","background-type":"","background-media":"","overlay-type":"","overlay-color":"","overlay-opacity":"","overlay-gradient":""}},"ast-content-background-meta":{"desktop":{"background-color":"var(--ast-global-color-5)","background-image":"","background-repeat":"repeat","background-position":"center center","background-size":"auto","background-attachment":"scroll","background-type":"","background-media":"","overlay-type":"","overlay-color":"","overlay-opacity":"","overlay-gradient":""},"tablet":{"background-color":"var(--ast-global-color-5)","background-image":"","background-repeat":"repeat","background-position":"center center","background-size":"auto","background-attachment":"scroll","background-type":"","background-media":"","overlay-type":"","overlay-color":"","overlay-opacity":"","overlay-gradient":""},"mobile":{"background-color":"var(--ast-global-color-5)","background-image":"","background-repeat":"repeat","background-position":"center center","background-size":"auto","background-attachment":"scroll","background-type":"","background-media":"","overlay-type":"","overlay-color":"","overlay-opacity":"","overlay-gradient":""}},"footnotes":""},"class_list":["post-147379","page","type-page","status-publish","has-post-thumbnail","hentry"],"_links":{"self":[{"href":"https:\/\/medclinics.com\/de\/wp-json\/wp\/v2\/pages\/147379","targetHints":{"allow":["GET"]}}],"collection":[{"href":"https:\/\/medclinics.com\/de\/wp-json\/wp\/v2\/pages"}],"about":[{"href":"https:\/\/medclinics.com\/de\/wp-json\/wp\/v2\/types\/page"}],"author":[{"embeddable":true,"href":"https:\/\/medclinics.com\/de\/wp-json\/wp\/v2\/users\/4"}],"replies":[{"embeddable":true,"href":"https:\/\/medclinics.com\/de\/wp-json\/wp\/v2\/comments?post=147379"}],"version-history":[{"count":0,"href":"https:\/\/medclinics.com\/de\/wp-json\/wp\/v2\/pages\/147379\/revisions"}],"wp:featuredmedia":[{"embeddable":true,"href":"https:\/\/medclinics.com\/de\/wp-json\/wp\/v2\/media\/161439"}],"wp:attachment":[{"href":"https:\/\/medclinics.com\/de\/wp-json\/wp\/v2\/media?parent=147379"}],"curies":[{"name":"wp","href":"https:\/\/api.w.org\/{rel}","templated":true}]}}