{"id":147365,"date":"2023-06-02T15:09:35","date_gmt":"2023-06-02T12:09:35","guid":{"rendered":"https:\/\/medclinics.com\/custom-vue-super-lasik-2\/"},"modified":"2025-01-02T14:29:49","modified_gmt":"2025-01-02T11:29:49","slug":"custom-vue-super-lasik-2","status":"publish","type":"page","link":"https:\/\/medclinics.com\/de\/custom-vue-super-lasik-2\/","title":{"rendered":"Custom Vue &#8211; Super LASIK"},"content":{"rendered":"\n<h2 class=\"wp-block-heading\">Wenn Sie nach einer M\u00f6glichkeit suchen, Ihre Sehqualit\u00e4t zu verbessern, k\u00f6nnte Custom Vue, Super LASIK die beste L\u00f6sung sein.<\/h2>\n\n<p>Eine Besonderheit dieser Methode ist die genaueste Korrektur der Hornhautform auf der Grundlage von Daten, die durch eine vorl\u00e4ufige aberrometrische Analyse gewonnen wurden, die absolut alle Verzerrungen des menschlichen optischen Systems ber\u00fccksichtigt.  <\/p>\n\n<p>Der Grad ihres Einflusses auf die Sehqualit\u00e4t wird automatisch ermittelt, und es wird eine Hornhautform modelliert, die alle vorhandenen &#8222;Fehler&#8220; maximal ausgleicht. Auf der Grundlage dieser Daten wird dann eine Laserkorrektur durchgef\u00fchrt. <\/p>\n\n<p><a href=\"https:\/\/tr.wikipedia.org\/wiki\/LASIK\" target=\"_blank\" rel=\"noreferrer noopener\">Vorteile der Methode<\/a>: Laserkorrektur mit individueller Unterst\u00fctzung Custom Vue ist eine der pr\u00e4zisesten modernen Methoden zur Wiederherstellung der Sehfunktionen, die es Ihnen erm\u00f6glicht, Aberrationen (Verzerrungen im Sehsystem) von hoher Qualit\u00e4t zu korrigieren und eine au\u00dfergew\u00f6hnliche Sehsch\u00e4rfe zu erreichen. Die Custom Vue-Sehkorrekturtechnik mit personalisierter Unterst\u00fctzung entspricht den h\u00f6chsten Standards der heutigen Augenchirurgie.<\/p>\n\n<figure class=\"wp-block-image size-full\"><img fetchpriority=\"high\" decoding=\"async\" width=\"780\" height=\"488\" src=\"https:\/\/medclinics.com\/wp-content\/uploads\/2024\/04\/custom-vue-super-lasik-near-me.jpg\" alt=\"custom-vue-super-lasik-near-me\" class=\"wp-image-161239\" srcset=\"https:\/\/medclinics.com\/wp-content\/uploads\/2024\/04\/custom-vue-super-lasik-near-me.jpg 780w, https:\/\/medclinics.com\/wp-content\/uploads\/2024\/04\/custom-vue-super-lasik-near-me-300x188.jpg 300w, https:\/\/medclinics.com\/wp-content\/uploads\/2024\/04\/custom-vue-super-lasik-near-me-768x480.jpg 768w\" sizes=\"(max-width: 780px) 100vw, 780px\" \/><\/figure>\n\n<h2 class=\"wp-block-heading\">Alles, was Sie \u00fcber <a href=\"https:\/\/medclinics.com\/de\/augenlaser\/\" target=\"_blank\" rel=\"noreferrer noopener\">Augenoperationen<\/a> wissen m\u00fcssen, einschlie\u00dflich Nachsorge und Heilungsprozess, oder <a href=\"#requestform\">kontaktieren Sie uns<\/a>!<\/h2>\n\n<h2 class=\"wp-block-heading\">FAQ <\/h2>\n<div id=\"rank-math-faq\" class=\"rank-math-block\">\n<div class=\"rank-math-list \">\n<div id=\"faq-question-1685717932436\" class=\"rank-math-list-item\">\n<h3 class=\"rank-math-question \">Was ist Custom Vue, Super LASIK?<\/h3>\n<div class=\"rank-math-answer \">\n\n<p>Custom Vue bezeichnet eine LASIK-Operation, bei der die Wellenfronttechnologie f\u00fcr eine individuellere Behandlung eingesetzt wird.<\/p>\n\n<\/div>\n<\/div>\n<div id=\"faq-question-1685717933664\" class=\"rank-math-list-item\">\n<h3 class=\"rank-math-question \">Ist die Super-LASIK schmerzhaft?<\/h3>\n<div class=\"rank-math-answer \">\n\n<p>Die Super-LASIK selbst ist nicht schmerzhafter als eine normale LASIK-Operation. Der Grad der Unannehmlichkeiten w\u00e4hrend des Eingriffs ist im Allgemeinen bei beiden Arten \u00e4hnlich.<\/p>\n\n<\/div>\n<\/div>\n<div id=\"faq-question-1685717934651\" class=\"rank-math-list-item\">\n<h3 class=\"rank-math-question \">Lohnt sich die Super-LASIK?<\/h3>\n<div class=\"rank-math-answer \">\n\n<p>Ja, die Super-LASIK kann sich f\u00fcr Patienten lohnen, die sich gr\u00fcndlich informiert und mit einem erfahrenen Chirurgen beraten haben.<\/p>\n\n<\/div>\n<\/div>\n<\/div>\n<\/div>\n<p><\/p>\n\n<h3 class=\"wp-block-heading\">Kontaktieren Sie uns jetzt, falls Sie Fragen haben!<\/h3>\n","protected":false},"excerpt":{"rendered":"<p>Wenn Sie nach einer M\u00f6glichkeit suchen, Ihre Sehqualit\u00e4t zu verbessern, k\u00f6nnte Custom Vue, Super LASIK die beste L\u00f6sung sein. Eine [&hellip;]<\/p>\n","protected":false},"author":4,"featured_media":161242,"parent":0,"menu_order":0,"comment_status":"closed","ping_status":"closed","template":"","meta":{"site-sidebar-layout":"default","site-content-layout":"","ast-site-content-layout":"default","site-content-style":"default","site-sidebar-style":"default","ast-global-header-display":"","ast-banner-title-visibility":"","ast-main-header-display":"","ast-hfb-above-header-display":"","ast-hfb-below-header-display":"","ast-hfb-mobile-header-display":"","site-post-title":"","ast-breadcrumbs-content":"","ast-featured-img":"","footer-sml-layout":"","ast-disable-related-posts":"","theme-transparent-header-meta":"","adv-header-id-meta":"","stick-header-meta":"","header-above-stick-meta":"","header-main-stick-meta":"","header-below-stick-meta":"","astra-migrate-meta-layouts":"default","ast-page-background-enabled":"default","ast-page-background-meta":{"desktop":{"background-color":"var(--ast-global-color-4)","background-image":"","background-repeat":"repeat","background-position":"center center","background-size":"auto","background-attachment":"scroll","background-type":"","background-media":"","overlay-type":"","overlay-color":"","overlay-opacity":"","overlay-gradient":""},"tablet":{"background-color":"","background-image":"","background-repeat":"repeat","background-position":"center center","background-size":"auto","background-attachment":"scroll","background-type":"","background-media":"","overlay-type":"","overlay-color":"","overlay-opacity":"","overlay-gradient":""},"mobile":{"background-color":"","background-image":"","background-repeat":"repeat","background-position":"center center","background-size":"auto","background-attachment":"scroll","background-type":"","background-media":"","overlay-type":"","overlay-color":"","overlay-opacity":"","overlay-gradient":""}},"ast-content-background-meta":{"desktop":{"background-color":"var(--ast-global-color-5)","background-image":"","background-repeat":"repeat","background-position":"center center","background-size":"auto","background-attachment":"scroll","background-type":"","background-media":"","overlay-type":"","overlay-color":"","overlay-opacity":"","overlay-gradient":""},"tablet":{"background-color":"var(--ast-global-color-5)","background-image":"","background-repeat":"repeat","background-position":"center center","background-size":"auto","background-attachment":"scroll","background-type":"","background-media":"","overlay-type":"","overlay-color":"","overlay-opacity":"","overlay-gradient":""},"mobile":{"background-color":"var(--ast-global-color-5)","background-image":"","background-repeat":"repeat","background-position":"center center","background-size":"auto","background-attachment":"scroll","background-type":"","background-media":"","overlay-type":"","overlay-color":"","overlay-opacity":"","overlay-gradient":""}},"footnotes":""},"class_list":["post-147365","page","type-page","status-publish","has-post-thumbnail","hentry"],"_links":{"self":[{"href":"https:\/\/medclinics.com\/de\/wp-json\/wp\/v2\/pages\/147365","targetHints":{"allow":["GET"]}}],"collection":[{"href":"https:\/\/medclinics.com\/de\/wp-json\/wp\/v2\/pages"}],"about":[{"href":"https:\/\/medclinics.com\/de\/wp-json\/wp\/v2\/types\/page"}],"author":[{"embeddable":true,"href":"https:\/\/medclinics.com\/de\/wp-json\/wp\/v2\/users\/4"}],"replies":[{"embeddable":true,"href":"https:\/\/medclinics.com\/de\/wp-json\/wp\/v2\/comments?post=147365"}],"version-history":[{"count":0,"href":"https:\/\/medclinics.com\/de\/wp-json\/wp\/v2\/pages\/147365\/revisions"}],"wp:featuredmedia":[{"embeddable":true,"href":"https:\/\/medclinics.com\/de\/wp-json\/wp\/v2\/media\/161242"}],"wp:attachment":[{"href":"https:\/\/medclinics.com\/de\/wp-json\/wp\/v2\/media?parent=147365"}],"curies":[{"name":"wp","href":"https:\/\/api.w.org\/{rel}","templated":true}]}}