{"id":147361,"date":"2023-06-01T14:53:31","date_gmt":"2023-06-01T11:53:31","guid":{"rendered":"https:\/\/medclinics.com\/klassische-kosmetologie\/"},"modified":"2024-04-14T23:04:59","modified_gmt":"2024-04-14T20:04:59","slug":"klassische-kosmetologie","status":"publish","type":"page","link":"https:\/\/medclinics.com\/de\/klassische-kosmetologie\/","title":{"rendered":"Klassische Kosmetologie"},"content":{"rendered":"\n<h2 class=\"wp-block-heading\" id=\"classic-cosmetology-is-a-method-of-face-and-body-skin-care\"><strong>Die klassische Kosmetologie ist eine Methode der Hautpflege f\u00fcr Gesicht und K\u00f6rper.<\/strong><\/h2>\n\n<p>Sie hat sich seit langem als wirksames und zuverl\u00e4ssiges Mittel zur Wiederherstellung und Verl\u00e4ngerung der Sch\u00f6nheit etabliert.<\/p>\n\n<div class=\"wp-block-rank-math-toc-block\" id=\"rank-math-toc\"><h2>Inhaltsverzeichnis<\/h2><nav><ul><li><a href=\"#classic-cosmetology-is-a-method-of-face-and-body-skin-care\">Die klassische Kosmetologie ist eine Methode der Hautpflege f\u00fcr Gesicht und K\u00f6rper.<\/a><\/li><li><a href=\"#before-after-classic-cosmetology\">Vorher &amp; Nachher Klassische Kosmetologie<\/a><\/li><li><a href=\"#so-what-is\">Was ist also<\/a><\/li><li><a href=\"#treatment-plan\">Behandlungsplan<\/a><\/li><li><a href=\"#aftercare\">Nachsorge<\/a><\/li><li><a href=\"#top-classic-cosmetology-costs-by-country\">Top Classic Cosmetology Kosten nach Land<\/a><\/li><li><a href=\"#types-of-classic-cosmetology\">Arten der klassischen Kosmetologie<\/a><\/li><li><a href=\"#faq\">FAQ<\/a><\/li><li><a href=\"#history\">Geschichte<\/a><\/li><\/ul><\/nav><\/div>\n\n<h2 class=\"wp-block-heading\" id=\"before-after-classic-cosmetology\">Vorher &amp; Nachher Klassische Kosmetologie<\/h2>\n\n<h2 class=\"wp-block-heading\" id=\"so-what-is\">Was ist also<\/h2>\n\n<ul class=\"wp-block-list\">\n<li>Dazu geh\u00f6ren Verfahren wie Hautreinigung, Behandlung von Cellulite und verschiedenen \u00e4sthetischen M\u00e4ngeln, Wiederherstellung einer gesunden Hautfarbe usw.<\/li>\n<\/ul>\n\n<h2 class=\"wp-block-heading\" id=\"treatment-plan\">Behandlungsplan<\/h2>\n\n<ul class=\"wp-block-list\">\n<li>Der Behandlungsplan f\u00fcr Classic Cosmetology beinhaltet eine gr\u00fcndliche Beratung, um die Bed\u00fcrfnisse des Patienten zu verstehen. Zu den <a href=\"https:\/\/en.wikipedia.org\/wiki\/Skin_care\" target=\"_blank\" rel=\"noreferrer noopener\">Hautpflege-Behandlungen<\/a> geh\u00f6ren Reinigung, Peeling, Feuchtigkeitspflege und Gesichtsmasken.  <\/li>\n\n\n\n<li>Die Haarbehandlungen umfassen Shampoonieren, Konditionierung, Haarschnitt, Styling, F\u00e4rben und zus\u00e4tzliche Behandlungen nach Bedarf.  <\/li>\n\n\n\n<li>Das Auftragen von Make-up umfasst das Vorbereiten, die Grundierung, das Augen-Make-up, die Wangenfarbe und die Lippenfarbe.  <\/li>\n\n\n\n<li>Die Nagelpflege umfasst Manik\u00fcre und Pedik\u00fcre mit M\u00f6glichkeiten zur Nagelmodellierung und zum Lackieren.  <\/li>\n\n\n\n<li>Es werden personalisierte Empfehlungen f\u00fcr die h\u00e4usliche Pflege gegeben, und es wird ein Folgetermin zur Beurteilung und Anpassung vereinbart.<\/li>\n<\/ul>\n\n<h3 class=\"wp-block-heading\" id=\"mammoplasty-for\"><br\/>Klassische Kosmetologie f\u00fcr:<\/h3>\n\n<ul class=\"wp-block-list\">\n<li>Jeder, der sein Aussehen und seine allgemeine Pflege verbessern m\u00f6chte.<\/li>\n<\/ul>\n\n<h3 class=\"wp-block-heading\" id=\"mammoplasty-duration\">Klassische Kosmetologie Dauer:<\/h3>\n\n<ul class=\"wp-block-list\">\n<li>Eine einfache Gesichtsbehandlung dauert in der Regel etwa 60 Minuten, w\u00e4hrend umfangreichere Behandlungen wie chemische Peelings oder Mikrodermabrasion 60-90 Minuten in Anspruch nehmen k\u00f6nnen.<\/li>\n\n\n\n<li>Bei Haarbehandlungen kann der Preis je nach Dienstleistung stark variieren. Ein einfacher Haarschnitt und ein Styling k\u00f6nnen 30-60 Minuten dauern, w\u00e4hrend komplexere Dienstleistungen wie Haarf\u00e4rben oder Keratinbehandlungen zwischen 1 und 3 Stunden oder l\u00e4nger dauern k\u00f6nnen.<\/li>\n\n\n\n<li>Bei der Anwendung von Make-up kommt es auf den gew\u00fcnschten Look und die Komplexit\u00e4t an. Ein einfaches Make-up kann 30-45 Minuten dauern, w\u00e4hrend aufwendigere oder spezielle Make-up-Stile bis zu einer Stunde oder l\u00e4nger dauern k\u00f6nnen.<\/li>\n\n\n\n<li>Bei der Nagelpflege dauern Manik\u00fcre und Pedik\u00fcre in der Regel zwischen 30 Minuten und einer Stunde.<\/li>\n<\/ul>\n\n<h3 class=\"wp-block-heading\" id=\"mammoplasty-recovery-timeline\">Classic Cosmetology Recovery Timeline:<\/h3>\n\n<ul class=\"wp-block-list\">\n<li>Einfache Gesichtsbehandlungen erfordern in der Regel keine Erholungszeit.<\/li>\n\n\n\n<li>Bei fortgeschrittenen Behandlungen wie chemischen Peelings oder Mikrodermabrasion kann es einige Tage bis zu einer Woche dauern, bis die Haut verheilt ist.  <\/li>\n\n\n\n<li>Haarschnitte, Styling und F\u00e4rben der Haare erfordern im Allgemeinen keine Erholungszeit.  <\/li>\n\n\n\n<li>Bei der Anwendung von Make-up gibt es keine Erholungszeit, und die Kunden k\u00f6nnen das Make-up nach Belieben entfernen.  <\/li>\n\n\n\n<li>Bei Manik\u00fcre und Pedik\u00fcre gibt es keine Erholungszeit, allerdings sollte man vorsichtig sein, um den frisch aufgetragenen Nagellack nicht zu besch\u00e4digen.<\/li>\n<\/ul>\n\n<h3 class=\"wp-block-heading\" id=\"possible-risks-for-mammoplasty\">M\u00f6gliche Risiken f\u00fcr die klassische Kosmetologie:<\/h3>\n\n<ul class=\"wp-block-list\">\n<li>Allergische Reaktionen<\/li>\n\n\n\n<li>Empfindlichkeiten der Haut<\/li>\n\n\n\n<li>Haarsch\u00e4digung<\/li>\n\n\n\n<li>Hautinfektionen<\/li>\n\n\n\n<li>Augenreizungen oder -infektionen<\/li>\n\n\n\n<li>Hautverbrennungen<\/li>\n\n\n\n<li>Verletzungen der N\u00e4gel<\/li>\n\n\n\n<li>Unbefriedigende Ergebnisse<\/li>\n\n\n\n<li>Unbehagen oder Schmerzen<\/li>\n\n\n\n<li>Sonnenempfindlichkeit<\/li>\n\n\n\n<li>Psychologische Auswirkungen<\/li>\n<\/ul>\n\n<h2 class=\"wp-block-heading\" id=\"aftercare\">Nachsorge  <\/h2>\n\n<h3 class=\"wp-block-heading\" id=\"of-course-we-will-also-take-care-of-you-after-your-treatment\">Nat\u00fcrlich k\u00fcmmern wir uns auch nach der Behandlung um Sie!<\/h3>\n\n<p>Befolgen Sie alle spezifischen Anweisungen der Kosmetikerin oder des Kosmetikers f\u00fcr die jeweilige Behandlung. Achten Sie auf eine ausreichende Fl\u00fcssigkeitszufuhr und einen gesunden Lebensstil, um die allgemeine Gesundheit von Haut, Haaren und N\u00e4geln zu unterst\u00fctzen. Vereinbaren Sie die empfohlenen Folgetermine und nehmen Sie sie wahr.<\/p>\n\n<h3 class=\"wp-block-heading\" id=\"breast-aesthetic-surgery-healing-process\">Klassische Kosmetologie Heilungsprozess<\/h3>\n\n<h4 class=\"wp-block-heading\" id=\"the-healing-process-as-a-whole-takes-between-6-and-12-months\">Der Heilungsprozess bei den Behandlungen der Classic Cosmetology ist je nach Verfahren unterschiedlich.<\/h4>\n\n<p>Einfache Gesichtsbehandlungen haben in der Regel keinen nennenswerten Heilungsprozess. Bei fortgeschrittenen Hautbehandlungen wie chemischen Peelings kann es zu vor\u00fcbergehenden R\u00f6tungen oder Peelings kommen. F\u00fcr Haarschnitt, Styling, Haarf\u00e4rbung, Make-up und Nagelpflege gibt es im Allgemeinen keinen spezifischen Heilungsprozess.<\/p>\n\n<figure class=\"wp-block-image size-full\"><img decoding=\"async\" src=\"https:\/\/medclinics.com\/wp-content\/uploads\/2023\/02\/salmon-dna-serum-skin-rejuvenation-istanbul-before-after-2.jpg\" alt=\"Klassische Kosmetologie\" class=\"wp-image-20529\"\/><\/figure>\n\n<h2 class=\"wp-block-heading\" id=\"top-classic-cosmetology-costs-by-country\">Top Classic Cosmetology Kosten nach Land<\/h2>\n\n<p>In der T\u00fcrkei sind die Preise f\u00fcr Behandlungen in der klassischen Kosmetik im Allgemeinen g\u00fcnstiger als in einigen anderen L\u00e4ndern. Die Kosten f\u00fcr eine Thalassotherapie in der T\u00fcrkei liegen beispielsweise zwischen 50 und 100 \u20ac pro Sitzung, w\u00e4hrend die Kosten in den USA zwischen 80 und 150 \u20ac liegen k\u00f6nnen. Dieselbe Therapie kostet in Deutschland etwa 70 bis 120 \u20ac.<\/p>\n\n<p>Die oben aufgef\u00fchrten Preise sollen Ihnen eine ungef\u00e4hre Vorstellung vermitteln und sind kein endg\u00fcltiges Angebot. Sie k\u00f6nnen je nach Standort, Einrichtung und anderen Faktoren variieren. Ihr <a href=\"https:\/\/medclinics.com\/de\/\" target=\"_blank\" rel=\"noreferrer noopener\">MedClincs-Berater<\/a> wird Sie gerne \u00fcber die Einzelheiten informieren.<\/p>\n\n<figure class=\"wp-block-table\"><table><thead><tr><th>Land  <\/th><th>Preis  <\/th><th>Bewertung<\/th><\/tr><\/thead><tbody><tr><td>T\u00fcrkiye (T\u00fcrkei)<\/td><td>~ 20\u20ac &#8211; 100\u20ac<\/td><td>\u2605\u2605\u2605\u2605\u2605<\/td><\/tr><tr><td>Thailand<\/td><td>~ 20\u20ac &#8211; 80\u20ac<\/td><td>\u2605\u2605<\/td><\/tr><tr><td>Polen<\/td><td>~ 20\u20ac &#8211; 80\u20ac<\/td><td>\u2605\u2605<\/td><\/tr><tr><td>USA<\/td><td>~ 30\u20ac &#8211; 150\u20ac<\/td><td>\u2605\u2605\u2605<\/td><\/tr><tr><td>Deutschland<\/td><td>~ 35\u20ac &#8211; 120\u20ac<\/td><td>\u2605\u2605\u2605<\/td><\/tr><\/tbody><\/table><\/figure>\n\n<h2 class=\"wp-block-heading\" id=\"types-of-classic-cosmetology\">Arten der klassischen Kosmetologie<\/h2>\n<div class=\"jet-listing-grid--blocks   jet-sm-gb-wrapper jet-sm-gb-92f39127-501e-4e66-9bbe-5391f7f3c3cc\"data-element-id=\"92f39127-501e-4e66-9bbe-5391f7f3c3cc\"data-listing-type=\"blocks\"data-is-block=\"jet-engine\/listing-grid\"><div class=\"jet-listing-notice\">Please select listing to show.<\/div><\/div>\n<h2 class=\"wp-block-heading\" id=\"faq\">FAQ<\/h2>\n<div id=\"rank-math-faq\" class=\"rank-math-block\">\n<div class=\"rank-math-list \">\n<div id=\"faq-question-1685630312120\" class=\"rank-math-list-item\">\n<h3 class=\"rank-math-question \">Was ist klassische Kosmetologie?<\/h3>\n<div class=\"rank-math-answer \">\n\n<p>Die klassische Kosmetologie umfasst eine Reihe von Sch\u00f6nheitsbehandlungen und -praktiken, die darauf abzielen, das Erscheinungsbild von Haut, Haaren und N\u00e4geln durch Techniken wie Hautpflege, Haarpflege, Auftragen von Make-up und Nagelpflege zu verbessern.<\/p>\n\n<\/div>\n<\/div>\n<div id=\"faq-question-1685630455020\" class=\"rank-math-list-item\">\n<h3 class=\"rank-math-question \">Was ist Hautreinigung?<\/h3>\n<div class=\"rank-math-answer \">\n\n<p>Unter Hautreinigung versteht man den Prozess der Entfernung von Schmutz, \u00d6l, Unreinheiten und Make-up von der Hautoberfl\u00e4che. Dabei werden Reinigungsprodukte wie Reinigungsmittel oder Gesichtswaschmittel zusammen mit Wasser oder anderen geeigneten L\u00f6sungen verwendet, um die Haut gr\u00fcndlich zu reinigen.<\/p>\n\n<\/div>\n<\/div>\n<div id=\"faq-question-1685630456142\" class=\"rank-math-list-item\">\n<h3 class=\"rank-math-question \">Was ist ein chemisches Peeling?<\/h3>\n<div class=\"rank-math-answer \">\n\n<p>Chemisches Peeling ist ein kosmetisches Verfahren, bei dem eine chemische L\u00f6sung auf die Haut aufgetragen wird, in der Regel auf das Gesicht, den Hals oder die H\u00e4nde.<\/p>\n\n<\/div>\n<\/div>\n<div id=\"faq-question-1685630457891\" class=\"rank-math-list-item\">\n<h3 class=\"rank-math-question \">Was sind Hautmasken?<\/h3>\n<div class=\"rank-math-answer \">\n\n<p>Hautmasken, auch Gesichtsmasken oder Gesichtsmasken genannt, sind topische Hautpflegeprodukte, die auf das Gesicht aufgetragen werden, um der Haut verschiedene Vorteile zu bieten.<\/p>\n\n<\/div>\n<\/div>\n<div id=\"faq-question-1685630458997\" class=\"rank-math-list-item\">\n<h3 class=\"rank-math-question \">Was ist eine Massage?<\/h3>\n<div class=\"rank-math-answer \">\n\n<p>Die Massage ist eine therapeutische Praxis. Dabei werden die Weichteile des K\u00f6rpers, einschlie\u00dflich Muskeln, Sehnen, B\u00e4nder und Bindegewebe, mit verschiedenen Techniken wie Kneten, Reiben und Druckanwendung bearbeitet. Sie zielt darauf ab, die Entspannung zu f\u00f6rdern, Muskelverspannungen zu l\u00f6sen, Stress abzubauen und die Durchblutung zu verbessern.<\/p>\n\n<\/div>\n<\/div>\n<div id=\"faq-question-1685630460130\" class=\"rank-math-list-item\">\n<h3 class=\"rank-math-question \">Was ist eine Paraffintherapie?<\/h3>\n<div class=\"rank-math-answer \">\n\n<p>Die Paraffintherapie ist eine therapeutische Technik, die im Bereich der Kosmetologie und Hautpflege eingesetzt wird. Dabei wird warmes Paraffinwachs auf H\u00e4nde, F\u00fc\u00dfe oder andere K\u00f6rperteile aufgetragen.<\/p>\n\n<\/div>\n<\/div>\n<div id=\"faq-question-1685630493539\" class=\"rank-math-list-item\">\n<h3 class=\"rank-math-question \">Was ist Wickeln oder Thalassotherapie?<\/h3>\n<div class=\"rank-math-answer \">\n\n<p>Wrapping ist eine Spa-Behandlung, bei der Substanzen wie Tonerde oder Algen auf den K\u00f6rper aufgetragen und eingewickelt werden, um eine Entspannung herbeizuf\u00fchren und m\u00f6glicherweise die Entgiftung zu f\u00f6rdern. Bei der Thalassotherapie werden speziell Meerwasser und Substanzen aus dem Meer f\u00fcr therapeutische Zwecke eingesetzt.<\/p>\n\n<\/div>\n<\/div>\n<\/div>\n<\/div>\n<h2 class=\"wp-block-heading\" id=\"history\">Geschichte<\/h2>\n\n<h3 class=\"wp-block-heading\" id=\"breast-surgeries-have-been-documented-for-centuries-although-mostly-on-men\">Die klassische Kosmetologie hat eine lange Geschichte, die bis zu den alten Zivilisationen wie \u00c4gypten, Mesopotamien, Griechenland und Rom zur\u00fcckreicht.<\/h3>\n\n<p>Sie hat sich im Laufe der Zeit weiterentwickelt und erlebte in der Renaissance sowie im 19. und 20. Jahrhundert bedeutende Entwicklungen. Mit dem Aufkommen von Sch\u00f6nheitssalons und Spas wurde der Bereich der Kosmetologie f\u00fcr die \u00d6ffentlichkeit zug\u00e4nglicher. In der heutigen Zeit ist die klassische Kosmetologie ein anerkannter Beruf mit standardisierten Ausbildungen und Zertifizierungen geworden. Heute umfasst es verschiedene Dienstleistungen wie Hautpflege, Haarpflege, Nagelpflege und Make-up-Artistik, die sich an die sich st\u00e4ndig ver\u00e4ndernde Sch\u00f6nheitsindustrie anpassen und die W\u00fcnsche der Menschen erf\u00fcllen, die ihr Aussehen verbessern m\u00f6chten.<\/p>\n","protected":false},"excerpt":{"rendered":"<p>Die klassische Kosmetologie ist eine Methode der Hautpflege f\u00fcr Gesicht und K\u00f6rper. Sie hat sich seit langem als wirksames und [&hellip;]<\/p>\n","protected":false},"author":4,"featured_media":93381,"parent":0,"menu_order":0,"comment_status":"closed","ping_status":"closed","template":"","meta":{"site-sidebar-layout":"default","site-content-layout":"","ast-site-content-layout":"default","site-content-style":"default","site-sidebar-style":"default","ast-global-header-display":"","ast-banner-title-visibility":"","ast-main-header-display":"","ast-hfb-above-header-display":"","ast-hfb-below-header-display":"","ast-hfb-mobile-header-display":"","site-post-title":"","ast-breadcrumbs-content":"","ast-featured-img":"","footer-sml-layout":"","ast-disable-related-posts":"","theme-transparent-header-meta":"","adv-header-id-meta":"","stick-header-meta":"","header-above-stick-meta":"","header-main-stick-meta":"","header-below-stick-meta":"","astra-migrate-meta-layouts":"default","ast-page-background-enabled":"default","ast-page-background-meta":{"desktop":{"background-color":"var(--ast-global-color-4)","background-image":"","background-repeat":"repeat","background-position":"center center","background-size":"auto","background-attachment":"scroll","background-type":"","background-media":"","overlay-type":"","overlay-color":"","overlay-opacity":"","overlay-gradient":""},"tablet":{"background-color":"","background-image":"","background-repeat":"repeat","background-position":"center center","background-size":"auto","background-attachment":"scroll","background-type":"","background-media":"","overlay-type":"","overlay-color":"","overlay-opacity":"","overlay-gradient":""},"mobile":{"background-color":"","background-image":"","background-repeat":"repeat","background-position":"center center","background-size":"auto","background-attachment":"scroll","background-type":"","background-media":"","overlay-type":"","overlay-color":"","overlay-opacity":"","overlay-gradient":""}},"ast-content-background-meta":{"desktop":{"background-color":"var(--ast-global-color-5)","background-image":"","background-repeat":"repeat","background-position":"center center","background-size":"auto","background-attachment":"scroll","background-type":"","background-media":"","overlay-type":"","overlay-color":"","overlay-opacity":"","overlay-gradient":""},"tablet":{"background-color":"var(--ast-global-color-5)","background-image":"","background-repeat":"repeat","background-position":"center center","background-size":"auto","background-attachment":"scroll","background-type":"","background-media":"","overlay-type":"","overlay-color":"","overlay-opacity":"","overlay-gradient":""},"mobile":{"background-color":"var(--ast-global-color-5)","background-image":"","background-repeat":"repeat","background-position":"center center","background-size":"auto","background-attachment":"scroll","background-type":"","background-media":"","overlay-type":"","overlay-color":"","overlay-opacity":"","overlay-gradient":""}},"footnotes":""},"class_list":["post-147361","page","type-page","status-publish","has-post-thumbnail","hentry"],"_links":{"self":[{"href":"https:\/\/medclinics.com\/de\/wp-json\/wp\/v2\/pages\/147361","targetHints":{"allow":["GET"]}}],"collection":[{"href":"https:\/\/medclinics.com\/de\/wp-json\/wp\/v2\/pages"}],"about":[{"href":"https:\/\/medclinics.com\/de\/wp-json\/wp\/v2\/types\/page"}],"author":[{"embeddable":true,"href":"https:\/\/medclinics.com\/de\/wp-json\/wp\/v2\/users\/4"}],"replies":[{"embeddable":true,"href":"https:\/\/medclinics.com\/de\/wp-json\/wp\/v2\/comments?post=147361"}],"version-history":[{"count":0,"href":"https:\/\/medclinics.com\/de\/wp-json\/wp\/v2\/pages\/147361\/revisions"}],"wp:featuredmedia":[{"embeddable":true,"href":"https:\/\/medclinics.com\/de\/wp-json\/wp\/v2\/media\/93381"}],"wp:attachment":[{"href":"https:\/\/medclinics.com\/de\/wp-json\/wp\/v2\/media?parent=147361"}],"curies":[{"name":"wp","href":"https:\/\/api.w.org\/{rel}","templated":true}]}}