{"id":147349,"date":"2023-06-20T12:15:06","date_gmt":"2023-06-20T09:15:06","guid":{"rendered":"https:\/\/medclinics.com\/als-amyotrophe-lateralsklerose\/"},"modified":"2024-12-29T01:17:03","modified_gmt":"2024-12-28T22:17:03","slug":"als-amyotrophe-lateralsklerose","status":"publish","type":"page","link":"https:\/\/medclinics.com\/de\/als-amyotrophe-lateralsklerose\/","title":{"rendered":"ALS (Amyotrophe Lateralsklerose)"},"content":{"rendered":"\n<h2 class=\"wp-block-heading\">Bei MedClinics sind Sie in den richtigen H\u00e4nden. Dies ist unsere ALS-Behandlungsleitlinie.<\/h2>\n\n<p>Sie wird auch als <a href=\"https:\/\/en.wikipedia.org\/wiki\/ALS\" target=\"_blank\" rel=\"noreferrer noopener\">Lou Gehrig Krankheit<\/a> bezeichnet und ist nach dem ber\u00fchmten Baseballspieler benannt, bei dem diese Krankheit diagnostiziert wurde. Es handelt sich um eine fortschreitende neurodegenerative Erkrankung, die Nervenzellen im Gehirn und R\u00fcckenmark betrifft.<\/p>\n\n<p>Sie betrifft vor allem die Motoneuronen, die f\u00fcr die Steuerung der willk\u00fcrlichen Muskelbewegungen verantwortlich sind. Mit dem Fortschreiten der Krankheit degenerieren diese Motoneuronen und sterben ab, was zu Muskelschw\u00e4che, Koordinationsverlust und schlie\u00dflich zu L\u00e4hmungen f\u00fchrt. Sie kann verschiedene Aspekte der k\u00f6rperlichen Funktionen einer Person beeintr\u00e4chtigen, darunter Sprechen, Schlucken und Atmen.<\/p>\n\n<p>Die genaue Ursache ist noch nicht vollst\u00e4ndig gekl\u00e4rt, aber es handelt sich um eine Kombination aus genetischen und Umweltfaktoren. Die meisten F\u00e4lle treten sporadisch auf. Das bedeutet, dass sie ohne bekannte Familienanamnese auftreten. Etwa 5-10 % der F\u00e4lle sind jedoch genetisch bedingt und werden durch spezifische Genmutationen verursacht.<\/p>\n\n<p>Derzeit gibt es keine Heilung, und die Krankheit schreitet unterschiedlich schnell voran. Die aktuelle Behandlung der ALS konzentriert sich auf die Behandlung der Symptome, die unterst\u00fctzende Pflege und die Verbesserung der Lebensqualit\u00e4t der Patienten. Ein multidisziplin\u00e4rer Ansatz befasst sich mit verschiedenen Aspekten und bietet den Patienten eine umfassende Betreuung. Als MedClinics sind wir hier, um die besten Neurologen und Kliniken zu erschwinglichen Preisen zu finden!<\/p>\n\n<h3 class=\"wp-block-heading\">Alles, was Sie \u00fcber <a href=\"https:\/\/medclinics.com\/de\/neurologie-2\/\" target=\"_blank\" rel=\"noreferrer noopener\">Neurologie<\/a> wissen m\u00fcssen, einschlie\u00dflich Symptome, Behandlung und mehr, oder <a href=\"#requestform\">kontaktieren Sie uns<\/a>!<\/h3>\n\n<h2 class=\"wp-block-heading\">FAQ<\/h2>\n<div id=\"rank-math-faq\" class=\"rank-math-block\">\n<div class=\"rank-math-list \">\n<div id=\"faq-question-1687261537162\" class=\"rank-math-list-item\">\n<h3 class=\"rank-math-question \">Was ist die ALS Krankheit?<\/h3>\n<div class=\"rank-math-answer \">\n\n<p>Es handelt sich um eine degenerative Erkrankung, die Nervenzellen im Gehirn und R\u00fcckenmark betrifft. Sie f\u00fchrt zu einer allm\u00e4hlichen Sch\u00e4digung der Motoneuronen, was zu Muskelschw\u00e4che, Steifheit und schlie\u00dflich zu L\u00e4hmungen f\u00fchrt.<\/p>\n\n<\/div>\n<\/div>\n<div id=\"faq-question-1687261459654\" class=\"rank-math-list-item\">\n<h3 class=\"rank-math-question \">Wie wird ALS diagnostiziert?<\/h3>\n<div class=\"rank-math-answer \">\n\n<p>Die Diagnose wird durch eine Kombination aus Anamnese, k\u00f6rperlicher Untersuchung und Tests wie Elektromyographie (EMG), Nervenleitf\u00e4higkeitspr\u00fcfung (NCS), bildgebenden Verfahren, Blut- und Urinuntersuchungen und in einigen F\u00e4llen durch eine Lumbalpunktion gestellt. Ziel des Verfahrens ist es, andere m\u00f6gliche Ursachen f\u00fcr die Symptome auszuschlie\u00dfen und charakteristische Anzeichen zu erkennen.<\/p>\n\n<\/div>\n<\/div>\n<div id=\"faq-question-1687261537969\" class=\"rank-math-list-item\">\n<h3 class=\"rank-math-question \">Kann ALS geheilt werden?<\/h3>\n<div class=\"rank-math-answer \">\n\n<p>Derzeit ist keine Heilung der amyotrophen Lateralsklerose bekannt. Es gibt zwar Behandlungen, um die Symptome zu lindern, das Fortschreiten der Krankheit zu verlangsamen und die Lebensqualit\u00e4t zu verbessern<\/p>\n\n<\/div>\n<\/div>\n<div id=\"faq-question-1687261538995\" class=\"rank-math-list-item\">\n<h3 class=\"rank-math-question \">Kann ALS verhindert werden?<\/h3>\n<div class=\"rank-math-answer \">\n\n<p>Derzeit gibt es keine bekannte M\u00f6glichkeit, die Entwicklung der amyotrophen Lateralsklerose zu verhindern. Die genaue Ursache ist noch immer nicht vollst\u00e4ndig gekl\u00e4rt, und man geht von einer Kombination aus genetischen und umweltbedingten Faktoren aus. Obwohl wir sie nicht verhindern k\u00f6nnen, gibt es Ma\u00dfnahmen, die jeder Einzelne ergreifen kann, um seine allgemeine Gesundheit und sein Wohlbefinden zu erhalten, wie zum Beispiel eine gesunde Ern\u00e4hrung und die Vermeidung von Umweltgiften.<\/p>\n\n<\/div>\n<\/div>\n<div id=\"faq-question-1687261539994\" class=\"rank-math-list-item\">\n<h3 class=\"rank-math-question \">K\u00f6nnen ALS-Symptome kommen und gehen?<\/h3>\n<div class=\"rank-math-answer \">\n\n<p>Nein, die Symptome kommen und gehen in der Regel nicht. Sie neigen dazu, sich im Laufe der Zeit immer weiter zu verschlimmern.<\/p>\n\n<\/div>\n<\/div>\n<div id=\"faq-question-1687261541811\" class=\"rank-math-list-item\">\n<h3 class=\"rank-math-question \">Wer ist am meisten gef\u00e4hrdet, an ALS zu erkranken?<\/h3>\n<div class=\"rank-math-answer \">\n\n<p>Zu den Risikofaktoren geh\u00f6ren das Alter (typischerweise zwischen 40 und 70 Jahren), das Geschlecht (etwas h\u00e4ufiger bei M\u00e4nnern), eine famili\u00e4re Vorbelastung, bestimmte genetische Mutationen und m\u00f6gliche Umwelteinfl\u00fcsse.<\/p>\n\n<\/div>\n<\/div>\n<div id=\"faq-question-1687261540642\" class=\"rank-math-list-item\">\n<h3 class=\"rank-math-question \">Warum tritt ALS h\u00e4ufiger bei M\u00e4nnern auf?<\/h3>\n<div class=\"rank-math-answer \">\n\n<p>Der Grund, warum die amyotrophe Lateralsklerose bei M\u00e4nnern h\u00e4ufiger vorkommt als bei Frauen, ist nicht vollst\u00e4ndig gekl\u00e4rt. Allerdings k\u00f6nnen mehrere Faktoren zu diesem Geschlechtsunterschied beitragen, z. B. hormonelle Unterschiede, genetische Faktoren, Lebensstil und Umweltfaktoren.<\/p>\n\n<\/div>\n<\/div>\n<div id=\"faq-question-1687261543612\" class=\"rank-math-list-item\">\n<h3 class=\"rank-math-question \">Kann ALS vererbt werden?<\/h3>\n<div class=\"rank-math-answer \">\n\n<p>Ja, ein kleiner Prozentsatz der F\u00e4lle von amyotropher Lateralsklerose wird vererbt. Dieser Typ wird als famili\u00e4re amyotrophe Lateralsklerose bezeichnet. Etwa 5 % bis 10 % der F\u00e4lle sind famili\u00e4r bedingt, die meisten sind sporadisch (nicht vererbt).<\/p>\n\n<\/div>\n<\/div>\n<div id=\"faq-question-1687261546092\" class=\"rank-math-list-item\">\n<h3 class=\"rank-math-question \">Woher wei\u00df man, ob ALS vererbbar ist?<\/h3>\n<div class=\"rank-math-answer \">\n\n<p>Um festzustellen, ob es sich um eine Erbkrankheit handelt, sind eine starke famili\u00e4re Vorbelastung, ein fr\u00fcheres Erkrankungsalter und das Vorhandensein einer bekannten ALS-bezogenen Genmutation Anhaltspunkte. Gentests k\u00f6nnen genauere Informationen liefern.<\/p>\n\n<\/div>\n<\/div>\n<div id=\"faq-question-1687261544528\" class=\"rank-math-list-item\">\n<h3 class=\"rank-math-question \">Kann ALS Krampfanf\u00e4lle verursachen?<\/h3>\n<div class=\"rank-math-answer \">\n\n<p>Krampfanf\u00e4lle sind kein h\u00e4ufiges Symptom der amyotrophen Lateralsklerose. Sie betrifft vor allem die Motoneuronen, die f\u00fcr die Steuerung der willk\u00fcrlichen Muskelbewegungen verantwortlich sind. Dies f\u00fchrt zu Muskelschw\u00e4che, Steifheit und schlie\u00dflich zu L\u00e4hmungen.<\/p>\n\n<\/div>\n<\/div>\n<\/div>\n<\/div>\n<p>\u00a0<\/p>\n\n<h3 class=\"wp-block-heading\">Kontaktieren Sie uns jetzt, falls Sie Fragen haben!<\/h3>\n","protected":false},"excerpt":{"rendered":"<p>Bei MedClinics sind Sie in den richtigen H\u00e4nden. Dies ist unsere ALS-Behandlungsleitlinie. Sie wird auch als Lou Gehrig Krankheit bezeichnet [&hellip;]<\/p>\n","protected":false},"author":4,"featured_media":95522,"parent":0,"menu_order":0,"comment_status":"closed","ping_status":"closed","template":"","meta":{"site-sidebar-layout":"default","site-content-layout":"","ast-site-content-layout":"default","site-content-style":"default","site-sidebar-style":"default","ast-global-header-display":"","ast-banner-title-visibility":"","ast-main-header-display":"","ast-hfb-above-header-display":"","ast-hfb-below-header-display":"","ast-hfb-mobile-header-display":"","site-post-title":"","ast-breadcrumbs-content":"","ast-featured-img":"","footer-sml-layout":"","ast-disable-related-posts":"","theme-transparent-header-meta":"","adv-header-id-meta":"","stick-header-meta":"","header-above-stick-meta":"","header-main-stick-meta":"","header-below-stick-meta":"","astra-migrate-meta-layouts":"default","ast-page-background-enabled":"default","ast-page-background-meta":{"desktop":{"background-color":"var(--ast-global-color-4)","background-image":"","background-repeat":"repeat","background-position":"center center","background-size":"auto","background-attachment":"scroll","background-type":"","background-media":"","overlay-type":"","overlay-color":"","overlay-opacity":"","overlay-gradient":""},"tablet":{"background-color":"","background-image":"","background-repeat":"repeat","background-position":"center center","background-size":"auto","background-attachment":"scroll","background-type":"","background-media":"","overlay-type":"","overlay-color":"","overlay-opacity":"","overlay-gradient":""},"mobile":{"background-color":"","background-image":"","background-repeat":"repeat","background-position":"center center","background-size":"auto","background-attachment":"scroll","background-type":"","background-media":"","overlay-type":"","overlay-color":"","overlay-opacity":"","overlay-gradient":""}},"ast-content-background-meta":{"desktop":{"background-color":"var(--ast-global-color-5)","background-image":"","background-repeat":"repeat","background-position":"center center","background-size":"auto","background-attachment":"scroll","background-type":"","background-media":"","overlay-type":"","overlay-color":"","overlay-opacity":"","overlay-gradient":""},"tablet":{"background-color":"var(--ast-global-color-5)","background-image":"","background-repeat":"repeat","background-position":"center center","background-size":"auto","background-attachment":"scroll","background-type":"","background-media":"","overlay-type":"","overlay-color":"","overlay-opacity":"","overlay-gradient":""},"mobile":{"background-color":"var(--ast-global-color-5)","background-image":"","background-repeat":"repeat","background-position":"center center","background-size":"auto","background-attachment":"scroll","background-type":"","background-media":"","overlay-type":"","overlay-color":"","overlay-opacity":"","overlay-gradient":""}},"footnotes":""},"class_list":["post-147349","page","type-page","status-publish","has-post-thumbnail","hentry"],"_links":{"self":[{"href":"https:\/\/medclinics.com\/de\/wp-json\/wp\/v2\/pages\/147349","targetHints":{"allow":["GET"]}}],"collection":[{"href":"https:\/\/medclinics.com\/de\/wp-json\/wp\/v2\/pages"}],"about":[{"href":"https:\/\/medclinics.com\/de\/wp-json\/wp\/v2\/types\/page"}],"author":[{"embeddable":true,"href":"https:\/\/medclinics.com\/de\/wp-json\/wp\/v2\/users\/4"}],"replies":[{"embeddable":true,"href":"https:\/\/medclinics.com\/de\/wp-json\/wp\/v2\/comments?post=147349"}],"version-history":[{"count":0,"href":"https:\/\/medclinics.com\/de\/wp-json\/wp\/v2\/pages\/147349\/revisions"}],"wp:featuredmedia":[{"embeddable":true,"href":"https:\/\/medclinics.com\/de\/wp-json\/wp\/v2\/media\/95522"}],"wp:attachment":[{"href":"https:\/\/medclinics.com\/de\/wp-json\/wp\/v2\/media?parent=147349"}],"curies":[{"name":"wp","href":"https:\/\/api.w.org\/{rel}","templated":true}]}}