{"id":147343,"date":"2023-06-20T11:00:01","date_gmt":"2023-06-20T08:00:01","guid":{"rendered":"https:\/\/medclinics.com\/adenylosuccinat-lyase-mangel-asld\/"},"modified":"2024-12-29T01:17:05","modified_gmt":"2024-12-28T22:17:05","slug":"adenylosuccinat-lyase-mangel-asld","status":"publish","type":"page","link":"https:\/\/medclinics.com\/de\/adenylosuccinat-lyase-mangel-asld\/","title":{"rendered":"Adenylosuccinat-Lyase-Mangel (ASLD)"},"content":{"rendered":"\n<h2 class=\"wp-block-heading\">Adenylosuccinat-Lyase-Mangel (ASLD), auch bekannt als Adenylosuccinase-Mangel, ist eine seltene vererbte Stoffwechselst\u00f6rung.<\/h2>\n\n<p>Es handelt sich um eine neurologische St\u00f6rung, die eine Funktionsst\u00f6rung des Gehirns verursacht, die zu einer verz\u00f6gerten Entwicklung der intellektuellen und motorischen F\u00e4higkeiten, zu autistischen Verhaltensweisen, die die Kommunikation und soziale Interaktion beeintr\u00e4chtigen, und zu Krampfanf\u00e4llen f\u00fchrt. Sie wird durch Mutationen im ADSL-Gen verursacht, die zu einem Mangel des Enzyms Adenylosuccinat-Lyase f\u00fchren.<\/p>\n\n<p>Dieses Enzym ist am Purinnukleotidzyklus beteiligt, der f\u00fcr die Synthese und den Abbau von Purinnukleotiden, die f\u00fcr verschiedene Zellfunktionen wichtig sind, unerl\u00e4sslich ist.<\/p>\n\n<p>Bei der ASLD st\u00f6rt ein <a href=\"https:\/\/en.wikipedia.org\/wiki\/Adenylosuccinate_lyase_deficiency\" target=\"_blank\" rel=\"noreferrer noopener\">Mangel an Adenylosuccinat-Lyase<\/a> den normalen Stoffwechsel der Purinnukleotide, was zu einer Anh\u00e4ufung toxischer Substanzen und einem Mangel an essenziellen Molek\u00fclen f\u00fchrt.<\/p>\n\n<p>Die Symptome k\u00f6nnen sehr unterschiedlich sein, umfassen aber typischerweise geistige Behinderung, Entwicklungsverz\u00f6gerung, Krampfanf\u00e4lle, Hypotonie (geringer Muskeltonus) und autistische Z\u00fcge. Weitere m\u00f6gliche Symptome k\u00f6nnen Bewegungsst\u00f6rungen, Verhaltensauff\u00e4lligkeiten und Wachstumsverz\u00f6gerungen sein.<\/p>\n\n<p>Die Diagnose erfolgt in der Regel durch Gentests zur Identifizierung von Mutationen im ADSL-Gen. Die Behandlungsm\u00f6glichkeiten sind begrenzt, und die Behandlung konzentriert sich in erster Linie auf unterst\u00fctzende Ma\u00dfnahmen wie Anfallskontrolle, physikalische und Besch\u00e4ftigungstherapien sowie die Behandlung der damit verbundenen Symptome.<\/p>\n\n<p>Da es sich um eine komplexe Erkrankung handelt, sollte ein Arzt oder Genetiker konsultiert werden, um detaillierte Informationen, eine genaue Diagnose und auf den Einzelfall abgestimmte Behandlungsm\u00f6glichkeiten zu erhalten.<\/p>\n\n<h3 class=\"wp-block-heading\">Alles, was Sie \u00fcber <a href=\"https:\/\/medclinics.com\/de\/neurologie-2\/\" target=\"_blank\" rel=\"noreferrer noopener\">Neurologie<\/a> wissen m\u00fcssen, einschlie\u00dflich Nachsorge und Heilungsprozess, oder <a href=\"#requestform\">kontaktieren Sie uns<\/a>!<\/h3>\n\n<h2 class=\"wp-block-heading\">FAQ<\/h2>\n<div id=\"rank-math-faq\" class=\"rank-math-block\">\n<div class=\"rank-math-list \">\n<div id=\"faq-question-1687257128467\" class=\"rank-math-list-item\">\n<h3 class=\"rank-math-question \">Ist der Adenylosuccinat-Lyase-Mangel erblich bedingt?<\/h3>\n<div class=\"rank-math-answer \">\n\n<p>Ja, der Adenylosuccinat-Lyase-Mangel ist eine Erbkrankheit. Die Krankheit wird autosomal rezessiv vererbt, d. h. ein betroffenes Individuum erbt zwei Kopien des mutierten ADSL-Gens, eine von jedem Elternteil.<\/p>\n\n<\/div>\n<\/div>\n<div id=\"faq-question-1687257134450\" class=\"rank-math-list-item\">\n<h3 class=\"rank-math-question \">Was sind die Symptome eines Adenylosuccinat-Lyase-Mangels?<\/h3>\n<div class=\"rank-math-answer \">\n\n<p>Geistige Behinderung<br \/>Entwicklungsverz\u00f6gerung<br \/>Krampfanf\u00e4lle<br \/>Hypotonie (verminderter Muskeltonus)<br \/>Autistische Merkmale<br \/>Bewegungsst\u00f6rungen<br \/>Verhaltensst\u00f6rungen und psychiatrische Probleme<br \/>Wachstumsverz\u00f6gerungen<\/p>\n\n<\/div>\n<\/div>\n<div id=\"faq-question-1687257507144\" class=\"rank-math-list-item\">\n<h3 class=\"rank-math-question \">Was ist die ADSL-Diagnose?<\/h3>\n<div class=\"rank-math-answer \">\n\n<p>Die Diagnose umfasst in der Regel eine Kombination aus klinischer Beurteilung, biochemischen Tests und Gentests.<\/p>\n\n<\/div>\n<\/div>\n<div id=\"faq-question-1687257246944\" class=\"rank-math-list-item\">\n<h3 class=\"rank-math-question \">Wie behandelt man einen Adenylosuccinat-Mangel?<\/h3>\n<div class=\"rank-math-answer \">\n\n<p>Die Behandlung konzentriert sich auf die Behandlung der Symptome und die unterst\u00fctzende Pflege. Dazu geh\u00f6ren Anfallsbehandlung, Physio- und Ergotherapie, Sprachtherapie, Verhaltens- und Erziehungsma\u00dfnahmen, Medikamente zur Behandlung bestimmter Symptome und Ern\u00e4hrungsberatung. Der Behandlungsplan zielt darauf ab, die Lebensqualit\u00e4t der Patienten zu verbessern.<\/p>\n\n<\/div>\n<\/div>\n<div id=\"faq-question-1687257423041\" class=\"rank-math-list-item\">\n<h3 class=\"rank-math-question \">Was verursacht Adenylosuccinase-Mangel?<\/h3>\n<div class=\"rank-math-answer \">\n\n<p>ASLD wird durch Mutationen im ADSL-Gen verursacht. Diese Genmutationen f\u00fchren zu einem Mangel oder Fehlen des Enzyms Adenylosuccinat-Lyase, wodurch der Purin-Nukleotid-Zyklus gest\u00f6rt wird. Sie wird autosomal rezessiv vererbt und erfordert, dass eine Person zwei Kopien des mutierten Gens erbt. Gentests dienen der Best\u00e4tigung der Diagnose und der Identifizierung spezifischer Mutationen.<\/p>\n\n<\/div>\n<\/div>\n<div id=\"faq-question-1687257801484\" class=\"rank-math-list-item\">\n<h3 class=\"rank-math-question \">Wie lautet die Prognose des Adenylosuccinat-Lyase-Mangels?<\/h3>\n<div class=\"rank-math-answer \">\n\n<p>Die Prognose f\u00fcr Adenylosuccinat-Lyase-Mangel kann je nach Person und Schwere der Symptome unterschiedlich sein. Es handelt sich um eine fortschreitende Krankheit, und die Symptome verschlimmern sich in der Regel mit der Zeit. Eine fr\u00fchzeitige Diagnose und eine angemessene Behandlung k\u00f6nnen jedoch dazu beitragen, die Lebensqualit\u00e4t zu verbessern und das Fortschreiten der Krankheit m\u00f6glicherweise zu verlangsamen. Eine kontinuierliche medizinische Betreuung und Unterst\u00fctzung durch ein multidisziplin\u00e4res Team ist f\u00fcr den Einzelnen wichtig.<\/p>\n\n<\/div>\n<\/div>\n<\/div>\n<\/div>\n<p>\u00a0<\/p>\n\n<h3 class=\"wp-block-heading\">Kontaktieren Sie uns jetzt, falls Sie Fragen haben!<\/h3>\n","protected":false},"excerpt":{"rendered":"<p>Adenylosuccinat-Lyase-Mangel (ASLD), auch bekannt als Adenylosuccinase-Mangel, ist eine seltene vererbte Stoffwechselst\u00f6rung. Es handelt sich um eine neurologische St\u00f6rung, die eine [&hellip;]<\/p>\n","protected":false},"author":4,"featured_media":95567,"parent":0,"menu_order":0,"comment_status":"closed","ping_status":"closed","template":"","meta":{"site-sidebar-layout":"default","site-content-layout":"","ast-site-content-layout":"default","site-content-style":"default","site-sidebar-style":"default","ast-global-header-display":"","ast-banner-title-visibility":"","ast-main-header-display":"","ast-hfb-above-header-display":"","ast-hfb-below-header-display":"","ast-hfb-mobile-header-display":"","site-post-title":"","ast-breadcrumbs-content":"","ast-featured-img":"","footer-sml-layout":"","ast-disable-related-posts":"","theme-transparent-header-meta":"","adv-header-id-meta":"","stick-header-meta":"","header-above-stick-meta":"","header-main-stick-meta":"","header-below-stick-meta":"","astra-migrate-meta-layouts":"default","ast-page-background-enabled":"default","ast-page-background-meta":{"desktop":{"background-color":"var(--ast-global-color-4)","background-image":"","background-repeat":"repeat","background-position":"center center","background-size":"auto","background-attachment":"scroll","background-type":"","background-media":"","overlay-type":"","overlay-color":"","overlay-opacity":"","overlay-gradient":""},"tablet":{"background-color":"","background-image":"","background-repeat":"repeat","background-position":"center center","background-size":"auto","background-attachment":"scroll","background-type":"","background-media":"","overlay-type":"","overlay-color":"","overlay-opacity":"","overlay-gradient":""},"mobile":{"background-color":"","background-image":"","background-repeat":"repeat","background-position":"center center","background-size":"auto","background-attachment":"scroll","background-type":"","background-media":"","overlay-type":"","overlay-color":"","overlay-opacity":"","overlay-gradient":""}},"ast-content-background-meta":{"desktop":{"background-color":"var(--ast-global-color-5)","background-image":"","background-repeat":"repeat","background-position":"center center","background-size":"auto","background-attachment":"scroll","background-type":"","background-media":"","overlay-type":"","overlay-color":"","overlay-opacity":"","overlay-gradient":""},"tablet":{"background-color":"var(--ast-global-color-5)","background-image":"","background-repeat":"repeat","background-position":"center center","background-size":"auto","background-attachment":"scroll","background-type":"","background-media":"","overlay-type":"","overlay-color":"","overlay-opacity":"","overlay-gradient":""},"mobile":{"background-color":"var(--ast-global-color-5)","background-image":"","background-repeat":"repeat","background-position":"center center","background-size":"auto","background-attachment":"scroll","background-type":"","background-media":"","overlay-type":"","overlay-color":"","overlay-opacity":"","overlay-gradient":""}},"footnotes":""},"class_list":["post-147343","page","type-page","status-publish","has-post-thumbnail","hentry"],"_links":{"self":[{"href":"https:\/\/medclinics.com\/de\/wp-json\/wp\/v2\/pages\/147343","targetHints":{"allow":["GET"]}}],"collection":[{"href":"https:\/\/medclinics.com\/de\/wp-json\/wp\/v2\/pages"}],"about":[{"href":"https:\/\/medclinics.com\/de\/wp-json\/wp\/v2\/types\/page"}],"author":[{"embeddable":true,"href":"https:\/\/medclinics.com\/de\/wp-json\/wp\/v2\/users\/4"}],"replies":[{"embeddable":true,"href":"https:\/\/medclinics.com\/de\/wp-json\/wp\/v2\/comments?post=147343"}],"version-history":[{"count":0,"href":"https:\/\/medclinics.com\/de\/wp-json\/wp\/v2\/pages\/147343\/revisions"}],"wp:featuredmedia":[{"embeddable":true,"href":"https:\/\/medclinics.com\/de\/wp-json\/wp\/v2\/media\/95567"}],"wp:attachment":[{"href":"https:\/\/medclinics.com\/de\/wp-json\/wp\/v2\/media?parent=147343"}],"curies":[{"name":"wp","href":"https:\/\/api.w.org\/{rel}","templated":true}]}}