{"id":147341,"date":"2023-06-19T14:22:26","date_gmt":"2023-06-19T11:22:26","guid":{"rendered":"https:\/\/medclinics.com\/aknebehandlung\/"},"modified":"2024-12-29T01:16:30","modified_gmt":"2024-12-28T22:16:30","slug":"aknebehandlung","status":"publish","type":"page","link":"https:\/\/medclinics.com\/de\/aknebehandlung\/","title":{"rendered":"Aknebehandlung"},"content":{"rendered":"\n<h2 class=\"wp-block-heading\">Wenn Sie eine weiche und glatte Haut haben m\u00f6chten, ist eine Aknebehandlung vielleicht die beste Option f\u00fcr Sie.<\/h2>\n\n<p>Die Aknebehandlung in der Dermatologie umfasst je nach Schweregrad und Art der Akne eine Reihe von Ans\u00e4tzen. Topische Medikamente wie Cremes, Gels oder Lotionen, die Inhaltsstoffe wie Benzoylperoxid, Salicyls\u00e4ure, Retinoide oder Antibiotika enthalten, k\u00f6nnen helfen, Akne zu bek\u00e4mpfen, indem sie Entz\u00fcndungen reduzieren, Poren \u00f6ffnen und Bakterien abt\u00f6ten.<\/p>\n\n<p>In mittelschweren bis schweren F\u00e4llen k\u00f6nnen auch orale Medikamente wie Antibiotika oder orale Retinoide verschrieben werden. Dermatologen kombinieren h\u00e4ufig verschiedene topische oder orale Medikamente, um einen individuellen Behandlungsplan zu erstellen. F\u00fcr Frauen mit hormonell bedingter Akne kann eine hormonelle Behandlung wie die Antibabypille oder antiandrogene Medikamente empfohlen werden.<\/p>\n\n<p>In der Praxis k\u00f6nnen auch Verfahren wie Extraktionen, <a href=\"https:\/\/medclinics.com\/de\/chemisches-peeling\/\" target=\"_blank\" rel=\"noreferrer noopener\">chemische Peelings<\/a> oder Laser-\/Lichttherapie durchgef\u00fchrt werden, um Akne zu entfernen. Dar\u00fcber hinaus beraten Dermatologen \u00fcber Hautpflegeroutinen, \u00c4nderungen des Lebensstils und geeignete Hautpflegepraktiken zur Unterst\u00fctzung der <a href=\"https:\/\/en.wikipedia.org\/wiki\/Acne\" target=\"_blank\" rel=\"noopener\">Aknebehandlung<\/a>. Es ist wichtig, einen Dermatologen zu konsultieren, um die wirksamsten Behandlungsm\u00f6glichkeiten f\u00fcr Ihren speziellen Aknezustand zu bestimmen.<\/p>\n\n<h3 class=\"wp-block-heading\">Lesen Sie alles, was Sie \u00fcber <a href=\"https:\/\/medclinics.com\/de\/dermatologie-2\/\" target=\"_blank\" rel=\"noreferrer noopener\">Dermatologie<\/a> wissen m\u00fcssen, einschlie\u00dflich Nachsorge und Heilungsprozess, oder <a href=\"#requestform\">kontaktieren Sie uns<\/a>!<\/h3>\n\n<figure class=\"wp-block-image size-full\"><img fetchpriority=\"high\" decoding=\"async\" width=\"960\" height=\"550\" src=\"https:\/\/medclinics.com\/wp-content\/uploads\/2023\/02\/anti-acne-treatment-in-istanbul-in-turkey.jpg\" alt=\"akne-behandlung-in-istanbul-in der t&#xFC;rkei\" class=\"wp-image-70302\" srcset=\"https:\/\/medclinics.com\/wp-content\/uploads\/2023\/02\/anti-acne-treatment-in-istanbul-in-turkey.jpg 960w, https:\/\/medclinics.com\/wp-content\/uploads\/2023\/02\/anti-acne-treatment-in-istanbul-in-turkey-300x172.jpg 300w, https:\/\/medclinics.com\/wp-content\/uploads\/2023\/02\/anti-acne-treatment-in-istanbul-in-turkey-280x160.jpg 280w, https:\/\/medclinics.com\/wp-content\/uploads\/2023\/02\/anti-acne-treatment-in-istanbul-in-turkey-768x440.jpg 768w, https:\/\/medclinics.com\/wp-content\/uploads\/2023\/02\/anti-acne-treatment-in-istanbul-in-turkey-600x344.jpg 600w\" sizes=\"(max-width: 960px) 100vw, 960px\" \/><\/figure>\n\n<h2 class=\"wp-block-heading\">FAQ<\/h2>\n<div id=\"rank-math-faq\" class=\"rank-math-block\">\n<div class=\"rank-math-list \">\n<div id=\"faq-question-1687183693010\" class=\"rank-math-list-item\">\n<h3 class=\"rank-math-question \">Funktioniert die Aknebehandlung?<\/h3>\n<div class=\"rank-math-answer \">\n\n<p>Bei vielen Menschen kann es die Aknesymptome wirksam lindern und verbessern.<\/p>\n\n<\/div>\n<\/div>\n<div id=\"faq-question-1687183697713\" class=\"rank-math-list-item\">\n<h3 class=\"rank-math-question \">Welche Aknebehandlung ist die beste?<\/h3>\n<div class=\"rank-math-answer \">\n\n<p>Die beste Behandlung f\u00fcr Akne variiert f\u00fcr jeden Einzelnen, da sie von Faktoren wie der Art und Schwere der Akne abh\u00e4ngt.<\/p>\n\n<\/div>\n<\/div>\n<div id=\"faq-question-1687183698763\" class=\"rank-math-list-item\">\n<h3 class=\"rank-math-question \">Kann eine Aknebehandlung Haarausfall verursachen?<\/h3>\n<div class=\"rank-math-answer \">\n\n<p>Aknebehandlungen sind im Allgemeinen nicht daf\u00fcr bekannt, dass sie als direkte Nebenwirkung Haarausfall verursachen. Die Reaktionen k\u00f6nnen jedoch individuell unterschiedlich sein, und andere Faktoren k\u00f6nnen zum Haarausfall beitragen.<\/p>\n\n<\/div>\n<\/div>\n<div id=\"faq-question-1687183699346\" class=\"rank-math-list-item\">\n<h3 class=\"rank-math-question \">Ist die Aknebehandlung wirksam?<\/h3>\n<div class=\"rank-math-answer \">\n\n<p>Ja, Behandlungen k\u00f6nnen bei vielen Menschen die Aknesymptome wirksam lindern und verbessern. Die Wirksamkeit der Behandlung h\u00e4ngt von Faktoren wie dem Schweregrad der Akne, der Therapietreue und der individuellen Reaktion ab. Freiverk\u00e4ufliche und verschreibungspflichtige Medikamente k\u00f6nnen zusammen mit einer angemessenen Hautpflege und einer ver\u00e4nderten Lebensweise dazu beitragen, Akne zu kontrollieren und zu reduzieren.<\/p>\n\n<\/div>\n<\/div>\n<div id=\"faq-question-1687183700313\" class=\"rank-math-list-item\">\n<h3 class=\"rank-math-question \">Ist eine Aknebehandlung dauerhaft?<\/h3>\n<div class=\"rank-math-answer \">\n\n<p>Mit einer Aknebehandlung lassen sich die Aknesymptome erfolgreich bew\u00e4ltigen und kontrollieren, doch nicht in allen F\u00e4llen ist eine dauerhafte Heilung m\u00f6glich. Ziel ist es, Aknel\u00e4sionen zu reduzieren, neuen Ausbr\u00fcchen vorzubeugen und das allgemeine Erscheinungsbild der Haut zu verbessern.<\/p>\n\n<\/div>\n<\/div>\n<div id=\"faq-question-1687184093806\" class=\"rank-math-list-item\">\n<h3 class=\"rank-math-question \">Welche Aknebehandlung ist w\u00e4hrend der Schwangerschaft sicher?<\/h3>\n<div class=\"rank-math-answer \">\n\n<p>W\u00e4hrend der Schwangerschaft ist es am besten, einen Arzt zu konsultieren, um sichere Optionen zu finden. Im Allgemeinen k\u00f6nnen sanfte Reinigungsmittel, topische Antibiotika und Azelains\u00e4ure als sicher angesehen werden. Allerdings sollten orale Retinoide und einige orale Antibiotika vermieden werden. Naturheilmittel sollten mit Vorsicht und unter fachlicher Anleitung angewendet werden. Bei der Auswahl von Aknebehandlungen w\u00e4hrend der Schwangerschaft ist es sehr wichtig, die Sicherheit von Mutter und Kind in den Vordergrund zu stellen.<\/p>\n\n<\/div>\n<\/div>\n<\/div>\n<\/div>\n<p>\u00a0<\/p>\n\n<h3 class=\"wp-block-heading\">Kontaktieren Sie uns jetzt, falls Sie Fragen haben!<\/h3>\n","protected":false},"excerpt":{"rendered":"<p>Wenn Sie eine weiche und glatte Haut haben m\u00f6chten, ist eine Aknebehandlung vielleicht die beste Option f\u00fcr Sie. Die Aknebehandlung [&hellip;]<\/p>\n","protected":false},"author":4,"featured_media":95465,"parent":0,"menu_order":0,"comment_status":"closed","ping_status":"closed","template":"","meta":{"site-sidebar-layout":"default","site-content-layout":"","ast-site-content-layout":"default","site-content-style":"default","site-sidebar-style":"default","ast-global-header-display":"","ast-banner-title-visibility":"","ast-main-header-display":"","ast-hfb-above-header-display":"","ast-hfb-below-header-display":"","ast-hfb-mobile-header-display":"","site-post-title":"","ast-breadcrumbs-content":"","ast-featured-img":"","footer-sml-layout":"","ast-disable-related-posts":"","theme-transparent-header-meta":"","adv-header-id-meta":"","stick-header-meta":"","header-above-stick-meta":"","header-main-stick-meta":"","header-below-stick-meta":"","astra-migrate-meta-layouts":"default","ast-page-background-enabled":"default","ast-page-background-meta":{"desktop":{"background-color":"var(--ast-global-color-4)","background-image":"","background-repeat":"repeat","background-position":"center center","background-size":"auto","background-attachment":"scroll","background-type":"","background-media":"","overlay-type":"","overlay-color":"","overlay-opacity":"","overlay-gradient":""},"tablet":{"background-color":"","background-image":"","background-repeat":"repeat","background-position":"center center","background-size":"auto","background-attachment":"scroll","background-type":"","background-media":"","overlay-type":"","overlay-color":"","overlay-opacity":"","overlay-gradient":""},"mobile":{"background-color":"","background-image":"","background-repeat":"repeat","background-position":"center center","background-size":"auto","background-attachment":"scroll","background-type":"","background-media":"","overlay-type":"","overlay-color":"","overlay-opacity":"","overlay-gradient":""}},"ast-content-background-meta":{"desktop":{"background-color":"var(--ast-global-color-5)","background-image":"","background-repeat":"repeat","background-position":"center center","background-size":"auto","background-attachment":"scroll","background-type":"","background-media":"","overlay-type":"","overlay-color":"","overlay-opacity":"","overlay-gradient":""},"tablet":{"background-color":"var(--ast-global-color-5)","background-image":"","background-repeat":"repeat","background-position":"center center","background-size":"auto","background-attachment":"scroll","background-type":"","background-media":"","overlay-type":"","overlay-color":"","overlay-opacity":"","overlay-gradient":""},"mobile":{"background-color":"var(--ast-global-color-5)","background-image":"","background-repeat":"repeat","background-position":"center center","background-size":"auto","background-attachment":"scroll","background-type":"","background-media":"","overlay-type":"","overlay-color":"","overlay-opacity":"","overlay-gradient":""}},"footnotes":""},"class_list":["post-147341","page","type-page","status-publish","has-post-thumbnail","hentry"],"_links":{"self":[{"href":"https:\/\/medclinics.com\/de\/wp-json\/wp\/v2\/pages\/147341","targetHints":{"allow":["GET"]}}],"collection":[{"href":"https:\/\/medclinics.com\/de\/wp-json\/wp\/v2\/pages"}],"about":[{"href":"https:\/\/medclinics.com\/de\/wp-json\/wp\/v2\/types\/page"}],"author":[{"embeddable":true,"href":"https:\/\/medclinics.com\/de\/wp-json\/wp\/v2\/users\/4"}],"replies":[{"embeddable":true,"href":"https:\/\/medclinics.com\/de\/wp-json\/wp\/v2\/comments?post=147341"}],"version-history":[{"count":0,"href":"https:\/\/medclinics.com\/de\/wp-json\/wp\/v2\/pages\/147341\/revisions"}],"wp:featuredmedia":[{"embeddable":true,"href":"https:\/\/medclinics.com\/de\/wp-json\/wp\/v2\/media\/95465"}],"wp:attachment":[{"href":"https:\/\/medclinics.com\/de\/wp-json\/wp\/v2\/media?parent=147341"}],"curies":[{"name":"wp","href":"https:\/\/api.w.org\/{rel}","templated":true}]}}